{"id":31358,"date":"2026-03-23T22:58:57","date_gmt":"2026-03-23T20:58:57","guid":{"rendered":"https:\/\/noliktavaseksperts.coverl.id.lv\/?post_type=product&#038;p=31358"},"modified":"2026-03-24T00:33:40","modified_gmt":"2026-03-23T22:33:40","slug":"universalas-aluminija-kapnes-ar-5-pakapieniem","status":"publish","type":"product","link":"https:\/\/noliktavaseksperts.coverl.id.lv\/?product=universalas-aluminija-kapnes-ar-5-pakapieniem","title":{"rendered":"Univers\u0101las alum\u012bnija k\u0101pnes ar 5 pak\u0101pieniem"},"content":{"rendered":"<h4 data-start=\"0\" data-end=\"47\"><strong data-start=\"0\" data-end=\"47\">Kompaktas un dro\u0161as k\u0101pnes ikdienas darbiem<\/strong><\/h4>\n<p data-start=\"49\" data-end=\"254\">Vieglas alum\u012bnija k\u0101pnes ar stabilu konstrukciju un nesl\u012bdo\u0161iem pak\u0101pieniem dro\u0161ai lieto\u0161anai. Praktisks aug\u0161\u0113jais paliktnis \u013cauj \u0113rti novietot instrumentus vai citus nepiecie\u0161amos priek\u0161metus darba laik\u0101.<\/p>\n<p data-start=\"256\" data-end=\"274\"><strong data-start=\"256\" data-end=\"274\">Priek\u0161roc\u012bbas:<\/strong><\/p>\n<ul data-start=\"275\" data-end=\"415\">\n<li data-section-id=\"14zw15p\" data-start=\"275\" data-end=\"307\">Nesl\u012bdo\u0161i pak\u0101pieni un k\u0101jas<\/li>\n<li data-section-id=\"wq3ipq\" data-start=\"308\" data-end=\"344\">Stabila un iztur\u012bga konstrukcija<\/li>\n<li data-section-id=\"1jcz7ru\" data-start=\"345\" data-end=\"378\">Vieglas un \u0113rti p\u0101rvietojamas<\/li>\n<li data-section-id=\"rz5xl0\" data-start=\"379\" data-end=\"415\">Ieb\u016bv\u0113ts paliktnis instrumentiem<\/li>\n<\/ul>\n<p data-start=\"417\" data-end=\"481\" data-is-last-node=\"\" data-is-only-node=\"\">Piem\u0113rotas da\u017e\u0101diem darbiem, kur svar\u012bga ir dro\u0161\u012bba un vienk\u0101r\u0161\u012bba.<\/p>\n","protected":false},"excerpt":{"rendered":"<ul>\n<li data-section-id=\"dn5j56\" data-start=\"19\" data-end=\"43\"><strong>Izm\u0113rs<\/strong>: 184 x 48 x 13 cm<\/li>\n<li data-section-id=\"dn5j56\" data-start=\"19\" data-end=\"43\"><strong>Materi\u0101ls<\/strong>: alum\u012bnijs<\/li>\n<li data-section-id=\"1lp4j62\" data-start=\"44\" data-end=\"67\"><strong>Pak\u0101pienu skaits<\/strong>: 5<\/li>\n<li data-section-id=\"138inqx\" data-start=\"68\" data-end=\"99\"><strong>Darba augstums<\/strong>: l\u012bdz 307 cm<\/li>\n<li data-section-id=\"1kl5j0z\" data-start=\"100\" data-end=\"131\"><strong>Maksim\u0101l\u0101 celtsp\u0113ja<\/strong>: 150 kg<\/li>\n<li data-section-id=\"117cuwi\" data-start=\"132\" data-end=\"154\"><strong>Svars<\/strong>: 5 kg<\/li>\n<\/ul>\n","protected":false},"featured_media":31360,"template":"","meta":{"_joinchat":[]},"product_brand":[],"product_cat":[633],"product_tag":[],"class_list":{"0":"post-31358","1":"product","2":"type-product","3":"status-publish","4":"has-post-thumbnail","6":"product_cat-kapnes-un-pakapieni","8":"first","9":"instock","10":"taxable","11":"shipping-taxable","12":"purchasable","13":"product-type-simple"},"yoast_head":"<!-- This site is optimized with the Yoast SEO plugin v27.2 - https:\/\/yoast.com\/product\/yoast-seo-wordpress\/ -->\n<title>Univers\u0101las alum\u012bnija k\u0101pnes ar 5 pak\u0101pieniem - Noliktavas Eksperts<\/title>\n<meta name=\"description\" content=\"Kompaktas alum\u012bnija k\u0101pnes ar 5 pak\u0101pieniem, darba augstums l\u012bdz 307 cm. Dro\u0161a konstrukcija un celtsp\u0113ja 150 kg \u0113rtai lieto\u0161anai m\u0101j\u0101s.\" \/>\n<meta name=\"robots\" content=\"index, follow, max-snippet:-1, max-image-preview:large, max-video-preview:-1\" \/>\n<link rel=\"canonical\" href=\"https:\/\/noliktavaseksperts.coverl.id.lv\/prece\/universalas-aluminija-kapnes-ar-5-pakapieniem\/\" \/>\n<meta property=\"og:locale\" content=\"lv_LV\" \/>\n<meta property=\"og:type\" content=\"article\" \/>\n<meta property=\"og:title\" content=\"Univers\u0101las alum\u012bnija k\u0101pnes ar 5 pak\u0101pieniem - Noliktavas Eksperts\" \/>\n<meta property=\"og:description\" content=\"Kompaktas alum\u012bnija k\u0101pnes ar 5 pak\u0101pieniem, darba augstums l\u012bdz 307 cm. Dro\u0161a konstrukcija un celtsp\u0113ja 150 kg \u0113rtai lieto\u0161anai m\u0101j\u0101s.\" \/>\n<meta property=\"og:url\" content=\"https:\/\/noliktavaseksperts.coverl.id.lv\/prece\/universalas-aluminija-kapnes-ar-5-pakapieniem\/\" \/>\n<meta property=\"og:site_name\" content=\"Noliktavas Eksperts\" \/>\n<meta property=\"article:modified_time\" content=\"2026-03-23T22:33:40+00:00\" \/>\n<meta property=\"og:image\" content=\"https:\/\/noliktavaseksperts.coverl.id.lv\/wp-content\/uploads\/2026\/03\/Noformejums-bez-nosaukuma-30.png\" \/>\n\t<meta property=\"og:image:width\" content=\"600\" \/>\n\t<meta property=\"og:image:height\" content=\"800\" \/>\n\t<meta property=\"og:image:type\" content=\"image\/png\" \/>\n<meta name=\"twitter:card\" content=\"summary_large_image\" \/>\n<meta name=\"twitter:label1\" content=\"Est. reading time\" \/>\n\t<meta name=\"twitter:data1\" content=\"1 min\u016bte\" \/>\n<script type=\"application\/ld+json\" class=\"yoast-schema-graph\">{\"@context\":\"https:\/\/schema.org\",\"@graph\":[{\"@type\":\"WebPage\",\"@id\":\"https:\/\/noliktavaseksperts.coverl.id.lv\/prece\/universalas-aluminija-kapnes-ar-5-pakapieniem\/\",\"url\":\"https:\/\/noliktavaseksperts.coverl.id.lv\/prece\/universalas-aluminija-kapnes-ar-5-pakapieniem\/\",\"name\":\"Univers\u0101las alum\u012bnija k\u0101pnes ar 5 pak\u0101pieniem - Noliktavas Eksperts\",\"isPartOf\":{\"@id\":\"https:\/\/noliktavaseksperts.coverl.id.lv\/#website\"},\"primaryImageOfPage\":{\"@id\":\"https:\/\/noliktavaseksperts.coverl.id.lv\/prece\/universalas-aluminija-kapnes-ar-5-pakapieniem\/#primaryimage\"},\"image\":{\"@id\":\"https:\/\/noliktavaseksperts.coverl.id.lv\/prece\/universalas-aluminija-kapnes-ar-5-pakapieniem\/#primaryimage\"},\"thumbnailUrl\":\"https:\/\/noliktavaseksperts.coverl.id.lv\/wp-content\/uploads\/2026\/03\/Noformejums-bez-nosaukuma-30.png\",\"datePublished\":\"2026-03-23T20:58:57+00:00\",\"dateModified\":\"2026-03-23T22:33:40+00:00\",\"description\":\"Kompaktas alum\u012bnija k\u0101pnes ar 5 pak\u0101pieniem, darba augstums l\u012bdz 307 cm. Dro\u0161a konstrukcija un celtsp\u0113ja 150 kg \u0113rtai lieto\u0161anai m\u0101j\u0101s.\",\"breadcrumb\":{\"@id\":\"https:\/\/noliktavaseksperts.coverl.id.lv\/prece\/universalas-aluminija-kapnes-ar-5-pakapieniem\/#breadcrumb\"},\"inLanguage\":\"lv-LV\",\"potentialAction\":[{\"@type\":\"ReadAction\",\"target\":[\"https:\/\/noliktavaseksperts.coverl.id.lv\/prece\/universalas-aluminija-kapnes-ar-5-pakapieniem\/\"]}]},{\"@type\":\"ImageObject\",\"inLanguage\":\"lv-LV\",\"@id\":\"https:\/\/noliktavaseksperts.coverl.id.lv\/prece\/universalas-aluminija-kapnes-ar-5-pakapieniem\/#primaryimage\",\"url\":\"https:\/\/noliktavaseksperts.coverl.id.lv\/wp-content\/uploads\/2026\/03\/Noformejums-bez-nosaukuma-30.png\",\"contentUrl\":\"https:\/\/noliktavaseksperts.coverl.id.lv\/wp-content\/uploads\/2026\/03\/Noformejums-bez-nosaukuma-30.png\",\"width\":600,\"height\":800},{\"@type\":\"BreadcrumbList\",\"@id\":\"https:\/\/noliktavaseksperts.coverl.id.lv\/prece\/universalas-aluminija-kapnes-ar-5-pakapieniem\/#breadcrumb\",\"itemListElement\":[{\"@type\":\"ListItem\",\"position\":1,\"name\":\"Home\",\"item\":\"https:\/\/noliktavaseksperts.coverl.id.lv\/\"},{\"@type\":\"ListItem\",\"position\":2,\"name\":\"Veikals\",\"item\":\"https:\/\/noliktavaseksperts.coverl.id.lv\/?page_id=10626\"},{\"@type\":\"ListItem\",\"position\":3,\"name\":\"Univers\u0101las alum\u012bnija k\u0101pnes ar 5 pak\u0101pieniem\"}]},{\"@type\":\"WebSite\",\"@id\":\"https:\/\/noliktavaseksperts.coverl.id.lv\/#website\",\"url\":\"https:\/\/noliktavaseksperts.coverl.id.lv\/\",\"name\":\"Noliktavas Eksperts\",\"description\":\"Noliktavas\u00a0apr\u012bkojums\",\"publisher\":{\"@id\":\"https:\/\/noliktavaseksperts.coverl.id.lv\/#organization\"},\"potentialAction\":[{\"@type\":\"SearchAction\",\"target\":{\"@type\":\"EntryPoint\",\"urlTemplate\":\"https:\/\/noliktavaseksperts.coverl.id.lv\/?s={search_term_string}\"},\"query-input\":{\"@type\":\"PropertyValueSpecification\",\"valueRequired\":true,\"valueName\":\"search_term_string\"}}],\"inLanguage\":\"lv-LV\"},{\"@type\":\"Organization\",\"@id\":\"https:\/\/noliktavaseksperts.coverl.id.lv\/#organization\",\"name\":\"Noliktavas Eksperts\",\"url\":\"https:\/\/noliktavaseksperts.coverl.id.lv\/\",\"logo\":{\"@type\":\"ImageObject\",\"inLanguage\":\"lv-LV\",\"@id\":\"https:\/\/noliktavaseksperts.coverl.id.lv\/#\/schema\/logo\/image\/\",\"url\":\"https:\/\/noliktavaseksperts.coverl.id.lv\/wp-content\/uploads\/2025\/05\/logo_variacijas-09-1.webp\",\"contentUrl\":\"https:\/\/noliktavaseksperts.coverl.id.lv\/wp-content\/uploads\/2025\/05\/logo_variacijas-09-1.webp\",\"width\":350,\"height\":350,\"caption\":\"Noliktavas Eksperts\"},\"image\":{\"@id\":\"https:\/\/noliktavaseksperts.coverl.id.lv\/#\/schema\/logo\/image\/\"}}]}<\/script>\n<!-- \/ Yoast SEO plugin. -->","yoast_head_json":{"title":"Univers\u0101las alum\u012bnija k\u0101pnes ar 5 pak\u0101pieniem - Noliktavas Eksperts","description":"Kompaktas alum\u012bnija k\u0101pnes ar 5 pak\u0101pieniem, darba augstums l\u012bdz 307 cm. Dro\u0161a konstrukcija un celtsp\u0113ja 150 kg \u0113rtai lieto\u0161anai m\u0101j\u0101s.","robots":{"index":"index","follow":"follow","max-snippet":"max-snippet:-1","max-image-preview":"max-image-preview:large","max-video-preview":"max-video-preview:-1"},"canonical":"https:\/\/noliktavaseksperts.coverl.id.lv\/prece\/universalas-aluminija-kapnes-ar-5-pakapieniem\/","og_locale":"lv_LV","og_type":"article","og_title":"Univers\u0101las alum\u012bnija k\u0101pnes ar 5 pak\u0101pieniem - Noliktavas Eksperts","og_description":"Kompaktas alum\u012bnija k\u0101pnes ar 5 pak\u0101pieniem, darba augstums l\u012bdz 307 cm. Dro\u0161a konstrukcija un celtsp\u0113ja 150 kg \u0113rtai lieto\u0161anai m\u0101j\u0101s.","og_url":"https:\/\/noliktavaseksperts.coverl.id.lv\/prece\/universalas-aluminija-kapnes-ar-5-pakapieniem\/","og_site_name":"Noliktavas Eksperts","article_modified_time":"2026-03-23T22:33:40+00:00","og_image":[{"width":600,"height":800,"url":"https:\/\/noliktavaseksperts.coverl.id.lv\/wp-content\/uploads\/2026\/03\/Noformejums-bez-nosaukuma-30.png","type":"image\/png"}],"twitter_card":"summary_large_image","twitter_misc":{"Est. reading time":"1 min\u016bte"},"schema":{"@context":"https:\/\/schema.org","@graph":[{"@type":"WebPage","@id":"https:\/\/noliktavaseksperts.coverl.id.lv\/prece\/universalas-aluminija-kapnes-ar-5-pakapieniem\/","url":"https:\/\/noliktavaseksperts.coverl.id.lv\/prece\/universalas-aluminija-kapnes-ar-5-pakapieniem\/","name":"Univers\u0101las alum\u012bnija k\u0101pnes ar 5 pak\u0101pieniem - Noliktavas Eksperts","isPartOf":{"@id":"https:\/\/noliktavaseksperts.coverl.id.lv\/#website"},"primaryImageOfPage":{"@id":"https:\/\/noliktavaseksperts.coverl.id.lv\/prece\/universalas-aluminija-kapnes-ar-5-pakapieniem\/#primaryimage"},"image":{"@id":"https:\/\/noliktavaseksperts.coverl.id.lv\/prece\/universalas-aluminija-kapnes-ar-5-pakapieniem\/#primaryimage"},"thumbnailUrl":"https:\/\/noliktavaseksperts.coverl.id.lv\/wp-content\/uploads\/2026\/03\/Noformejums-bez-nosaukuma-30.png","datePublished":"2026-03-23T20:58:57+00:00","dateModified":"2026-03-23T22:33:40+00:00","description":"Kompaktas alum\u012bnija k\u0101pnes ar 5 pak\u0101pieniem, darba augstums l\u012bdz 307 cm. Dro\u0161a konstrukcija un celtsp\u0113ja 150 kg \u0113rtai lieto\u0161anai m\u0101j\u0101s.","breadcrumb":{"@id":"https:\/\/noliktavaseksperts.coverl.id.lv\/prece\/universalas-aluminija-kapnes-ar-5-pakapieniem\/#breadcrumb"},"inLanguage":"lv-LV","potentialAction":[{"@type":"ReadAction","target":["https:\/\/noliktavaseksperts.coverl.id.lv\/prece\/universalas-aluminija-kapnes-ar-5-pakapieniem\/"]}]},{"@type":"ImageObject","inLanguage":"lv-LV","@id":"https:\/\/noliktavaseksperts.coverl.id.lv\/prece\/universalas-aluminija-kapnes-ar-5-pakapieniem\/#primaryimage","url":"https:\/\/noliktavaseksperts.coverl.id.lv\/wp-content\/uploads\/2026\/03\/Noformejums-bez-nosaukuma-30.png","contentUrl":"https:\/\/noliktavaseksperts.coverl.id.lv\/wp-content\/uploads\/2026\/03\/Noformejums-bez-nosaukuma-30.png","width":600,"height":800},{"@type":"BreadcrumbList","@id":"https:\/\/noliktavaseksperts.coverl.id.lv\/prece\/universalas-aluminija-kapnes-ar-5-pakapieniem\/#breadcrumb","itemListElement":[{"@type":"ListItem","position":1,"name":"Home","item":"https:\/\/noliktavaseksperts.coverl.id.lv\/"},{"@type":"ListItem","position":2,"name":"Veikals","item":"https:\/\/noliktavaseksperts.coverl.id.lv\/?page_id=10626"},{"@type":"ListItem","position":3,"name":"Univers\u0101las alum\u012bnija k\u0101pnes ar 5 pak\u0101pieniem"}]},{"@type":"WebSite","@id":"https:\/\/noliktavaseksperts.coverl.id.lv\/#website","url":"https:\/\/noliktavaseksperts.coverl.id.lv\/","name":"Noliktavas Eksperts","description":"Noliktavas\u00a0apr\u012bkojums","publisher":{"@id":"https:\/\/noliktavaseksperts.coverl.id.lv\/#organization"},"potentialAction":[{"@type":"SearchAction","target":{"@type":"EntryPoint","urlTemplate":"https:\/\/noliktavaseksperts.coverl.id.lv\/?s={search_term_string}"},"query-input":{"@type":"PropertyValueSpecification","valueRequired":true,"valueName":"search_term_string"}}],"inLanguage":"lv-LV"},{"@type":"Organization","@id":"https:\/\/noliktavaseksperts.coverl.id.lv\/#organization","name":"Noliktavas Eksperts","url":"https:\/\/noliktavaseksperts.coverl.id.lv\/","logo":{"@type":"ImageObject","inLanguage":"lv-LV","@id":"https:\/\/noliktavaseksperts.coverl.id.lv\/#\/schema\/logo\/image\/","url":"https:\/\/noliktavaseksperts.coverl.id.lv\/wp-content\/uploads\/2025\/05\/logo_variacijas-09-1.webp","contentUrl":"https:\/\/noliktavaseksperts.coverl.id.lv\/wp-content\/uploads\/2025\/05\/logo_variacijas-09-1.webp","width":350,"height":350,"caption":"Noliktavas Eksperts"},"image":{"@id":"https:\/\/noliktavaseksperts.coverl.id.lv\/#\/schema\/logo\/image\/"}}]}},"_links":{"self":[{"href":"https:\/\/noliktavaseksperts.coverl.id.lv\/index.php?rest_route=\/wp\/v2\/product\/31358","targetHints":{"allow":["GET"]}}],"collection":[{"href":"https:\/\/noliktavaseksperts.coverl.id.lv\/index.php?rest_route=\/wp\/v2\/product"}],"about":[{"href":"https:\/\/noliktavaseksperts.coverl.id.lv\/index.php?rest_route=\/wp\/v2\/types\/product"}],"version-history":[{"count":1,"href":"https:\/\/noliktavaseksperts.coverl.id.lv\/index.php?rest_route=\/wp\/v2\/product\/31358\/revisions"}],"predecessor-version":[{"id":31361,"href":"https:\/\/noliktavaseksperts.coverl.id.lv\/index.php?rest_route=\/wp\/v2\/product\/31358\/revisions\/31361"}],"wp:featuredmedia":[{"embeddable":true,"href":"https:\/\/noliktavaseksperts.coverl.id.lv\/index.php?rest_route=\/wp\/v2\/media\/31360"}],"wp:attachment":[{"href":"https:\/\/noliktavaseksperts.coverl.id.lv\/index.php?rest_route=%2Fwp%2Fv2%2Fmedia&parent=31358"}],"wp:term":[{"taxonomy":"product_brand","embeddable":true,"href":"https:\/\/noliktavaseksperts.coverl.id.lv\/index.php?rest_route=%2Fwp%2Fv2%2Fproduct_brand&post=31358"},{"taxonomy":"product_cat","embeddable":true,"href":"https:\/\/noliktavaseksperts.coverl.id.lv\/index.php?rest_route=%2Fwp%2Fv2%2Fproduct_cat&post=31358"},{"taxonomy":"product_tag","embeddable":true,"href":"https:\/\/noliktavaseksperts.coverl.id.lv\/index.php?rest_route=%2Fwp%2Fv2%2Fproduct_tag&post=31358"}],"curies":[{"name":"wp","href":"https:\/\/api.w.org\/{rel}","templated":true}]}}