{"id":31283,"date":"2026-03-20T15:20:39","date_gmt":"2026-03-20T13:20:39","guid":{"rendered":"https:\/\/noliktavaseksperts.coverl.id.lv\/?post_type=product&#038;p=31283"},"modified":"2026-04-07T11:34:07","modified_gmt":"2026-04-07T08:34:07","slug":"saliekams-plastmasas-skapis-sikprecem-melns-peleks","status":"publish","type":"product","link":"https:\/\/noliktavaseksperts.coverl.id.lv\/?product=saliekams-plastmasas-skapis-sikprecem-melns-peleks","title":{"rendered":"Saliekams plastmasas skapis ar 3 plauktiem &#8211; melns\/pel\u0113ks"},"content":{"rendered":"<h3 data-section-id=\"lrks9a\" data-start=\"57\" data-end=\"95\">Plastmasas uzglab\u0101\u0161anas skapji<\/h3>\n<p data-start=\"97\" data-end=\"326\">Praktiski un ekonomiski uzglab\u0101\u0161anas risin\u0101jumi, kas paredz\u0113ti <strong data-start=\"156\" data-end=\"208\">s\u012bkpre\u010du, instrumentu un piederumu organiz\u0113\u0161anai<\/strong> da\u017e\u0101d\u0101s vid\u0113s. Piem\u0113roti noliktav\u0101m, darbn\u012bc\u0101m, veikaliem, birojiem, k\u0101 ar\u012b lieto\u0161anai m\u0101j\u0101s, gar\u0101\u017e\u0101 un \u0161\u0137\u016bn\u012b.<\/p>\n<hr data-start=\"328\" data-end=\"331\" \/>\n<h3 data-section-id=\"6h0jq\" data-start=\"333\" data-end=\"362\">Galven\u0101s priek\u0161roc\u012bbas<\/h3>\n<ul>\n<li>Bud\u017eeta alternat\u012bva met\u0101la skapjiem<\/li>\n<li>Piem\u0113roti viegl\u0101ku pre\u010du un s\u012bklietu uzglab\u0101\u0161anai<\/li>\n<li>Viegla mont\u0101\u017ea<\/li>\n<li>Regul\u0113jami plaukti elast\u012bgai konfigur\u0101cijai<\/li>\n<li>Regul\u0113jamas k\u0101ji\u0146as stabilai novieto\u0161anai<\/li>\n<li>Viegls un praktisks risin\u0101jums ikdienas lieto\u0161anai<\/li>\n<\/ul>\n<hr data-start=\"868\" data-end=\"871\" \/>\n<h3 data-section-id=\"1kej5fr\" data-start=\"873\" data-end=\"900\">Papildus inform\u0101cija<\/h3>\n<p data-start=\"902\" data-end=\"1050\">Plauktu kravnes\u012bba ir l\u012bdz <strong data-start=\"929\" data-end=\"948\">15 kg uz l\u012bmeni<\/strong>, t\u0101p\u0113c skapis paredz\u0113ts viegl\u0101ku pre\u010du un s\u012bklietu uzglab\u0101\u0161anai.<br data-start=\"1013\" data-end=\"1016\" \/>Nav paredz\u0113ts lieto\u0161anai \u0101rtelp\u0101s.<\/p>\n<hr data-start=\"1052\" data-end=\"1055\" \/>\n<h3 data-section-id=\"1kz8aza\" data-start=\"1057\" data-end=\"1076\">Pielietojums<\/h3>\n<p data-start=\"1078\" data-end=\"1095\">Ide\u0101li piem\u0113rots:<\/p>\n<ul>\n<li data-start=\"1098\" data-end=\"1125\">noliktav\u0101m un pal\u012bgtelp\u0101m<\/li>\n<li data-start=\"1098\" data-end=\"1125\">darbn\u012bc\u0101m un servisiem<\/li>\n<li data-start=\"1098\" data-end=\"1125\">veikaliem un birojiem<\/li>\n<li data-start=\"1098\" data-end=\"1125\">m\u0101jai, gar\u0101\u017eai un \u0161\u0137\u016bnim<\/li>\n<\/ul>\n","protected":false},"excerpt":{"rendered":"<ul>\n<li><strong data-start=\"63\" data-end=\"74\">Izm\u0113ri (D x P x A):<\/strong> 39 x 68 x 173 cm<\/li>\n<li><strong>Komplekt\u0101:<\/strong> 3 plauktu l\u012bme\u0146i + pamatne<\/li>\n<li><strong data-start=\"93\" data-end=\"103\">Svars:<\/strong> 10 kg<\/li>\n<li><strong data-start=\"138\" data-end=\"152\">Materi\u0101ls:<\/strong> plastmasa<\/li>\n<li><strong>Kr\u0101sa: <\/strong>Melns \/ Pel\u0113ks<\/li>\n<li><strong>Kravnes\u012bba:\u00a0<\/strong>15 kg uz plaukta l\u012bme\u0146a<\/li>\n<li>Paredz\u0113ts lieto\u0161anai iek\u0161telp\u0101s<\/li>\n<\/ul>\n","protected":false},"featured_media":31287,"template":"","meta":{"_joinchat":[]},"product_brand":[],"product_cat":[635],"product_tag":[],"class_list":{"0":"post-31283","1":"product","2":"type-product","3":"status-publish","4":"has-post-thumbnail","6":"product_cat-saliekamie-skapji","8":"first","9":"instock","10":"taxable","11":"shipping-taxable","12":"purchasable","13":"product-type-simple"},"yoast_head":"<!-- This site is optimized with the Yoast SEO plugin v27.2 - https:\/\/yoast.com\/product\/yoast-seo-wordpress\/ -->\n<title>Saliekams plastmasas skapis s\u012bkprec\u0113m - Noliktavas Eksperts<\/title>\n<meta name=\"description\" content=\"Plastmasas uzglab\u0101\u0161anas skapji s\u012bkprec\u0113m un instrumentiem. Regul\u0113jami plaukti, l\u012bdz 15 kg uz l\u012bmeni. Piem\u0113roti noliktav\u0101m, darbn\u012bc\u0101m, birojiem un m\u0101jai.\" \/>\n<meta name=\"robots\" content=\"index, follow, max-snippet:-1, max-image-preview:large, max-video-preview:-1\" \/>\n<link rel=\"canonical\" href=\"https:\/\/noliktavaseksperts.coverl.id.lv\/prece\/saliekams-plastmasas-skapis-sikprecem-melns-peleks\/\" \/>\n<meta property=\"og:locale\" content=\"lv_LV\" \/>\n<meta property=\"og:type\" content=\"article\" \/>\n<meta property=\"og:title\" content=\"Saliekams plastmasas skapis s\u012bkprec\u0113m - Noliktavas Eksperts\" \/>\n<meta property=\"og:description\" content=\"Plastmasas uzglab\u0101\u0161anas skapji s\u012bkprec\u0113m un instrumentiem. Regul\u0113jami plaukti, l\u012bdz 15 kg uz l\u012bmeni. Piem\u0113roti noliktav\u0101m, darbn\u012bc\u0101m, birojiem un m\u0101jai.\" \/>\n<meta property=\"og:url\" content=\"https:\/\/noliktavaseksperts.coverl.id.lv\/prece\/saliekams-plastmasas-skapis-sikprecem-melns-peleks\/\" \/>\n<meta property=\"og:site_name\" content=\"Noliktavas Eksperts\" \/>\n<meta property=\"article:modified_time\" content=\"2026-04-07T08:34:07+00:00\" \/>\n<meta property=\"og:image\" content=\"https:\/\/noliktavaseksperts.coverl.id.lv\/wp-content\/uploads\/2026\/03\/Noformejums-bez-nosaukuma-2.png\" \/>\n\t<meta property=\"og:image:width\" content=\"600\" \/>\n\t<meta property=\"og:image:height\" content=\"800\" \/>\n\t<meta property=\"og:image:type\" content=\"image\/png\" \/>\n<meta name=\"twitter:card\" content=\"summary_large_image\" \/>\n<meta name=\"twitter:label1\" content=\"Est. reading time\" \/>\n\t<meta name=\"twitter:data1\" content=\"1 min\u016bte\" \/>\n<script type=\"application\/ld+json\" class=\"yoast-schema-graph\">{\"@context\":\"https:\/\/schema.org\",\"@graph\":[{\"@type\":\"WebPage\",\"@id\":\"https:\/\/noliktavaseksperts.coverl.id.lv\/prece\/saliekams-plastmasas-skapis-sikprecem-melns-peleks\/\",\"url\":\"https:\/\/noliktavaseksperts.coverl.id.lv\/prece\/saliekams-plastmasas-skapis-sikprecem-melns-peleks\/\",\"name\":\"Saliekams plastmasas skapis s\u012bkprec\u0113m - Noliktavas Eksperts\",\"isPartOf\":{\"@id\":\"https:\/\/noliktavaseksperts.coverl.id.lv\/#website\"},\"primaryImageOfPage\":{\"@id\":\"https:\/\/noliktavaseksperts.coverl.id.lv\/prece\/saliekams-plastmasas-skapis-sikprecem-melns-peleks\/#primaryimage\"},\"image\":{\"@id\":\"https:\/\/noliktavaseksperts.coverl.id.lv\/prece\/saliekams-plastmasas-skapis-sikprecem-melns-peleks\/#primaryimage\"},\"thumbnailUrl\":\"https:\/\/noliktavaseksperts.coverl.id.lv\/wp-content\/uploads\/2026\/03\/Noformejums-bez-nosaukuma-2.png\",\"datePublished\":\"2026-03-20T13:20:39+00:00\",\"dateModified\":\"2026-04-07T08:34:07+00:00\",\"description\":\"Plastmasas uzglab\u0101\u0161anas skapji s\u012bkprec\u0113m un instrumentiem. Regul\u0113jami plaukti, l\u012bdz 15 kg uz l\u012bmeni. Piem\u0113roti noliktav\u0101m, darbn\u012bc\u0101m, birojiem un m\u0101jai.\",\"breadcrumb\":{\"@id\":\"https:\/\/noliktavaseksperts.coverl.id.lv\/prece\/saliekams-plastmasas-skapis-sikprecem-melns-peleks\/#breadcrumb\"},\"inLanguage\":\"lv-LV\",\"potentialAction\":[{\"@type\":\"ReadAction\",\"target\":[\"https:\/\/noliktavaseksperts.coverl.id.lv\/prece\/saliekams-plastmasas-skapis-sikprecem-melns-peleks\/\"]}]},{\"@type\":\"ImageObject\",\"inLanguage\":\"lv-LV\",\"@id\":\"https:\/\/noliktavaseksperts.coverl.id.lv\/prece\/saliekams-plastmasas-skapis-sikprecem-melns-peleks\/#primaryimage\",\"url\":\"https:\/\/noliktavaseksperts.coverl.id.lv\/wp-content\/uploads\/2026\/03\/Noformejums-bez-nosaukuma-2.png\",\"contentUrl\":\"https:\/\/noliktavaseksperts.coverl.id.lv\/wp-content\/uploads\/2026\/03\/Noformejums-bez-nosaukuma-2.png\",\"width\":600,\"height\":800},{\"@type\":\"BreadcrumbList\",\"@id\":\"https:\/\/noliktavaseksperts.coverl.id.lv\/prece\/saliekams-plastmasas-skapis-sikprecem-melns-peleks\/#breadcrumb\",\"itemListElement\":[{\"@type\":\"ListItem\",\"position\":1,\"name\":\"Home\",\"item\":\"https:\/\/noliktavaseksperts.coverl.id.lv\/\"},{\"@type\":\"ListItem\",\"position\":2,\"name\":\"Veikals\",\"item\":\"https:\/\/noliktavaseksperts.coverl.id.lv\/?page_id=10626\"},{\"@type\":\"ListItem\",\"position\":3,\"name\":\"Saliekams plastmasas skapis ar 3 plauktiem &#8211; melns\/pel\u0113ks\"}]},{\"@type\":\"WebSite\",\"@id\":\"https:\/\/noliktavaseksperts.coverl.id.lv\/#website\",\"url\":\"https:\/\/noliktavaseksperts.coverl.id.lv\/\",\"name\":\"Noliktavas Eksperts\",\"description\":\"Noliktavas\u00a0apr\u012bkojums\",\"publisher\":{\"@id\":\"https:\/\/noliktavaseksperts.coverl.id.lv\/#organization\"},\"potentialAction\":[{\"@type\":\"SearchAction\",\"target\":{\"@type\":\"EntryPoint\",\"urlTemplate\":\"https:\/\/noliktavaseksperts.coverl.id.lv\/?s={search_term_string}\"},\"query-input\":{\"@type\":\"PropertyValueSpecification\",\"valueRequired\":true,\"valueName\":\"search_term_string\"}}],\"inLanguage\":\"lv-LV\"},{\"@type\":\"Organization\",\"@id\":\"https:\/\/noliktavaseksperts.coverl.id.lv\/#organization\",\"name\":\"Noliktavas Eksperts\",\"url\":\"https:\/\/noliktavaseksperts.coverl.id.lv\/\",\"logo\":{\"@type\":\"ImageObject\",\"inLanguage\":\"lv-LV\",\"@id\":\"https:\/\/noliktavaseksperts.coverl.id.lv\/#\/schema\/logo\/image\/\",\"url\":\"https:\/\/noliktavaseksperts.coverl.id.lv\/wp-content\/uploads\/2025\/05\/logo_variacijas-09-1.webp\",\"contentUrl\":\"https:\/\/noliktavaseksperts.coverl.id.lv\/wp-content\/uploads\/2025\/05\/logo_variacijas-09-1.webp\",\"width\":350,\"height\":350,\"caption\":\"Noliktavas Eksperts\"},\"image\":{\"@id\":\"https:\/\/noliktavaseksperts.coverl.id.lv\/#\/schema\/logo\/image\/\"}}]}<\/script>\n<!-- \/ Yoast SEO plugin. -->","yoast_head_json":{"title":"Saliekams plastmasas skapis s\u012bkprec\u0113m - Noliktavas Eksperts","description":"Plastmasas uzglab\u0101\u0161anas skapji s\u012bkprec\u0113m un instrumentiem. Regul\u0113jami plaukti, l\u012bdz 15 kg uz l\u012bmeni. Piem\u0113roti noliktav\u0101m, darbn\u012bc\u0101m, birojiem un m\u0101jai.","robots":{"index":"index","follow":"follow","max-snippet":"max-snippet:-1","max-image-preview":"max-image-preview:large","max-video-preview":"max-video-preview:-1"},"canonical":"https:\/\/noliktavaseksperts.coverl.id.lv\/prece\/saliekams-plastmasas-skapis-sikprecem-melns-peleks\/","og_locale":"lv_LV","og_type":"article","og_title":"Saliekams plastmasas skapis s\u012bkprec\u0113m - Noliktavas Eksperts","og_description":"Plastmasas uzglab\u0101\u0161anas skapji s\u012bkprec\u0113m un instrumentiem. Regul\u0113jami plaukti, l\u012bdz 15 kg uz l\u012bmeni. Piem\u0113roti noliktav\u0101m, darbn\u012bc\u0101m, birojiem un m\u0101jai.","og_url":"https:\/\/noliktavaseksperts.coverl.id.lv\/prece\/saliekams-plastmasas-skapis-sikprecem-melns-peleks\/","og_site_name":"Noliktavas Eksperts","article_modified_time":"2026-04-07T08:34:07+00:00","og_image":[{"width":600,"height":800,"url":"https:\/\/noliktavaseksperts.coverl.id.lv\/wp-content\/uploads\/2026\/03\/Noformejums-bez-nosaukuma-2.png","type":"image\/png"}],"twitter_card":"summary_large_image","twitter_misc":{"Est. reading time":"1 min\u016bte"},"schema":{"@context":"https:\/\/schema.org","@graph":[{"@type":"WebPage","@id":"https:\/\/noliktavaseksperts.coverl.id.lv\/prece\/saliekams-plastmasas-skapis-sikprecem-melns-peleks\/","url":"https:\/\/noliktavaseksperts.coverl.id.lv\/prece\/saliekams-plastmasas-skapis-sikprecem-melns-peleks\/","name":"Saliekams plastmasas skapis s\u012bkprec\u0113m - Noliktavas Eksperts","isPartOf":{"@id":"https:\/\/noliktavaseksperts.coverl.id.lv\/#website"},"primaryImageOfPage":{"@id":"https:\/\/noliktavaseksperts.coverl.id.lv\/prece\/saliekams-plastmasas-skapis-sikprecem-melns-peleks\/#primaryimage"},"image":{"@id":"https:\/\/noliktavaseksperts.coverl.id.lv\/prece\/saliekams-plastmasas-skapis-sikprecem-melns-peleks\/#primaryimage"},"thumbnailUrl":"https:\/\/noliktavaseksperts.coverl.id.lv\/wp-content\/uploads\/2026\/03\/Noformejums-bez-nosaukuma-2.png","datePublished":"2026-03-20T13:20:39+00:00","dateModified":"2026-04-07T08:34:07+00:00","description":"Plastmasas uzglab\u0101\u0161anas skapji s\u012bkprec\u0113m un instrumentiem. Regul\u0113jami plaukti, l\u012bdz 15 kg uz l\u012bmeni. Piem\u0113roti noliktav\u0101m, darbn\u012bc\u0101m, birojiem un m\u0101jai.","breadcrumb":{"@id":"https:\/\/noliktavaseksperts.coverl.id.lv\/prece\/saliekams-plastmasas-skapis-sikprecem-melns-peleks\/#breadcrumb"},"inLanguage":"lv-LV","potentialAction":[{"@type":"ReadAction","target":["https:\/\/noliktavaseksperts.coverl.id.lv\/prece\/saliekams-plastmasas-skapis-sikprecem-melns-peleks\/"]}]},{"@type":"ImageObject","inLanguage":"lv-LV","@id":"https:\/\/noliktavaseksperts.coverl.id.lv\/prece\/saliekams-plastmasas-skapis-sikprecem-melns-peleks\/#primaryimage","url":"https:\/\/noliktavaseksperts.coverl.id.lv\/wp-content\/uploads\/2026\/03\/Noformejums-bez-nosaukuma-2.png","contentUrl":"https:\/\/noliktavaseksperts.coverl.id.lv\/wp-content\/uploads\/2026\/03\/Noformejums-bez-nosaukuma-2.png","width":600,"height":800},{"@type":"BreadcrumbList","@id":"https:\/\/noliktavaseksperts.coverl.id.lv\/prece\/saliekams-plastmasas-skapis-sikprecem-melns-peleks\/#breadcrumb","itemListElement":[{"@type":"ListItem","position":1,"name":"Home","item":"https:\/\/noliktavaseksperts.coverl.id.lv\/"},{"@type":"ListItem","position":2,"name":"Veikals","item":"https:\/\/noliktavaseksperts.coverl.id.lv\/?page_id=10626"},{"@type":"ListItem","position":3,"name":"Saliekams plastmasas skapis ar 3 plauktiem &#8211; melns\/pel\u0113ks"}]},{"@type":"WebSite","@id":"https:\/\/noliktavaseksperts.coverl.id.lv\/#website","url":"https:\/\/noliktavaseksperts.coverl.id.lv\/","name":"Noliktavas Eksperts","description":"Noliktavas\u00a0apr\u012bkojums","publisher":{"@id":"https:\/\/noliktavaseksperts.coverl.id.lv\/#organization"},"potentialAction":[{"@type":"SearchAction","target":{"@type":"EntryPoint","urlTemplate":"https:\/\/noliktavaseksperts.coverl.id.lv\/?s={search_term_string}"},"query-input":{"@type":"PropertyValueSpecification","valueRequired":true,"valueName":"search_term_string"}}],"inLanguage":"lv-LV"},{"@type":"Organization","@id":"https:\/\/noliktavaseksperts.coverl.id.lv\/#organization","name":"Noliktavas Eksperts","url":"https:\/\/noliktavaseksperts.coverl.id.lv\/","logo":{"@type":"ImageObject","inLanguage":"lv-LV","@id":"https:\/\/noliktavaseksperts.coverl.id.lv\/#\/schema\/logo\/image\/","url":"https:\/\/noliktavaseksperts.coverl.id.lv\/wp-content\/uploads\/2025\/05\/logo_variacijas-09-1.webp","contentUrl":"https:\/\/noliktavaseksperts.coverl.id.lv\/wp-content\/uploads\/2025\/05\/logo_variacijas-09-1.webp","width":350,"height":350,"caption":"Noliktavas Eksperts"},"image":{"@id":"https:\/\/noliktavaseksperts.coverl.id.lv\/#\/schema\/logo\/image\/"}}]}},"_links":{"self":[{"href":"https:\/\/noliktavaseksperts.coverl.id.lv\/index.php?rest_route=\/wp\/v2\/product\/31283","targetHints":{"allow":["GET"]}}],"collection":[{"href":"https:\/\/noliktavaseksperts.coverl.id.lv\/index.php?rest_route=\/wp\/v2\/product"}],"about":[{"href":"https:\/\/noliktavaseksperts.coverl.id.lv\/index.php?rest_route=\/wp\/v2\/types\/product"}],"version-history":[{"count":5,"href":"https:\/\/noliktavaseksperts.coverl.id.lv\/index.php?rest_route=\/wp\/v2\/product\/31283\/revisions"}],"predecessor-version":[{"id":31531,"href":"https:\/\/noliktavaseksperts.coverl.id.lv\/index.php?rest_route=\/wp\/v2\/product\/31283\/revisions\/31531"}],"wp:featuredmedia":[{"embeddable":true,"href":"https:\/\/noliktavaseksperts.coverl.id.lv\/index.php?rest_route=\/wp\/v2\/media\/31287"}],"wp:attachment":[{"href":"https:\/\/noliktavaseksperts.coverl.id.lv\/index.php?rest_route=%2Fwp%2Fv2%2Fmedia&parent=31283"}],"wp:term":[{"taxonomy":"product_brand","embeddable":true,"href":"https:\/\/noliktavaseksperts.coverl.id.lv\/index.php?rest_route=%2Fwp%2Fv2%2Fproduct_brand&post=31283"},{"taxonomy":"product_cat","embeddable":true,"href":"https:\/\/noliktavaseksperts.coverl.id.lv\/index.php?rest_route=%2Fwp%2Fv2%2Fproduct_cat&post=31283"},{"taxonomy":"product_tag","embeddable":true,"href":"https:\/\/noliktavaseksperts.coverl.id.lv\/index.php?rest_route=%2Fwp%2Fv2%2Fproduct_tag&post=31283"}],"curies":[{"name":"wp","href":"https:\/\/api.w.org\/{rel}","templated":true}]}}