{"id":31247,"date":"2026-03-20T14:03:36","date_gmt":"2026-03-20T12:03:36","guid":{"rendered":"https:\/\/noliktavaseksperts.coverl.id.lv\/?post_type=product&#038;p=31247"},"modified":"2026-03-24T00:33:14","modified_gmt":"2026-03-23T22:33:14","slug":"salokams-pakapienu-solins-49x17x63cm","status":"publish","type":"product","link":"https:\/\/noliktavaseksperts.coverl.id.lv\/?product=salokams-pakapienu-solins-49x17x63cm","title":{"rendered":"Salok\u0101ms pak\u0101pienu soli\u0146\u0161 49x17x63cm"},"content":{"rendered":"<h3 data-section-id=\"1o6qagh\" data-start=\"88\" data-end=\"122\">Salok\u0101ms 2 pak\u0101pienu soli\u0146\u0161<\/h3>\n<p data-start=\"124\" data-end=\"307\">Praktisks un \u0113rti lietojams <strong data-start=\"152\" data-end=\"173\">divpak\u0101pju soli\u0146\u0161<\/strong>, kas pal\u012bdz sasniegt augst\u0101kas vietas gan veikal\u0101, gan noliktav\u0101, gan m\u0101j\u0101s, gan darbn\u012bc\u0101. Kompakts un viegli salok\u0101ms, tas ir lielisks risin\u0101jums ikdienas darbiem.<\/p>\n<hr data-start=\"309\" data-end=\"312\" \/>\n<h3 data-section-id=\"6h0jq\" data-start=\"314\" data-end=\"343\">Galven\u0101s priek\u0161roc\u012bbas<\/h3>\n<ul>\n<li data-start=\"345\" data-end=\"600\"><strong data-start=\"347\" data-end=\"372\">Salok\u0101ma konstrukcija<\/strong> &#8211; viegli uzglab\u0101t un transport\u0113t<\/li>\n<li data-start=\"345\" data-end=\"600\"><strong data-start=\"410\" data-end=\"430\">Stabils un dro\u0161s<\/strong> &#8211; piem\u0113rots l\u012bdz 150 kg slodzei<\/li>\n<li data-start=\"345\" data-end=\"600\"><strong data-start=\"467\" data-end=\"499\">Viegls un iztur\u012bgs materi\u0101ls<\/strong> &#8211; izgatavots no polipropil\u0113na (PP)<\/li>\n<li data-start=\"345\" data-end=\"600\"><strong data-start=\"539\" data-end=\"566\">Univers\u0101ls pielietojums<\/strong> &#8211; noliktavai, darbn\u012bcai, ofisam, veikalam vai m\u0101jai<\/li>\n<\/ul>\n<hr data-start=\"602\" data-end=\"605\" \/>\n<h3 data-section-id=\"1kz8aza\" data-start=\"607\" data-end=\"626\">Pielietojums<\/h3>\n<p data-start=\"628\" data-end=\"645\">Ide\u0101li piem\u0113rots:<\/p>\n<ul>\n<li data-start=\"648\" data-end=\"679\">augst\u0101ku plauktu sasnieg\u0161anai<\/li>\n<li data-start=\"648\" data-end=\"679\">profesion\u0101liem un sadz\u012bves darbiem<\/li>\n<li data-start=\"648\" data-end=\"679\">k\u0101 papildu s\u0113deklis nepiecie\u0161am\u012bbas gad\u012bjum\u0101<\/li>\n<li style=\"list-style-type: none;\"><\/li>\n<\/ul>\n","protected":false},"excerpt":{"rendered":"<ul>\n<li><strong data-start=\"697\" data-end=\"708\">Iepakojuma izm\u0113ri (D x P x A):<\/strong> 170 x 490 x 630 mm<\/li>\n<li data-start=\"697\" data-end=\"728\"><strong data-start=\"731\" data-end=\"741\">Svars:<\/strong> 3.22 kg<\/li>\n<li data-start=\"697\" data-end=\"728\"><strong data-start=\"754\" data-end=\"768\">Materi\u0101ls:<\/strong> polipropil\u0113ns (PP)<\/li>\n<li data-start=\"697\" data-end=\"728\"><strong>Pak\u0101pienu skaits:<\/strong> 2<\/li>\n<li data-start=\"697\" data-end=\"728\"><strong>Maksim\u0101l\u0101 nestsp\u0113ja:<\/strong> l\u012bdz 150 kg<\/li>\n<\/ul>\n","protected":false},"featured_media":31252,"template":"","meta":{"_joinchat":[]},"product_brand":[],"product_cat":[633],"product_tag":[],"class_list":{"0":"post-31247","1":"product","2":"type-product","3":"status-publish","4":"has-post-thumbnail","6":"product_cat-kapnes-un-pakapieni","8":"first","9":"instock","10":"taxable","11":"shipping-taxable","12":"purchasable","13":"product-type-simple"},"yoast_head":"<!-- This site is optimized with the Yoast SEO plugin v27.2 - https:\/\/yoast.com\/product\/yoast-seo-wordpress\/ -->\n<title>Salok\u0101ms pak\u0101pienu soli\u0146\u0161 49x17x63cm - Noliktavas Eksperts<\/title>\n<meta name=\"robots\" content=\"index, follow, max-snippet:-1, max-image-preview:large, max-video-preview:-1\" \/>\n<link rel=\"canonical\" href=\"https:\/\/noliktavaseksperts.coverl.id.lv\/prece\/salokams-pakapienu-solins-49x17x63cm\/\" \/>\n<meta property=\"og:locale\" content=\"lv_LV\" \/>\n<meta property=\"og:type\" content=\"article\" \/>\n<meta property=\"og:title\" content=\"Salok\u0101ms pak\u0101pienu soli\u0146\u0161 49x17x63cm - Noliktavas Eksperts\" \/>\n<meta property=\"og:description\" content=\"Iepakojuma izm\u0113ri (D x P x A): 170 x 490 x 630 mm  Svars: 3.22 kg  Materi\u0101ls: polipropil\u0113ns (PP)  Pak\u0101pienu skaits: 2  Maksim\u0101l\u0101 nestsp\u0113ja: l\u012bdz 150 kg\" \/>\n<meta property=\"og:url\" content=\"https:\/\/noliktavaseksperts.coverl.id.lv\/prece\/salokams-pakapienu-solins-49x17x63cm\/\" \/>\n<meta property=\"og:site_name\" content=\"Noliktavas Eksperts\" \/>\n<meta property=\"article:modified_time\" content=\"2026-03-23T22:33:14+00:00\" \/>\n<meta property=\"og:image\" content=\"https:\/\/noliktavaseksperts.coverl.id.lv\/wp-content\/uploads\/2026\/03\/Salokams-pakapiens-1-1.png\" \/>\n\t<meta property=\"og:image:width\" content=\"764\" \/>\n\t<meta property=\"og:image:height\" content=\"838\" \/>\n\t<meta property=\"og:image:type\" content=\"image\/png\" \/>\n<meta name=\"twitter:card\" content=\"summary_large_image\" \/>\n<meta name=\"twitter:label1\" content=\"Est. reading time\" \/>\n\t<meta name=\"twitter:data1\" content=\"1 min\u016bte\" \/>\n<script type=\"application\/ld+json\" class=\"yoast-schema-graph\">{\"@context\":\"https:\/\/schema.org\",\"@graph\":[{\"@type\":\"WebPage\",\"@id\":\"https:\/\/noliktavaseksperts.coverl.id.lv\/prece\/salokams-pakapienu-solins-49x17x63cm\/\",\"url\":\"https:\/\/noliktavaseksperts.coverl.id.lv\/prece\/salokams-pakapienu-solins-49x17x63cm\/\",\"name\":\"Salok\u0101ms pak\u0101pienu soli\u0146\u0161 49x17x63cm - Noliktavas Eksperts\",\"isPartOf\":{\"@id\":\"https:\/\/noliktavaseksperts.coverl.id.lv\/#website\"},\"primaryImageOfPage\":{\"@id\":\"https:\/\/noliktavaseksperts.coverl.id.lv\/prece\/salokams-pakapienu-solins-49x17x63cm\/#primaryimage\"},\"image\":{\"@id\":\"https:\/\/noliktavaseksperts.coverl.id.lv\/prece\/salokams-pakapienu-solins-49x17x63cm\/#primaryimage\"},\"thumbnailUrl\":\"https:\/\/noliktavaseksperts.coverl.id.lv\/wp-content\/uploads\/2026\/03\/Salokams-pakapiens-1-1.png\",\"datePublished\":\"2026-03-20T12:03:36+00:00\",\"dateModified\":\"2026-03-23T22:33:14+00:00\",\"breadcrumb\":{\"@id\":\"https:\/\/noliktavaseksperts.coverl.id.lv\/prece\/salokams-pakapienu-solins-49x17x63cm\/#breadcrumb\"},\"inLanguage\":\"lv-LV\",\"potentialAction\":[{\"@type\":\"ReadAction\",\"target\":[\"https:\/\/noliktavaseksperts.coverl.id.lv\/prece\/salokams-pakapienu-solins-49x17x63cm\/\"]}]},{\"@type\":\"ImageObject\",\"inLanguage\":\"lv-LV\",\"@id\":\"https:\/\/noliktavaseksperts.coverl.id.lv\/prece\/salokams-pakapienu-solins-49x17x63cm\/#primaryimage\",\"url\":\"https:\/\/noliktavaseksperts.coverl.id.lv\/wp-content\/uploads\/2026\/03\/Salokams-pakapiens-1-1.png\",\"contentUrl\":\"https:\/\/noliktavaseksperts.coverl.id.lv\/wp-content\/uploads\/2026\/03\/Salokams-pakapiens-1-1.png\",\"width\":764,\"height\":838},{\"@type\":\"BreadcrumbList\",\"@id\":\"https:\/\/noliktavaseksperts.coverl.id.lv\/prece\/salokams-pakapienu-solins-49x17x63cm\/#breadcrumb\",\"itemListElement\":[{\"@type\":\"ListItem\",\"position\":1,\"name\":\"Home\",\"item\":\"https:\/\/noliktavaseksperts.coverl.id.lv\/\"},{\"@type\":\"ListItem\",\"position\":2,\"name\":\"Veikals\",\"item\":\"https:\/\/noliktavaseksperts.coverl.id.lv\/?page_id=10626\"},{\"@type\":\"ListItem\",\"position\":3,\"name\":\"Salok\u0101ms pak\u0101pienu soli\u0146\u0161 49x17x63cm\"}]},{\"@type\":\"WebSite\",\"@id\":\"https:\/\/noliktavaseksperts.coverl.id.lv\/#website\",\"url\":\"https:\/\/noliktavaseksperts.coverl.id.lv\/\",\"name\":\"Noliktavas Eksperts\",\"description\":\"Noliktavas\u00a0apr\u012bkojums\",\"publisher\":{\"@id\":\"https:\/\/noliktavaseksperts.coverl.id.lv\/#organization\"},\"potentialAction\":[{\"@type\":\"SearchAction\",\"target\":{\"@type\":\"EntryPoint\",\"urlTemplate\":\"https:\/\/noliktavaseksperts.coverl.id.lv\/?s={search_term_string}\"},\"query-input\":{\"@type\":\"PropertyValueSpecification\",\"valueRequired\":true,\"valueName\":\"search_term_string\"}}],\"inLanguage\":\"lv-LV\"},{\"@type\":\"Organization\",\"@id\":\"https:\/\/noliktavaseksperts.coverl.id.lv\/#organization\",\"name\":\"Noliktavas Eksperts\",\"url\":\"https:\/\/noliktavaseksperts.coverl.id.lv\/\",\"logo\":{\"@type\":\"ImageObject\",\"inLanguage\":\"lv-LV\",\"@id\":\"https:\/\/noliktavaseksperts.coverl.id.lv\/#\/schema\/logo\/image\/\",\"url\":\"https:\/\/noliktavaseksperts.coverl.id.lv\/wp-content\/uploads\/2025\/05\/logo_variacijas-09-1.webp\",\"contentUrl\":\"https:\/\/noliktavaseksperts.coverl.id.lv\/wp-content\/uploads\/2025\/05\/logo_variacijas-09-1.webp\",\"width\":350,\"height\":350,\"caption\":\"Noliktavas Eksperts\"},\"image\":{\"@id\":\"https:\/\/noliktavaseksperts.coverl.id.lv\/#\/schema\/logo\/image\/\"}}]}<\/script>\n<!-- \/ Yoast SEO plugin. -->","yoast_head_json":{"title":"Salok\u0101ms pak\u0101pienu soli\u0146\u0161 49x17x63cm - Noliktavas Eksperts","robots":{"index":"index","follow":"follow","max-snippet":"max-snippet:-1","max-image-preview":"max-image-preview:large","max-video-preview":"max-video-preview:-1"},"canonical":"https:\/\/noliktavaseksperts.coverl.id.lv\/prece\/salokams-pakapienu-solins-49x17x63cm\/","og_locale":"lv_LV","og_type":"article","og_title":"Salok\u0101ms pak\u0101pienu soli\u0146\u0161 49x17x63cm - Noliktavas Eksperts","og_description":"Iepakojuma izm\u0113ri (D x P x A): 170 x 490 x 630 mm  Svars: 3.22 kg  Materi\u0101ls: polipropil\u0113ns (PP)  Pak\u0101pienu skaits: 2  Maksim\u0101l\u0101 nestsp\u0113ja: l\u012bdz 150 kg","og_url":"https:\/\/noliktavaseksperts.coverl.id.lv\/prece\/salokams-pakapienu-solins-49x17x63cm\/","og_site_name":"Noliktavas Eksperts","article_modified_time":"2026-03-23T22:33:14+00:00","og_image":[{"width":764,"height":838,"url":"https:\/\/noliktavaseksperts.coverl.id.lv\/wp-content\/uploads\/2026\/03\/Salokams-pakapiens-1-1.png","type":"image\/png"}],"twitter_card":"summary_large_image","twitter_misc":{"Est. reading time":"1 min\u016bte"},"schema":{"@context":"https:\/\/schema.org","@graph":[{"@type":"WebPage","@id":"https:\/\/noliktavaseksperts.coverl.id.lv\/prece\/salokams-pakapienu-solins-49x17x63cm\/","url":"https:\/\/noliktavaseksperts.coverl.id.lv\/prece\/salokams-pakapienu-solins-49x17x63cm\/","name":"Salok\u0101ms pak\u0101pienu soli\u0146\u0161 49x17x63cm - Noliktavas Eksperts","isPartOf":{"@id":"https:\/\/noliktavaseksperts.coverl.id.lv\/#website"},"primaryImageOfPage":{"@id":"https:\/\/noliktavaseksperts.coverl.id.lv\/prece\/salokams-pakapienu-solins-49x17x63cm\/#primaryimage"},"image":{"@id":"https:\/\/noliktavaseksperts.coverl.id.lv\/prece\/salokams-pakapienu-solins-49x17x63cm\/#primaryimage"},"thumbnailUrl":"https:\/\/noliktavaseksperts.coverl.id.lv\/wp-content\/uploads\/2026\/03\/Salokams-pakapiens-1-1.png","datePublished":"2026-03-20T12:03:36+00:00","dateModified":"2026-03-23T22:33:14+00:00","breadcrumb":{"@id":"https:\/\/noliktavaseksperts.coverl.id.lv\/prece\/salokams-pakapienu-solins-49x17x63cm\/#breadcrumb"},"inLanguage":"lv-LV","potentialAction":[{"@type":"ReadAction","target":["https:\/\/noliktavaseksperts.coverl.id.lv\/prece\/salokams-pakapienu-solins-49x17x63cm\/"]}]},{"@type":"ImageObject","inLanguage":"lv-LV","@id":"https:\/\/noliktavaseksperts.coverl.id.lv\/prece\/salokams-pakapienu-solins-49x17x63cm\/#primaryimage","url":"https:\/\/noliktavaseksperts.coverl.id.lv\/wp-content\/uploads\/2026\/03\/Salokams-pakapiens-1-1.png","contentUrl":"https:\/\/noliktavaseksperts.coverl.id.lv\/wp-content\/uploads\/2026\/03\/Salokams-pakapiens-1-1.png","width":764,"height":838},{"@type":"BreadcrumbList","@id":"https:\/\/noliktavaseksperts.coverl.id.lv\/prece\/salokams-pakapienu-solins-49x17x63cm\/#breadcrumb","itemListElement":[{"@type":"ListItem","position":1,"name":"Home","item":"https:\/\/noliktavaseksperts.coverl.id.lv\/"},{"@type":"ListItem","position":2,"name":"Veikals","item":"https:\/\/noliktavaseksperts.coverl.id.lv\/?page_id=10626"},{"@type":"ListItem","position":3,"name":"Salok\u0101ms pak\u0101pienu soli\u0146\u0161 49x17x63cm"}]},{"@type":"WebSite","@id":"https:\/\/noliktavaseksperts.coverl.id.lv\/#website","url":"https:\/\/noliktavaseksperts.coverl.id.lv\/","name":"Noliktavas Eksperts","description":"Noliktavas\u00a0apr\u012bkojums","publisher":{"@id":"https:\/\/noliktavaseksperts.coverl.id.lv\/#organization"},"potentialAction":[{"@type":"SearchAction","target":{"@type":"EntryPoint","urlTemplate":"https:\/\/noliktavaseksperts.coverl.id.lv\/?s={search_term_string}"},"query-input":{"@type":"PropertyValueSpecification","valueRequired":true,"valueName":"search_term_string"}}],"inLanguage":"lv-LV"},{"@type":"Organization","@id":"https:\/\/noliktavaseksperts.coverl.id.lv\/#organization","name":"Noliktavas Eksperts","url":"https:\/\/noliktavaseksperts.coverl.id.lv\/","logo":{"@type":"ImageObject","inLanguage":"lv-LV","@id":"https:\/\/noliktavaseksperts.coverl.id.lv\/#\/schema\/logo\/image\/","url":"https:\/\/noliktavaseksperts.coverl.id.lv\/wp-content\/uploads\/2025\/05\/logo_variacijas-09-1.webp","contentUrl":"https:\/\/noliktavaseksperts.coverl.id.lv\/wp-content\/uploads\/2025\/05\/logo_variacijas-09-1.webp","width":350,"height":350,"caption":"Noliktavas Eksperts"},"image":{"@id":"https:\/\/noliktavaseksperts.coverl.id.lv\/#\/schema\/logo\/image\/"}}]}},"_links":{"self":[{"href":"https:\/\/noliktavaseksperts.coverl.id.lv\/index.php?rest_route=\/wp\/v2\/product\/31247","targetHints":{"allow":["GET"]}}],"collection":[{"href":"https:\/\/noliktavaseksperts.coverl.id.lv\/index.php?rest_route=\/wp\/v2\/product"}],"about":[{"href":"https:\/\/noliktavaseksperts.coverl.id.lv\/index.php?rest_route=\/wp\/v2\/types\/product"}],"version-history":[{"count":1,"href":"https:\/\/noliktavaseksperts.coverl.id.lv\/index.php?rest_route=\/wp\/v2\/product\/31247\/revisions"}],"predecessor-version":[{"id":31251,"href":"https:\/\/noliktavaseksperts.coverl.id.lv\/index.php?rest_route=\/wp\/v2\/product\/31247\/revisions\/31251"}],"wp:featuredmedia":[{"embeddable":true,"href":"https:\/\/noliktavaseksperts.coverl.id.lv\/index.php?rest_route=\/wp\/v2\/media\/31252"}],"wp:attachment":[{"href":"https:\/\/noliktavaseksperts.coverl.id.lv\/index.php?rest_route=%2Fwp%2Fv2%2Fmedia&parent=31247"}],"wp:term":[{"taxonomy":"product_brand","embeddable":true,"href":"https:\/\/noliktavaseksperts.coverl.id.lv\/index.php?rest_route=%2Fwp%2Fv2%2Fproduct_brand&post=31247"},{"taxonomy":"product_cat","embeddable":true,"href":"https:\/\/noliktavaseksperts.coverl.id.lv\/index.php?rest_route=%2Fwp%2Fv2%2Fproduct_cat&post=31247"},{"taxonomy":"product_tag","embeddable":true,"href":"https:\/\/noliktavaseksperts.coverl.id.lv\/index.php?rest_route=%2Fwp%2Fv2%2Fproduct_tag&post=31247"}],"curies":[{"name":"wp","href":"https:\/\/api.w.org\/{rel}","templated":true}]}}