{"id":31189,"date":"2026-03-18T15:12:24","date_gmt":"2026-03-18T13:12:24","guid":{"rendered":"https:\/\/noliktavaseksperts.coverl.id.lv\/?post_type=product&#038;p=31189"},"modified":"2026-03-25T13:32:12","modified_gmt":"2026-03-25T11:32:12","slug":"kastisu-stends-ar-72-kastem-a908-x-p1020mm","status":"publish","type":"product","link":"https:\/\/noliktavaseksperts.coverl.id.lv\/?product=kastisu-stends-ar-72-kastem-a908-x-p1020mm","title":{"rendered":"Kast\u012b\u0161u stends ar 72 kast\u0113m \u2013 A908 x P1020mm"},"content":{"rendered":"<h4 data-start=\"329\" data-end=\"545\"><strong>Kast\u012b\u0161u stends ar 72 kast\u0113m ir praktisks un vietu taupo\u0161s risin\u0101jums deta\u013cu, komponentu un da\u017e\u0101du s\u012bkpre\u010du uzglab\u0101\u0161anai.<\/strong> Tas pal\u012bdz uztur\u0113t k\u0101rt\u012bbu darba viet\u0101 un nodro\u0161ina \u0101tru piek\u013cuvi nepiecie\u0161amajiem materi\u0101liem.<\/h4>\n<p data-start=\"547\" data-end=\"670\">Pateicoties kompaktajam izm\u0113ram, \u0161is plaukts ir \u012bpa\u0161i piem\u0113rots \u0161aur\u0101m telp\u0101m, kur svar\u012bga ir maksim\u0101la telpas izmanto\u0161ana.<\/p>\n<hr data-start=\"672\" data-end=\"675\" \/>\n<h3 data-section-id=\"ydl5co\" data-start=\"677\" data-end=\"710\"><strong data-start=\"684\" data-end=\"710\">Galven\u0101s priek\u0161roc\u012bbas<\/strong><\/h3>\n<ul>\n<li data-start=\"712\" data-end=\"793\">8 uzglab\u0101\u0161anas l\u012bme\u0146i<br data-start=\"735\" data-end=\"738\" \/>Nodro\u0161ina efekt\u012bvu un p\u0101rskat\u0101mu izvieto\u0161anu<\/li>\n<li data-start=\"795\" data-end=\"885\">Komplekt\u0101 72 plastmasas kastes<br data-start=\"827\" data-end=\"830\" \/>\u0112rta un uzreiz lieto\u0161anai gatava uzglab\u0101\u0161anas sist\u0113ma<\/li>\n<li data-start=\"887\" data-end=\"974\">Iztur\u012bgas kastes<br data-start=\"905\" data-end=\"908\" \/>Izgatavotas no triecieniztur\u012bgas plastmasas ilgsto\u0161ai lieto\u0161anai<\/li>\n<li data-start=\"976\" data-end=\"1044\">Kompakts izm\u0113rs<br data-start=\"993\" data-end=\"996\" \/>Ide\u0101li piem\u0113rots \u0161aur\u0101m telp\u0101m un darba viet\u0101m<\/li>\n<li data-start=\"1046\" data-end=\"1134\">Iztur\u012bga konstrukcija<br data-start=\"1069\" data-end=\"1072\" \/>T\u0113rauda r\u0101mis nodro\u0161ina stabilit\u0101ti un ilgu kalpo\u0161anas laiku<\/li>\n<\/ul>\n<hr data-start=\"1136\" data-end=\"1139\" \/>\n<h3 data-section-id=\"13u7y43\" data-start=\"1141\" data-end=\"1172\"><strong data-start=\"1148\" data-end=\"1172\">Izm\u0113ri un kapacit\u0101te<\/strong><\/h3>\n<ul>\n<li data-start=\"1176\" data-end=\"1194\">Platums: 1020 mm<\/li>\n<li data-start=\"1176\" data-end=\"1194\">Augstums: 908 mm<\/li>\n<li data-start=\"1176\" data-end=\"1194\">L\u012bme\u0146u skaits: 8<\/li>\n<li data-start=\"1176\" data-end=\"1194\">Kast\u012b\u0161u skaits: 72<\/li>\n<\/ul>\n<hr data-start=\"1261\" data-end=\"1264\" \/>\n<h3 data-section-id=\"topyj6\" data-start=\"1266\" data-end=\"1290\"><strong data-start=\"1273\" data-end=\"1290\">Komplekt\u0101cija<\/strong><\/h3>\n<p data-start=\"1292\" data-end=\"1318\">Stends tiek pieg\u0101d\u0101ts ar:<\/p>\n<ul>\n<li>8 l\u012bst\u0113m (BS 1294)<\/li>\n<li>1 atbalsta l\u012bsti<\/li>\n<li>Mont\u0101\u017eas komplektu\n<ul>\n<li>4 \u00d7 neilona d\u012bbe\u013ci M10 \u00d7 50<\/li>\n<li>4 \u00d7 kokskr\u016bves DIN 571 M8 \u00d7 80<\/li>\n<\/ul>\n<\/li>\n<\/ul>\n","protected":false},"excerpt":{"rendered":"<div class=\"elementor-element elementor-element-ce05bd9 wd-single-short-desc text-left elementor-widget elementor-widget-wd_single_product_short_description\" data-id=\"ce05bd9\" data-element_type=\"widget\" data-e-type=\"widget\" data-widget_type=\"wd_single_product_short_description.default\">\n<div class=\"elementor-widget-container\">\n<div class=\"woocommerce-product-details__short-description\">\n<p><strong>Svar\u012bgi:<\/strong> \u0160is kast\u012b\u0161u stends nav paredz\u0113ts br\u012bvai novieto\u0161anai &#8211; tas oblig\u0101ti j\u0101stiprina pie virsmas, un komplekt\u0101 ir iek\u013cauti visi nepiecie\u0161amie stiprin\u0101jumi, tostarp d\u012bbe\u013ci, dro\u0161ai uzst\u0101d\u012b\u0161anai (skat\u012bt bild\u0113).<\/p>\n<p>Kast\u012b\u0161u stenda komplekt\u0101 ir iek\u013cautas att\u0113l\u0101 redzam\u0101s kastes.<\/p>\n<ul>\n<li><strong>Augstums:<\/strong> 908 mm<\/li>\n<li><strong>Kop\u0113jais platums:\u00a0<\/strong>1020 mm<\/li>\n<li><strong>L\u012bme\u0146u skaits:<\/strong> 8<\/li>\n<li><strong>Kast\u012b\u0161u skaits:<\/strong> 72<\/li>\n<li><strong>Kast\u012b\u0161u kr\u0101sa: <\/strong>Oran\u017ea<\/li>\n<\/ul>\n<p><strong>Kast\u012b\u0161u izm\u0113ri<\/strong>\u00a0(D x P x A)<strong>:<\/strong><\/p>\n<ul>\n<li>72gab. 165 x 98.5 x 73 mm<\/li>\n<\/ul>\n<\/div>\n<\/div>\n<\/div>\n<div class=\"elementor-element elementor-element-308ab41 e-con-full e-flex e-con e-child\" data-id=\"308ab41\" data-element_type=\"container\" data-e-type=\"container\">\n<div class=\"elementor-element elementor-element-84259fc wd-single-price text-left elementor-widget elementor-widget-wd_single_product_price\" data-id=\"84259fc\" data-element_type=\"widget\" data-e-type=\"widget\" data-widget_type=\"wd_single_product_price.default\">\n<div class=\"elementor-widget-container\"><\/div>\n<\/div>\n<\/div>\n","protected":false},"featured_media":31451,"template":"","meta":{"_joinchat":[]},"product_brand":[],"product_cat":[619,634,513],"product_tag":[],"class_list":{"0":"post-31189","1":"product","2":"type-product","3":"status-publish","4":"has-post-thumbnail","6":"product_cat-ipasie-piedavajumi","7":"product_cat-plastmasas-kastes","8":"product_cat-sikprecu-plaukti","10":"first","11":"instock","12":"sale","13":"taxable","14":"shipping-taxable","15":"purchasable","16":"product-type-simple"},"yoast_head":"<!-- This site is optimized with the Yoast SEO plugin v27.2 - https:\/\/yoast.com\/product\/yoast-seo-wordpress\/ -->\n<title>Kast\u012b\u0161u stends ar 72 kast\u0113m - Noliktavas Eksperts<\/title>\n<meta name=\"description\" content=\"Kast\u012b\u0161u stends ar 72 kast\u0113m deta\u013cu un s\u012bkpre\u010du uzglab\u0101\u0161anai. Kompakts risin\u0101jums \u0161aur\u0101m telp\u0101m ar 8 l\u012bme\u0146iem un iztur\u012bgu t\u0113rauda konstrukciju.\" \/>\n<meta name=\"robots\" content=\"index, follow, max-snippet:-1, max-image-preview:large, max-video-preview:-1\" \/>\n<link rel=\"canonical\" href=\"https:\/\/noliktavaseksperts.coverl.id.lv\/prece\/kastisu-stends-ar-72-kastem-a908-x-p1020mm\/\" \/>\n<meta property=\"og:locale\" content=\"lv_LV\" \/>\n<meta property=\"og:type\" content=\"article\" \/>\n<meta property=\"og:title\" content=\"Kast\u012b\u0161u stends ar 72 kast\u0113m - Noliktavas Eksperts\" \/>\n<meta property=\"og:description\" content=\"Kast\u012b\u0161u stends ar 72 kast\u0113m deta\u013cu un s\u012bkpre\u010du uzglab\u0101\u0161anai. Kompakts risin\u0101jums \u0161aur\u0101m telp\u0101m ar 8 l\u012bme\u0146iem un iztur\u012bgu t\u0113rauda konstrukciju.\" \/>\n<meta property=\"og:url\" content=\"https:\/\/noliktavaseksperts.coverl.id.lv\/prece\/kastisu-stends-ar-72-kastem-a908-x-p1020mm\/\" \/>\n<meta property=\"og:site_name\" content=\"Noliktavas Eksperts\" \/>\n<meta property=\"article:modified_time\" content=\"2026-03-25T11:32:12+00:00\" \/>\n<meta property=\"og:image\" content=\"https:\/\/noliktavaseksperts.coverl.id.lv\/wp-content\/uploads\/2026\/03\/Noformejums-bez-nosaukuma-2-1.png\" \/>\n\t<meta property=\"og:image:width\" content=\"600\" \/>\n\t<meta property=\"og:image:height\" content=\"800\" \/>\n\t<meta property=\"og:image:type\" content=\"image\/png\" \/>\n<meta name=\"twitter:card\" content=\"summary_large_image\" \/>\n<meta name=\"twitter:label1\" content=\"Est. reading time\" \/>\n\t<meta name=\"twitter:data1\" content=\"1 min\u016bte\" \/>\n<script type=\"application\/ld+json\" class=\"yoast-schema-graph\">{\"@context\":\"https:\/\/schema.org\",\"@graph\":[{\"@type\":\"WebPage\",\"@id\":\"https:\/\/noliktavaseksperts.coverl.id.lv\/prece\/kastisu-stends-ar-72-kastem-a908-x-p1020mm\/\",\"url\":\"https:\/\/noliktavaseksperts.coverl.id.lv\/prece\/kastisu-stends-ar-72-kastem-a908-x-p1020mm\/\",\"name\":\"Kast\u012b\u0161u stends ar 72 kast\u0113m - Noliktavas Eksperts\",\"isPartOf\":{\"@id\":\"https:\/\/noliktavaseksperts.coverl.id.lv\/#website\"},\"primaryImageOfPage\":{\"@id\":\"https:\/\/noliktavaseksperts.coverl.id.lv\/prece\/kastisu-stends-ar-72-kastem-a908-x-p1020mm\/#primaryimage\"},\"image\":{\"@id\":\"https:\/\/noliktavaseksperts.coverl.id.lv\/prece\/kastisu-stends-ar-72-kastem-a908-x-p1020mm\/#primaryimage\"},\"thumbnailUrl\":\"https:\/\/noliktavaseksperts.coverl.id.lv\/wp-content\/uploads\/2026\/03\/Noformejums-bez-nosaukuma-2-1.png\",\"datePublished\":\"2026-03-18T13:12:24+00:00\",\"dateModified\":\"2026-03-25T11:32:12+00:00\",\"description\":\"Kast\u012b\u0161u stends ar 72 kast\u0113m deta\u013cu un s\u012bkpre\u010du uzglab\u0101\u0161anai. Kompakts risin\u0101jums \u0161aur\u0101m telp\u0101m ar 8 l\u012bme\u0146iem un iztur\u012bgu t\u0113rauda konstrukciju.\",\"breadcrumb\":{\"@id\":\"https:\/\/noliktavaseksperts.coverl.id.lv\/prece\/kastisu-stends-ar-72-kastem-a908-x-p1020mm\/#breadcrumb\"},\"inLanguage\":\"lv-LV\",\"potentialAction\":[{\"@type\":\"ReadAction\",\"target\":[\"https:\/\/noliktavaseksperts.coverl.id.lv\/prece\/kastisu-stends-ar-72-kastem-a908-x-p1020mm\/\"]}]},{\"@type\":\"ImageObject\",\"inLanguage\":\"lv-LV\",\"@id\":\"https:\/\/noliktavaseksperts.coverl.id.lv\/prece\/kastisu-stends-ar-72-kastem-a908-x-p1020mm\/#primaryimage\",\"url\":\"https:\/\/noliktavaseksperts.coverl.id.lv\/wp-content\/uploads\/2026\/03\/Noformejums-bez-nosaukuma-2-1.png\",\"contentUrl\":\"https:\/\/noliktavaseksperts.coverl.id.lv\/wp-content\/uploads\/2026\/03\/Noformejums-bez-nosaukuma-2-1.png\",\"width\":600,\"height\":800},{\"@type\":\"BreadcrumbList\",\"@id\":\"https:\/\/noliktavaseksperts.coverl.id.lv\/prece\/kastisu-stends-ar-72-kastem-a908-x-p1020mm\/#breadcrumb\",\"itemListElement\":[{\"@type\":\"ListItem\",\"position\":1,\"name\":\"Home\",\"item\":\"https:\/\/noliktavaseksperts.coverl.id.lv\/\"},{\"@type\":\"ListItem\",\"position\":2,\"name\":\"Veikals\",\"item\":\"https:\/\/noliktavaseksperts.coverl.id.lv\/?page_id=10626\"},{\"@type\":\"ListItem\",\"position\":3,\"name\":\"Kast\u012b\u0161u stends ar 72 kast\u0113m \u2013 A908 x P1020mm\"}]},{\"@type\":\"WebSite\",\"@id\":\"https:\/\/noliktavaseksperts.coverl.id.lv\/#website\",\"url\":\"https:\/\/noliktavaseksperts.coverl.id.lv\/\",\"name\":\"Noliktavas Eksperts\",\"description\":\"Noliktavas\u00a0apr\u012bkojums\",\"publisher\":{\"@id\":\"https:\/\/noliktavaseksperts.coverl.id.lv\/#organization\"},\"potentialAction\":[{\"@type\":\"SearchAction\",\"target\":{\"@type\":\"EntryPoint\",\"urlTemplate\":\"https:\/\/noliktavaseksperts.coverl.id.lv\/?s={search_term_string}\"},\"query-input\":{\"@type\":\"PropertyValueSpecification\",\"valueRequired\":true,\"valueName\":\"search_term_string\"}}],\"inLanguage\":\"lv-LV\"},{\"@type\":\"Organization\",\"@id\":\"https:\/\/noliktavaseksperts.coverl.id.lv\/#organization\",\"name\":\"Noliktavas Eksperts\",\"url\":\"https:\/\/noliktavaseksperts.coverl.id.lv\/\",\"logo\":{\"@type\":\"ImageObject\",\"inLanguage\":\"lv-LV\",\"@id\":\"https:\/\/noliktavaseksperts.coverl.id.lv\/#\/schema\/logo\/image\/\",\"url\":\"https:\/\/noliktavaseksperts.coverl.id.lv\/wp-content\/uploads\/2025\/05\/logo_variacijas-09-1.webp\",\"contentUrl\":\"https:\/\/noliktavaseksperts.coverl.id.lv\/wp-content\/uploads\/2025\/05\/logo_variacijas-09-1.webp\",\"width\":350,\"height\":350,\"caption\":\"Noliktavas Eksperts\"},\"image\":{\"@id\":\"https:\/\/noliktavaseksperts.coverl.id.lv\/#\/schema\/logo\/image\/\"}}]}<\/script>\n<!-- \/ Yoast SEO plugin. -->","yoast_head_json":{"title":"Kast\u012b\u0161u stends ar 72 kast\u0113m - Noliktavas Eksperts","description":"Kast\u012b\u0161u stends ar 72 kast\u0113m deta\u013cu un s\u012bkpre\u010du uzglab\u0101\u0161anai. Kompakts risin\u0101jums \u0161aur\u0101m telp\u0101m ar 8 l\u012bme\u0146iem un iztur\u012bgu t\u0113rauda konstrukciju.","robots":{"index":"index","follow":"follow","max-snippet":"max-snippet:-1","max-image-preview":"max-image-preview:large","max-video-preview":"max-video-preview:-1"},"canonical":"https:\/\/noliktavaseksperts.coverl.id.lv\/prece\/kastisu-stends-ar-72-kastem-a908-x-p1020mm\/","og_locale":"lv_LV","og_type":"article","og_title":"Kast\u012b\u0161u stends ar 72 kast\u0113m - Noliktavas Eksperts","og_description":"Kast\u012b\u0161u stends ar 72 kast\u0113m deta\u013cu un s\u012bkpre\u010du uzglab\u0101\u0161anai. Kompakts risin\u0101jums \u0161aur\u0101m telp\u0101m ar 8 l\u012bme\u0146iem un iztur\u012bgu t\u0113rauda konstrukciju.","og_url":"https:\/\/noliktavaseksperts.coverl.id.lv\/prece\/kastisu-stends-ar-72-kastem-a908-x-p1020mm\/","og_site_name":"Noliktavas Eksperts","article_modified_time":"2026-03-25T11:32:12+00:00","og_image":[{"width":600,"height":800,"url":"https:\/\/noliktavaseksperts.coverl.id.lv\/wp-content\/uploads\/2026\/03\/Noformejums-bez-nosaukuma-2-1.png","type":"image\/png"}],"twitter_card":"summary_large_image","twitter_misc":{"Est. reading time":"1 min\u016bte"},"schema":{"@context":"https:\/\/schema.org","@graph":[{"@type":"WebPage","@id":"https:\/\/noliktavaseksperts.coverl.id.lv\/prece\/kastisu-stends-ar-72-kastem-a908-x-p1020mm\/","url":"https:\/\/noliktavaseksperts.coverl.id.lv\/prece\/kastisu-stends-ar-72-kastem-a908-x-p1020mm\/","name":"Kast\u012b\u0161u stends ar 72 kast\u0113m - Noliktavas Eksperts","isPartOf":{"@id":"https:\/\/noliktavaseksperts.coverl.id.lv\/#website"},"primaryImageOfPage":{"@id":"https:\/\/noliktavaseksperts.coverl.id.lv\/prece\/kastisu-stends-ar-72-kastem-a908-x-p1020mm\/#primaryimage"},"image":{"@id":"https:\/\/noliktavaseksperts.coverl.id.lv\/prece\/kastisu-stends-ar-72-kastem-a908-x-p1020mm\/#primaryimage"},"thumbnailUrl":"https:\/\/noliktavaseksperts.coverl.id.lv\/wp-content\/uploads\/2026\/03\/Noformejums-bez-nosaukuma-2-1.png","datePublished":"2026-03-18T13:12:24+00:00","dateModified":"2026-03-25T11:32:12+00:00","description":"Kast\u012b\u0161u stends ar 72 kast\u0113m deta\u013cu un s\u012bkpre\u010du uzglab\u0101\u0161anai. Kompakts risin\u0101jums \u0161aur\u0101m telp\u0101m ar 8 l\u012bme\u0146iem un iztur\u012bgu t\u0113rauda konstrukciju.","breadcrumb":{"@id":"https:\/\/noliktavaseksperts.coverl.id.lv\/prece\/kastisu-stends-ar-72-kastem-a908-x-p1020mm\/#breadcrumb"},"inLanguage":"lv-LV","potentialAction":[{"@type":"ReadAction","target":["https:\/\/noliktavaseksperts.coverl.id.lv\/prece\/kastisu-stends-ar-72-kastem-a908-x-p1020mm\/"]}]},{"@type":"ImageObject","inLanguage":"lv-LV","@id":"https:\/\/noliktavaseksperts.coverl.id.lv\/prece\/kastisu-stends-ar-72-kastem-a908-x-p1020mm\/#primaryimage","url":"https:\/\/noliktavaseksperts.coverl.id.lv\/wp-content\/uploads\/2026\/03\/Noformejums-bez-nosaukuma-2-1.png","contentUrl":"https:\/\/noliktavaseksperts.coverl.id.lv\/wp-content\/uploads\/2026\/03\/Noformejums-bez-nosaukuma-2-1.png","width":600,"height":800},{"@type":"BreadcrumbList","@id":"https:\/\/noliktavaseksperts.coverl.id.lv\/prece\/kastisu-stends-ar-72-kastem-a908-x-p1020mm\/#breadcrumb","itemListElement":[{"@type":"ListItem","position":1,"name":"Home","item":"https:\/\/noliktavaseksperts.coverl.id.lv\/"},{"@type":"ListItem","position":2,"name":"Veikals","item":"https:\/\/noliktavaseksperts.coverl.id.lv\/?page_id=10626"},{"@type":"ListItem","position":3,"name":"Kast\u012b\u0161u stends ar 72 kast\u0113m \u2013 A908 x P1020mm"}]},{"@type":"WebSite","@id":"https:\/\/noliktavaseksperts.coverl.id.lv\/#website","url":"https:\/\/noliktavaseksperts.coverl.id.lv\/","name":"Noliktavas Eksperts","description":"Noliktavas\u00a0apr\u012bkojums","publisher":{"@id":"https:\/\/noliktavaseksperts.coverl.id.lv\/#organization"},"potentialAction":[{"@type":"SearchAction","target":{"@type":"EntryPoint","urlTemplate":"https:\/\/noliktavaseksperts.coverl.id.lv\/?s={search_term_string}"},"query-input":{"@type":"PropertyValueSpecification","valueRequired":true,"valueName":"search_term_string"}}],"inLanguage":"lv-LV"},{"@type":"Organization","@id":"https:\/\/noliktavaseksperts.coverl.id.lv\/#organization","name":"Noliktavas Eksperts","url":"https:\/\/noliktavaseksperts.coverl.id.lv\/","logo":{"@type":"ImageObject","inLanguage":"lv-LV","@id":"https:\/\/noliktavaseksperts.coverl.id.lv\/#\/schema\/logo\/image\/","url":"https:\/\/noliktavaseksperts.coverl.id.lv\/wp-content\/uploads\/2025\/05\/logo_variacijas-09-1.webp","contentUrl":"https:\/\/noliktavaseksperts.coverl.id.lv\/wp-content\/uploads\/2025\/05\/logo_variacijas-09-1.webp","width":350,"height":350,"caption":"Noliktavas Eksperts"},"image":{"@id":"https:\/\/noliktavaseksperts.coverl.id.lv\/#\/schema\/logo\/image\/"}}]}},"_links":{"self":[{"href":"https:\/\/noliktavaseksperts.coverl.id.lv\/index.php?rest_route=\/wp\/v2\/product\/31189","targetHints":{"allow":["GET"]}}],"collection":[{"href":"https:\/\/noliktavaseksperts.coverl.id.lv\/index.php?rest_route=\/wp\/v2\/product"}],"about":[{"href":"https:\/\/noliktavaseksperts.coverl.id.lv\/index.php?rest_route=\/wp\/v2\/types\/product"}],"version-history":[{"count":4,"href":"https:\/\/noliktavaseksperts.coverl.id.lv\/index.php?rest_route=\/wp\/v2\/product\/31189\/revisions"}],"predecessor-version":[{"id":31466,"href":"https:\/\/noliktavaseksperts.coverl.id.lv\/index.php?rest_route=\/wp\/v2\/product\/31189\/revisions\/31466"}],"wp:featuredmedia":[{"embeddable":true,"href":"https:\/\/noliktavaseksperts.coverl.id.lv\/index.php?rest_route=\/wp\/v2\/media\/31451"}],"wp:attachment":[{"href":"https:\/\/noliktavaseksperts.coverl.id.lv\/index.php?rest_route=%2Fwp%2Fv2%2Fmedia&parent=31189"}],"wp:term":[{"taxonomy":"product_brand","embeddable":true,"href":"https:\/\/noliktavaseksperts.coverl.id.lv\/index.php?rest_route=%2Fwp%2Fv2%2Fproduct_brand&post=31189"},{"taxonomy":"product_cat","embeddable":true,"href":"https:\/\/noliktavaseksperts.coverl.id.lv\/index.php?rest_route=%2Fwp%2Fv2%2Fproduct_cat&post=31189"},{"taxonomy":"product_tag","embeddable":true,"href":"https:\/\/noliktavaseksperts.coverl.id.lv\/index.php?rest_route=%2Fwp%2Fv2%2Fproduct_tag&post=31189"}],"curies":[{"name":"wp","href":"https:\/\/api.w.org\/{rel}","templated":true}]}}