{"id":31182,"date":"2026-03-18T14:32:27","date_gmt":"2026-03-18T12:32:27","guid":{"rendered":"https:\/\/noliktavaseksperts.coverl.id.lv\/?post_type=product&#038;p=31182"},"modified":"2026-03-25T13:34:21","modified_gmt":"2026-03-25T11:34:21","slug":"kastisu-stends-ar-93-kastem-a1590-x-p1020-mm","status":"publish","type":"product","link":"https:\/\/noliktavaseksperts.coverl.id.lv\/?product=kastisu-stends-ar-93-kastem-a1590-x-p1020-mm","title":{"rendered":"Kast\u012b\u0161u stends ar 93 kast\u0113m &#8211; A1590 x P1020mm"},"content":{"rendered":"<h4 data-start=\"347\" data-end=\"561\"><strong>Kast\u012b\u0161u stends ar 93 kast\u0113m ir praktisks un p\u0101rskat\u0101ms risin\u0101jums deta\u013cu, komponentu un da\u017e\u0101du s\u012bkpre\u010du uzglab\u0101\u0161anai. Tas pal\u012bdz uztur\u0113t k\u0101rt\u012bbu darba viet\u0101 un nodro\u0161ina \u0101tru piek\u013cuvi nepiecie\u0161amajam.<\/strong><\/h4>\n<hr data-start=\"687\" data-end=\"690\" \/>\n<h3 data-section-id=\"ydl5co\" data-start=\"692\" data-end=\"725\"><strong data-start=\"699\" data-end=\"725\">Galven\u0101s priek\u0161roc\u012bbas<\/strong><\/h3>\n<ul>\n<li data-start=\"727\" data-end=\"809\">12 uzglab\u0101\u0161anas l\u012bme\u0146i<br data-start=\"751\" data-end=\"754\" \/>Nodro\u0161ina efekt\u012bvu un p\u0101rskat\u0101mu izvieto\u0161anu<\/li>\n<li data-start=\"883\" data-end=\"953\">Viegla p\u0101rvieto\u0161ana<br data-start=\"904\" data-end=\"907\" \/>\u0112rti p\u0101rvietojams un piel\u0101gojams darba videi<\/li>\n<li data-start=\"955\" data-end=\"1043\">Iztur\u012bga konstrukcija<br data-start=\"978\" data-end=\"981\" \/>T\u0113rauda r\u0101mis nodro\u0161ina stabilit\u0101ti un ilgu kalpo\u0161anas laiku<\/li>\n<\/ul>\n<hr data-start=\"1045\" data-end=\"1048\" \/>\n<h3 data-section-id=\"13u7y43\" data-start=\"1050\" data-end=\"1081\"><strong data-start=\"1057\" data-end=\"1081\">Izm\u0113ri un kapacit\u0101te<\/strong><\/h3>\n<ul data-start=\"1082\" data-end=\"1146\">\n<li data-section-id=\"16rpopf\" data-start=\"1082\" data-end=\"1102\">\n<p data-start=\"1084\" data-end=\"1102\">Platums: 1020 mm<\/p>\n<\/li>\n<li data-section-id=\"16rpopf\" data-start=\"1082\" data-end=\"1102\">\n<p data-start=\"1084\" data-end=\"1102\">Augstums: 1590 mm<\/p>\n<\/li>\n<li data-section-id=\"16rpopf\" data-start=\"1082\" data-end=\"1102\">\n<p data-start=\"1084\" data-end=\"1102\">L\u012bme\u0146u skaits: 12<\/p>\n<\/li>\n<li data-section-id=\"16rpopf\" data-start=\"1082\" data-end=\"1102\">Kast\u012b\u0161u skaits: 93<\/li>\n<\/ul>\n<hr data-start=\"1148\" data-end=\"1151\" \/>\n<h3 data-section-id=\"topyj6\" data-start=\"1153\" data-end=\"1177\"><strong data-start=\"1160\" data-end=\"1177\">Komplekt\u0101cija<\/strong><\/h3>\n<p data-start=\"1179\" data-end=\"1205\">Plaukts tiek pieg\u0101d\u0101ts ar:<\/p>\n<ul data-start=\"1206\" data-end=\"1372\">\n<li data-section-id=\"q9ow3d\" data-start=\"1206\" data-end=\"1230\">\n<p data-start=\"1208\" data-end=\"1230\">7 sloksn\u0113m (BS 1294)<\/p>\n<\/li>\n<li data-section-id=\"h8hsd8\" data-start=\"1231\" data-end=\"1255\">\n<p data-start=\"1233\" data-end=\"1255\">5 sloksn\u0113m (BS 1293)<\/p>\n<\/li>\n<li data-section-id=\"16uv69n\" data-start=\"1256\" data-end=\"1277\">\n<p data-start=\"1258\" data-end=\"1277\">1 atbalsta sliedi<\/p>\n<\/li>\n<li data-section-id=\"tby410\" data-start=\"1278\" data-end=\"1372\">\n<p data-start=\"1280\" data-end=\"1301\">Mont\u0101\u017eas komplektu:<\/p>\n<ul data-start=\"1304\" data-end=\"1372\">\n<li data-section-id=\"1rpqx8m\" data-start=\"1304\" data-end=\"1335\">\n<p data-start=\"1306\" data-end=\"1335\">4 \u00d7 neilona d\u012bbe\u013ci M10 \u00d7 50<\/p>\n<\/li>\n<li data-section-id=\"1u1710f\" data-start=\"1338\" data-end=\"1372\">\n<p data-start=\"1340\" data-end=\"1372\">4 \u00d7 kokskr\u016bves DIN 571 M8 \u00d7 80<\/p>\n<\/li>\n<\/ul>\n<\/li>\n<\/ul>\n","protected":false},"excerpt":{"rendered":"<p><strong>Svar\u012bgi:<\/strong> \u0160is kast\u012b\u0161u stends nav paredz\u0113ts br\u012bvai novieto\u0161anai &#8211; tas oblig\u0101ti j\u0101stiprina pie virsmas, un komplekt\u0101 ir iek\u013cauti visi nepiecie\u0161amie stiprin\u0101jumi, tostarp d\u012bbe\u013ci, dro\u0161ai uzst\u0101d\u012b\u0161anai (skat\u012bt bild\u0113).<\/p>\n<p>Kast\u012b\u0161u stenda komplekt\u0101 ir iek\u013cautas att\u0113l\u0101 redzam\u0101s kastes.<\/p>\n<ul>\n<li><strong>Augstums:<\/strong> 1590 mm<\/li>\n<li><strong>Kop\u0113jais platums: <\/strong>1020 mm<\/li>\n<li><strong>L\u012bme\u0146u skaits:<\/strong> 12<\/li>\n<\/ul>\n<p><strong>Kast\u012b\u0161u izm\u0113ri<\/strong> (D x P x A)<strong>:<\/strong><\/p>\n<ul>\n<li>63gab. 165 x 98.5 x 73 mm<\/li>\n<li>30gab. 223 x 149 x 126 mm<\/li>\n<\/ul>\n","protected":false},"featured_media":31453,"template":"","meta":{"_joinchat":[]},"product_brand":[],"product_cat":[619,634,513],"product_tag":[],"class_list":{"0":"post-31182","1":"product","2":"type-product","3":"status-publish","4":"has-post-thumbnail","6":"product_cat-ipasie-piedavajumi","7":"product_cat-plastmasas-kastes","8":"product_cat-sikprecu-plaukti","10":"first","11":"instock","12":"sale","13":"featured","14":"taxable","15":"shipping-taxable","16":"purchasable","17":"product-type-simple"},"yoast_head":"<!-- This site is optimized with the Yoast SEO plugin v27.2 - https:\/\/yoast.com\/product\/yoast-seo-wordpress\/ -->\n<title>Kast\u012b\u0161u stends ar 93 kast\u0113m - Noliktavas Eksperts<\/title>\n<meta name=\"description\" content=\"Kast\u012b\u0161u stends ar 93 kast\u0113m deta\u013cu un s\u012bkpre\u010du uzglab\u0101\u0161anai. 12 l\u012bme\u0146i, iztur\u012bga t\u0113rauda konstrukcija un p\u0101rskat\u0101ma organiz\u0101cija.\" \/>\n<meta name=\"robots\" content=\"index, follow, max-snippet:-1, max-image-preview:large, max-video-preview:-1\" \/>\n<link rel=\"canonical\" href=\"https:\/\/noliktavaseksperts.coverl.id.lv\/prece\/kastisu-stends-ar-93-kastem-a1590-x-p1020-mm\/\" \/>\n<meta property=\"og:locale\" content=\"lv_LV\" \/>\n<meta property=\"og:type\" content=\"article\" \/>\n<meta property=\"og:title\" content=\"Kast\u012b\u0161u stends ar 93 kast\u0113m - Noliktavas Eksperts\" \/>\n<meta property=\"og:description\" content=\"Kast\u012b\u0161u stends ar 93 kast\u0113m deta\u013cu un s\u012bkpre\u010du uzglab\u0101\u0161anai. 12 l\u012bme\u0146i, iztur\u012bga t\u0113rauda konstrukcija un p\u0101rskat\u0101ma organiz\u0101cija.\" \/>\n<meta property=\"og:url\" content=\"https:\/\/noliktavaseksperts.coverl.id.lv\/prece\/kastisu-stends-ar-93-kastem-a1590-x-p1020-mm\/\" \/>\n<meta property=\"og:site_name\" content=\"Noliktavas Eksperts\" \/>\n<meta property=\"article:modified_time\" content=\"2026-03-25T11:34:21+00:00\" \/>\n<meta property=\"og:image\" content=\"https:\/\/noliktavaseksperts.coverl.id.lv\/wp-content\/uploads\/2026\/03\/Noformejums-bez-nosaukuma-59.png\" \/>\n\t<meta property=\"og:image:width\" content=\"600\" \/>\n\t<meta property=\"og:image:height\" content=\"800\" \/>\n\t<meta property=\"og:image:type\" content=\"image\/png\" \/>\n<meta name=\"twitter:card\" content=\"summary_large_image\" \/>\n<meta name=\"twitter:label1\" content=\"Est. reading time\" \/>\n\t<meta name=\"twitter:data1\" content=\"1 min\u016bte\" \/>\n<script type=\"application\/ld+json\" class=\"yoast-schema-graph\">{\"@context\":\"https:\/\/schema.org\",\"@graph\":[{\"@type\":\"WebPage\",\"@id\":\"https:\/\/noliktavaseksperts.coverl.id.lv\/prece\/kastisu-stends-ar-93-kastem-a1590-x-p1020-mm\/\",\"url\":\"https:\/\/noliktavaseksperts.coverl.id.lv\/prece\/kastisu-stends-ar-93-kastem-a1590-x-p1020-mm\/\",\"name\":\"Kast\u012b\u0161u stends ar 93 kast\u0113m - Noliktavas Eksperts\",\"isPartOf\":{\"@id\":\"https:\/\/noliktavaseksperts.coverl.id.lv\/#website\"},\"primaryImageOfPage\":{\"@id\":\"https:\/\/noliktavaseksperts.coverl.id.lv\/prece\/kastisu-stends-ar-93-kastem-a1590-x-p1020-mm\/#primaryimage\"},\"image\":{\"@id\":\"https:\/\/noliktavaseksperts.coverl.id.lv\/prece\/kastisu-stends-ar-93-kastem-a1590-x-p1020-mm\/#primaryimage\"},\"thumbnailUrl\":\"https:\/\/noliktavaseksperts.coverl.id.lv\/wp-content\/uploads\/2026\/03\/Noformejums-bez-nosaukuma-59.png\",\"datePublished\":\"2026-03-18T12:32:27+00:00\",\"dateModified\":\"2026-03-25T11:34:21+00:00\",\"description\":\"Kast\u012b\u0161u stends ar 93 kast\u0113m deta\u013cu un s\u012bkpre\u010du uzglab\u0101\u0161anai. 12 l\u012bme\u0146i, iztur\u012bga t\u0113rauda konstrukcija un p\u0101rskat\u0101ma organiz\u0101cija.\",\"breadcrumb\":{\"@id\":\"https:\/\/noliktavaseksperts.coverl.id.lv\/prece\/kastisu-stends-ar-93-kastem-a1590-x-p1020-mm\/#breadcrumb\"},\"inLanguage\":\"lv-LV\",\"potentialAction\":[{\"@type\":\"ReadAction\",\"target\":[\"https:\/\/noliktavaseksperts.coverl.id.lv\/prece\/kastisu-stends-ar-93-kastem-a1590-x-p1020-mm\/\"]}]},{\"@type\":\"ImageObject\",\"inLanguage\":\"lv-LV\",\"@id\":\"https:\/\/noliktavaseksperts.coverl.id.lv\/prece\/kastisu-stends-ar-93-kastem-a1590-x-p1020-mm\/#primaryimage\",\"url\":\"https:\/\/noliktavaseksperts.coverl.id.lv\/wp-content\/uploads\/2026\/03\/Noformejums-bez-nosaukuma-59.png\",\"contentUrl\":\"https:\/\/noliktavaseksperts.coverl.id.lv\/wp-content\/uploads\/2026\/03\/Noformejums-bez-nosaukuma-59.png\",\"width\":600,\"height\":800},{\"@type\":\"BreadcrumbList\",\"@id\":\"https:\/\/noliktavaseksperts.coverl.id.lv\/prece\/kastisu-stends-ar-93-kastem-a1590-x-p1020-mm\/#breadcrumb\",\"itemListElement\":[{\"@type\":\"ListItem\",\"position\":1,\"name\":\"Home\",\"item\":\"https:\/\/noliktavaseksperts.coverl.id.lv\/\"},{\"@type\":\"ListItem\",\"position\":2,\"name\":\"Veikals\",\"item\":\"https:\/\/noliktavaseksperts.coverl.id.lv\/?page_id=10626\"},{\"@type\":\"ListItem\",\"position\":3,\"name\":\"Kast\u012b\u0161u stends ar 93 kast\u0113m &#8211; A1590 x P1020mm\"}]},{\"@type\":\"WebSite\",\"@id\":\"https:\/\/noliktavaseksperts.coverl.id.lv\/#website\",\"url\":\"https:\/\/noliktavaseksperts.coverl.id.lv\/\",\"name\":\"Noliktavas Eksperts\",\"description\":\"Noliktavas\u00a0apr\u012bkojums\",\"publisher\":{\"@id\":\"https:\/\/noliktavaseksperts.coverl.id.lv\/#organization\"},\"potentialAction\":[{\"@type\":\"SearchAction\",\"target\":{\"@type\":\"EntryPoint\",\"urlTemplate\":\"https:\/\/noliktavaseksperts.coverl.id.lv\/?s={search_term_string}\"},\"query-input\":{\"@type\":\"PropertyValueSpecification\",\"valueRequired\":true,\"valueName\":\"search_term_string\"}}],\"inLanguage\":\"lv-LV\"},{\"@type\":\"Organization\",\"@id\":\"https:\/\/noliktavaseksperts.coverl.id.lv\/#organization\",\"name\":\"Noliktavas Eksperts\",\"url\":\"https:\/\/noliktavaseksperts.coverl.id.lv\/\",\"logo\":{\"@type\":\"ImageObject\",\"inLanguage\":\"lv-LV\",\"@id\":\"https:\/\/noliktavaseksperts.coverl.id.lv\/#\/schema\/logo\/image\/\",\"url\":\"https:\/\/noliktavaseksperts.coverl.id.lv\/wp-content\/uploads\/2025\/05\/logo_variacijas-09-1.webp\",\"contentUrl\":\"https:\/\/noliktavaseksperts.coverl.id.lv\/wp-content\/uploads\/2025\/05\/logo_variacijas-09-1.webp\",\"width\":350,\"height\":350,\"caption\":\"Noliktavas Eksperts\"},\"image\":{\"@id\":\"https:\/\/noliktavaseksperts.coverl.id.lv\/#\/schema\/logo\/image\/\"}}]}<\/script>\n<!-- \/ Yoast SEO plugin. -->","yoast_head_json":{"title":"Kast\u012b\u0161u stends ar 93 kast\u0113m - Noliktavas Eksperts","description":"Kast\u012b\u0161u stends ar 93 kast\u0113m deta\u013cu un s\u012bkpre\u010du uzglab\u0101\u0161anai. 12 l\u012bme\u0146i, iztur\u012bga t\u0113rauda konstrukcija un p\u0101rskat\u0101ma organiz\u0101cija.","robots":{"index":"index","follow":"follow","max-snippet":"max-snippet:-1","max-image-preview":"max-image-preview:large","max-video-preview":"max-video-preview:-1"},"canonical":"https:\/\/noliktavaseksperts.coverl.id.lv\/prece\/kastisu-stends-ar-93-kastem-a1590-x-p1020-mm\/","og_locale":"lv_LV","og_type":"article","og_title":"Kast\u012b\u0161u stends ar 93 kast\u0113m - Noliktavas Eksperts","og_description":"Kast\u012b\u0161u stends ar 93 kast\u0113m deta\u013cu un s\u012bkpre\u010du uzglab\u0101\u0161anai. 12 l\u012bme\u0146i, iztur\u012bga t\u0113rauda konstrukcija un p\u0101rskat\u0101ma organiz\u0101cija.","og_url":"https:\/\/noliktavaseksperts.coverl.id.lv\/prece\/kastisu-stends-ar-93-kastem-a1590-x-p1020-mm\/","og_site_name":"Noliktavas Eksperts","article_modified_time":"2026-03-25T11:34:21+00:00","og_image":[{"width":600,"height":800,"url":"https:\/\/noliktavaseksperts.coverl.id.lv\/wp-content\/uploads\/2026\/03\/Noformejums-bez-nosaukuma-59.png","type":"image\/png"}],"twitter_card":"summary_large_image","twitter_misc":{"Est. reading time":"1 min\u016bte"},"schema":{"@context":"https:\/\/schema.org","@graph":[{"@type":"WebPage","@id":"https:\/\/noliktavaseksperts.coverl.id.lv\/prece\/kastisu-stends-ar-93-kastem-a1590-x-p1020-mm\/","url":"https:\/\/noliktavaseksperts.coverl.id.lv\/prece\/kastisu-stends-ar-93-kastem-a1590-x-p1020-mm\/","name":"Kast\u012b\u0161u stends ar 93 kast\u0113m - Noliktavas Eksperts","isPartOf":{"@id":"https:\/\/noliktavaseksperts.coverl.id.lv\/#website"},"primaryImageOfPage":{"@id":"https:\/\/noliktavaseksperts.coverl.id.lv\/prece\/kastisu-stends-ar-93-kastem-a1590-x-p1020-mm\/#primaryimage"},"image":{"@id":"https:\/\/noliktavaseksperts.coverl.id.lv\/prece\/kastisu-stends-ar-93-kastem-a1590-x-p1020-mm\/#primaryimage"},"thumbnailUrl":"https:\/\/noliktavaseksperts.coverl.id.lv\/wp-content\/uploads\/2026\/03\/Noformejums-bez-nosaukuma-59.png","datePublished":"2026-03-18T12:32:27+00:00","dateModified":"2026-03-25T11:34:21+00:00","description":"Kast\u012b\u0161u stends ar 93 kast\u0113m deta\u013cu un s\u012bkpre\u010du uzglab\u0101\u0161anai. 12 l\u012bme\u0146i, iztur\u012bga t\u0113rauda konstrukcija un p\u0101rskat\u0101ma organiz\u0101cija.","breadcrumb":{"@id":"https:\/\/noliktavaseksperts.coverl.id.lv\/prece\/kastisu-stends-ar-93-kastem-a1590-x-p1020-mm\/#breadcrumb"},"inLanguage":"lv-LV","potentialAction":[{"@type":"ReadAction","target":["https:\/\/noliktavaseksperts.coverl.id.lv\/prece\/kastisu-stends-ar-93-kastem-a1590-x-p1020-mm\/"]}]},{"@type":"ImageObject","inLanguage":"lv-LV","@id":"https:\/\/noliktavaseksperts.coverl.id.lv\/prece\/kastisu-stends-ar-93-kastem-a1590-x-p1020-mm\/#primaryimage","url":"https:\/\/noliktavaseksperts.coverl.id.lv\/wp-content\/uploads\/2026\/03\/Noformejums-bez-nosaukuma-59.png","contentUrl":"https:\/\/noliktavaseksperts.coverl.id.lv\/wp-content\/uploads\/2026\/03\/Noformejums-bez-nosaukuma-59.png","width":600,"height":800},{"@type":"BreadcrumbList","@id":"https:\/\/noliktavaseksperts.coverl.id.lv\/prece\/kastisu-stends-ar-93-kastem-a1590-x-p1020-mm\/#breadcrumb","itemListElement":[{"@type":"ListItem","position":1,"name":"Home","item":"https:\/\/noliktavaseksperts.coverl.id.lv\/"},{"@type":"ListItem","position":2,"name":"Veikals","item":"https:\/\/noliktavaseksperts.coverl.id.lv\/?page_id=10626"},{"@type":"ListItem","position":3,"name":"Kast\u012b\u0161u stends ar 93 kast\u0113m &#8211; A1590 x P1020mm"}]},{"@type":"WebSite","@id":"https:\/\/noliktavaseksperts.coverl.id.lv\/#website","url":"https:\/\/noliktavaseksperts.coverl.id.lv\/","name":"Noliktavas Eksperts","description":"Noliktavas\u00a0apr\u012bkojums","publisher":{"@id":"https:\/\/noliktavaseksperts.coverl.id.lv\/#organization"},"potentialAction":[{"@type":"SearchAction","target":{"@type":"EntryPoint","urlTemplate":"https:\/\/noliktavaseksperts.coverl.id.lv\/?s={search_term_string}"},"query-input":{"@type":"PropertyValueSpecification","valueRequired":true,"valueName":"search_term_string"}}],"inLanguage":"lv-LV"},{"@type":"Organization","@id":"https:\/\/noliktavaseksperts.coverl.id.lv\/#organization","name":"Noliktavas Eksperts","url":"https:\/\/noliktavaseksperts.coverl.id.lv\/","logo":{"@type":"ImageObject","inLanguage":"lv-LV","@id":"https:\/\/noliktavaseksperts.coverl.id.lv\/#\/schema\/logo\/image\/","url":"https:\/\/noliktavaseksperts.coverl.id.lv\/wp-content\/uploads\/2025\/05\/logo_variacijas-09-1.webp","contentUrl":"https:\/\/noliktavaseksperts.coverl.id.lv\/wp-content\/uploads\/2025\/05\/logo_variacijas-09-1.webp","width":350,"height":350,"caption":"Noliktavas Eksperts"},"image":{"@id":"https:\/\/noliktavaseksperts.coverl.id.lv\/#\/schema\/logo\/image\/"}}]}},"_links":{"self":[{"href":"https:\/\/noliktavaseksperts.coverl.id.lv\/index.php?rest_route=\/wp\/v2\/product\/31182","targetHints":{"allow":["GET"]}}],"collection":[{"href":"https:\/\/noliktavaseksperts.coverl.id.lv\/index.php?rest_route=\/wp\/v2\/product"}],"about":[{"href":"https:\/\/noliktavaseksperts.coverl.id.lv\/index.php?rest_route=\/wp\/v2\/types\/product"}],"version-history":[{"count":4,"href":"https:\/\/noliktavaseksperts.coverl.id.lv\/index.php?rest_route=\/wp\/v2\/product\/31182\/revisions"}],"predecessor-version":[{"id":31440,"href":"https:\/\/noliktavaseksperts.coverl.id.lv\/index.php?rest_route=\/wp\/v2\/product\/31182\/revisions\/31440"}],"wp:featuredmedia":[{"embeddable":true,"href":"https:\/\/noliktavaseksperts.coverl.id.lv\/index.php?rest_route=\/wp\/v2\/media\/31453"}],"wp:attachment":[{"href":"https:\/\/noliktavaseksperts.coverl.id.lv\/index.php?rest_route=%2Fwp%2Fv2%2Fmedia&parent=31182"}],"wp:term":[{"taxonomy":"product_brand","embeddable":true,"href":"https:\/\/noliktavaseksperts.coverl.id.lv\/index.php?rest_route=%2Fwp%2Fv2%2Fproduct_brand&post=31182"},{"taxonomy":"product_cat","embeddable":true,"href":"https:\/\/noliktavaseksperts.coverl.id.lv\/index.php?rest_route=%2Fwp%2Fv2%2Fproduct_cat&post=31182"},{"taxonomy":"product_tag","embeddable":true,"href":"https:\/\/noliktavaseksperts.coverl.id.lv\/index.php?rest_route=%2Fwp%2Fv2%2Fproduct_tag&post=31182"}],"curies":[{"name":"wp","href":"https:\/\/api.w.org\/{rel}","templated":true}]}}