{"id":30875,"date":"2026-02-19T10:24:13","date_gmt":"2026-02-19T08:24:13","guid":{"rendered":"https:\/\/noliktavaseksperts.coverl.id.lv\/?post_type=product&#038;p=30875"},"modified":"2026-03-02T10:41:41","modified_gmt":"2026-03-02T08:41:41","slug":"metala-ratini-ar-2-rokturiem-platforma-700-x-1260-mm","status":"publish","type":"product","link":"https:\/\/noliktavaseksperts.coverl.id.lv\/?product=metala-ratini-ar-2-rokturiem-platforma-700-x-1260-mm","title":{"rendered":"Met\u0101la rati\u0146i ar 2 rokturiem, platforma 700 x 1260 mm"},"content":{"rendered":"","protected":false},"excerpt":{"rendered":"<p>Divi rite\u0146i ir groz\u0101mi un apr\u012bkoti ar brem\u017eu meh\u0101nismu, savuk\u0101rt divi ir statiski (negroz\u0101mi).<\/p>\n<p>Rokturu platumu iesp\u0113jams main\u012bt vai no\u0146emt tos visp\u0101r.<\/p>\n<ul>\n<li><strong>Platums:<\/strong> 700 mm<\/li>\n<li><strong>Garums : <\/strong>1260\u00a0mm<\/li>\n<li><strong>Materi\u0101ls:<\/strong> Cinkots t\u0113rauds<\/li>\n<li><strong>Kravnes\u012bba:<\/strong>\u00a0300 kg<\/li>\n<\/ul>\n","protected":false},"featured_media":30885,"template":"","meta":{"_joinchat":[]},"product_brand":[],"product_cat":[],"product_tag":[],"class_list":{"0":"post-30875","1":"product","2":"type-product","3":"status-publish","4":"has-post-thumbnail","7":"first","8":"outofstock","9":"sale","10":"taxable","11":"shipping-taxable","12":"purchasable","13":"product-type-simple"},"yoast_head":"<!-- This site is optimized with the Yoast SEO plugin v27.2 - https:\/\/yoast.com\/product\/yoast-seo-wordpress\/ -->\n<title>Met\u0101la rati\u0146i ar 2 rokturiem, platforma 700 x 1260 mm - Noliktavas Eksperts<\/title>\n<meta name=\"description\" content=\"Met\u0101la rati\u0146i ar 2 rokturiem un platformu 700x1260 mm. Cinkots t\u0113rauds, kravnes\u012bba l\u012bdz 300 kg. Regul\u0113jami vai no\u0146emami rokturi \u0113rtai lieto\u0161anai.\" \/>\n<meta name=\"robots\" content=\"index, follow, max-snippet:-1, max-image-preview:large, max-video-preview:-1\" \/>\n<link rel=\"canonical\" href=\"https:\/\/noliktavaseksperts.coverl.id.lv\/prece\/metala-ratini-ar-2-rokturiem-platforma-700-x-1260-mm\/\" \/>\n<meta property=\"og:locale\" content=\"lv_LV\" \/>\n<meta property=\"og:type\" content=\"article\" \/>\n<meta property=\"og:title\" content=\"Met\u0101la rati\u0146i ar 2 rokturiem, platforma 700 x 1260 mm - Noliktavas Eksperts\" \/>\n<meta property=\"og:description\" content=\"Met\u0101la rati\u0146i ar 2 rokturiem un platformu 700x1260 mm. Cinkots t\u0113rauds, kravnes\u012bba l\u012bdz 300 kg. Regul\u0113jami vai no\u0146emami rokturi \u0113rtai lieto\u0161anai.\" \/>\n<meta property=\"og:url\" content=\"https:\/\/noliktavaseksperts.coverl.id.lv\/prece\/metala-ratini-ar-2-rokturiem-platforma-700-x-1260-mm\/\" \/>\n<meta property=\"og:site_name\" content=\"Noliktavas Eksperts\" \/>\n<meta property=\"article:modified_time\" content=\"2026-03-02T08:41:41+00:00\" \/>\n<meta property=\"og:image\" content=\"https:\/\/noliktavaseksperts.coverl.id.lv\/wp-content\/uploads\/2026\/02\/WhatsApp-Image-2026-02-19-at-10.04.38-3.jpeg\" \/>\n\t<meta property=\"og:image:width\" content=\"600\" \/>\n\t<meta property=\"og:image:height\" content=\"594\" \/>\n\t<meta property=\"og:image:type\" content=\"image\/jpeg\" \/>\n<meta name=\"twitter:card\" content=\"summary_large_image\" \/>\n<meta name=\"twitter:label1\" content=\"Est. reading time\" \/>\n\t<meta name=\"twitter:data1\" content=\"1 min\u016bte\" \/>\n<script type=\"application\/ld+json\" class=\"yoast-schema-graph\">{\"@context\":\"https:\/\/schema.org\",\"@graph\":[{\"@type\":\"WebPage\",\"@id\":\"https:\/\/noliktavaseksperts.coverl.id.lv\/prece\/metala-ratini-ar-2-rokturiem-platforma-700-x-1260-mm\/\",\"url\":\"https:\/\/noliktavaseksperts.coverl.id.lv\/prece\/metala-ratini-ar-2-rokturiem-platforma-700-x-1260-mm\/\",\"name\":\"Met\u0101la rati\u0146i ar 2 rokturiem, platforma 700 x 1260 mm - Noliktavas Eksperts\",\"isPartOf\":{\"@id\":\"https:\/\/noliktavaseksperts.coverl.id.lv\/#website\"},\"primaryImageOfPage\":{\"@id\":\"https:\/\/noliktavaseksperts.coverl.id.lv\/prece\/metala-ratini-ar-2-rokturiem-platforma-700-x-1260-mm\/#primaryimage\"},\"image\":{\"@id\":\"https:\/\/noliktavaseksperts.coverl.id.lv\/prece\/metala-ratini-ar-2-rokturiem-platforma-700-x-1260-mm\/#primaryimage\"},\"thumbnailUrl\":\"https:\/\/noliktavaseksperts.coverl.id.lv\/wp-content\/uploads\/2026\/02\/WhatsApp-Image-2026-02-19-at-10.04.38-3.jpeg\",\"datePublished\":\"2026-02-19T08:24:13+00:00\",\"dateModified\":\"2026-03-02T08:41:41+00:00\",\"description\":\"Met\u0101la rati\u0146i ar 2 rokturiem un platformu 700x1260 mm. Cinkots t\u0113rauds, kravnes\u012bba l\u012bdz 300 kg. Regul\u0113jami vai no\u0146emami rokturi \u0113rtai lieto\u0161anai.\",\"breadcrumb\":{\"@id\":\"https:\/\/noliktavaseksperts.coverl.id.lv\/prece\/metala-ratini-ar-2-rokturiem-platforma-700-x-1260-mm\/#breadcrumb\"},\"inLanguage\":\"lv-LV\",\"potentialAction\":[{\"@type\":\"ReadAction\",\"target\":[\"https:\/\/noliktavaseksperts.coverl.id.lv\/prece\/metala-ratini-ar-2-rokturiem-platforma-700-x-1260-mm\/\"]}]},{\"@type\":\"ImageObject\",\"inLanguage\":\"lv-LV\",\"@id\":\"https:\/\/noliktavaseksperts.coverl.id.lv\/prece\/metala-ratini-ar-2-rokturiem-platforma-700-x-1260-mm\/#primaryimage\",\"url\":\"https:\/\/noliktavaseksperts.coverl.id.lv\/wp-content\/uploads\/2026\/02\/WhatsApp-Image-2026-02-19-at-10.04.38-3.jpeg\",\"contentUrl\":\"https:\/\/noliktavaseksperts.coverl.id.lv\/wp-content\/uploads\/2026\/02\/WhatsApp-Image-2026-02-19-at-10.04.38-3.jpeg\",\"width\":600,\"height\":594},{\"@type\":\"BreadcrumbList\",\"@id\":\"https:\/\/noliktavaseksperts.coverl.id.lv\/prece\/metala-ratini-ar-2-rokturiem-platforma-700-x-1260-mm\/#breadcrumb\",\"itemListElement\":[{\"@type\":\"ListItem\",\"position\":1,\"name\":\"Home\",\"item\":\"https:\/\/noliktavaseksperts.coverl.id.lv\/\"},{\"@type\":\"ListItem\",\"position\":2,\"name\":\"Veikals\",\"item\":\"https:\/\/noliktavaseksperts.coverl.id.lv\/?page_id=10626\"},{\"@type\":\"ListItem\",\"position\":3,\"name\":\"Met\u0101la rati\u0146i ar 2 rokturiem, platforma 700 x 1260 mm\"}]},{\"@type\":\"WebSite\",\"@id\":\"https:\/\/noliktavaseksperts.coverl.id.lv\/#website\",\"url\":\"https:\/\/noliktavaseksperts.coverl.id.lv\/\",\"name\":\"Noliktavas Eksperts\",\"description\":\"Noliktavas\u00a0apr\u012bkojums\",\"publisher\":{\"@id\":\"https:\/\/noliktavaseksperts.coverl.id.lv\/#organization\"},\"potentialAction\":[{\"@type\":\"SearchAction\",\"target\":{\"@type\":\"EntryPoint\",\"urlTemplate\":\"https:\/\/noliktavaseksperts.coverl.id.lv\/?s={search_term_string}\"},\"query-input\":{\"@type\":\"PropertyValueSpecification\",\"valueRequired\":true,\"valueName\":\"search_term_string\"}}],\"inLanguage\":\"lv-LV\"},{\"@type\":\"Organization\",\"@id\":\"https:\/\/noliktavaseksperts.coverl.id.lv\/#organization\",\"name\":\"Noliktavas Eksperts\",\"url\":\"https:\/\/noliktavaseksperts.coverl.id.lv\/\",\"logo\":{\"@type\":\"ImageObject\",\"inLanguage\":\"lv-LV\",\"@id\":\"https:\/\/noliktavaseksperts.coverl.id.lv\/#\/schema\/logo\/image\/\",\"url\":\"https:\/\/noliktavaseksperts.coverl.id.lv\/wp-content\/uploads\/2025\/05\/logo_variacijas-09-1.webp\",\"contentUrl\":\"https:\/\/noliktavaseksperts.coverl.id.lv\/wp-content\/uploads\/2025\/05\/logo_variacijas-09-1.webp\",\"width\":350,\"height\":350,\"caption\":\"Noliktavas Eksperts\"},\"image\":{\"@id\":\"https:\/\/noliktavaseksperts.coverl.id.lv\/#\/schema\/logo\/image\/\"}}]}<\/script>\n<!-- \/ Yoast SEO plugin. -->","yoast_head_json":{"title":"Met\u0101la rati\u0146i ar 2 rokturiem, platforma 700 x 1260 mm - Noliktavas Eksperts","description":"Met\u0101la rati\u0146i ar 2 rokturiem un platformu 700x1260 mm. Cinkots t\u0113rauds, kravnes\u012bba l\u012bdz 300 kg. Regul\u0113jami vai no\u0146emami rokturi \u0113rtai lieto\u0161anai.","robots":{"index":"index","follow":"follow","max-snippet":"max-snippet:-1","max-image-preview":"max-image-preview:large","max-video-preview":"max-video-preview:-1"},"canonical":"https:\/\/noliktavaseksperts.coverl.id.lv\/prece\/metala-ratini-ar-2-rokturiem-platforma-700-x-1260-mm\/","og_locale":"lv_LV","og_type":"article","og_title":"Met\u0101la rati\u0146i ar 2 rokturiem, platforma 700 x 1260 mm - Noliktavas Eksperts","og_description":"Met\u0101la rati\u0146i ar 2 rokturiem un platformu 700x1260 mm. Cinkots t\u0113rauds, kravnes\u012bba l\u012bdz 300 kg. Regul\u0113jami vai no\u0146emami rokturi \u0113rtai lieto\u0161anai.","og_url":"https:\/\/noliktavaseksperts.coverl.id.lv\/prece\/metala-ratini-ar-2-rokturiem-platforma-700-x-1260-mm\/","og_site_name":"Noliktavas Eksperts","article_modified_time":"2026-03-02T08:41:41+00:00","og_image":[{"width":600,"height":594,"url":"https:\/\/noliktavaseksperts.coverl.id.lv\/wp-content\/uploads\/2026\/02\/WhatsApp-Image-2026-02-19-at-10.04.38-3.jpeg","type":"image\/jpeg"}],"twitter_card":"summary_large_image","twitter_misc":{"Est. reading time":"1 min\u016bte"},"schema":{"@context":"https:\/\/schema.org","@graph":[{"@type":"WebPage","@id":"https:\/\/noliktavaseksperts.coverl.id.lv\/prece\/metala-ratini-ar-2-rokturiem-platforma-700-x-1260-mm\/","url":"https:\/\/noliktavaseksperts.coverl.id.lv\/prece\/metala-ratini-ar-2-rokturiem-platforma-700-x-1260-mm\/","name":"Met\u0101la rati\u0146i ar 2 rokturiem, platforma 700 x 1260 mm - Noliktavas Eksperts","isPartOf":{"@id":"https:\/\/noliktavaseksperts.coverl.id.lv\/#website"},"primaryImageOfPage":{"@id":"https:\/\/noliktavaseksperts.coverl.id.lv\/prece\/metala-ratini-ar-2-rokturiem-platforma-700-x-1260-mm\/#primaryimage"},"image":{"@id":"https:\/\/noliktavaseksperts.coverl.id.lv\/prece\/metala-ratini-ar-2-rokturiem-platforma-700-x-1260-mm\/#primaryimage"},"thumbnailUrl":"https:\/\/noliktavaseksperts.coverl.id.lv\/wp-content\/uploads\/2026\/02\/WhatsApp-Image-2026-02-19-at-10.04.38-3.jpeg","datePublished":"2026-02-19T08:24:13+00:00","dateModified":"2026-03-02T08:41:41+00:00","description":"Met\u0101la rati\u0146i ar 2 rokturiem un platformu 700x1260 mm. Cinkots t\u0113rauds, kravnes\u012bba l\u012bdz 300 kg. Regul\u0113jami vai no\u0146emami rokturi \u0113rtai lieto\u0161anai.","breadcrumb":{"@id":"https:\/\/noliktavaseksperts.coverl.id.lv\/prece\/metala-ratini-ar-2-rokturiem-platforma-700-x-1260-mm\/#breadcrumb"},"inLanguage":"lv-LV","potentialAction":[{"@type":"ReadAction","target":["https:\/\/noliktavaseksperts.coverl.id.lv\/prece\/metala-ratini-ar-2-rokturiem-platforma-700-x-1260-mm\/"]}]},{"@type":"ImageObject","inLanguage":"lv-LV","@id":"https:\/\/noliktavaseksperts.coverl.id.lv\/prece\/metala-ratini-ar-2-rokturiem-platforma-700-x-1260-mm\/#primaryimage","url":"https:\/\/noliktavaseksperts.coverl.id.lv\/wp-content\/uploads\/2026\/02\/WhatsApp-Image-2026-02-19-at-10.04.38-3.jpeg","contentUrl":"https:\/\/noliktavaseksperts.coverl.id.lv\/wp-content\/uploads\/2026\/02\/WhatsApp-Image-2026-02-19-at-10.04.38-3.jpeg","width":600,"height":594},{"@type":"BreadcrumbList","@id":"https:\/\/noliktavaseksperts.coverl.id.lv\/prece\/metala-ratini-ar-2-rokturiem-platforma-700-x-1260-mm\/#breadcrumb","itemListElement":[{"@type":"ListItem","position":1,"name":"Home","item":"https:\/\/noliktavaseksperts.coverl.id.lv\/"},{"@type":"ListItem","position":2,"name":"Veikals","item":"https:\/\/noliktavaseksperts.coverl.id.lv\/?page_id=10626"},{"@type":"ListItem","position":3,"name":"Met\u0101la rati\u0146i ar 2 rokturiem, platforma 700 x 1260 mm"}]},{"@type":"WebSite","@id":"https:\/\/noliktavaseksperts.coverl.id.lv\/#website","url":"https:\/\/noliktavaseksperts.coverl.id.lv\/","name":"Noliktavas Eksperts","description":"Noliktavas\u00a0apr\u012bkojums","publisher":{"@id":"https:\/\/noliktavaseksperts.coverl.id.lv\/#organization"},"potentialAction":[{"@type":"SearchAction","target":{"@type":"EntryPoint","urlTemplate":"https:\/\/noliktavaseksperts.coverl.id.lv\/?s={search_term_string}"},"query-input":{"@type":"PropertyValueSpecification","valueRequired":true,"valueName":"search_term_string"}}],"inLanguage":"lv-LV"},{"@type":"Organization","@id":"https:\/\/noliktavaseksperts.coverl.id.lv\/#organization","name":"Noliktavas Eksperts","url":"https:\/\/noliktavaseksperts.coverl.id.lv\/","logo":{"@type":"ImageObject","inLanguage":"lv-LV","@id":"https:\/\/noliktavaseksperts.coverl.id.lv\/#\/schema\/logo\/image\/","url":"https:\/\/noliktavaseksperts.coverl.id.lv\/wp-content\/uploads\/2025\/05\/logo_variacijas-09-1.webp","contentUrl":"https:\/\/noliktavaseksperts.coverl.id.lv\/wp-content\/uploads\/2025\/05\/logo_variacijas-09-1.webp","width":350,"height":350,"caption":"Noliktavas Eksperts"},"image":{"@id":"https:\/\/noliktavaseksperts.coverl.id.lv\/#\/schema\/logo\/image\/"}}]}},"_links":{"self":[{"href":"https:\/\/noliktavaseksperts.coverl.id.lv\/index.php?rest_route=\/wp\/v2\/product\/30875","targetHints":{"allow":["GET"]}}],"collection":[{"href":"https:\/\/noliktavaseksperts.coverl.id.lv\/index.php?rest_route=\/wp\/v2\/product"}],"about":[{"href":"https:\/\/noliktavaseksperts.coverl.id.lv\/index.php?rest_route=\/wp\/v2\/types\/product"}],"version-history":[{"count":0,"href":"https:\/\/noliktavaseksperts.coverl.id.lv\/index.php?rest_route=\/wp\/v2\/product\/30875\/revisions"}],"wp:featuredmedia":[{"embeddable":true,"href":"https:\/\/noliktavaseksperts.coverl.id.lv\/index.php?rest_route=\/wp\/v2\/media\/30885"}],"wp:attachment":[{"href":"https:\/\/noliktavaseksperts.coverl.id.lv\/index.php?rest_route=%2Fwp%2Fv2%2Fmedia&parent=30875"}],"wp:term":[{"taxonomy":"product_brand","embeddable":true,"href":"https:\/\/noliktavaseksperts.coverl.id.lv\/index.php?rest_route=%2Fwp%2Fv2%2Fproduct_brand&post=30875"},{"taxonomy":"product_cat","embeddable":true,"href":"https:\/\/noliktavaseksperts.coverl.id.lv\/index.php?rest_route=%2Fwp%2Fv2%2Fproduct_cat&post=30875"},{"taxonomy":"product_tag","embeddable":true,"href":"https:\/\/noliktavaseksperts.coverl.id.lv\/index.php?rest_route=%2Fwp%2Fv2%2Fproduct_tag&post=30875"}],"curies":[{"name":"wp","href":"https:\/\/api.w.org\/{rel}","templated":true}]}}