{"id":30873,"date":"2026-02-19T09:58:45","date_gmt":"2026-02-19T07:58:45","guid":{"rendered":"https:\/\/noliktavaseksperts.coverl.id.lv\/?post_type=product&#038;p=30873"},"modified":"2026-03-02T10:42:40","modified_gmt":"2026-03-02T08:42:40","slug":"divlimenu-metala-taburete-peleka-lietota","status":"publish","type":"product","link":"https:\/\/noliktavaseksperts.coverl.id.lv\/?product=divlimenu-metala-taburete-peleka-lietota","title":{"rendered":"Divl\u012bme\u0146u met\u0101la taburete, pel\u0113ka, lietota"},"content":{"rendered":"","protected":false},"excerpt":{"rendered":"<p>Uz vietas pieejamas 2gab.<\/p>\n<ul>\n<li><strong>Augstums:<\/strong> 440 mm<\/li>\n<li><strong>Kravnes\u012bba:<\/strong>\u00a0150 kg<\/li>\n<\/ul>\n","protected":false},"featured_media":30863,"template":"","meta":{"_joinchat":[]},"product_brand":[],"product_cat":[],"product_tag":[],"class_list":{"0":"post-30873","1":"product","2":"type-product","3":"status-publish","4":"has-post-thumbnail","7":"first","8":"outofstock","9":"sale","10":"taxable","11":"shipping-taxable","12":"purchasable","13":"product-type-simple"},"yoast_head":"<!-- This site is optimized with the Yoast SEO plugin v27.2 - https:\/\/yoast.com\/product\/yoast-seo-wordpress\/ -->\n<title>Divl\u012bme\u0146u met\u0101la taburete, pel\u0113ka, lietota - Noliktavas Eksperts<\/title>\n<meta name=\"description\" content=\"Lietota divl\u012bme\u0146u met\u0101la taburete pel\u0113k\u0101 kr\u0101s\u0101. Augstums 440 mm, kravnes\u012bba l\u012bdz 150 kg. Uz vietas pieejami 2 gab., piem\u0113rota noliktav\u0101m un darbn\u012bc\u0101m.\" \/>\n<meta name=\"robots\" content=\"index, follow, max-snippet:-1, max-image-preview:large, max-video-preview:-1\" \/>\n<link rel=\"canonical\" href=\"https:\/\/noliktavaseksperts.coverl.id.lv\/prece\/divlimenu-metala-taburete-peleka-lietota\/\" \/>\n<meta property=\"og:locale\" content=\"lv_LV\" \/>\n<meta property=\"og:type\" content=\"article\" \/>\n<meta property=\"og:title\" content=\"Divl\u012bme\u0146u met\u0101la taburete, pel\u0113ka, lietota - Noliktavas Eksperts\" \/>\n<meta property=\"og:description\" content=\"Lietota divl\u012bme\u0146u met\u0101la taburete pel\u0113k\u0101 kr\u0101s\u0101. Augstums 440 mm, kravnes\u012bba l\u012bdz 150 kg. Uz vietas pieejami 2 gab., piem\u0113rota noliktav\u0101m un darbn\u012bc\u0101m.\" \/>\n<meta property=\"og:url\" content=\"https:\/\/noliktavaseksperts.coverl.id.lv\/prece\/divlimenu-metala-taburete-peleka-lietota\/\" \/>\n<meta property=\"og:site_name\" content=\"Noliktavas Eksperts\" \/>\n<meta property=\"article:modified_time\" content=\"2026-03-02T08:42:40+00:00\" \/>\n<meta property=\"og:image\" content=\"https:\/\/noliktavaseksperts.coverl.id.lv\/wp-content\/uploads\/2026\/02\/WhatsApp-Image-2026-02-19-at-09.24.54.jpg\" \/>\n\t<meta property=\"og:image:width\" content=\"540\" \/>\n\t<meta property=\"og:image:height\" content=\"720\" \/>\n\t<meta property=\"og:image:type\" content=\"image\/jpeg\" \/>\n<meta name=\"twitter:card\" content=\"summary_large_image\" \/>\n<meta name=\"twitter:label1\" content=\"Est. reading time\" \/>\n\t<meta name=\"twitter:data1\" content=\"1 min\u016bte\" \/>\n<script type=\"application\/ld+json\" class=\"yoast-schema-graph\">{\"@context\":\"https:\/\/schema.org\",\"@graph\":[{\"@type\":\"WebPage\",\"@id\":\"https:\/\/noliktavaseksperts.coverl.id.lv\/prece\/divlimenu-metala-taburete-peleka-lietota\/\",\"url\":\"https:\/\/noliktavaseksperts.coverl.id.lv\/prece\/divlimenu-metala-taburete-peleka-lietota\/\",\"name\":\"Divl\u012bme\u0146u met\u0101la taburete, pel\u0113ka, lietota - Noliktavas Eksperts\",\"isPartOf\":{\"@id\":\"https:\/\/noliktavaseksperts.coverl.id.lv\/#website\"},\"primaryImageOfPage\":{\"@id\":\"https:\/\/noliktavaseksperts.coverl.id.lv\/prece\/divlimenu-metala-taburete-peleka-lietota\/#primaryimage\"},\"image\":{\"@id\":\"https:\/\/noliktavaseksperts.coverl.id.lv\/prece\/divlimenu-metala-taburete-peleka-lietota\/#primaryimage\"},\"thumbnailUrl\":\"https:\/\/noliktavaseksperts.coverl.id.lv\/wp-content\/uploads\/2026\/02\/WhatsApp-Image-2026-02-19-at-09.24.54.jpg\",\"datePublished\":\"2026-02-19T07:58:45+00:00\",\"dateModified\":\"2026-03-02T08:42:40+00:00\",\"description\":\"Lietota divl\u012bme\u0146u met\u0101la taburete pel\u0113k\u0101 kr\u0101s\u0101. Augstums 440 mm, kravnes\u012bba l\u012bdz 150 kg. Uz vietas pieejami 2 gab., piem\u0113rota noliktav\u0101m un darbn\u012bc\u0101m.\",\"breadcrumb\":{\"@id\":\"https:\/\/noliktavaseksperts.coverl.id.lv\/prece\/divlimenu-metala-taburete-peleka-lietota\/#breadcrumb\"},\"inLanguage\":\"lv-LV\",\"potentialAction\":[{\"@type\":\"ReadAction\",\"target\":[\"https:\/\/noliktavaseksperts.coverl.id.lv\/prece\/divlimenu-metala-taburete-peleka-lietota\/\"]}]},{\"@type\":\"ImageObject\",\"inLanguage\":\"lv-LV\",\"@id\":\"https:\/\/noliktavaseksperts.coverl.id.lv\/prece\/divlimenu-metala-taburete-peleka-lietota\/#primaryimage\",\"url\":\"https:\/\/noliktavaseksperts.coverl.id.lv\/wp-content\/uploads\/2026\/02\/WhatsApp-Image-2026-02-19-at-09.24.54.jpg\",\"contentUrl\":\"https:\/\/noliktavaseksperts.coverl.id.lv\/wp-content\/uploads\/2026\/02\/WhatsApp-Image-2026-02-19-at-09.24.54.jpg\",\"width\":540,\"height\":720},{\"@type\":\"BreadcrumbList\",\"@id\":\"https:\/\/noliktavaseksperts.coverl.id.lv\/prece\/divlimenu-metala-taburete-peleka-lietota\/#breadcrumb\",\"itemListElement\":[{\"@type\":\"ListItem\",\"position\":1,\"name\":\"Home\",\"item\":\"https:\/\/noliktavaseksperts.coverl.id.lv\/\"},{\"@type\":\"ListItem\",\"position\":2,\"name\":\"Veikals\",\"item\":\"https:\/\/noliktavaseksperts.coverl.id.lv\/?page_id=10626\"},{\"@type\":\"ListItem\",\"position\":3,\"name\":\"Divl\u012bme\u0146u met\u0101la taburete, pel\u0113ka, lietota\"}]},{\"@type\":\"WebSite\",\"@id\":\"https:\/\/noliktavaseksperts.coverl.id.lv\/#website\",\"url\":\"https:\/\/noliktavaseksperts.coverl.id.lv\/\",\"name\":\"Noliktavas Eksperts\",\"description\":\"Noliktavas\u00a0apr\u012bkojums\",\"publisher\":{\"@id\":\"https:\/\/noliktavaseksperts.coverl.id.lv\/#organization\"},\"potentialAction\":[{\"@type\":\"SearchAction\",\"target\":{\"@type\":\"EntryPoint\",\"urlTemplate\":\"https:\/\/noliktavaseksperts.coverl.id.lv\/?s={search_term_string}\"},\"query-input\":{\"@type\":\"PropertyValueSpecification\",\"valueRequired\":true,\"valueName\":\"search_term_string\"}}],\"inLanguage\":\"lv-LV\"},{\"@type\":\"Organization\",\"@id\":\"https:\/\/noliktavaseksperts.coverl.id.lv\/#organization\",\"name\":\"Noliktavas Eksperts\",\"url\":\"https:\/\/noliktavaseksperts.coverl.id.lv\/\",\"logo\":{\"@type\":\"ImageObject\",\"inLanguage\":\"lv-LV\",\"@id\":\"https:\/\/noliktavaseksperts.coverl.id.lv\/#\/schema\/logo\/image\/\",\"url\":\"https:\/\/noliktavaseksperts.coverl.id.lv\/wp-content\/uploads\/2025\/05\/logo_variacijas-09-1.webp\",\"contentUrl\":\"https:\/\/noliktavaseksperts.coverl.id.lv\/wp-content\/uploads\/2025\/05\/logo_variacijas-09-1.webp\",\"width\":350,\"height\":350,\"caption\":\"Noliktavas Eksperts\"},\"image\":{\"@id\":\"https:\/\/noliktavaseksperts.coverl.id.lv\/#\/schema\/logo\/image\/\"}}]}<\/script>\n<!-- \/ Yoast SEO plugin. -->","yoast_head_json":{"title":"Divl\u012bme\u0146u met\u0101la taburete, pel\u0113ka, lietota - Noliktavas Eksperts","description":"Lietota divl\u012bme\u0146u met\u0101la taburete pel\u0113k\u0101 kr\u0101s\u0101. Augstums 440 mm, kravnes\u012bba l\u012bdz 150 kg. Uz vietas pieejami 2 gab., piem\u0113rota noliktav\u0101m un darbn\u012bc\u0101m.","robots":{"index":"index","follow":"follow","max-snippet":"max-snippet:-1","max-image-preview":"max-image-preview:large","max-video-preview":"max-video-preview:-1"},"canonical":"https:\/\/noliktavaseksperts.coverl.id.lv\/prece\/divlimenu-metala-taburete-peleka-lietota\/","og_locale":"lv_LV","og_type":"article","og_title":"Divl\u012bme\u0146u met\u0101la taburete, pel\u0113ka, lietota - Noliktavas Eksperts","og_description":"Lietota divl\u012bme\u0146u met\u0101la taburete pel\u0113k\u0101 kr\u0101s\u0101. Augstums 440 mm, kravnes\u012bba l\u012bdz 150 kg. Uz vietas pieejami 2 gab., piem\u0113rota noliktav\u0101m un darbn\u012bc\u0101m.","og_url":"https:\/\/noliktavaseksperts.coverl.id.lv\/prece\/divlimenu-metala-taburete-peleka-lietota\/","og_site_name":"Noliktavas Eksperts","article_modified_time":"2026-03-02T08:42:40+00:00","og_image":[{"width":540,"height":720,"url":"https:\/\/noliktavaseksperts.coverl.id.lv\/wp-content\/uploads\/2026\/02\/WhatsApp-Image-2026-02-19-at-09.24.54.jpg","type":"image\/jpeg"}],"twitter_card":"summary_large_image","twitter_misc":{"Est. reading time":"1 min\u016bte"},"schema":{"@context":"https:\/\/schema.org","@graph":[{"@type":"WebPage","@id":"https:\/\/noliktavaseksperts.coverl.id.lv\/prece\/divlimenu-metala-taburete-peleka-lietota\/","url":"https:\/\/noliktavaseksperts.coverl.id.lv\/prece\/divlimenu-metala-taburete-peleka-lietota\/","name":"Divl\u012bme\u0146u met\u0101la taburete, pel\u0113ka, lietota - Noliktavas Eksperts","isPartOf":{"@id":"https:\/\/noliktavaseksperts.coverl.id.lv\/#website"},"primaryImageOfPage":{"@id":"https:\/\/noliktavaseksperts.coverl.id.lv\/prece\/divlimenu-metala-taburete-peleka-lietota\/#primaryimage"},"image":{"@id":"https:\/\/noliktavaseksperts.coverl.id.lv\/prece\/divlimenu-metala-taburete-peleka-lietota\/#primaryimage"},"thumbnailUrl":"https:\/\/noliktavaseksperts.coverl.id.lv\/wp-content\/uploads\/2026\/02\/WhatsApp-Image-2026-02-19-at-09.24.54.jpg","datePublished":"2026-02-19T07:58:45+00:00","dateModified":"2026-03-02T08:42:40+00:00","description":"Lietota divl\u012bme\u0146u met\u0101la taburete pel\u0113k\u0101 kr\u0101s\u0101. Augstums 440 mm, kravnes\u012bba l\u012bdz 150 kg. Uz vietas pieejami 2 gab., piem\u0113rota noliktav\u0101m un darbn\u012bc\u0101m.","breadcrumb":{"@id":"https:\/\/noliktavaseksperts.coverl.id.lv\/prece\/divlimenu-metala-taburete-peleka-lietota\/#breadcrumb"},"inLanguage":"lv-LV","potentialAction":[{"@type":"ReadAction","target":["https:\/\/noliktavaseksperts.coverl.id.lv\/prece\/divlimenu-metala-taburete-peleka-lietota\/"]}]},{"@type":"ImageObject","inLanguage":"lv-LV","@id":"https:\/\/noliktavaseksperts.coverl.id.lv\/prece\/divlimenu-metala-taburete-peleka-lietota\/#primaryimage","url":"https:\/\/noliktavaseksperts.coverl.id.lv\/wp-content\/uploads\/2026\/02\/WhatsApp-Image-2026-02-19-at-09.24.54.jpg","contentUrl":"https:\/\/noliktavaseksperts.coverl.id.lv\/wp-content\/uploads\/2026\/02\/WhatsApp-Image-2026-02-19-at-09.24.54.jpg","width":540,"height":720},{"@type":"BreadcrumbList","@id":"https:\/\/noliktavaseksperts.coverl.id.lv\/prece\/divlimenu-metala-taburete-peleka-lietota\/#breadcrumb","itemListElement":[{"@type":"ListItem","position":1,"name":"Home","item":"https:\/\/noliktavaseksperts.coverl.id.lv\/"},{"@type":"ListItem","position":2,"name":"Veikals","item":"https:\/\/noliktavaseksperts.coverl.id.lv\/?page_id=10626"},{"@type":"ListItem","position":3,"name":"Divl\u012bme\u0146u met\u0101la taburete, pel\u0113ka, lietota"}]},{"@type":"WebSite","@id":"https:\/\/noliktavaseksperts.coverl.id.lv\/#website","url":"https:\/\/noliktavaseksperts.coverl.id.lv\/","name":"Noliktavas Eksperts","description":"Noliktavas\u00a0apr\u012bkojums","publisher":{"@id":"https:\/\/noliktavaseksperts.coverl.id.lv\/#organization"},"potentialAction":[{"@type":"SearchAction","target":{"@type":"EntryPoint","urlTemplate":"https:\/\/noliktavaseksperts.coverl.id.lv\/?s={search_term_string}"},"query-input":{"@type":"PropertyValueSpecification","valueRequired":true,"valueName":"search_term_string"}}],"inLanguage":"lv-LV"},{"@type":"Organization","@id":"https:\/\/noliktavaseksperts.coverl.id.lv\/#organization","name":"Noliktavas Eksperts","url":"https:\/\/noliktavaseksperts.coverl.id.lv\/","logo":{"@type":"ImageObject","inLanguage":"lv-LV","@id":"https:\/\/noliktavaseksperts.coverl.id.lv\/#\/schema\/logo\/image\/","url":"https:\/\/noliktavaseksperts.coverl.id.lv\/wp-content\/uploads\/2025\/05\/logo_variacijas-09-1.webp","contentUrl":"https:\/\/noliktavaseksperts.coverl.id.lv\/wp-content\/uploads\/2025\/05\/logo_variacijas-09-1.webp","width":350,"height":350,"caption":"Noliktavas Eksperts"},"image":{"@id":"https:\/\/noliktavaseksperts.coverl.id.lv\/#\/schema\/logo\/image\/"}}]}},"_links":{"self":[{"href":"https:\/\/noliktavaseksperts.coverl.id.lv\/index.php?rest_route=\/wp\/v2\/product\/30873","targetHints":{"allow":["GET"]}}],"collection":[{"href":"https:\/\/noliktavaseksperts.coverl.id.lv\/index.php?rest_route=\/wp\/v2\/product"}],"about":[{"href":"https:\/\/noliktavaseksperts.coverl.id.lv\/index.php?rest_route=\/wp\/v2\/types\/product"}],"version-history":[{"count":0,"href":"https:\/\/noliktavaseksperts.coverl.id.lv\/index.php?rest_route=\/wp\/v2\/product\/30873\/revisions"}],"wp:featuredmedia":[{"embeddable":true,"href":"https:\/\/noliktavaseksperts.coverl.id.lv\/index.php?rest_route=\/wp\/v2\/media\/30863"}],"wp:attachment":[{"href":"https:\/\/noliktavaseksperts.coverl.id.lv\/index.php?rest_route=%2Fwp%2Fv2%2Fmedia&parent=30873"}],"wp:term":[{"taxonomy":"product_brand","embeddable":true,"href":"https:\/\/noliktavaseksperts.coverl.id.lv\/index.php?rest_route=%2Fwp%2Fv2%2Fproduct_brand&post=30873"},{"taxonomy":"product_cat","embeddable":true,"href":"https:\/\/noliktavaseksperts.coverl.id.lv\/index.php?rest_route=%2Fwp%2Fv2%2Fproduct_cat&post=30873"},{"taxonomy":"product_tag","embeddable":true,"href":"https:\/\/noliktavaseksperts.coverl.id.lv\/index.php?rest_route=%2Fwp%2Fv2%2Fproduct_tag&post=30873"}],"curies":[{"name":"wp","href":"https:\/\/api.w.org\/{rel}","templated":true}]}}