{"id":30732,"date":"2026-01-26T11:57:13","date_gmt":"2026-01-26T09:57:13","guid":{"rendered":"https:\/\/noliktavaseksperts.coverl.id.lv\/?post_type=product&#038;p=30732"},"modified":"2026-03-03T14:56:59","modified_gmt":"2026-03-03T12:56:59","slug":"mazlietota-skapja-komplekts-ar-solu-2190x600x500-mm","status":"publish","type":"product","link":"https:\/\/noliktavaseksperts.coverl.id.lv\/?product=mazlietota-skapja-komplekts-ar-solu-2190x600x500-mm","title":{"rendered":"Mazlietota skapja komplekts ar solu 2190x600x500 mm"},"content":{"rendered":"<h3 data-start=\"0\" data-end=\"60\">Kvalitat\u012bvas met\u0101la m\u0113beles no uzticama ra\u017eot\u0101ja \u2013 MALOW<\/h3>\n<p data-start=\"62\" data-end=\"344\"><strong><em data-start=\"62\" data-end=\"83\">Noliktavas Eksperts<\/em>\u00a0<\/strong>pied\u0101v\u0101 augstas kvalit\u0101tes\u00a0<strong data-start=\"111\" data-end=\"129\">met\u0101la m\u0113beles<\/strong>\u00a0no\u00a0<strong data-start=\"133\" data-end=\"142\">MALOW<\/strong>\u00a0\u2013 vado\u0161\u0101 Po\u013cu ra\u017eot\u0101ja ar vair\u0101k nek\u0101 30 gadu pieredzi nozar\u0113. MALOW specializ\u0113jas\u00a0<strong data-start=\"226\" data-end=\"267\">funkcion\u0101lu un iztur\u012bgu met\u0101la m\u0113be\u013cu<\/strong>\u00a0ra\u017eo\u0161an\u0101, kas piem\u0113rotas gan birojiem, gan ra\u017eo\u0161anas un industri\u0101l\u0101m telp\u0101m.<\/p>\n<hr data-start=\"346\" data-end=\"349\" \/>\n<h3 data-start=\"351\" data-end=\"386\">K\u0101p\u0113c izv\u0113l\u0113ties MALOW m\u0113beles?<\/h3>\n<ul data-start=\"388\" data-end=\"777\">\n<li data-start=\"388\" data-end=\"474\">\n<p data-start=\"390\" data-end=\"474\"><strong data-start=\"390\" data-end=\"426\">Ilggad\u0113ja pieredze un uzticam\u012bba<\/strong>\u00a0\u2013 vair\u0101k nek\u0101 30 gadi met\u0101la m\u0113be\u013cu ra\u017eo\u0161an\u0101;<\/p>\n<\/li>\n<li data-start=\"475\" data-end=\"565\">\n<p data-start=\"477\" data-end=\"565\"><strong data-start=\"477\" data-end=\"497\">Pla\u0161s sortiments<\/strong>\u00a0\u2013 no garderobes un instrumentu skapjiem l\u012bdz biroja risin\u0101jumiem;<\/p>\n<\/li>\n<li data-start=\"566\" data-end=\"683\">\n<p data-start=\"568\" data-end=\"683\"><strong data-start=\"568\" data-end=\"599\">Iztur\u012bba un funkcionalit\u0101te<\/strong>\u00a0\u2013 m\u0113beles veidotas ikdienas lieto\u0161anai gan profesion\u0101l\u0101s, gan sabiedrisk\u0101s vid\u0113s;<\/p>\n<\/li>\n<li data-start=\"684\" data-end=\"777\">\n<p data-start=\"686\" data-end=\"777\"><strong data-start=\"686\" data-end=\"724\">Modernas tehnolo\u0123ijas un materi\u0101li<\/strong>\u00a0\u2013 nodro\u0161ina ilgtermi\u0146a kvalit\u0101ti un augstu iztur\u012bbu.<\/p>\n<\/li>\n<li data-start=\"684\" data-end=\"777\"><strong>Draudz\u012bga cena \u2013\u00a0<\/strong><em>Noliktavas Eksperts<\/em>\u00a0pied\u0101v\u0101 ieg\u0101d\u0101ties<strong>\u00a0MALOW met\u0101la m\u0113beles par izdev\u012bg\u0101ko tirgus cenu!\u00a0<\/strong><\/li>\n<\/ul>\n<hr data-start=\"779\" data-end=\"782\" \/>\n<p data-start=\"784\" data-end=\"907\" data-is-last-node=\"\" data-is-only-node=\"\">Izv\u0113lieties\u00a0<strong data-start=\"796\" data-end=\"820\">MALOW met\u0101la m\u0113beles<\/strong>\u00a0no\u00a0<strong><em data-start=\"824\" data-end=\"845\">Noliktavas Eksperts<\/em><\/strong>\u00a0\u2013 uzticams risin\u0101jums darba telp\u0101m, kur kvalit\u0101tei ir noz\u012bme.<\/p>\n","protected":false},"excerpt":{"rendered":"<div class=\"elementor-element elementor-element-8edbe86 wd-single-title text-left elementor-widget elementor-widget-wd_single_product_title\" data-id=\"8edbe86\" data-element_type=\"widget\" data-widget_type=\"wd_single_product_title.default\">\n<h5 class=\"elementor-widget-container\">Skapis ir praktiski jauns un piln\u012bb\u0101 funkcion\u0101ls. Tam var b\u016bt nelieli, lieto\u0161anu neietekm\u0113jo\u0161i vizu\u0101li defekti, piem\u0113ram, nelieli skr\u0101p\u0113jumi vai buktes uz pane\u013ciem.<\/h5>\n<div><\/div>\n<div><\/div>\n<p><strong>Skapja izm\u0113ri:<\/strong><\/p>\n<ul>\n<li>Augstums ar solu 2190mm<\/li>\n<li>Dzi\u013cums 500mm<\/li>\n<li>Platums 600mm<\/li>\n<li>Katras durti\u0146as platums 300mm<\/li>\n<\/ul>\n<\/div>\n<div class=\"elementor-element elementor-element-ce05bd9 wd-single-short-desc text-left elementor-widget elementor-widget-wd_single_product_short_description\" data-id=\"ce05bd9\" data-element_type=\"widget\" data-widget_type=\"wd_single_product_short_description.default\">\n<div class=\"elementor-widget-container\">\n<div class=\"woocommerce-product-details__short-description\">\n<p><strong>\u0160is skapis ietver:<\/strong><\/p>\n<ul>\n<li>Inform\u0101cijas kabati\u0146u uz durv\u012bm<\/li>\n<li>Cilindrisku sl\u0113dzeni ar div\u0101m atsl\u0113g\u0101m, katrai durti\u0146ai<\/li>\n<li>Spoguli durvju iek\u0161pus\u0113<\/li>\n<li>Pa\u0161l\u012bm\u0113jo\u0161u \u0101\u0137i durvju iek\u0161pus\u0113<\/li>\n<li>Katr\u0101 nodal\u012bjum\u0101: dr\u0113bju stangu, \u0101\u0137us un plauktu<\/li>\n<\/ul>\n<\/div>\n<\/div>\n<\/div>\n","protected":false},"featured_media":30987,"template":"","meta":{"_joinchat":[]},"product_brand":[],"product_cat":[619,441],"product_tag":[],"class_list":{"0":"post-30732","1":"product","2":"type-product","3":"status-publish","4":"has-post-thumbnail","6":"product_cat-ipasie-piedavajumi","7":"product_cat-lietotiplauktiskapji","9":"first","10":"instock","11":"sale","12":"taxable","13":"shipping-taxable","14":"purchasable","15":"product-type-simple"},"yoast_head":"<!-- This site is optimized with the Yoast SEO plugin v27.2 - https:\/\/yoast.com\/product\/yoast-seo-wordpress\/ -->\n<title>Mazlietota skapja komplekts ar solu 2190x600x500 mm<\/title>\n<meta name=\"description\" content=\"Izv\u0113lieties\u00a0MALOW met\u0101la m\u0113beles\u00a0no\u00a0Noliktavas Eksperts\u00a0\u2013 uzticams risin\u0101jums darba telp\u0101m, kur kvalit\u0101tei ir noz\u012bme. Iztur\u012bba un funkcionalit\u0101te.\" \/>\n<meta name=\"robots\" content=\"index, follow, max-snippet:-1, max-image-preview:large, max-video-preview:-1\" \/>\n<link rel=\"canonical\" href=\"https:\/\/noliktavaseksperts.coverl.id.lv\/prece\/mazlietota-skapja-komplekts-ar-solu-2190x600x500-mm\/\" \/>\n<meta property=\"og:locale\" content=\"lv_LV\" \/>\n<meta property=\"og:type\" content=\"article\" \/>\n<meta property=\"og:title\" content=\"Mazlietota skapja komplekts ar solu 2190x600x500 mm\" \/>\n<meta property=\"og:description\" content=\"Izv\u0113lieties\u00a0MALOW met\u0101la m\u0113beles\u00a0no\u00a0Noliktavas Eksperts\u00a0\u2013 uzticams risin\u0101jums darba telp\u0101m, kur kvalit\u0101tei ir noz\u012bme. Iztur\u012bba un funkcionalit\u0101te.\" \/>\n<meta property=\"og:url\" content=\"https:\/\/noliktavaseksperts.coverl.id.lv\/prece\/mazlietota-skapja-komplekts-ar-solu-2190x600x500-mm\/\" \/>\n<meta property=\"og:site_name\" content=\"Noliktavas Eksperts\" \/>\n<meta property=\"article:modified_time\" content=\"2026-03-03T12:56:59+00:00\" \/>\n<meta property=\"og:image\" content=\"https:\/\/noliktavaseksperts.coverl.id.lv\/wp-content\/uploads\/2026\/01\/2.png\" \/>\n\t<meta property=\"og:image:width\" content=\"600\" \/>\n\t<meta property=\"og:image:height\" content=\"1200\" \/>\n\t<meta property=\"og:image:type\" content=\"image\/png\" \/>\n<meta name=\"twitter:card\" content=\"summary_large_image\" \/>\n<meta name=\"twitter:label1\" content=\"Est. reading time\" \/>\n\t<meta name=\"twitter:data1\" content=\"1 min\u016bte\" \/>\n<script type=\"application\/ld+json\" class=\"yoast-schema-graph\">{\"@context\":\"https:\/\/schema.org\",\"@graph\":[{\"@type\":\"WebPage\",\"@id\":\"https:\/\/noliktavaseksperts.coverl.id.lv\/prece\/mazlietota-skapja-komplekts-ar-solu-2190x600x500-mm\/\",\"url\":\"https:\/\/noliktavaseksperts.coverl.id.lv\/prece\/mazlietota-skapja-komplekts-ar-solu-2190x600x500-mm\/\",\"name\":\"Mazlietota skapja komplekts ar solu 2190x600x500 mm\",\"isPartOf\":{\"@id\":\"https:\/\/noliktavaseksperts.coverl.id.lv\/#website\"},\"primaryImageOfPage\":{\"@id\":\"https:\/\/noliktavaseksperts.coverl.id.lv\/prece\/mazlietota-skapja-komplekts-ar-solu-2190x600x500-mm\/#primaryimage\"},\"image\":{\"@id\":\"https:\/\/noliktavaseksperts.coverl.id.lv\/prece\/mazlietota-skapja-komplekts-ar-solu-2190x600x500-mm\/#primaryimage\"},\"thumbnailUrl\":\"https:\/\/noliktavaseksperts.coverl.id.lv\/wp-content\/uploads\/2026\/01\/2.png\",\"datePublished\":\"2026-01-26T09:57:13+00:00\",\"dateModified\":\"2026-03-03T12:56:59+00:00\",\"description\":\"Izv\u0113lieties\u00a0MALOW met\u0101la m\u0113beles\u00a0no\u00a0Noliktavas Eksperts\u00a0\u2013 uzticams risin\u0101jums darba telp\u0101m, kur kvalit\u0101tei ir noz\u012bme. Iztur\u012bba un funkcionalit\u0101te.\",\"breadcrumb\":{\"@id\":\"https:\/\/noliktavaseksperts.coverl.id.lv\/prece\/mazlietota-skapja-komplekts-ar-solu-2190x600x500-mm\/#breadcrumb\"},\"inLanguage\":\"lv-LV\",\"potentialAction\":[{\"@type\":\"ReadAction\",\"target\":[\"https:\/\/noliktavaseksperts.coverl.id.lv\/prece\/mazlietota-skapja-komplekts-ar-solu-2190x600x500-mm\/\"]}]},{\"@type\":\"ImageObject\",\"inLanguage\":\"lv-LV\",\"@id\":\"https:\/\/noliktavaseksperts.coverl.id.lv\/prece\/mazlietota-skapja-komplekts-ar-solu-2190x600x500-mm\/#primaryimage\",\"url\":\"https:\/\/noliktavaseksperts.coverl.id.lv\/wp-content\/uploads\/2026\/01\/2.png\",\"contentUrl\":\"https:\/\/noliktavaseksperts.coverl.id.lv\/wp-content\/uploads\/2026\/01\/2.png\",\"width\":600,\"height\":1200},{\"@type\":\"BreadcrumbList\",\"@id\":\"https:\/\/noliktavaseksperts.coverl.id.lv\/prece\/mazlietota-skapja-komplekts-ar-solu-2190x600x500-mm\/#breadcrumb\",\"itemListElement\":[{\"@type\":\"ListItem\",\"position\":1,\"name\":\"Home\",\"item\":\"https:\/\/noliktavaseksperts.coverl.id.lv\/\"},{\"@type\":\"ListItem\",\"position\":2,\"name\":\"Veikals\",\"item\":\"https:\/\/noliktavaseksperts.coverl.id.lv\/?page_id=10626\"},{\"@type\":\"ListItem\",\"position\":3,\"name\":\"Mazlietota skapja komplekts ar solu 2190x600x500 mm\"}]},{\"@type\":\"WebSite\",\"@id\":\"https:\/\/noliktavaseksperts.coverl.id.lv\/#website\",\"url\":\"https:\/\/noliktavaseksperts.coverl.id.lv\/\",\"name\":\"Noliktavas Eksperts\",\"description\":\"Noliktavas\u00a0apr\u012bkojums\",\"publisher\":{\"@id\":\"https:\/\/noliktavaseksperts.coverl.id.lv\/#organization\"},\"potentialAction\":[{\"@type\":\"SearchAction\",\"target\":{\"@type\":\"EntryPoint\",\"urlTemplate\":\"https:\/\/noliktavaseksperts.coverl.id.lv\/?s={search_term_string}\"},\"query-input\":{\"@type\":\"PropertyValueSpecification\",\"valueRequired\":true,\"valueName\":\"search_term_string\"}}],\"inLanguage\":\"lv-LV\"},{\"@type\":\"Organization\",\"@id\":\"https:\/\/noliktavaseksperts.coverl.id.lv\/#organization\",\"name\":\"Noliktavas Eksperts\",\"url\":\"https:\/\/noliktavaseksperts.coverl.id.lv\/\",\"logo\":{\"@type\":\"ImageObject\",\"inLanguage\":\"lv-LV\",\"@id\":\"https:\/\/noliktavaseksperts.coverl.id.lv\/#\/schema\/logo\/image\/\",\"url\":\"https:\/\/noliktavaseksperts.coverl.id.lv\/wp-content\/uploads\/2025\/05\/logo_variacijas-09-1.webp\",\"contentUrl\":\"https:\/\/noliktavaseksperts.coverl.id.lv\/wp-content\/uploads\/2025\/05\/logo_variacijas-09-1.webp\",\"width\":350,\"height\":350,\"caption\":\"Noliktavas Eksperts\"},\"image\":{\"@id\":\"https:\/\/noliktavaseksperts.coverl.id.lv\/#\/schema\/logo\/image\/\"}}]}<\/script>\n<!-- \/ Yoast SEO plugin. -->","yoast_head_json":{"title":"Mazlietota skapja komplekts ar solu 2190x600x500 mm","description":"Izv\u0113lieties\u00a0MALOW met\u0101la m\u0113beles\u00a0no\u00a0Noliktavas Eksperts\u00a0\u2013 uzticams risin\u0101jums darba telp\u0101m, kur kvalit\u0101tei ir noz\u012bme. Iztur\u012bba un funkcionalit\u0101te.","robots":{"index":"index","follow":"follow","max-snippet":"max-snippet:-1","max-image-preview":"max-image-preview:large","max-video-preview":"max-video-preview:-1"},"canonical":"https:\/\/noliktavaseksperts.coverl.id.lv\/prece\/mazlietota-skapja-komplekts-ar-solu-2190x600x500-mm\/","og_locale":"lv_LV","og_type":"article","og_title":"Mazlietota skapja komplekts ar solu 2190x600x500 mm","og_description":"Izv\u0113lieties\u00a0MALOW met\u0101la m\u0113beles\u00a0no\u00a0Noliktavas Eksperts\u00a0\u2013 uzticams risin\u0101jums darba telp\u0101m, kur kvalit\u0101tei ir noz\u012bme. Iztur\u012bba un funkcionalit\u0101te.","og_url":"https:\/\/noliktavaseksperts.coverl.id.lv\/prece\/mazlietota-skapja-komplekts-ar-solu-2190x600x500-mm\/","og_site_name":"Noliktavas Eksperts","article_modified_time":"2026-03-03T12:56:59+00:00","og_image":[{"width":600,"height":1200,"url":"https:\/\/noliktavaseksperts.coverl.id.lv\/wp-content\/uploads\/2026\/01\/2.png","type":"image\/png"}],"twitter_card":"summary_large_image","twitter_misc":{"Est. reading time":"1 min\u016bte"},"schema":{"@context":"https:\/\/schema.org","@graph":[{"@type":"WebPage","@id":"https:\/\/noliktavaseksperts.coverl.id.lv\/prece\/mazlietota-skapja-komplekts-ar-solu-2190x600x500-mm\/","url":"https:\/\/noliktavaseksperts.coverl.id.lv\/prece\/mazlietota-skapja-komplekts-ar-solu-2190x600x500-mm\/","name":"Mazlietota skapja komplekts ar solu 2190x600x500 mm","isPartOf":{"@id":"https:\/\/noliktavaseksperts.coverl.id.lv\/#website"},"primaryImageOfPage":{"@id":"https:\/\/noliktavaseksperts.coverl.id.lv\/prece\/mazlietota-skapja-komplekts-ar-solu-2190x600x500-mm\/#primaryimage"},"image":{"@id":"https:\/\/noliktavaseksperts.coverl.id.lv\/prece\/mazlietota-skapja-komplekts-ar-solu-2190x600x500-mm\/#primaryimage"},"thumbnailUrl":"https:\/\/noliktavaseksperts.coverl.id.lv\/wp-content\/uploads\/2026\/01\/2.png","datePublished":"2026-01-26T09:57:13+00:00","dateModified":"2026-03-03T12:56:59+00:00","description":"Izv\u0113lieties\u00a0MALOW met\u0101la m\u0113beles\u00a0no\u00a0Noliktavas Eksperts\u00a0\u2013 uzticams risin\u0101jums darba telp\u0101m, kur kvalit\u0101tei ir noz\u012bme. Iztur\u012bba un funkcionalit\u0101te.","breadcrumb":{"@id":"https:\/\/noliktavaseksperts.coverl.id.lv\/prece\/mazlietota-skapja-komplekts-ar-solu-2190x600x500-mm\/#breadcrumb"},"inLanguage":"lv-LV","potentialAction":[{"@type":"ReadAction","target":["https:\/\/noliktavaseksperts.coverl.id.lv\/prece\/mazlietota-skapja-komplekts-ar-solu-2190x600x500-mm\/"]}]},{"@type":"ImageObject","inLanguage":"lv-LV","@id":"https:\/\/noliktavaseksperts.coverl.id.lv\/prece\/mazlietota-skapja-komplekts-ar-solu-2190x600x500-mm\/#primaryimage","url":"https:\/\/noliktavaseksperts.coverl.id.lv\/wp-content\/uploads\/2026\/01\/2.png","contentUrl":"https:\/\/noliktavaseksperts.coverl.id.lv\/wp-content\/uploads\/2026\/01\/2.png","width":600,"height":1200},{"@type":"BreadcrumbList","@id":"https:\/\/noliktavaseksperts.coverl.id.lv\/prece\/mazlietota-skapja-komplekts-ar-solu-2190x600x500-mm\/#breadcrumb","itemListElement":[{"@type":"ListItem","position":1,"name":"Home","item":"https:\/\/noliktavaseksperts.coverl.id.lv\/"},{"@type":"ListItem","position":2,"name":"Veikals","item":"https:\/\/noliktavaseksperts.coverl.id.lv\/?page_id=10626"},{"@type":"ListItem","position":3,"name":"Mazlietota skapja komplekts ar solu 2190x600x500 mm"}]},{"@type":"WebSite","@id":"https:\/\/noliktavaseksperts.coverl.id.lv\/#website","url":"https:\/\/noliktavaseksperts.coverl.id.lv\/","name":"Noliktavas Eksperts","description":"Noliktavas\u00a0apr\u012bkojums","publisher":{"@id":"https:\/\/noliktavaseksperts.coverl.id.lv\/#organization"},"potentialAction":[{"@type":"SearchAction","target":{"@type":"EntryPoint","urlTemplate":"https:\/\/noliktavaseksperts.coverl.id.lv\/?s={search_term_string}"},"query-input":{"@type":"PropertyValueSpecification","valueRequired":true,"valueName":"search_term_string"}}],"inLanguage":"lv-LV"},{"@type":"Organization","@id":"https:\/\/noliktavaseksperts.coverl.id.lv\/#organization","name":"Noliktavas Eksperts","url":"https:\/\/noliktavaseksperts.coverl.id.lv\/","logo":{"@type":"ImageObject","inLanguage":"lv-LV","@id":"https:\/\/noliktavaseksperts.coverl.id.lv\/#\/schema\/logo\/image\/","url":"https:\/\/noliktavaseksperts.coverl.id.lv\/wp-content\/uploads\/2025\/05\/logo_variacijas-09-1.webp","contentUrl":"https:\/\/noliktavaseksperts.coverl.id.lv\/wp-content\/uploads\/2025\/05\/logo_variacijas-09-1.webp","width":350,"height":350,"caption":"Noliktavas Eksperts"},"image":{"@id":"https:\/\/noliktavaseksperts.coverl.id.lv\/#\/schema\/logo\/image\/"}}]}},"_links":{"self":[{"href":"https:\/\/noliktavaseksperts.coverl.id.lv\/index.php?rest_route=\/wp\/v2\/product\/30732","targetHints":{"allow":["GET"]}}],"collection":[{"href":"https:\/\/noliktavaseksperts.coverl.id.lv\/index.php?rest_route=\/wp\/v2\/product"}],"about":[{"href":"https:\/\/noliktavaseksperts.coverl.id.lv\/index.php?rest_route=\/wp\/v2\/types\/product"}],"version-history":[{"count":1,"href":"https:\/\/noliktavaseksperts.coverl.id.lv\/index.php?rest_route=\/wp\/v2\/product\/30732\/revisions"}],"predecessor-version":[{"id":30988,"href":"https:\/\/noliktavaseksperts.coverl.id.lv\/index.php?rest_route=\/wp\/v2\/product\/30732\/revisions\/30988"}],"wp:featuredmedia":[{"embeddable":true,"href":"https:\/\/noliktavaseksperts.coverl.id.lv\/index.php?rest_route=\/wp\/v2\/media\/30987"}],"wp:attachment":[{"href":"https:\/\/noliktavaseksperts.coverl.id.lv\/index.php?rest_route=%2Fwp%2Fv2%2Fmedia&parent=30732"}],"wp:term":[{"taxonomy":"product_brand","embeddable":true,"href":"https:\/\/noliktavaseksperts.coverl.id.lv\/index.php?rest_route=%2Fwp%2Fv2%2Fproduct_brand&post=30732"},{"taxonomy":"product_cat","embeddable":true,"href":"https:\/\/noliktavaseksperts.coverl.id.lv\/index.php?rest_route=%2Fwp%2Fv2%2Fproduct_cat&post=30732"},{"taxonomy":"product_tag","embeddable":true,"href":"https:\/\/noliktavaseksperts.coverl.id.lv\/index.php?rest_route=%2Fwp%2Fv2%2Fproduct_tag&post=30732"}],"curies":[{"name":"wp","href":"https:\/\/api.w.org\/{rel}","templated":true}]}}