{"id":30653,"date":"2026-01-13T14:51:48","date_gmt":"2026-01-13T12:51:48","guid":{"rendered":"https:\/\/noliktavaseksperts.coverl.id.lv\/?post_type=product&#038;p=30653"},"modified":"2026-03-03T12:17:34","modified_gmt":"2026-03-03T10:17:34","slug":"mazlietots-plaukts-ar-mdf-ieklaju-2514x600x1200mm-6-limeni","status":"publish","type":"product","link":"https:\/\/noliktavaseksperts.coverl.id.lv\/?product=mazlietots-plaukts-ar-mdf-ieklaju-2514x600x1200mm-6-limeni","title":{"rendered":"Jauns plaukts ar defektu &#8211; 2514x600x1200mm, 6 l\u012bme\u0146i"},"content":{"rendered":"<h3 data-start=\"137\" data-end=\"242\"><strong data-start=\"163\" data-end=\"183\">S\u012bkpre\u010du plaukti \u2013<\/strong>\u00a0<strong>ide\u0101li piem\u0113roti maz\u0101ku pre\u010du un komponentu uzglab\u0101\u0161anai!<\/strong><\/h3>\n<p data-start=\"244\" data-end=\"422\">Pied\u0101v\u0101jam jaunu plauktu veidu, kas izstr\u0101d\u0101ts tie\u0161i s\u012bkpre\u010du, p\u0101rtikas produktu, instrumentu, iepakojuma materi\u0101lu un l\u012bdz\u012bgu neliela izm\u0113ra priek\u0161metu \u0113rtai, dro\u0161ai un sistem\u0101tiskai glab\u0101\u0161anai.<\/p>\n<p data-start=\"424\" data-end=\"597\">\u0160ie plaukti ir lielisks risin\u0101jums gan uz\u0146\u0113mumu noliktav\u0101m un darbn\u012bc\u0101m, gan priv\u0101t\u0101m saimniec\u012bb\u0101m, kur svar\u012bga ir p\u0101rskat\u0101m\u012bba, ietilp\u012bba un plauktu elast\u012bga konfigur\u0113\u0161ana.<\/p>\n<hr data-start=\"1200\" data-end=\"1203\" \/>\n<h3 data-start=\"1205\" data-end=\"1388\">K\u0101p\u0113c izv\u0113l\u0113ties\u00a0<strong data-start=\"625\" data-end=\"646\">s\u012bkpre\u010du plauktus<\/strong>?<\/h3>\n<ul data-start=\"649\" data-end=\"1198\">\n<li data-start=\"649\" data-end=\"743\">\n<p data-start=\"651\" data-end=\"743\"><strong data-start=\"651\" data-end=\"685\">Plaukti ar optim\u0101lu kravnes\u012bbu<\/strong>\u00a0\u2014 150 kg uz l\u012bmeni, ide\u0101li mazgabar\u012bta priek\u0161metiem.<\/p>\n<\/li>\n<li data-start=\"744\" data-end=\"873\">\n<p data-start=\"746\" data-end=\"873\"><strong data-start=\"746\" data-end=\"783\">Elast\u012bgas konfigur\u0101cijas iesp\u0113jas<\/strong>\u00a0\u2014 pieejami da\u017e\u0101di augstumi (1524\u20132514 mm), platumi (720\u20131520 mm) un dzi\u013cumi (300\u2013600 mm).<\/p>\n<\/li>\n<li data-start=\"874\" data-end=\"975\">\n<p data-start=\"876\" data-end=\"975\"><strong data-start=\"876\" data-end=\"914\">Izv\u0113le starp MDF un met\u0101la iekl\u0101ju<\/strong>\u00a0\u2014 atkar\u012bb\u0101 no pielietojuma, est\u0113tikas un slodzes vajadz\u012bb\u0101m.<\/p>\n<\/li>\n<li data-start=\"976\" data-end=\"1080\">\n<p data-start=\"978\" data-end=\"1080\"><strong data-start=\"978\" data-end=\"1017\">Iztur\u012bgs met\u0101la r\u0101mis RAL7016 kr\u0101s\u0101<\/strong>\u00a0\u2014 nodro\u0161ina konstrukcijas stabilit\u0101ti un profesion\u0101lu izskatu.<\/p>\n<\/li>\n<li data-start=\"1081\" data-end=\"1198\">\n<p data-start=\"1083\" data-end=\"1198\"><strong data-start=\"1083\" data-end=\"1104\">Vienk\u0101r\u0161a mont\u0101\u017ea<\/strong>\u00a0bez skr\u016bv\u0113m \u2014 \u0101tra uzst\u0101d\u012b\u0161ana ar iesp\u0113ju piel\u0101got plauktu l\u012bme\u0146u skaitu p\u0113c nepiecie\u0161am\u012bbas.<\/p>\n<\/li>\n<\/ul>\n<hr data-start=\"1200\" data-end=\"1203\" \/>\n<p data-start=\"1205\" data-end=\"1388\">Neatkar\u012bgi no t\u0101, vai nepiecie\u0161ams efekt\u012bvi organiz\u0113t iepako\u0161anas zonu, glab\u0101t rezerves da\u013cas vai uztur\u0113t k\u0101rt\u012bbu darbn\u012bc\u0101 \u2014\u00a0<strong data-start=\"1330\" data-end=\"1350\">s\u012bkpre\u010du plaukti<\/strong>\u00a0ir praktisks un p\u0101rdom\u0101ts risin\u0101jums.<\/p>\n<p data-start=\"1390\" data-end=\"1506\">Izv\u0113lieties kvalitat\u012bvus un ilgtsp\u0113j\u012bgus plauktus no\u00a0<strong data-start=\"1443\" data-end=\"1466\">Noliktavas Eksperta!\u00a0<\/strong><\/p>\n","protected":false},"excerpt":{"rendered":"<p><strong>Bild\u0113 paraugs ar citiem izm\u0113riem!\u00a0<\/strong><\/p>\n<ul>\n<li><strong>Augstums:<\/strong> 2514 mm<\/li>\n<li><strong>Dzi\u013cums:<\/strong> 600 mm<\/li>\n<li><strong>Sekcijas platums:\u00a0<\/strong>1200\u00a0mm<\/li>\n<li><strong>L\u012bme\u0146u skaits:<\/strong>\u00a05<\/li>\n<li><strong>Iekl\u0101jums:<\/strong> Nelamin\u0113ts MDF<\/li>\n<li><strong>Kravnes\u012bba uz katru plauktu l\u012bmeni:<\/strong> 110 kg<\/li>\n<\/ul>\n","protected":false},"featured_media":30654,"template":"","meta":{"_joinchat":[]},"product_brand":[],"product_cat":[441,630],"product_tag":[],"class_list":{"0":"post-30653","1":"product","2":"type-product","3":"status-publish","4":"has-post-thumbnail","6":"product_cat-lietotiplauktiskapji","7":"product_cat-preces-ar-defektiem","9":"first","10":"outofstock","11":"sale","12":"taxable","13":"shipping-taxable","14":"purchasable","15":"product-type-simple"},"yoast_head":"<!-- This site is optimized with the Yoast SEO plugin v27.2 - https:\/\/yoast.com\/product\/yoast-seo-wordpress\/ -->\n<title>Jauns plaukts ar defektu - 2514x600x1200mm, 6 l\u012bme\u0146i - Noliktavas Eksperts<\/title>\n<meta name=\"robots\" content=\"index, follow, max-snippet:-1, max-image-preview:large, max-video-preview:-1\" \/>\n<link rel=\"canonical\" href=\"https:\/\/noliktavaseksperts.coverl.id.lv\/prece\/mazlietots-plaukts-ar-mdf-ieklaju-2514x600x1200mm-6-limeni\/\" \/>\n<meta property=\"og:locale\" content=\"lv_LV\" \/>\n<meta property=\"og:type\" content=\"article\" \/>\n<meta property=\"og:title\" content=\"Jauns plaukts ar defektu - 2514x600x1200mm, 6 l\u012bme\u0146i - Noliktavas Eksperts\" \/>\n<meta property=\"og:description\" content=\"Bild\u0113 paraugs ar citiem izm\u0113riem!\u00a0   Augstums: 2514 mm  Dzi\u013cums: 600 mm  Sekcijas platums:\u00a01200\u00a0mm  L\u012bme\u0146u skaits:\u00a05  Iekl\u0101jums: Nelamin\u0113ts MDF  Kravnes\u012bba uz katru plauktu l\u012bmeni: 110 kg\" \/>\n<meta property=\"og:url\" content=\"https:\/\/noliktavaseksperts.coverl.id.lv\/prece\/mazlietots-plaukts-ar-mdf-ieklaju-2514x600x1200mm-6-limeni\/\" \/>\n<meta property=\"og:site_name\" content=\"Noliktavas Eksperts\" \/>\n<meta property=\"article:modified_time\" content=\"2026-03-03T10:17:34+00:00\" \/>\n<meta property=\"og:image\" content=\"https:\/\/noliktavaseksperts.coverl.id.lv\/wp-content\/uploads\/2026\/01\/2500mm-ar-6-limeniem-mdf.png\" \/>\n\t<meta property=\"og:image:width\" content=\"1024\" \/>\n\t<meta property=\"og:image:height\" content=\"1024\" \/>\n\t<meta property=\"og:image:type\" content=\"image\/png\" \/>\n<meta name=\"twitter:card\" content=\"summary_large_image\" \/>\n<meta name=\"twitter:label1\" content=\"Est. reading time\" \/>\n\t<meta name=\"twitter:data1\" content=\"2 min\u016btes\" \/>\n<script type=\"application\/ld+json\" class=\"yoast-schema-graph\">{\"@context\":\"https:\/\/schema.org\",\"@graph\":[{\"@type\":\"WebPage\",\"@id\":\"https:\/\/noliktavaseksperts.coverl.id.lv\/prece\/mazlietots-plaukts-ar-mdf-ieklaju-2514x600x1200mm-6-limeni\/\",\"url\":\"https:\/\/noliktavaseksperts.coverl.id.lv\/prece\/mazlietots-plaukts-ar-mdf-ieklaju-2514x600x1200mm-6-limeni\/\",\"name\":\"Jauns plaukts ar defektu - 2514x600x1200mm, 6 l\u012bme\u0146i - Noliktavas Eksperts\",\"isPartOf\":{\"@id\":\"https:\/\/noliktavaseksperts.coverl.id.lv\/#website\"},\"primaryImageOfPage\":{\"@id\":\"https:\/\/noliktavaseksperts.coverl.id.lv\/prece\/mazlietots-plaukts-ar-mdf-ieklaju-2514x600x1200mm-6-limeni\/#primaryimage\"},\"image\":{\"@id\":\"https:\/\/noliktavaseksperts.coverl.id.lv\/prece\/mazlietots-plaukts-ar-mdf-ieklaju-2514x600x1200mm-6-limeni\/#primaryimage\"},\"thumbnailUrl\":\"https:\/\/noliktavaseksperts.coverl.id.lv\/wp-content\/uploads\/2026\/01\/2500mm-ar-6-limeniem-mdf.png\",\"datePublished\":\"2026-01-13T12:51:48+00:00\",\"dateModified\":\"2026-03-03T10:17:34+00:00\",\"breadcrumb\":{\"@id\":\"https:\/\/noliktavaseksperts.coverl.id.lv\/prece\/mazlietots-plaukts-ar-mdf-ieklaju-2514x600x1200mm-6-limeni\/#breadcrumb\"},\"inLanguage\":\"lv-LV\",\"potentialAction\":[{\"@type\":\"ReadAction\",\"target\":[\"https:\/\/noliktavaseksperts.coverl.id.lv\/prece\/mazlietots-plaukts-ar-mdf-ieklaju-2514x600x1200mm-6-limeni\/\"]}]},{\"@type\":\"ImageObject\",\"inLanguage\":\"lv-LV\",\"@id\":\"https:\/\/noliktavaseksperts.coverl.id.lv\/prece\/mazlietots-plaukts-ar-mdf-ieklaju-2514x600x1200mm-6-limeni\/#primaryimage\",\"url\":\"https:\/\/noliktavaseksperts.coverl.id.lv\/wp-content\/uploads\/2026\/01\/2500mm-ar-6-limeniem-mdf.png\",\"contentUrl\":\"https:\/\/noliktavaseksperts.coverl.id.lv\/wp-content\/uploads\/2026\/01\/2500mm-ar-6-limeniem-mdf.png\",\"width\":1024,\"height\":1024},{\"@type\":\"BreadcrumbList\",\"@id\":\"https:\/\/noliktavaseksperts.coverl.id.lv\/prece\/mazlietots-plaukts-ar-mdf-ieklaju-2514x600x1200mm-6-limeni\/#breadcrumb\",\"itemListElement\":[{\"@type\":\"ListItem\",\"position\":1,\"name\":\"Home\",\"item\":\"https:\/\/noliktavaseksperts.coverl.id.lv\/\"},{\"@type\":\"ListItem\",\"position\":2,\"name\":\"Veikals\",\"item\":\"https:\/\/noliktavaseksperts.coverl.id.lv\/?page_id=10626\"},{\"@type\":\"ListItem\",\"position\":3,\"name\":\"Jauns plaukts ar defektu &#8211; 2514x600x1200mm, 6 l\u012bme\u0146i\"}]},{\"@type\":\"WebSite\",\"@id\":\"https:\/\/noliktavaseksperts.coverl.id.lv\/#website\",\"url\":\"https:\/\/noliktavaseksperts.coverl.id.lv\/\",\"name\":\"Noliktavas Eksperts\",\"description\":\"Noliktavas\u00a0apr\u012bkojums\",\"publisher\":{\"@id\":\"https:\/\/noliktavaseksperts.coverl.id.lv\/#organization\"},\"potentialAction\":[{\"@type\":\"SearchAction\",\"target\":{\"@type\":\"EntryPoint\",\"urlTemplate\":\"https:\/\/noliktavaseksperts.coverl.id.lv\/?s={search_term_string}\"},\"query-input\":{\"@type\":\"PropertyValueSpecification\",\"valueRequired\":true,\"valueName\":\"search_term_string\"}}],\"inLanguage\":\"lv-LV\"},{\"@type\":\"Organization\",\"@id\":\"https:\/\/noliktavaseksperts.coverl.id.lv\/#organization\",\"name\":\"Noliktavas Eksperts\",\"url\":\"https:\/\/noliktavaseksperts.coverl.id.lv\/\",\"logo\":{\"@type\":\"ImageObject\",\"inLanguage\":\"lv-LV\",\"@id\":\"https:\/\/noliktavaseksperts.coverl.id.lv\/#\/schema\/logo\/image\/\",\"url\":\"https:\/\/noliktavaseksperts.coverl.id.lv\/wp-content\/uploads\/2025\/05\/logo_variacijas-09-1.webp\",\"contentUrl\":\"https:\/\/noliktavaseksperts.coverl.id.lv\/wp-content\/uploads\/2025\/05\/logo_variacijas-09-1.webp\",\"width\":350,\"height\":350,\"caption\":\"Noliktavas Eksperts\"},\"image\":{\"@id\":\"https:\/\/noliktavaseksperts.coverl.id.lv\/#\/schema\/logo\/image\/\"}}]}<\/script>\n<!-- \/ Yoast SEO plugin. -->","yoast_head_json":{"title":"Jauns plaukts ar defektu - 2514x600x1200mm, 6 l\u012bme\u0146i - Noliktavas Eksperts","robots":{"index":"index","follow":"follow","max-snippet":"max-snippet:-1","max-image-preview":"max-image-preview:large","max-video-preview":"max-video-preview:-1"},"canonical":"https:\/\/noliktavaseksperts.coverl.id.lv\/prece\/mazlietots-plaukts-ar-mdf-ieklaju-2514x600x1200mm-6-limeni\/","og_locale":"lv_LV","og_type":"article","og_title":"Jauns plaukts ar defektu - 2514x600x1200mm, 6 l\u012bme\u0146i - Noliktavas Eksperts","og_description":"Bild\u0113 paraugs ar citiem izm\u0113riem!\u00a0   Augstums: 2514 mm  Dzi\u013cums: 600 mm  Sekcijas platums:\u00a01200\u00a0mm  L\u012bme\u0146u skaits:\u00a05  Iekl\u0101jums: Nelamin\u0113ts MDF  Kravnes\u012bba uz katru plauktu l\u012bmeni: 110 kg","og_url":"https:\/\/noliktavaseksperts.coverl.id.lv\/prece\/mazlietots-plaukts-ar-mdf-ieklaju-2514x600x1200mm-6-limeni\/","og_site_name":"Noliktavas Eksperts","article_modified_time":"2026-03-03T10:17:34+00:00","og_image":[{"width":1024,"height":1024,"url":"https:\/\/noliktavaseksperts.coverl.id.lv\/wp-content\/uploads\/2026\/01\/2500mm-ar-6-limeniem-mdf.png","type":"image\/png"}],"twitter_card":"summary_large_image","twitter_misc":{"Est. reading time":"2 min\u016btes"},"schema":{"@context":"https:\/\/schema.org","@graph":[{"@type":"WebPage","@id":"https:\/\/noliktavaseksperts.coverl.id.lv\/prece\/mazlietots-plaukts-ar-mdf-ieklaju-2514x600x1200mm-6-limeni\/","url":"https:\/\/noliktavaseksperts.coverl.id.lv\/prece\/mazlietots-plaukts-ar-mdf-ieklaju-2514x600x1200mm-6-limeni\/","name":"Jauns plaukts ar defektu - 2514x600x1200mm, 6 l\u012bme\u0146i - Noliktavas Eksperts","isPartOf":{"@id":"https:\/\/noliktavaseksperts.coverl.id.lv\/#website"},"primaryImageOfPage":{"@id":"https:\/\/noliktavaseksperts.coverl.id.lv\/prece\/mazlietots-plaukts-ar-mdf-ieklaju-2514x600x1200mm-6-limeni\/#primaryimage"},"image":{"@id":"https:\/\/noliktavaseksperts.coverl.id.lv\/prece\/mazlietots-plaukts-ar-mdf-ieklaju-2514x600x1200mm-6-limeni\/#primaryimage"},"thumbnailUrl":"https:\/\/noliktavaseksperts.coverl.id.lv\/wp-content\/uploads\/2026\/01\/2500mm-ar-6-limeniem-mdf.png","datePublished":"2026-01-13T12:51:48+00:00","dateModified":"2026-03-03T10:17:34+00:00","breadcrumb":{"@id":"https:\/\/noliktavaseksperts.coverl.id.lv\/prece\/mazlietots-plaukts-ar-mdf-ieklaju-2514x600x1200mm-6-limeni\/#breadcrumb"},"inLanguage":"lv-LV","potentialAction":[{"@type":"ReadAction","target":["https:\/\/noliktavaseksperts.coverl.id.lv\/prece\/mazlietots-plaukts-ar-mdf-ieklaju-2514x600x1200mm-6-limeni\/"]}]},{"@type":"ImageObject","inLanguage":"lv-LV","@id":"https:\/\/noliktavaseksperts.coverl.id.lv\/prece\/mazlietots-plaukts-ar-mdf-ieklaju-2514x600x1200mm-6-limeni\/#primaryimage","url":"https:\/\/noliktavaseksperts.coverl.id.lv\/wp-content\/uploads\/2026\/01\/2500mm-ar-6-limeniem-mdf.png","contentUrl":"https:\/\/noliktavaseksperts.coverl.id.lv\/wp-content\/uploads\/2026\/01\/2500mm-ar-6-limeniem-mdf.png","width":1024,"height":1024},{"@type":"BreadcrumbList","@id":"https:\/\/noliktavaseksperts.coverl.id.lv\/prece\/mazlietots-plaukts-ar-mdf-ieklaju-2514x600x1200mm-6-limeni\/#breadcrumb","itemListElement":[{"@type":"ListItem","position":1,"name":"Home","item":"https:\/\/noliktavaseksperts.coverl.id.lv\/"},{"@type":"ListItem","position":2,"name":"Veikals","item":"https:\/\/noliktavaseksperts.coverl.id.lv\/?page_id=10626"},{"@type":"ListItem","position":3,"name":"Jauns plaukts ar defektu &#8211; 2514x600x1200mm, 6 l\u012bme\u0146i"}]},{"@type":"WebSite","@id":"https:\/\/noliktavaseksperts.coverl.id.lv\/#website","url":"https:\/\/noliktavaseksperts.coverl.id.lv\/","name":"Noliktavas Eksperts","description":"Noliktavas\u00a0apr\u012bkojums","publisher":{"@id":"https:\/\/noliktavaseksperts.coverl.id.lv\/#organization"},"potentialAction":[{"@type":"SearchAction","target":{"@type":"EntryPoint","urlTemplate":"https:\/\/noliktavaseksperts.coverl.id.lv\/?s={search_term_string}"},"query-input":{"@type":"PropertyValueSpecification","valueRequired":true,"valueName":"search_term_string"}}],"inLanguage":"lv-LV"},{"@type":"Organization","@id":"https:\/\/noliktavaseksperts.coverl.id.lv\/#organization","name":"Noliktavas Eksperts","url":"https:\/\/noliktavaseksperts.coverl.id.lv\/","logo":{"@type":"ImageObject","inLanguage":"lv-LV","@id":"https:\/\/noliktavaseksperts.coverl.id.lv\/#\/schema\/logo\/image\/","url":"https:\/\/noliktavaseksperts.coverl.id.lv\/wp-content\/uploads\/2025\/05\/logo_variacijas-09-1.webp","contentUrl":"https:\/\/noliktavaseksperts.coverl.id.lv\/wp-content\/uploads\/2025\/05\/logo_variacijas-09-1.webp","width":350,"height":350,"caption":"Noliktavas Eksperts"},"image":{"@id":"https:\/\/noliktavaseksperts.coverl.id.lv\/#\/schema\/logo\/image\/"}}]}},"_links":{"self":[{"href":"https:\/\/noliktavaseksperts.coverl.id.lv\/index.php?rest_route=\/wp\/v2\/product\/30653","targetHints":{"allow":["GET"]}}],"collection":[{"href":"https:\/\/noliktavaseksperts.coverl.id.lv\/index.php?rest_route=\/wp\/v2\/product"}],"about":[{"href":"https:\/\/noliktavaseksperts.coverl.id.lv\/index.php?rest_route=\/wp\/v2\/types\/product"}],"version-history":[{"count":1,"href":"https:\/\/noliktavaseksperts.coverl.id.lv\/index.php?rest_route=\/wp\/v2\/product\/30653\/revisions"}],"predecessor-version":[{"id":30977,"href":"https:\/\/noliktavaseksperts.coverl.id.lv\/index.php?rest_route=\/wp\/v2\/product\/30653\/revisions\/30977"}],"wp:featuredmedia":[{"embeddable":true,"href":"https:\/\/noliktavaseksperts.coverl.id.lv\/index.php?rest_route=\/wp\/v2\/media\/30654"}],"wp:attachment":[{"href":"https:\/\/noliktavaseksperts.coverl.id.lv\/index.php?rest_route=%2Fwp%2Fv2%2Fmedia&parent=30653"}],"wp:term":[{"taxonomy":"product_brand","embeddable":true,"href":"https:\/\/noliktavaseksperts.coverl.id.lv\/index.php?rest_route=%2Fwp%2Fv2%2Fproduct_brand&post=30653"},{"taxonomy":"product_cat","embeddable":true,"href":"https:\/\/noliktavaseksperts.coverl.id.lv\/index.php?rest_route=%2Fwp%2Fv2%2Fproduct_cat&post=30653"},{"taxonomy":"product_tag","embeddable":true,"href":"https:\/\/noliktavaseksperts.coverl.id.lv\/index.php?rest_route=%2Fwp%2Fv2%2Fproduct_tag&post=30653"}],"curies":[{"name":"wp","href":"https:\/\/api.w.org\/{rel}","templated":true}]}}