{"id":29739,"date":"2025-09-02T20:57:16","date_gmt":"2025-09-02T17:57:16","guid":{"rendered":"https:\/\/noliktavaseksperts.coverl.id.lv\/?post_type=product&#038;p=29739"},"modified":"2026-03-05T09:41:03","modified_gmt":"2026-03-05T07:41:03","slug":"metala-skapis-sus324w-ar-8-nodalijumiem-1800x500x600mm","status":"publish","type":"product","link":"https:\/\/noliktavaseksperts.coverl.id.lv\/?product=metala-skapis-sus324w-ar-8-nodalijumiem-1800x500x600mm","title":{"rendered":"Met\u0101la skapis SUS324W ar 8 nodal\u012bjumiem &#8211; 1800x500x600mm"},"content":{"rendered":"<h1 data-start=\"0\" data-end=\"60\">Kvalitat\u012bvas met\u0101la m\u0113beles no uzticama ra\u017eot\u0101ja \u2013 MALOW<\/h1>\n<p data-start=\"62\" data-end=\"344\"><strong><em data-start=\"62\" data-end=\"83\">Noliktavas Eksperts<\/em>\u00a0<\/strong>pied\u0101v\u0101 augstas kvalit\u0101tes\u00a0<strong data-start=\"111\" data-end=\"129\">met\u0101la m\u0113beles<\/strong>\u00a0no\u00a0<strong data-start=\"133\" data-end=\"142\">MALOW<\/strong>\u00a0\u2013 vado\u0161\u0101 Po\u013cu ra\u017eot\u0101ja ar vair\u0101k nek\u0101 30 gadu pieredzi nozar\u0113. MALOW specializ\u0113jas\u00a0<strong data-start=\"226\" data-end=\"267\">funkcion\u0101lu un iztur\u012bgu met\u0101la m\u0113be\u013cu<\/strong>\u00a0ra\u017eo\u0161an\u0101, kas piem\u0113rotas gan birojiem, gan ra\u017eo\u0161anas un industri\u0101l\u0101m telp\u0101m.<\/p>\n<hr data-start=\"346\" data-end=\"349\" \/>\n<h3 data-start=\"351\" data-end=\"386\">K\u0101p\u0113c izv\u0113l\u0113ties MALOW m\u0113beles?<\/h3>\n<ul data-start=\"388\" data-end=\"777\">\n<li data-start=\"388\" data-end=\"474\">\n<p data-start=\"390\" data-end=\"474\"><strong data-start=\"390\" data-end=\"426\">Ilggad\u0113ja pieredze un uzticam\u012bba<\/strong>\u00a0\u2013 vair\u0101k nek\u0101 30 gadi met\u0101la m\u0113be\u013cu ra\u017eo\u0161an\u0101;<\/p>\n<\/li>\n<li data-start=\"475\" data-end=\"565\">\n<p data-start=\"477\" data-end=\"565\"><strong data-start=\"477\" data-end=\"497\">Pla\u0161s sortiments<\/strong>\u00a0\u2013 no garderobes un instrumentu skapjiem l\u012bdz biroja risin\u0101jumiem;<\/p>\n<\/li>\n<li data-start=\"566\" data-end=\"683\">\n<p data-start=\"568\" data-end=\"683\"><strong data-start=\"568\" data-end=\"599\">Iztur\u012bba un funkcionalit\u0101te<\/strong>\u00a0\u2013 m\u0113beles veidotas ikdienas lieto\u0161anai gan profesion\u0101l\u0101s, gan sabiedrisk\u0101s vid\u0113s;<\/p>\n<\/li>\n<li data-start=\"684\" data-end=\"777\">\n<p data-start=\"686\" data-end=\"777\"><strong data-start=\"686\" data-end=\"724\">Modernas tehnolo\u0123ijas un materi\u0101li<\/strong>\u00a0\u2013 nodro\u0161ina ilgtermi\u0146a kvalit\u0101ti un augstu iztur\u012bbu.<\/p>\n<\/li>\n<li data-start=\"684\" data-end=\"777\"><strong>Draudz\u012bga cena \u2013\u00a0<\/strong><em>Noliktavas Eksperts<\/em>\u00a0pied\u0101v\u0101 ieg\u0101d\u0101ties<strong>\u00a0MALOW met\u0101la m\u0113beles par izdev\u012bg\u0101ko tirgus cenu!\u00a0<\/strong><\/li>\n<\/ul>\n<hr data-start=\"779\" data-end=\"782\" \/>\n<p data-start=\"784\" data-end=\"907\" data-is-last-node=\"\" data-is-only-node=\"\">Izv\u0113lieties\u00a0<strong data-start=\"796\" data-end=\"820\">MALOW met\u0101la m\u0113beles<\/strong>\u00a0no\u00a0<strong><em data-start=\"824\" data-end=\"845\">Noliktavas Eksperta<\/em><\/strong>\u00a0\u2013 uzticams risin\u0101jums darba telp\u0101m, kur kvalit\u0101tei ir noz\u012bme.<\/p>\n","protected":false},"excerpt":{"rendered":"<div class=\"flex-shrink-0 flex flex-col relative items-end\">\n<div>\n<div class=\"pt-0\">\n<div class=\"gizmo-bot-avatar flex h-8 w-8 items-center justify-center overflow-hidden rounded-full\">\n<p class=\"relative p-1 rounded-sm flex items-center justify-center bg-token-main-surface-primary text-token-text-primary h-8 w-8\"><strong>SUS324W <\/strong><strong>skapis sev\u012b ietver:<\/strong><\/p>\n<\/div>\n<\/div>\n<\/div>\n<\/div>\n<div class=\"group\/conversation-turn relative flex w-full min-w-0 flex-col agent-turn\">\n<div class=\"flex-col gap-1 md:gap-3\">\n<div class=\"flex max-w-full flex-col flex-grow\">\n<div class=\"min-h-8 text-message flex w-full flex-col items-end gap-2 whitespace-normal break-words text-start [.text-message+&amp;]:mt-5\" dir=\"auto\" data-message-author-role=\"assistant\" data-message-id=\"6f114a1e-85a6-4845-a84a-59da8aae0913\" data-message-model-slug=\"gpt-4o-mini\">\n<div class=\"flex w-full flex-col gap-1 empty:hidden first:pt-[3px]\">\n<div class=\"markdown prose w-full break-words dark:prose-invert light\">\n<ul>\n<li>Inform\u0101cijas kabati\u0146u uz katr\u0101m durv\u012bm<\/li>\n<li>Cilindrisku sl\u0113dzeni ar div\u0101m atsl\u0113g\u0101m, katrai durti\u0146ai<\/li>\n<li>Asto\u0146us nodal\u012bjumus, kur katrs 300mm plats un 450mm augsts<\/li>\n<li>Ventil\u0101cijas atveres katr\u0101 durti\u0146\u0101<\/li>\n<\/ul>\n<p><strong>Pieejami uz vietas!<br \/>\n<\/strong><strong>Zem\u0101k nor\u0101d\u012bti izm\u0113ri un papildus inform\u0101cija!<\/strong><\/p>\n<\/div>\n<\/div>\n<\/div>\n<\/div>\n<\/div>\n<\/div>\n","protected":false},"featured_media":29727,"template":"","meta":{"_joinchat":[]},"product_brand":[],"product_cat":[439,600],"product_tag":[],"class_list":{"0":"post-29739","1":"product","2":"type-product","3":"status-publish","4":"has-post-thumbnail","6":"product_cat-metala-garderobes-skapji","7":"product_cat-nodalijumu-skapji","9":"first","10":"instock","11":"taxable","12":"shipping-taxable","13":"purchasable","14":"product-type-simple"},"yoast_head":"<!-- This site is optimized with the Yoast SEO plugin v27.2 - https:\/\/yoast.com\/product\/yoast-seo-wordpress\/ -->\n<title>Met\u0101la skapis ar 8 nodal\u012bjumiem | Met\u0101la nodal\u012bjumu skapis<\/title>\n<meta name=\"description\" content=\"Iztur\u012bgs un ietilp\u012bgs met\u0101la skapis ar 8 nodal\u012bjumiem. Lielisks risin\u0101jums garderob\u0113m un birojiem. Nodro\u0161ina dro\u0161u person\u012bgo mantu uzglab\u0101\u0161anu.\" \/>\n<meta name=\"robots\" content=\"index, follow, max-snippet:-1, max-image-preview:large, max-video-preview:-1\" \/>\n<link rel=\"canonical\" href=\"https:\/\/noliktavaseksperts.coverl.id.lv\/prece\/metala-skapis-sus324w-ar-8-nodalijumiem-1800x500x600mm\/\" \/>\n<meta property=\"og:locale\" content=\"lv_LV\" \/>\n<meta property=\"og:type\" content=\"article\" \/>\n<meta property=\"og:title\" content=\"Met\u0101la skapis ar 8 nodal\u012bjumiem | Met\u0101la nodal\u012bjumu skapis\" \/>\n<meta property=\"og:description\" content=\"Iztur\u012bgs un ietilp\u012bgs met\u0101la skapis ar 8 nodal\u012bjumiem. Lielisks risin\u0101jums garderob\u0113m un birojiem. Nodro\u0161ina dro\u0161u person\u012bgo mantu uzglab\u0101\u0161anu.\" \/>\n<meta property=\"og:url\" content=\"https:\/\/noliktavaseksperts.coverl.id.lv\/prece\/metala-skapis-sus324w-ar-8-nodalijumiem-1800x500x600mm\/\" \/>\n<meta property=\"og:site_name\" content=\"Noliktavas Eksperts\" \/>\n<meta property=\"article:modified_time\" content=\"2026-03-05T07:41:03+00:00\" \/>\n<meta property=\"og:image\" content=\"https:\/\/noliktavaseksperts.coverl.id.lv\/wp-content\/uploads\/2025\/09\/Sus324-7016-l-profile-open-scaled.jpg\" \/>\n\t<meta property=\"og:image:width\" content=\"2560\" \/>\n\t<meta property=\"og:image:height\" content=\"1679\" \/>\n\t<meta property=\"og:image:type\" content=\"image\/jpeg\" \/>\n<meta name=\"twitter:card\" content=\"summary_large_image\" \/>\n<meta name=\"twitter:label1\" content=\"Est. reading time\" \/>\n\t<meta name=\"twitter:data1\" content=\"1 min\u016bte\" \/>\n<script type=\"application\/ld+json\" class=\"yoast-schema-graph\">{\"@context\":\"https:\/\/schema.org\",\"@graph\":[{\"@type\":\"WebPage\",\"@id\":\"https:\/\/noliktavaseksperts.coverl.id.lv\/prece\/metala-skapis-sus324w-ar-8-nodalijumiem-1800x500x600mm\/\",\"url\":\"https:\/\/noliktavaseksperts.coverl.id.lv\/prece\/metala-skapis-sus324w-ar-8-nodalijumiem-1800x500x600mm\/\",\"name\":\"Met\u0101la skapis ar 8 nodal\u012bjumiem | Met\u0101la nodal\u012bjumu skapis\",\"isPartOf\":{\"@id\":\"https:\/\/noliktavaseksperts.coverl.id.lv\/#website\"},\"primaryImageOfPage\":{\"@id\":\"https:\/\/noliktavaseksperts.coverl.id.lv\/prece\/metala-skapis-sus324w-ar-8-nodalijumiem-1800x500x600mm\/#primaryimage\"},\"image\":{\"@id\":\"https:\/\/noliktavaseksperts.coverl.id.lv\/prece\/metala-skapis-sus324w-ar-8-nodalijumiem-1800x500x600mm\/#primaryimage\"},\"thumbnailUrl\":\"https:\/\/noliktavaseksperts.coverl.id.lv\/wp-content\/uploads\/2025\/09\/Sus324-7016-l-profile-open-scaled.jpg\",\"datePublished\":\"2025-09-02T17:57:16+00:00\",\"dateModified\":\"2026-03-05T07:41:03+00:00\",\"description\":\"Iztur\u012bgs un ietilp\u012bgs met\u0101la skapis ar 8 nodal\u012bjumiem. Lielisks risin\u0101jums garderob\u0113m un birojiem. Nodro\u0161ina dro\u0161u person\u012bgo mantu uzglab\u0101\u0161anu.\",\"breadcrumb\":{\"@id\":\"https:\/\/noliktavaseksperts.coverl.id.lv\/prece\/metala-skapis-sus324w-ar-8-nodalijumiem-1800x500x600mm\/#breadcrumb\"},\"inLanguage\":\"lv-LV\",\"potentialAction\":[{\"@type\":\"ReadAction\",\"target\":[\"https:\/\/noliktavaseksperts.coverl.id.lv\/prece\/metala-skapis-sus324w-ar-8-nodalijumiem-1800x500x600mm\/\"]}]},{\"@type\":\"ImageObject\",\"inLanguage\":\"lv-LV\",\"@id\":\"https:\/\/noliktavaseksperts.coverl.id.lv\/prece\/metala-skapis-sus324w-ar-8-nodalijumiem-1800x500x600mm\/#primaryimage\",\"url\":\"https:\/\/noliktavaseksperts.coverl.id.lv\/wp-content\/uploads\/2025\/09\/Sus324-7016-l-profile-open-scaled.jpg\",\"contentUrl\":\"https:\/\/noliktavaseksperts.coverl.id.lv\/wp-content\/uploads\/2025\/09\/Sus324-7016-l-profile-open-scaled.jpg\",\"width\":2560,\"height\":1679,\"caption\":\"SUS324W skapis ar 8 durv\u012bm\"},{\"@type\":\"BreadcrumbList\",\"@id\":\"https:\/\/noliktavaseksperts.coverl.id.lv\/prece\/metala-skapis-sus324w-ar-8-nodalijumiem-1800x500x600mm\/#breadcrumb\",\"itemListElement\":[{\"@type\":\"ListItem\",\"position\":1,\"name\":\"Home\",\"item\":\"https:\/\/noliktavaseksperts.coverl.id.lv\/\"},{\"@type\":\"ListItem\",\"position\":2,\"name\":\"Veikals\",\"item\":\"https:\/\/noliktavaseksperts.coverl.id.lv\/?page_id=10626\"},{\"@type\":\"ListItem\",\"position\":3,\"name\":\"Met\u0101la skapis SUS324W ar 8 nodal\u012bjumiem &#8211; 1800x500x600mm\"}]},{\"@type\":\"WebSite\",\"@id\":\"https:\/\/noliktavaseksperts.coverl.id.lv\/#website\",\"url\":\"https:\/\/noliktavaseksperts.coverl.id.lv\/\",\"name\":\"Noliktavas Eksperts\",\"description\":\"Noliktavas\u00a0apr\u012bkojums\",\"publisher\":{\"@id\":\"https:\/\/noliktavaseksperts.coverl.id.lv\/#organization\"},\"potentialAction\":[{\"@type\":\"SearchAction\",\"target\":{\"@type\":\"EntryPoint\",\"urlTemplate\":\"https:\/\/noliktavaseksperts.coverl.id.lv\/?s={search_term_string}\"},\"query-input\":{\"@type\":\"PropertyValueSpecification\",\"valueRequired\":true,\"valueName\":\"search_term_string\"}}],\"inLanguage\":\"lv-LV\"},{\"@type\":\"Organization\",\"@id\":\"https:\/\/noliktavaseksperts.coverl.id.lv\/#organization\",\"name\":\"Noliktavas Eksperts\",\"url\":\"https:\/\/noliktavaseksperts.coverl.id.lv\/\",\"logo\":{\"@type\":\"ImageObject\",\"inLanguage\":\"lv-LV\",\"@id\":\"https:\/\/noliktavaseksperts.coverl.id.lv\/#\/schema\/logo\/image\/\",\"url\":\"https:\/\/noliktavaseksperts.coverl.id.lv\/wp-content\/uploads\/2025\/05\/logo_variacijas-09-1.webp\",\"contentUrl\":\"https:\/\/noliktavaseksperts.coverl.id.lv\/wp-content\/uploads\/2025\/05\/logo_variacijas-09-1.webp\",\"width\":350,\"height\":350,\"caption\":\"Noliktavas Eksperts\"},\"image\":{\"@id\":\"https:\/\/noliktavaseksperts.coverl.id.lv\/#\/schema\/logo\/image\/\"}}]}<\/script>\n<!-- \/ Yoast SEO plugin. -->","yoast_head_json":{"title":"Met\u0101la skapis ar 8 nodal\u012bjumiem | Met\u0101la nodal\u012bjumu skapis","description":"Iztur\u012bgs un ietilp\u012bgs met\u0101la skapis ar 8 nodal\u012bjumiem. Lielisks risin\u0101jums garderob\u0113m un birojiem. Nodro\u0161ina dro\u0161u person\u012bgo mantu uzglab\u0101\u0161anu.","robots":{"index":"index","follow":"follow","max-snippet":"max-snippet:-1","max-image-preview":"max-image-preview:large","max-video-preview":"max-video-preview:-1"},"canonical":"https:\/\/noliktavaseksperts.coverl.id.lv\/prece\/metala-skapis-sus324w-ar-8-nodalijumiem-1800x500x600mm\/","og_locale":"lv_LV","og_type":"article","og_title":"Met\u0101la skapis ar 8 nodal\u012bjumiem | Met\u0101la nodal\u012bjumu skapis","og_description":"Iztur\u012bgs un ietilp\u012bgs met\u0101la skapis ar 8 nodal\u012bjumiem. Lielisks risin\u0101jums garderob\u0113m un birojiem. Nodro\u0161ina dro\u0161u person\u012bgo mantu uzglab\u0101\u0161anu.","og_url":"https:\/\/noliktavaseksperts.coverl.id.lv\/prece\/metala-skapis-sus324w-ar-8-nodalijumiem-1800x500x600mm\/","og_site_name":"Noliktavas Eksperts","article_modified_time":"2026-03-05T07:41:03+00:00","og_image":[{"width":2560,"height":1679,"url":"https:\/\/noliktavaseksperts.coverl.id.lv\/wp-content\/uploads\/2025\/09\/Sus324-7016-l-profile-open-scaled.jpg","type":"image\/jpeg"}],"twitter_card":"summary_large_image","twitter_misc":{"Est. reading time":"1 min\u016bte"},"schema":{"@context":"https:\/\/schema.org","@graph":[{"@type":"WebPage","@id":"https:\/\/noliktavaseksperts.coverl.id.lv\/prece\/metala-skapis-sus324w-ar-8-nodalijumiem-1800x500x600mm\/","url":"https:\/\/noliktavaseksperts.coverl.id.lv\/prece\/metala-skapis-sus324w-ar-8-nodalijumiem-1800x500x600mm\/","name":"Met\u0101la skapis ar 8 nodal\u012bjumiem | Met\u0101la nodal\u012bjumu skapis","isPartOf":{"@id":"https:\/\/noliktavaseksperts.coverl.id.lv\/#website"},"primaryImageOfPage":{"@id":"https:\/\/noliktavaseksperts.coverl.id.lv\/prece\/metala-skapis-sus324w-ar-8-nodalijumiem-1800x500x600mm\/#primaryimage"},"image":{"@id":"https:\/\/noliktavaseksperts.coverl.id.lv\/prece\/metala-skapis-sus324w-ar-8-nodalijumiem-1800x500x600mm\/#primaryimage"},"thumbnailUrl":"https:\/\/noliktavaseksperts.coverl.id.lv\/wp-content\/uploads\/2025\/09\/Sus324-7016-l-profile-open-scaled.jpg","datePublished":"2025-09-02T17:57:16+00:00","dateModified":"2026-03-05T07:41:03+00:00","description":"Iztur\u012bgs un ietilp\u012bgs met\u0101la skapis ar 8 nodal\u012bjumiem. Lielisks risin\u0101jums garderob\u0113m un birojiem. Nodro\u0161ina dro\u0161u person\u012bgo mantu uzglab\u0101\u0161anu.","breadcrumb":{"@id":"https:\/\/noliktavaseksperts.coverl.id.lv\/prece\/metala-skapis-sus324w-ar-8-nodalijumiem-1800x500x600mm\/#breadcrumb"},"inLanguage":"lv-LV","potentialAction":[{"@type":"ReadAction","target":["https:\/\/noliktavaseksperts.coverl.id.lv\/prece\/metala-skapis-sus324w-ar-8-nodalijumiem-1800x500x600mm\/"]}]},{"@type":"ImageObject","inLanguage":"lv-LV","@id":"https:\/\/noliktavaseksperts.coverl.id.lv\/prece\/metala-skapis-sus324w-ar-8-nodalijumiem-1800x500x600mm\/#primaryimage","url":"https:\/\/noliktavaseksperts.coverl.id.lv\/wp-content\/uploads\/2025\/09\/Sus324-7016-l-profile-open-scaled.jpg","contentUrl":"https:\/\/noliktavaseksperts.coverl.id.lv\/wp-content\/uploads\/2025\/09\/Sus324-7016-l-profile-open-scaled.jpg","width":2560,"height":1679,"caption":"SUS324W skapis ar 8 durv\u012bm"},{"@type":"BreadcrumbList","@id":"https:\/\/noliktavaseksperts.coverl.id.lv\/prece\/metala-skapis-sus324w-ar-8-nodalijumiem-1800x500x600mm\/#breadcrumb","itemListElement":[{"@type":"ListItem","position":1,"name":"Home","item":"https:\/\/noliktavaseksperts.coverl.id.lv\/"},{"@type":"ListItem","position":2,"name":"Veikals","item":"https:\/\/noliktavaseksperts.coverl.id.lv\/?page_id=10626"},{"@type":"ListItem","position":3,"name":"Met\u0101la skapis SUS324W ar 8 nodal\u012bjumiem &#8211; 1800x500x600mm"}]},{"@type":"WebSite","@id":"https:\/\/noliktavaseksperts.coverl.id.lv\/#website","url":"https:\/\/noliktavaseksperts.coverl.id.lv\/","name":"Noliktavas Eksperts","description":"Noliktavas\u00a0apr\u012bkojums","publisher":{"@id":"https:\/\/noliktavaseksperts.coverl.id.lv\/#organization"},"potentialAction":[{"@type":"SearchAction","target":{"@type":"EntryPoint","urlTemplate":"https:\/\/noliktavaseksperts.coverl.id.lv\/?s={search_term_string}"},"query-input":{"@type":"PropertyValueSpecification","valueRequired":true,"valueName":"search_term_string"}}],"inLanguage":"lv-LV"},{"@type":"Organization","@id":"https:\/\/noliktavaseksperts.coverl.id.lv\/#organization","name":"Noliktavas Eksperts","url":"https:\/\/noliktavaseksperts.coverl.id.lv\/","logo":{"@type":"ImageObject","inLanguage":"lv-LV","@id":"https:\/\/noliktavaseksperts.coverl.id.lv\/#\/schema\/logo\/image\/","url":"https:\/\/noliktavaseksperts.coverl.id.lv\/wp-content\/uploads\/2025\/05\/logo_variacijas-09-1.webp","contentUrl":"https:\/\/noliktavaseksperts.coverl.id.lv\/wp-content\/uploads\/2025\/05\/logo_variacijas-09-1.webp","width":350,"height":350,"caption":"Noliktavas Eksperts"},"image":{"@id":"https:\/\/noliktavaseksperts.coverl.id.lv\/#\/schema\/logo\/image\/"}}]}},"_links":{"self":[{"href":"https:\/\/noliktavaseksperts.coverl.id.lv\/index.php?rest_route=\/wp\/v2\/product\/29739","targetHints":{"allow":["GET"]}}],"collection":[{"href":"https:\/\/noliktavaseksperts.coverl.id.lv\/index.php?rest_route=\/wp\/v2\/product"}],"about":[{"href":"https:\/\/noliktavaseksperts.coverl.id.lv\/index.php?rest_route=\/wp\/v2\/types\/product"}],"version-history":[{"count":1,"href":"https:\/\/noliktavaseksperts.coverl.id.lv\/index.php?rest_route=\/wp\/v2\/product\/29739\/revisions"}],"predecessor-version":[{"id":31079,"href":"https:\/\/noliktavaseksperts.coverl.id.lv\/index.php?rest_route=\/wp\/v2\/product\/29739\/revisions\/31079"}],"wp:featuredmedia":[{"embeddable":true,"href":"https:\/\/noliktavaseksperts.coverl.id.lv\/index.php?rest_route=\/wp\/v2\/media\/29727"}],"wp:attachment":[{"href":"https:\/\/noliktavaseksperts.coverl.id.lv\/index.php?rest_route=%2Fwp%2Fv2%2Fmedia&parent=29739"}],"wp:term":[{"taxonomy":"product_brand","embeddable":true,"href":"https:\/\/noliktavaseksperts.coverl.id.lv\/index.php?rest_route=%2Fwp%2Fv2%2Fproduct_brand&post=29739"},{"taxonomy":"product_cat","embeddable":true,"href":"https:\/\/noliktavaseksperts.coverl.id.lv\/index.php?rest_route=%2Fwp%2Fv2%2Fproduct_cat&post=29739"},{"taxonomy":"product_tag","embeddable":true,"href":"https:\/\/noliktavaseksperts.coverl.id.lv\/index.php?rest_route=%2Fwp%2Fv2%2Fproduct_tag&post=29739"}],"curies":[{"name":"wp","href":"https:\/\/api.w.org\/{rel}","templated":true}]}}