{"id":29663,"date":"2025-09-01T15:51:53","date_gmt":"2025-09-01T12:51:53","guid":{"rendered":"https:\/\/noliktavaseksperts.coverl.id.lv\/?post_type=product&#038;p=29663"},"modified":"2025-10-17T11:16:30","modified_gmt":"2025-10-17T08:16:30","slug":"cinkots-sikprecu-plaukts-gs-2000x500x1020mm-4-limeni","status":"publish","type":"product","link":"https:\/\/noliktavaseksperts.coverl.id.lv\/?product=cinkots-sikprecu-plaukts-gs-2000x500x1020mm-4-limeni","title":{"rendered":"Cinkots s\u012bkpre\u010du plaukts GS 2000x500x1020mm &#8211; 4 l\u012bme\u0146i"},"content":{"rendered":"<h1 data-start=\"150\" data-end=\"250\">Lietoti\u00a0<strong data-start=\"162\" data-end=\"189\">GS industry<\/strong>\u00a0plaukti \u2013 izdev\u012bgs risin\u0101jums J\u016bsu noliktavai, gar\u0101\u017eai, darbn\u012bcai vai birojam!<\/h1>\n<p data-start=\"252\" data-end=\"427\">Iztur\u012bgi un stabili mazlietoti plaukti \u2013 ietaupiet\u00a0 30% sal\u012bdzin\u0101jum\u0101 ar jaunu plauktu ieg\u0101di.<\/p>\n<p data-start=\"429\" data-end=\"458\"><strong data-start=\"429\" data-end=\"456\">Galven\u0101s priek\u0161roc\u012bbas:<\/strong><\/p>\n<ul data-start=\"459\" data-end=\"933\">\n<li data-start=\"459\" data-end=\"555\">\n<p data-start=\"461\" data-end=\"555\"><strong data-start=\"461\" data-end=\"505\">Kravnes\u012bba l\u012bdz 150 kg uz plaukta l\u012bmeni<\/strong>\u00a0\u2013 dro\u0161a da\u017e\u0101du pre\u010du un apr\u012bkojuma uzglab\u0101\u0161ana.<\/p>\n<\/li>\n<li data-start=\"556\" data-end=\"650\">\n<p data-start=\"558\" data-end=\"650\"><strong data-start=\"558\" data-end=\"590\">Cinkota t\u0113rauda konstrukcija<\/strong>\u00a0\u2013 iztur\u012bga pret koroziju, piem\u0113rota ilgsto\u0161ai lieto\u0161anai.<\/p>\n<\/li>\n<li data-start=\"651\" data-end=\"750\">\n<p data-start=\"653\" data-end=\"750\"><strong data-start=\"653\" data-end=\"682\">\u0100tra un vienk\u0101r\u0161a mont\u0101\u017ea<\/strong>\u00a0\u2013 bez skr\u016bv\u0113m, viegli piel\u0101gojams plauktu augstums.<\/p>\n<\/li>\n<li data-start=\"853\" data-end=\"933\">\n<p data-start=\"855\" data-end=\"933\"><strong data-start=\"855\" data-end=\"882\">Univers\u0101ls pielietojums<\/strong>\u00a0\u2013 noliktavas, ra\u017eotnes, arh\u012bvi, biroji, gar\u0101\u017eas.<\/p>\n<\/li>\n<\/ul>\n<p data-start=\"935\" data-end=\"1049\">\ud83d\udc49 Izv\u0113lieties lietotus plauktus no\u00a0<strong data-start=\"971\" data-end=\"994\">Noliktavas Eksperta<\/strong>\u00a0un ieg\u016bstiet uzticamu kvalit\u0101ti par izdev\u012bg\u0101ko cenu!<\/p>\n","protected":false},"excerpt":{"rendered":"<ul>\n<li><strong>Augstums:<\/strong>\u00a02000 mm<\/li>\n<li><strong>Dzi\u013cums:<\/strong>\u00a0500 mm<\/li>\n<li><strong>Sekcijas platums:<\/strong> 1020 mm<\/li>\n<li><strong>L\u012bme\u0146u skaits:<\/strong>\u00a04<\/li>\n<li><strong>Iekl\u0101jums:<\/strong>\u00a0Cinkots t\u0113rauds<\/li>\n<li><strong>Kravnes\u012bba uz katru plauktu l\u012bmeni:<\/strong> 100 kg<\/li>\n<\/ul>\n","protected":false},"featured_media":0,"template":"","meta":{"_joinchat":[]},"product_brand":[],"product_cat":[],"product_tag":[],"class_list":{"0":"post-29663","1":"product","2":"type-product","3":"status-publish","6":"first","7":"outofstock","8":"taxable","9":"shipping-taxable","10":"purchasable","11":"product-type-simple"},"yoast_head":"<!-- This site is optimized with the Yoast SEO plugin v27.2 - https:\/\/yoast.com\/product\/yoast-seo-wordpress\/ -->\n<title>S\u012bkpre\u010du plaukti ar cinka p\u0101rkl\u0101jumu | Noliktavas eksperts<\/title>\n<meta name=\"description\" content=\"Izv\u0113lieties cinkotu plauktu ar \u010detriem l\u012bme\u0146iem, kas ir iztur\u012bgs pret koroziju. Nodro\u0161iniet dro\u0161u s\u012bkpre\u010du uzglab\u0101\u0161anu.\" \/>\n<meta name=\"robots\" content=\"index, follow, max-snippet:-1, max-image-preview:large, max-video-preview:-1\" \/>\n<link rel=\"canonical\" href=\"https:\/\/noliktavaseksperts.coverl.id.lv\/prece\/cinkots-sikprecu-plaukts-gs-2000x500x1020mm-4-limeni\/\" \/>\n<meta property=\"og:locale\" content=\"lv_LV\" \/>\n<meta property=\"og:type\" content=\"article\" \/>\n<meta property=\"og:title\" content=\"S\u012bkpre\u010du plaukti ar cinka p\u0101rkl\u0101jumu | Noliktavas eksperts\" \/>\n<meta property=\"og:description\" content=\"Izv\u0113lieties cinkotu plauktu ar \u010detriem l\u012bme\u0146iem, kas ir iztur\u012bgs pret koroziju. Nodro\u0161iniet dro\u0161u s\u012bkpre\u010du uzglab\u0101\u0161anu.\" \/>\n<meta property=\"og:url\" content=\"https:\/\/noliktavaseksperts.coverl.id.lv\/prece\/cinkots-sikprecu-plaukts-gs-2000x500x1020mm-4-limeni\/\" \/>\n<meta property=\"og:site_name\" content=\"Noliktavas Eksperts\" \/>\n<meta property=\"article:modified_time\" content=\"2025-10-17T08:16:30+00:00\" \/>\n<meta property=\"og:image\" content=\"https:\/\/noliktavaseksperts.coverl.id.lv\/wp-content\/uploads\/2025\/09\/IMG_3088.jpeg\" \/>\n\t<meta property=\"og:image:width\" content=\"702\" \/>\n\t<meta property=\"og:image:height\" content=\"1024\" \/>\n\t<meta property=\"og:image:type\" content=\"image\/jpeg\" \/>\n<meta name=\"twitter:card\" content=\"summary_large_image\" \/>\n<meta name=\"twitter:label1\" content=\"Est. reading time\" \/>\n\t<meta name=\"twitter:data1\" content=\"1 min\u016bte\" \/>\n<script type=\"application\/ld+json\" class=\"yoast-schema-graph\">{\"@context\":\"https:\/\/schema.org\",\"@graph\":[{\"@type\":\"WebPage\",\"@id\":\"https:\/\/noliktavaseksperts.coverl.id.lv\/prece\/cinkots-sikprecu-plaukts-gs-2000x500x1020mm-4-limeni\/\",\"url\":\"https:\/\/noliktavaseksperts.coverl.id.lv\/prece\/cinkots-sikprecu-plaukts-gs-2000x500x1020mm-4-limeni\/\",\"name\":\"S\u012bkpre\u010du plaukti ar cinka p\u0101rkl\u0101jumu | Noliktavas eksperts\",\"isPartOf\":{\"@id\":\"https:\/\/noliktavaseksperts.coverl.id.lv\/#website\"},\"datePublished\":\"2025-09-01T12:51:53+00:00\",\"dateModified\":\"2025-10-17T08:16:30+00:00\",\"description\":\"Izv\u0113lieties cinkotu plauktu ar \u010detriem l\u012bme\u0146iem, kas ir iztur\u012bgs pret koroziju. Nodro\u0161iniet dro\u0161u s\u012bkpre\u010du uzglab\u0101\u0161anu.\",\"breadcrumb\":{\"@id\":\"https:\/\/noliktavaseksperts.coverl.id.lv\/prece\/cinkots-sikprecu-plaukts-gs-2000x500x1020mm-4-limeni\/#breadcrumb\"},\"inLanguage\":\"lv-LV\",\"potentialAction\":[{\"@type\":\"ReadAction\",\"target\":[\"https:\/\/noliktavaseksperts.coverl.id.lv\/prece\/cinkots-sikprecu-plaukts-gs-2000x500x1020mm-4-limeni\/\"]}]},{\"@type\":\"BreadcrumbList\",\"@id\":\"https:\/\/noliktavaseksperts.coverl.id.lv\/prece\/cinkots-sikprecu-plaukts-gs-2000x500x1020mm-4-limeni\/#breadcrumb\",\"itemListElement\":[{\"@type\":\"ListItem\",\"position\":1,\"name\":\"Home\",\"item\":\"https:\/\/noliktavaseksperts.coverl.id.lv\/\"},{\"@type\":\"ListItem\",\"position\":2,\"name\":\"Veikals\",\"item\":\"https:\/\/noliktavaseksperts.coverl.id.lv\/?page_id=10626\"},{\"@type\":\"ListItem\",\"position\":3,\"name\":\"Cinkots s\u012bkpre\u010du plaukts GS 2000x500x1020mm &#8211; 4 l\u012bme\u0146i\"}]},{\"@type\":\"WebSite\",\"@id\":\"https:\/\/noliktavaseksperts.coverl.id.lv\/#website\",\"url\":\"https:\/\/noliktavaseksperts.coverl.id.lv\/\",\"name\":\"Noliktavas Eksperts\",\"description\":\"Noliktavas\u00a0apr\u012bkojums\",\"publisher\":{\"@id\":\"https:\/\/noliktavaseksperts.coverl.id.lv\/#organization\"},\"potentialAction\":[{\"@type\":\"SearchAction\",\"target\":{\"@type\":\"EntryPoint\",\"urlTemplate\":\"https:\/\/noliktavaseksperts.coverl.id.lv\/?s={search_term_string}\"},\"query-input\":{\"@type\":\"PropertyValueSpecification\",\"valueRequired\":true,\"valueName\":\"search_term_string\"}}],\"inLanguage\":\"lv-LV\"},{\"@type\":\"Organization\",\"@id\":\"https:\/\/noliktavaseksperts.coverl.id.lv\/#organization\",\"name\":\"Noliktavas Eksperts\",\"url\":\"https:\/\/noliktavaseksperts.coverl.id.lv\/\",\"logo\":{\"@type\":\"ImageObject\",\"inLanguage\":\"lv-LV\",\"@id\":\"https:\/\/noliktavaseksperts.coverl.id.lv\/#\/schema\/logo\/image\/\",\"url\":\"https:\/\/noliktavaseksperts.coverl.id.lv\/wp-content\/uploads\/2025\/05\/logo_variacijas-09-1.webp\",\"contentUrl\":\"https:\/\/noliktavaseksperts.coverl.id.lv\/wp-content\/uploads\/2025\/05\/logo_variacijas-09-1.webp\",\"width\":350,\"height\":350,\"caption\":\"Noliktavas Eksperts\"},\"image\":{\"@id\":\"https:\/\/noliktavaseksperts.coverl.id.lv\/#\/schema\/logo\/image\/\"}}]}<\/script>\n<!-- \/ Yoast SEO plugin. -->","yoast_head_json":{"title":"S\u012bkpre\u010du plaukti ar cinka p\u0101rkl\u0101jumu | Noliktavas eksperts","description":"Izv\u0113lieties cinkotu plauktu ar \u010detriem l\u012bme\u0146iem, kas ir iztur\u012bgs pret koroziju. Nodro\u0161iniet dro\u0161u s\u012bkpre\u010du uzglab\u0101\u0161anu.","robots":{"index":"index","follow":"follow","max-snippet":"max-snippet:-1","max-image-preview":"max-image-preview:large","max-video-preview":"max-video-preview:-1"},"canonical":"https:\/\/noliktavaseksperts.coverl.id.lv\/prece\/cinkots-sikprecu-plaukts-gs-2000x500x1020mm-4-limeni\/","og_locale":"lv_LV","og_type":"article","og_title":"S\u012bkpre\u010du plaukti ar cinka p\u0101rkl\u0101jumu | Noliktavas eksperts","og_description":"Izv\u0113lieties cinkotu plauktu ar \u010detriem l\u012bme\u0146iem, kas ir iztur\u012bgs pret koroziju. Nodro\u0161iniet dro\u0161u s\u012bkpre\u010du uzglab\u0101\u0161anu.","og_url":"https:\/\/noliktavaseksperts.coverl.id.lv\/prece\/cinkots-sikprecu-plaukts-gs-2000x500x1020mm-4-limeni\/","og_site_name":"Noliktavas Eksperts","article_modified_time":"2025-10-17T08:16:30+00:00","og_image":[{"width":702,"height":1024,"url":"https:\/\/noliktavaseksperts.coverl.id.lv\/wp-content\/uploads\/2025\/09\/IMG_3088.jpeg","type":"image\/jpeg"}],"twitter_card":"summary_large_image","twitter_misc":{"Est. reading time":"1 min\u016bte"},"schema":{"@context":"https:\/\/schema.org","@graph":[{"@type":"WebPage","@id":"https:\/\/noliktavaseksperts.coverl.id.lv\/prece\/cinkots-sikprecu-plaukts-gs-2000x500x1020mm-4-limeni\/","url":"https:\/\/noliktavaseksperts.coverl.id.lv\/prece\/cinkots-sikprecu-plaukts-gs-2000x500x1020mm-4-limeni\/","name":"S\u012bkpre\u010du plaukti ar cinka p\u0101rkl\u0101jumu | Noliktavas eksperts","isPartOf":{"@id":"https:\/\/noliktavaseksperts.coverl.id.lv\/#website"},"datePublished":"2025-09-01T12:51:53+00:00","dateModified":"2025-10-17T08:16:30+00:00","description":"Izv\u0113lieties cinkotu plauktu ar \u010detriem l\u012bme\u0146iem, kas ir iztur\u012bgs pret koroziju. Nodro\u0161iniet dro\u0161u s\u012bkpre\u010du uzglab\u0101\u0161anu.","breadcrumb":{"@id":"https:\/\/noliktavaseksperts.coverl.id.lv\/prece\/cinkots-sikprecu-plaukts-gs-2000x500x1020mm-4-limeni\/#breadcrumb"},"inLanguage":"lv-LV","potentialAction":[{"@type":"ReadAction","target":["https:\/\/noliktavaseksperts.coverl.id.lv\/prece\/cinkots-sikprecu-plaukts-gs-2000x500x1020mm-4-limeni\/"]}]},{"@type":"BreadcrumbList","@id":"https:\/\/noliktavaseksperts.coverl.id.lv\/prece\/cinkots-sikprecu-plaukts-gs-2000x500x1020mm-4-limeni\/#breadcrumb","itemListElement":[{"@type":"ListItem","position":1,"name":"Home","item":"https:\/\/noliktavaseksperts.coverl.id.lv\/"},{"@type":"ListItem","position":2,"name":"Veikals","item":"https:\/\/noliktavaseksperts.coverl.id.lv\/?page_id=10626"},{"@type":"ListItem","position":3,"name":"Cinkots s\u012bkpre\u010du plaukts GS 2000x500x1020mm &#8211; 4 l\u012bme\u0146i"}]},{"@type":"WebSite","@id":"https:\/\/noliktavaseksperts.coverl.id.lv\/#website","url":"https:\/\/noliktavaseksperts.coverl.id.lv\/","name":"Noliktavas Eksperts","description":"Noliktavas\u00a0apr\u012bkojums","publisher":{"@id":"https:\/\/noliktavaseksperts.coverl.id.lv\/#organization"},"potentialAction":[{"@type":"SearchAction","target":{"@type":"EntryPoint","urlTemplate":"https:\/\/noliktavaseksperts.coverl.id.lv\/?s={search_term_string}"},"query-input":{"@type":"PropertyValueSpecification","valueRequired":true,"valueName":"search_term_string"}}],"inLanguage":"lv-LV"},{"@type":"Organization","@id":"https:\/\/noliktavaseksperts.coverl.id.lv\/#organization","name":"Noliktavas Eksperts","url":"https:\/\/noliktavaseksperts.coverl.id.lv\/","logo":{"@type":"ImageObject","inLanguage":"lv-LV","@id":"https:\/\/noliktavaseksperts.coverl.id.lv\/#\/schema\/logo\/image\/","url":"https:\/\/noliktavaseksperts.coverl.id.lv\/wp-content\/uploads\/2025\/05\/logo_variacijas-09-1.webp","contentUrl":"https:\/\/noliktavaseksperts.coverl.id.lv\/wp-content\/uploads\/2025\/05\/logo_variacijas-09-1.webp","width":350,"height":350,"caption":"Noliktavas Eksperts"},"image":{"@id":"https:\/\/noliktavaseksperts.coverl.id.lv\/#\/schema\/logo\/image\/"}}]}},"_links":{"self":[{"href":"https:\/\/noliktavaseksperts.coverl.id.lv\/index.php?rest_route=\/wp\/v2\/product\/29663","targetHints":{"allow":["GET"]}}],"collection":[{"href":"https:\/\/noliktavaseksperts.coverl.id.lv\/index.php?rest_route=\/wp\/v2\/product"}],"about":[{"href":"https:\/\/noliktavaseksperts.coverl.id.lv\/index.php?rest_route=\/wp\/v2\/types\/product"}],"version-history":[{"count":0,"href":"https:\/\/noliktavaseksperts.coverl.id.lv\/index.php?rest_route=\/wp\/v2\/product\/29663\/revisions"}],"wp:attachment":[{"href":"https:\/\/noliktavaseksperts.coverl.id.lv\/index.php?rest_route=%2Fwp%2Fv2%2Fmedia&parent=29663"}],"wp:term":[{"taxonomy":"product_brand","embeddable":true,"href":"https:\/\/noliktavaseksperts.coverl.id.lv\/index.php?rest_route=%2Fwp%2Fv2%2Fproduct_brand&post=29663"},{"taxonomy":"product_cat","embeddable":true,"href":"https:\/\/noliktavaseksperts.coverl.id.lv\/index.php?rest_route=%2Fwp%2Fv2%2Fproduct_cat&post=29663"},{"taxonomy":"product_tag","embeddable":true,"href":"https:\/\/noliktavaseksperts.coverl.id.lv\/index.php?rest_route=%2Fwp%2Fv2%2Fproduct_tag&post=29663"}],"curies":[{"name":"wp","href":"https:\/\/api.w.org\/{rel}","templated":true}]}}