{"id":29659,"date":"2025-09-01T14:40:59","date_gmt":"2025-09-01T11:40:59","guid":{"rendered":"https:\/\/noliktavaseksperts.coverl.id.lv\/?post_type=product&#038;p=29659"},"modified":"2025-10-10T15:08:29","modified_gmt":"2025-10-10T12:08:29","slug":"lietots-sikprecu-plaukts-errex-2000x500x1130mm-5-limeni","status":"publish","type":"product","link":"https:\/\/noliktavaseksperts.coverl.id.lv\/?product=lietots-sikprecu-plaukts-errex-2000x500x1130mm-5-limeni","title":{"rendered":"Lietots s\u012bkpre\u010du plaukts ERREX 2000x500x1130mm &#8211; 5 l\u012bme\u0146i"},"content":{"rendered":"<h1 data-start=\"150\" data-end=\"250\">Lietoti\u00a0<strong data-start=\"162\" data-end=\"189\">ERREX<\/strong>\u00a0plaukti \u2013 izdev\u012bgs risin\u0101jums J\u016bsu noliktavai, gar\u0101\u017eai, darbn\u012bcai vai birojam!<\/h1>\n<p data-start=\"252\" data-end=\"427\">Iztur\u012bgi un stabili mazlietoti plaukti \u2013 ietaupiet\u00a0 30% sal\u012bdzin\u0101jum\u0101 ar jaunu plauktu ieg\u0101di.<\/p>\n<p data-start=\"429\" data-end=\"458\"><strong data-start=\"429\" data-end=\"456\">Galven\u0101s priek\u0161roc\u012bbas:<\/strong><\/p>\n<ul data-start=\"459\" data-end=\"933\">\n<li data-start=\"459\" data-end=\"555\">\n<p data-start=\"461\" data-end=\"555\"><strong data-start=\"461\" data-end=\"505\">Kravnes\u012bba l\u012bdz 150 kg uz plaukta l\u012bmeni<\/strong>\u00a0\u2013 dro\u0161a da\u017e\u0101du pre\u010du un apr\u012bkojuma uzglab\u0101\u0161ana.<\/p>\n<\/li>\n<li data-start=\"556\" data-end=\"650\">\n<p data-start=\"558\" data-end=\"650\"><strong data-start=\"558\" data-end=\"590\">Cinkota t\u0113rauda konstrukcija<\/strong>\u00a0\u2013 iztur\u012bga pret koroziju, piem\u0113rota ilgsto\u0161ai lieto\u0161anai.<\/p>\n<\/li>\n<li data-start=\"651\" data-end=\"750\">\n<p data-start=\"653\" data-end=\"750\"><strong data-start=\"653\" data-end=\"682\">\u0100tra un vienk\u0101r\u0161a mont\u0101\u017ea<\/strong>\u00a0\u2013 bez skr\u016bv\u0113m, viegli piel\u0101gojams plauktu augstums.<\/p>\n<\/li>\n<li data-start=\"853\" data-end=\"933\">\n<p data-start=\"855\" data-end=\"933\"><strong data-start=\"855\" data-end=\"882\">Univers\u0101ls pielietojums<\/strong>\u00a0\u2013 noliktavas, ra\u017eotnes, arh\u012bvi, biroji, gar\u0101\u017eas.<\/p>\n<\/li>\n<\/ul>\n<p data-start=\"935\" data-end=\"1049\">\ud83d\udc49 Izv\u0113lieties lietotus plauktus no\u00a0<strong data-start=\"971\" data-end=\"994\">Noliktavas Eksperta<\/strong>\u00a0un ieg\u016bstiet uzticamu kvalit\u0101ti par izdev\u012bg\u0101ko cenu!<\/p>\n","protected":false},"excerpt":{"rendered":"<div class=\"elementor-element elementor-element-8edbe86 wd-single-title text-left elementor-widget elementor-widget-wd_single_product_title\" data-id=\"8edbe86\" data-element_type=\"widget\" data-widget_type=\"wd_single_product_title.default\">\n<div class=\"elementor-widget-container\"><\/div>\n<\/div>\n<div class=\"elementor-element elementor-element-fec49a5 e-con-full e-flex e-con e-child\" data-id=\"fec49a5\" data-element_type=\"container\">\n<div class=\"elementor-element elementor-element-89dcdff elementor-widget__width-auto text-right wd-single-meta elementor-widget elementor-widget-wd_single_product_meta\" data-id=\"89dcdff\" data-element_type=\"widget\" data-widget_type=\"wd_single_product_meta.default\">\n<div class=\"elementor-widget-container\">\n<div class=\"product_meta wd-layout-default\"><\/div>\n<\/div>\n<\/div>\n<\/div>\n<div class=\"elementor-element elementor-element-ce05bd9 wd-single-short-desc text-left elementor-widget elementor-widget-wd_single_product_short_description\" data-id=\"ce05bd9\" data-element_type=\"widget\" data-widget_type=\"wd_single_product_short_description.default\">\n<div class=\"elementor-widget-container\">\n<div class=\"woocommerce-product-details__short-description\">\n<ul>\n<li><strong>Augstums:<\/strong>\u00a02000 mm<\/li>\n<li><strong>Dzi\u013cums:<\/strong>\u00a0500 mm<\/li>\n<li><strong>Sekcijas platums:<\/strong>\u00a01130 mm<\/li>\n<li><strong>L\u012bme\u0146u skaits:<\/strong> 5<\/li>\n<li><strong>Iekl\u0101jums:<\/strong>\u00a0Cinkots t\u0113rauds<\/li>\n<li><strong>Kravnes\u012bba uz katru plauktu l\u012bmeni:<\/strong>\u00a0150 kg<\/li>\n<\/ul>\n<\/div>\n<\/div>\n<\/div>\n","protected":false},"featured_media":0,"template":"","meta":{"_joinchat":[]},"product_brand":[],"product_cat":[],"product_tag":[],"class_list":{"0":"post-29659","1":"product","2":"type-product","3":"status-publish","6":"first","7":"outofstock","8":"taxable","9":"shipping-taxable","10":"purchasable","11":"product-type-simple"},"yoast_head":"<!-- This site is optimized with the Yoast SEO plugin v27.2 - https:\/\/yoast.com\/product\/yoast-seo-wordpress\/ -->\n<title>S\u012bkpre\u010du plaukts lietots | Errex plauktu sist\u0113ma<\/title>\n<meta name=\"description\" content=\"Lietots Errex plaukts ir lielisks risin\u0101jums j\u016bsu telpas optimiz\u0113\u0161anai. Uzticama kvalit\u0101te un ilgs kalpo\u0161anas laiks.\" \/>\n<meta name=\"robots\" content=\"index, follow, max-snippet:-1, max-image-preview:large, max-video-preview:-1\" \/>\n<link rel=\"canonical\" href=\"https:\/\/noliktavaseksperts.coverl.id.lv\/prece\/lietots-sikprecu-plaukts-errex-2000x500x1130mm-5-limeni\/\" \/>\n<meta property=\"og:locale\" content=\"lv_LV\" \/>\n<meta property=\"og:type\" content=\"article\" \/>\n<meta property=\"og:title\" content=\"S\u012bkpre\u010du plaukts lietots | Errex plauktu sist\u0113ma\" \/>\n<meta property=\"og:description\" content=\"Lietots Errex plaukts ir lielisks risin\u0101jums j\u016bsu telpas optimiz\u0113\u0161anai. Uzticama kvalit\u0101te un ilgs kalpo\u0161anas laiks.\" \/>\n<meta property=\"og:url\" content=\"https:\/\/noliktavaseksperts.coverl.id.lv\/prece\/lietots-sikprecu-plaukts-errex-2000x500x1130mm-5-limeni\/\" \/>\n<meta property=\"og:site_name\" content=\"Noliktavas Eksperts\" \/>\n<meta property=\"article:modified_time\" content=\"2025-10-10T12:08:29+00:00\" \/>\n<meta property=\"og:image\" content=\"https:\/\/noliktavaseksperts.coverl.id.lv\/wp-content\/uploads\/2025\/09\/IMG_3091.jpeg\" \/>\n\t<meta property=\"og:image:width\" content=\"714\" \/>\n\t<meta property=\"og:image:height\" content=\"1024\" \/>\n\t<meta property=\"og:image:type\" content=\"image\/jpeg\" \/>\n<meta name=\"twitter:card\" content=\"summary_large_image\" \/>\n<meta name=\"twitter:label1\" content=\"Est. reading time\" \/>\n\t<meta name=\"twitter:data1\" content=\"1 min\u016bte\" \/>\n<script type=\"application\/ld+json\" class=\"yoast-schema-graph\">{\"@context\":\"https:\/\/schema.org\",\"@graph\":[{\"@type\":\"WebPage\",\"@id\":\"https:\/\/noliktavaseksperts.coverl.id.lv\/prece\/lietots-sikprecu-plaukts-errex-2000x500x1130mm-5-limeni\/\",\"url\":\"https:\/\/noliktavaseksperts.coverl.id.lv\/prece\/lietots-sikprecu-plaukts-errex-2000x500x1130mm-5-limeni\/\",\"name\":\"S\u012bkpre\u010du plaukts lietots | Errex plauktu sist\u0113ma\",\"isPartOf\":{\"@id\":\"https:\/\/noliktavaseksperts.coverl.id.lv\/#website\"},\"datePublished\":\"2025-09-01T11:40:59+00:00\",\"dateModified\":\"2025-10-10T12:08:29+00:00\",\"description\":\"Lietots Errex plaukts ir lielisks risin\u0101jums j\u016bsu telpas optimiz\u0113\u0161anai. Uzticama kvalit\u0101te un ilgs kalpo\u0161anas laiks.\",\"breadcrumb\":{\"@id\":\"https:\/\/noliktavaseksperts.coverl.id.lv\/prece\/lietots-sikprecu-plaukts-errex-2000x500x1130mm-5-limeni\/#breadcrumb\"},\"inLanguage\":\"lv-LV\",\"potentialAction\":[{\"@type\":\"ReadAction\",\"target\":[\"https:\/\/noliktavaseksperts.coverl.id.lv\/prece\/lietots-sikprecu-plaukts-errex-2000x500x1130mm-5-limeni\/\"]}]},{\"@type\":\"BreadcrumbList\",\"@id\":\"https:\/\/noliktavaseksperts.coverl.id.lv\/prece\/lietots-sikprecu-plaukts-errex-2000x500x1130mm-5-limeni\/#breadcrumb\",\"itemListElement\":[{\"@type\":\"ListItem\",\"position\":1,\"name\":\"Home\",\"item\":\"https:\/\/noliktavaseksperts.coverl.id.lv\/\"},{\"@type\":\"ListItem\",\"position\":2,\"name\":\"Veikals\",\"item\":\"https:\/\/noliktavaseksperts.coverl.id.lv\/?page_id=10626\"},{\"@type\":\"ListItem\",\"position\":3,\"name\":\"Lietots s\u012bkpre\u010du plaukts ERREX 2000x500x1130mm &#8211; 5 l\u012bme\u0146i\"}]},{\"@type\":\"WebSite\",\"@id\":\"https:\/\/noliktavaseksperts.coverl.id.lv\/#website\",\"url\":\"https:\/\/noliktavaseksperts.coverl.id.lv\/\",\"name\":\"Noliktavas Eksperts\",\"description\":\"Noliktavas\u00a0apr\u012bkojums\",\"publisher\":{\"@id\":\"https:\/\/noliktavaseksperts.coverl.id.lv\/#organization\"},\"potentialAction\":[{\"@type\":\"SearchAction\",\"target\":{\"@type\":\"EntryPoint\",\"urlTemplate\":\"https:\/\/noliktavaseksperts.coverl.id.lv\/?s={search_term_string}\"},\"query-input\":{\"@type\":\"PropertyValueSpecification\",\"valueRequired\":true,\"valueName\":\"search_term_string\"}}],\"inLanguage\":\"lv-LV\"},{\"@type\":\"Organization\",\"@id\":\"https:\/\/noliktavaseksperts.coverl.id.lv\/#organization\",\"name\":\"Noliktavas Eksperts\",\"url\":\"https:\/\/noliktavaseksperts.coverl.id.lv\/\",\"logo\":{\"@type\":\"ImageObject\",\"inLanguage\":\"lv-LV\",\"@id\":\"https:\/\/noliktavaseksperts.coverl.id.lv\/#\/schema\/logo\/image\/\",\"url\":\"https:\/\/noliktavaseksperts.coverl.id.lv\/wp-content\/uploads\/2025\/05\/logo_variacijas-09-1.webp\",\"contentUrl\":\"https:\/\/noliktavaseksperts.coverl.id.lv\/wp-content\/uploads\/2025\/05\/logo_variacijas-09-1.webp\",\"width\":350,\"height\":350,\"caption\":\"Noliktavas Eksperts\"},\"image\":{\"@id\":\"https:\/\/noliktavaseksperts.coverl.id.lv\/#\/schema\/logo\/image\/\"}}]}<\/script>\n<!-- \/ Yoast SEO plugin. -->","yoast_head_json":{"title":"S\u012bkpre\u010du plaukts lietots | Errex plauktu sist\u0113ma","description":"Lietots Errex plaukts ir lielisks risin\u0101jums j\u016bsu telpas optimiz\u0113\u0161anai. Uzticama kvalit\u0101te un ilgs kalpo\u0161anas laiks.","robots":{"index":"index","follow":"follow","max-snippet":"max-snippet:-1","max-image-preview":"max-image-preview:large","max-video-preview":"max-video-preview:-1"},"canonical":"https:\/\/noliktavaseksperts.coverl.id.lv\/prece\/lietots-sikprecu-plaukts-errex-2000x500x1130mm-5-limeni\/","og_locale":"lv_LV","og_type":"article","og_title":"S\u012bkpre\u010du plaukts lietots | Errex plauktu sist\u0113ma","og_description":"Lietots Errex plaukts ir lielisks risin\u0101jums j\u016bsu telpas optimiz\u0113\u0161anai. Uzticama kvalit\u0101te un ilgs kalpo\u0161anas laiks.","og_url":"https:\/\/noliktavaseksperts.coverl.id.lv\/prece\/lietots-sikprecu-plaukts-errex-2000x500x1130mm-5-limeni\/","og_site_name":"Noliktavas Eksperts","article_modified_time":"2025-10-10T12:08:29+00:00","og_image":[{"width":714,"height":1024,"url":"https:\/\/noliktavaseksperts.coverl.id.lv\/wp-content\/uploads\/2025\/09\/IMG_3091.jpeg","type":"image\/jpeg"}],"twitter_card":"summary_large_image","twitter_misc":{"Est. reading time":"1 min\u016bte"},"schema":{"@context":"https:\/\/schema.org","@graph":[{"@type":"WebPage","@id":"https:\/\/noliktavaseksperts.coverl.id.lv\/prece\/lietots-sikprecu-plaukts-errex-2000x500x1130mm-5-limeni\/","url":"https:\/\/noliktavaseksperts.coverl.id.lv\/prece\/lietots-sikprecu-plaukts-errex-2000x500x1130mm-5-limeni\/","name":"S\u012bkpre\u010du plaukts lietots | Errex plauktu sist\u0113ma","isPartOf":{"@id":"https:\/\/noliktavaseksperts.coverl.id.lv\/#website"},"datePublished":"2025-09-01T11:40:59+00:00","dateModified":"2025-10-10T12:08:29+00:00","description":"Lietots Errex plaukts ir lielisks risin\u0101jums j\u016bsu telpas optimiz\u0113\u0161anai. Uzticama kvalit\u0101te un ilgs kalpo\u0161anas laiks.","breadcrumb":{"@id":"https:\/\/noliktavaseksperts.coverl.id.lv\/prece\/lietots-sikprecu-plaukts-errex-2000x500x1130mm-5-limeni\/#breadcrumb"},"inLanguage":"lv-LV","potentialAction":[{"@type":"ReadAction","target":["https:\/\/noliktavaseksperts.coverl.id.lv\/prece\/lietots-sikprecu-plaukts-errex-2000x500x1130mm-5-limeni\/"]}]},{"@type":"BreadcrumbList","@id":"https:\/\/noliktavaseksperts.coverl.id.lv\/prece\/lietots-sikprecu-plaukts-errex-2000x500x1130mm-5-limeni\/#breadcrumb","itemListElement":[{"@type":"ListItem","position":1,"name":"Home","item":"https:\/\/noliktavaseksperts.coverl.id.lv\/"},{"@type":"ListItem","position":2,"name":"Veikals","item":"https:\/\/noliktavaseksperts.coverl.id.lv\/?page_id=10626"},{"@type":"ListItem","position":3,"name":"Lietots s\u012bkpre\u010du plaukts ERREX 2000x500x1130mm &#8211; 5 l\u012bme\u0146i"}]},{"@type":"WebSite","@id":"https:\/\/noliktavaseksperts.coverl.id.lv\/#website","url":"https:\/\/noliktavaseksperts.coverl.id.lv\/","name":"Noliktavas Eksperts","description":"Noliktavas\u00a0apr\u012bkojums","publisher":{"@id":"https:\/\/noliktavaseksperts.coverl.id.lv\/#organization"},"potentialAction":[{"@type":"SearchAction","target":{"@type":"EntryPoint","urlTemplate":"https:\/\/noliktavaseksperts.coverl.id.lv\/?s={search_term_string}"},"query-input":{"@type":"PropertyValueSpecification","valueRequired":true,"valueName":"search_term_string"}}],"inLanguage":"lv-LV"},{"@type":"Organization","@id":"https:\/\/noliktavaseksperts.coverl.id.lv\/#organization","name":"Noliktavas Eksperts","url":"https:\/\/noliktavaseksperts.coverl.id.lv\/","logo":{"@type":"ImageObject","inLanguage":"lv-LV","@id":"https:\/\/noliktavaseksperts.coverl.id.lv\/#\/schema\/logo\/image\/","url":"https:\/\/noliktavaseksperts.coverl.id.lv\/wp-content\/uploads\/2025\/05\/logo_variacijas-09-1.webp","contentUrl":"https:\/\/noliktavaseksperts.coverl.id.lv\/wp-content\/uploads\/2025\/05\/logo_variacijas-09-1.webp","width":350,"height":350,"caption":"Noliktavas Eksperts"},"image":{"@id":"https:\/\/noliktavaseksperts.coverl.id.lv\/#\/schema\/logo\/image\/"}}]}},"_links":{"self":[{"href":"https:\/\/noliktavaseksperts.coverl.id.lv\/index.php?rest_route=\/wp\/v2\/product\/29659","targetHints":{"allow":["GET"]}}],"collection":[{"href":"https:\/\/noliktavaseksperts.coverl.id.lv\/index.php?rest_route=\/wp\/v2\/product"}],"about":[{"href":"https:\/\/noliktavaseksperts.coverl.id.lv\/index.php?rest_route=\/wp\/v2\/types\/product"}],"version-history":[{"count":0,"href":"https:\/\/noliktavaseksperts.coverl.id.lv\/index.php?rest_route=\/wp\/v2\/product\/29659\/revisions"}],"wp:attachment":[{"href":"https:\/\/noliktavaseksperts.coverl.id.lv\/index.php?rest_route=%2Fwp%2Fv2%2Fmedia&parent=29659"}],"wp:term":[{"taxonomy":"product_brand","embeddable":true,"href":"https:\/\/noliktavaseksperts.coverl.id.lv\/index.php?rest_route=%2Fwp%2Fv2%2Fproduct_brand&post=29659"},{"taxonomy":"product_cat","embeddable":true,"href":"https:\/\/noliktavaseksperts.coverl.id.lv\/index.php?rest_route=%2Fwp%2Fv2%2Fproduct_cat&post=29659"},{"taxonomy":"product_tag","embeddable":true,"href":"https:\/\/noliktavaseksperts.coverl.id.lv\/index.php?rest_route=%2Fwp%2Fv2%2Fproduct_tag&post=29659"}],"curies":[{"name":"wp","href":"https:\/\/api.w.org\/{rel}","templated":true}]}}