{"id":25832,"date":"2025-06-04T09:33:06","date_gmt":"2025-06-04T06:33:06","guid":{"rendered":"https:\/\/noliktavaseksperts.coverl.id.lv\/?post_type=product&#038;p=25832"},"modified":"2025-08-18T16:04:52","modified_gmt":"2025-08-18T13:04:52","slug":"palesu-plauktu-sanu-ramju-sargs-1100x400mm","status":"publish","type":"product","link":"https:\/\/noliktavaseksperts.coverl.id.lv\/?product=palesu-plauktu-sanu-ramju-sargs-1100x400mm","title":{"rendered":"Pale\u0161u plauktu s\u0101nu r\u0101mju sargs, 1100x400mm"},"content":{"rendered":"<h3 data-start=\"0\" data-end=\"76\">Pale\u0161u plauktu rindu s\u0101nu r\u0101mju aizsargbarjera \u2013 papildu dro\u0161\u012bbai un ilgm\u016b\u017e\u012bbai!<\/h3>\n<p data-start=\"78\" data-end=\"354\"><strong>Pale\u0161u plauktu rindu s\u0101nu r\u0101mju aizsargbarjera<\/strong> ir b\u016btisks dro\u0161\u012bbas piederums, kas aizsarg\u0101 plauktu konstrukciju no triecieniem un meh\u0101niskiem boj\u0101jumiem intens\u012bvas lieto\u0161anas apst\u0101k\u013cos. T\u0101 pal\u012bdz nov\u0113rst kait\u0113jumu gan plauktiem, gan tajos izvietotajai produkcijai.<\/p>\n<hr data-start=\"356\" data-end=\"359\" \/>\n<h3 data-start=\"361\" data-end=\"400\">K\u0101p\u0113c izv\u0113l\u0113ties \u0161o aizsargbarjeru?<\/h3>\n<ul data-start=\"402\" data-end=\"763\">\n<li data-start=\"402\" data-end=\"512\">\n<p data-start=\"404\" data-end=\"512\"><strong data-start=\"404\" data-end=\"434\">Palielina sist\u0113mas dro\u0161\u012bbu<\/strong> \u2013 pasarg\u0101 r\u0101mjus un konstrukcijas malas no sadursm\u0113m ar tehniku vai krav\u0101m;<\/p>\n<\/li>\n<li data-start=\"513\" data-end=\"663\">\n<p data-start=\"515\" data-end=\"663\"><strong data-start=\"515\" data-end=\"542\">Univers\u0101li pielietojama<\/strong> \u2013 savietojama ar\u012b ar citu ra\u017eot\u0101ju pale\u0161u plauktu sist\u0113m\u0101m vai izmantojama citu industri\u0101lu konstrukciju aizsardz\u012bbai;<\/p>\n<\/li>\n<li data-start=\"664\" data-end=\"763\">\n<p data-start=\"666\" data-end=\"763\"><strong data-start=\"666\" data-end=\"691\">Vienk\u0101r\u0161a uzst\u0101d\u012b\u0161ana<\/strong> \u2013 \u0101tri un \u0113rti uzst\u0101d\u0101ma noliktav\u0101s, kur nepiecie\u0161ama papildus dro\u0161\u012bba.<\/p>\n<\/li>\n<\/ul>\n<hr data-start=\"765\" data-end=\"768\" \/>\n<p data-start=\"770\" data-end=\"895\" data-is-last-node=\"\" data-is-only-node=\"\"><strong data-start=\"770\" data-end=\"799\">Sargu izvietojuma piem\u0113ri<\/strong> pieejami bil\u017eu galerij\u0101.<br data-start=\"824\" data-end=\"827\" \/>Izv\u0113lieties p\u0101rbaud\u012btu dro\u0161\u012bbas risin\u0101jumu no <strong><em data-start=\"873\" data-end=\"894\">Noliktavas Eksperta<\/em><\/strong>!<\/p>\n","protected":false},"excerpt":{"rendered":"<p data-start=\"0\" data-end=\"169\"><strong>Pale\u0161u plauktu s\u0101nu r\u0101mju aizsargbarjera kalpo k\u0101 papildu dro\u0161\u012bbas elements, nodro\u0161inot konstrukcijas aizsardz\u012bbu pret triecieniem.<\/strong><\/p>\n<p data-start=\"0\" data-end=\"169\">Sargu izvietojuma piem\u0113ri apskat\u0101mi bil\u017eu galerij\u0101.<\/p>\n<p data-start=\"171\" data-end=\"323\" data-is-last-node=\"\" data-is-only-node=\"\"><strong>\u0160\u012b aizsargbarjera ir savietojama ar\u012b ar citu ra\u017eot\u0101ju pale\u0161u plauktiem un var tikt izmantota ar\u012b citu konstrukciju aizsardz\u012bbai.<\/strong><\/p>\n","protected":false},"featured_media":25834,"template":"","meta":{"_joinchat":[]},"product_brand":[],"product_cat":[435,436],"product_tag":[],"class_list":{"0":"post-25832","1":"product","2":"type-product","3":"status-publish","4":"has-post-thumbnail","6":"product_cat-palesu-plaukti","7":"product_cat-palesu-plauktu-piederumi","9":"first","10":"instock","11":"featured","12":"taxable","13":"shipping-taxable","14":"purchasable","15":"product-type-simple"},"yoast_head":"<!-- This site is optimized with the Yoast SEO plugin v27.2 - https:\/\/yoast.com\/product\/yoast-seo-wordpress\/ -->\n<title>Pale\u0161u plauktu r\u0101mju sargs | Aizsargi plauktiem un r\u0101mjiem<\/title>\n<meta name=\"description\" content=\"Aizsarg\u0101jiet pale\u0161u plauktu r\u0101mjus no boj\u0101jumiem ar iztur\u012bgu s\u0101nu sargu. Izm\u0113ri: 1100x400mm. Uzlabo dro\u0161\u012bbu noliktav\u0101.\" \/>\n<meta name=\"robots\" content=\"index, follow, max-snippet:-1, max-image-preview:large, max-video-preview:-1\" \/>\n<link rel=\"canonical\" href=\"https:\/\/noliktavaseksperts.coverl.id.lv\/prece\/palesu-plauktu-sanu-ramju-sargs-1100x400mm\/\" \/>\n<meta property=\"og:locale\" content=\"lv_LV\" \/>\n<meta property=\"og:type\" content=\"article\" \/>\n<meta property=\"og:title\" content=\"Pale\u0161u plauktu r\u0101mju sargs | Aizsargi plauktiem un r\u0101mjiem\" \/>\n<meta property=\"og:description\" content=\"Aizsarg\u0101jiet pale\u0161u plauktu r\u0101mjus no boj\u0101jumiem ar iztur\u012bgu s\u0101nu sargu. Izm\u0113ri: 1100x400mm. Uzlabo dro\u0161\u012bbu noliktav\u0101.\" \/>\n<meta property=\"og:url\" content=\"https:\/\/noliktavaseksperts.coverl.id.lv\/prece\/palesu-plauktu-sanu-ramju-sargs-1100x400mm\/\" \/>\n<meta property=\"og:site_name\" content=\"Noliktavas Eksperts\" \/>\n<meta property=\"article:modified_time\" content=\"2025-08-18T13:04:52+00:00\" \/>\n<meta property=\"og:image\" content=\"https:\/\/noliktavaseksperts.coverl.id.lv\/wp-content\/uploads\/2025\/06\/1.webp\" \/>\n\t<meta property=\"og:image:width\" content=\"1024\" \/>\n\t<meta property=\"og:image:height\" content=\"1024\" \/>\n\t<meta property=\"og:image:type\" content=\"image\/png\" \/>\n<meta name=\"twitter:card\" content=\"summary_large_image\" \/>\n<meta name=\"twitter:label1\" content=\"Est. reading time\" \/>\n\t<meta name=\"twitter:data1\" content=\"1 min\u016bte\" \/>\n<script type=\"application\/ld+json\" class=\"yoast-schema-graph\">{\"@context\":\"https:\/\/schema.org\",\"@graph\":[{\"@type\":\"WebPage\",\"@id\":\"https:\/\/noliktavaseksperts.coverl.id.lv\/prece\/palesu-plauktu-sanu-ramju-sargs-1100x400mm\/\",\"url\":\"https:\/\/noliktavaseksperts.coverl.id.lv\/prece\/palesu-plauktu-sanu-ramju-sargs-1100x400mm\/\",\"name\":\"Pale\u0161u plauktu r\u0101mju sargs | Aizsargi plauktiem un r\u0101mjiem\",\"isPartOf\":{\"@id\":\"https:\/\/noliktavaseksperts.coverl.id.lv\/#website\"},\"primaryImageOfPage\":{\"@id\":\"https:\/\/noliktavaseksperts.coverl.id.lv\/prece\/palesu-plauktu-sanu-ramju-sargs-1100x400mm\/#primaryimage\"},\"image\":{\"@id\":\"https:\/\/noliktavaseksperts.coverl.id.lv\/prece\/palesu-plauktu-sanu-ramju-sargs-1100x400mm\/#primaryimage\"},\"thumbnailUrl\":\"https:\/\/noliktavaseksperts.coverl.id.lv\/wp-content\/uploads\/2025\/06\/1.webp\",\"datePublished\":\"2025-06-04T06:33:06+00:00\",\"dateModified\":\"2025-08-18T13:04:52+00:00\",\"description\":\"Aizsarg\u0101jiet pale\u0161u plauktu r\u0101mjus no boj\u0101jumiem ar iztur\u012bgu s\u0101nu sargu. Izm\u0113ri: 1100x400mm. Uzlabo dro\u0161\u012bbu noliktav\u0101.\",\"breadcrumb\":{\"@id\":\"https:\/\/noliktavaseksperts.coverl.id.lv\/prece\/palesu-plauktu-sanu-ramju-sargs-1100x400mm\/#breadcrumb\"},\"inLanguage\":\"lv-LV\",\"potentialAction\":[{\"@type\":\"ReadAction\",\"target\":[\"https:\/\/noliktavaseksperts.coverl.id.lv\/prece\/palesu-plauktu-sanu-ramju-sargs-1100x400mm\/\"]}]},{\"@type\":\"ImageObject\",\"inLanguage\":\"lv-LV\",\"@id\":\"https:\/\/noliktavaseksperts.coverl.id.lv\/prece\/palesu-plauktu-sanu-ramju-sargs-1100x400mm\/#primaryimage\",\"url\":\"https:\/\/noliktavaseksperts.coverl.id.lv\/wp-content\/uploads\/2025\/06\/1.webp\",\"contentUrl\":\"https:\/\/noliktavaseksperts.coverl.id.lv\/wp-content\/uploads\/2025\/06\/1.webp\",\"width\":1024,\"height\":1024,\"caption\":\"Pale\u0161u plauktu dro\u0161\u012bbas sargi 1100mm\"},{\"@type\":\"BreadcrumbList\",\"@id\":\"https:\/\/noliktavaseksperts.coverl.id.lv\/prece\/palesu-plauktu-sanu-ramju-sargs-1100x400mm\/#breadcrumb\",\"itemListElement\":[{\"@type\":\"ListItem\",\"position\":1,\"name\":\"Home\",\"item\":\"https:\/\/noliktavaseksperts.coverl.id.lv\/\"},{\"@type\":\"ListItem\",\"position\":2,\"name\":\"Veikals\",\"item\":\"https:\/\/noliktavaseksperts.coverl.id.lv\/?page_id=10626\"},{\"@type\":\"ListItem\",\"position\":3,\"name\":\"Pale\u0161u plauktu s\u0101nu r\u0101mju sargs, 1100x400mm\"}]},{\"@type\":\"WebSite\",\"@id\":\"https:\/\/noliktavaseksperts.coverl.id.lv\/#website\",\"url\":\"https:\/\/noliktavaseksperts.coverl.id.lv\/\",\"name\":\"Noliktavas Eksperts\",\"description\":\"Noliktavas\u00a0apr\u012bkojums\",\"publisher\":{\"@id\":\"https:\/\/noliktavaseksperts.coverl.id.lv\/#organization\"},\"potentialAction\":[{\"@type\":\"SearchAction\",\"target\":{\"@type\":\"EntryPoint\",\"urlTemplate\":\"https:\/\/noliktavaseksperts.coverl.id.lv\/?s={search_term_string}\"},\"query-input\":{\"@type\":\"PropertyValueSpecification\",\"valueRequired\":true,\"valueName\":\"search_term_string\"}}],\"inLanguage\":\"lv-LV\"},{\"@type\":\"Organization\",\"@id\":\"https:\/\/noliktavaseksperts.coverl.id.lv\/#organization\",\"name\":\"Noliktavas Eksperts\",\"url\":\"https:\/\/noliktavaseksperts.coverl.id.lv\/\",\"logo\":{\"@type\":\"ImageObject\",\"inLanguage\":\"lv-LV\",\"@id\":\"https:\/\/noliktavaseksperts.coverl.id.lv\/#\/schema\/logo\/image\/\",\"url\":\"https:\/\/noliktavaseksperts.coverl.id.lv\/wp-content\/uploads\/2025\/05\/logo_variacijas-09-1.webp\",\"contentUrl\":\"https:\/\/noliktavaseksperts.coverl.id.lv\/wp-content\/uploads\/2025\/05\/logo_variacijas-09-1.webp\",\"width\":350,\"height\":350,\"caption\":\"Noliktavas Eksperts\"},\"image\":{\"@id\":\"https:\/\/noliktavaseksperts.coverl.id.lv\/#\/schema\/logo\/image\/\"}}]}<\/script>\n<!-- \/ Yoast SEO plugin. -->","yoast_head_json":{"title":"Pale\u0161u plauktu r\u0101mju sargs | Aizsargi plauktiem un r\u0101mjiem","description":"Aizsarg\u0101jiet pale\u0161u plauktu r\u0101mjus no boj\u0101jumiem ar iztur\u012bgu s\u0101nu sargu. Izm\u0113ri: 1100x400mm. Uzlabo dro\u0161\u012bbu noliktav\u0101.","robots":{"index":"index","follow":"follow","max-snippet":"max-snippet:-1","max-image-preview":"max-image-preview:large","max-video-preview":"max-video-preview:-1"},"canonical":"https:\/\/noliktavaseksperts.coverl.id.lv\/prece\/palesu-plauktu-sanu-ramju-sargs-1100x400mm\/","og_locale":"lv_LV","og_type":"article","og_title":"Pale\u0161u plauktu r\u0101mju sargs | Aizsargi plauktiem un r\u0101mjiem","og_description":"Aizsarg\u0101jiet pale\u0161u plauktu r\u0101mjus no boj\u0101jumiem ar iztur\u012bgu s\u0101nu sargu. Izm\u0113ri: 1100x400mm. Uzlabo dro\u0161\u012bbu noliktav\u0101.","og_url":"https:\/\/noliktavaseksperts.coverl.id.lv\/prece\/palesu-plauktu-sanu-ramju-sargs-1100x400mm\/","og_site_name":"Noliktavas Eksperts","article_modified_time":"2025-08-18T13:04:52+00:00","og_image":[{"width":1024,"height":1024,"url":"https:\/\/noliktavaseksperts.coverl.id.lv\/wp-content\/uploads\/2025\/06\/1.webp","type":"image\/png"}],"twitter_card":"summary_large_image","twitter_misc":{"Est. reading time":"1 min\u016bte"},"schema":{"@context":"https:\/\/schema.org","@graph":[{"@type":"WebPage","@id":"https:\/\/noliktavaseksperts.coverl.id.lv\/prece\/palesu-plauktu-sanu-ramju-sargs-1100x400mm\/","url":"https:\/\/noliktavaseksperts.coverl.id.lv\/prece\/palesu-plauktu-sanu-ramju-sargs-1100x400mm\/","name":"Pale\u0161u plauktu r\u0101mju sargs | Aizsargi plauktiem un r\u0101mjiem","isPartOf":{"@id":"https:\/\/noliktavaseksperts.coverl.id.lv\/#website"},"primaryImageOfPage":{"@id":"https:\/\/noliktavaseksperts.coverl.id.lv\/prece\/palesu-plauktu-sanu-ramju-sargs-1100x400mm\/#primaryimage"},"image":{"@id":"https:\/\/noliktavaseksperts.coverl.id.lv\/prece\/palesu-plauktu-sanu-ramju-sargs-1100x400mm\/#primaryimage"},"thumbnailUrl":"https:\/\/noliktavaseksperts.coverl.id.lv\/wp-content\/uploads\/2025\/06\/1.webp","datePublished":"2025-06-04T06:33:06+00:00","dateModified":"2025-08-18T13:04:52+00:00","description":"Aizsarg\u0101jiet pale\u0161u plauktu r\u0101mjus no boj\u0101jumiem ar iztur\u012bgu s\u0101nu sargu. Izm\u0113ri: 1100x400mm. Uzlabo dro\u0161\u012bbu noliktav\u0101.","breadcrumb":{"@id":"https:\/\/noliktavaseksperts.coverl.id.lv\/prece\/palesu-plauktu-sanu-ramju-sargs-1100x400mm\/#breadcrumb"},"inLanguage":"lv-LV","potentialAction":[{"@type":"ReadAction","target":["https:\/\/noliktavaseksperts.coverl.id.lv\/prece\/palesu-plauktu-sanu-ramju-sargs-1100x400mm\/"]}]},{"@type":"ImageObject","inLanguage":"lv-LV","@id":"https:\/\/noliktavaseksperts.coverl.id.lv\/prece\/palesu-plauktu-sanu-ramju-sargs-1100x400mm\/#primaryimage","url":"https:\/\/noliktavaseksperts.coverl.id.lv\/wp-content\/uploads\/2025\/06\/1.webp","contentUrl":"https:\/\/noliktavaseksperts.coverl.id.lv\/wp-content\/uploads\/2025\/06\/1.webp","width":1024,"height":1024,"caption":"Pale\u0161u plauktu dro\u0161\u012bbas sargi 1100mm"},{"@type":"BreadcrumbList","@id":"https:\/\/noliktavaseksperts.coverl.id.lv\/prece\/palesu-plauktu-sanu-ramju-sargs-1100x400mm\/#breadcrumb","itemListElement":[{"@type":"ListItem","position":1,"name":"Home","item":"https:\/\/noliktavaseksperts.coverl.id.lv\/"},{"@type":"ListItem","position":2,"name":"Veikals","item":"https:\/\/noliktavaseksperts.coverl.id.lv\/?page_id=10626"},{"@type":"ListItem","position":3,"name":"Pale\u0161u plauktu s\u0101nu r\u0101mju sargs, 1100x400mm"}]},{"@type":"WebSite","@id":"https:\/\/noliktavaseksperts.coverl.id.lv\/#website","url":"https:\/\/noliktavaseksperts.coverl.id.lv\/","name":"Noliktavas Eksperts","description":"Noliktavas\u00a0apr\u012bkojums","publisher":{"@id":"https:\/\/noliktavaseksperts.coverl.id.lv\/#organization"},"potentialAction":[{"@type":"SearchAction","target":{"@type":"EntryPoint","urlTemplate":"https:\/\/noliktavaseksperts.coverl.id.lv\/?s={search_term_string}"},"query-input":{"@type":"PropertyValueSpecification","valueRequired":true,"valueName":"search_term_string"}}],"inLanguage":"lv-LV"},{"@type":"Organization","@id":"https:\/\/noliktavaseksperts.coverl.id.lv\/#organization","name":"Noliktavas Eksperts","url":"https:\/\/noliktavaseksperts.coverl.id.lv\/","logo":{"@type":"ImageObject","inLanguage":"lv-LV","@id":"https:\/\/noliktavaseksperts.coverl.id.lv\/#\/schema\/logo\/image\/","url":"https:\/\/noliktavaseksperts.coverl.id.lv\/wp-content\/uploads\/2025\/05\/logo_variacijas-09-1.webp","contentUrl":"https:\/\/noliktavaseksperts.coverl.id.lv\/wp-content\/uploads\/2025\/05\/logo_variacijas-09-1.webp","width":350,"height":350,"caption":"Noliktavas Eksperts"},"image":{"@id":"https:\/\/noliktavaseksperts.coverl.id.lv\/#\/schema\/logo\/image\/"}}]}},"_links":{"self":[{"href":"https:\/\/noliktavaseksperts.coverl.id.lv\/index.php?rest_route=\/wp\/v2\/product\/25832","targetHints":{"allow":["GET"]}}],"collection":[{"href":"https:\/\/noliktavaseksperts.coverl.id.lv\/index.php?rest_route=\/wp\/v2\/product"}],"about":[{"href":"https:\/\/noliktavaseksperts.coverl.id.lv\/index.php?rest_route=\/wp\/v2\/types\/product"}],"version-history":[{"count":0,"href":"https:\/\/noliktavaseksperts.coverl.id.lv\/index.php?rest_route=\/wp\/v2\/product\/25832\/revisions"}],"wp:featuredmedia":[{"embeddable":true,"href":"https:\/\/noliktavaseksperts.coverl.id.lv\/index.php?rest_route=\/wp\/v2\/media\/25834"}],"wp:attachment":[{"href":"https:\/\/noliktavaseksperts.coverl.id.lv\/index.php?rest_route=%2Fwp%2Fv2%2Fmedia&parent=25832"}],"wp:term":[{"taxonomy":"product_brand","embeddable":true,"href":"https:\/\/noliktavaseksperts.coverl.id.lv\/index.php?rest_route=%2Fwp%2Fv2%2Fproduct_brand&post=25832"},{"taxonomy":"product_cat","embeddable":true,"href":"https:\/\/noliktavaseksperts.coverl.id.lv\/index.php?rest_route=%2Fwp%2Fv2%2Fproduct_cat&post=25832"},{"taxonomy":"product_tag","embeddable":true,"href":"https:\/\/noliktavaseksperts.coverl.id.lv\/index.php?rest_route=%2Fwp%2Fv2%2Fproduct_tag&post=25832"}],"curies":[{"name":"wp","href":"https:\/\/api.w.org\/{rel}","templated":true}]}}