{"id":24315,"date":"2025-04-14T20:53:24","date_gmt":"2025-04-14T17:53:24","guid":{"rendered":"https:\/\/noliktavaseksperts.coverl.id.lv\/?post_type=product&#038;p=24315"},"modified":"2025-09-25T17:27:20","modified_gmt":"2025-09-25T14:27:20","slug":"metala-garderobes-skapis-ar-2-durvim-1800x600x500mm","status":"publish","type":"product","link":"https:\/\/noliktavaseksperts.coverl.id.lv\/?product=metala-garderobes-skapis-ar-2-durvim-1800x600x500mm","title":{"rendered":"Met\u0101la garderobes skapis ar 2 durv\u012bm &#8211; 1800x600x500mm"},"content":{"rendered":"<h3 data-start=\"0\" data-end=\"60\">Kvalitat\u012bvas met\u0101la m\u0113beles no uzticama ra\u017eot\u0101ja \u2013 MALOW<\/h3>\n<p data-start=\"62\" data-end=\"344\"><strong><em data-start=\"62\" data-end=\"83\">Noliktavas Eksperts<\/em> <\/strong>pied\u0101v\u0101 augstas kvalit\u0101tes <strong data-start=\"111\" data-end=\"129\">met\u0101la m\u0113beles<\/strong> no <strong data-start=\"133\" data-end=\"142\">MALOW<\/strong> \u2013 vado\u0161\u0101 Po\u013cu ra\u017eot\u0101ja ar vair\u0101k nek\u0101 30 gadu pieredzi nozar\u0113. MALOW specializ\u0113jas <strong data-start=\"226\" data-end=\"267\">funkcion\u0101lu un iztur\u012bgu met\u0101la m\u0113be\u013cu<\/strong> ra\u017eo\u0161an\u0101, kas piem\u0113rotas gan birojiem, gan ra\u017eo\u0161anas un industri\u0101l\u0101m telp\u0101m.<\/p>\n<hr data-start=\"346\" data-end=\"349\" \/>\n<h3 data-start=\"351\" data-end=\"386\">K\u0101p\u0113c izv\u0113l\u0113ties MALOW m\u0113beles?<\/h3>\n<ul data-start=\"388\" data-end=\"777\">\n<li data-start=\"388\" data-end=\"474\">\n<p data-start=\"390\" data-end=\"474\"><strong data-start=\"390\" data-end=\"426\">Ilggad\u0113ja pieredze un uzticam\u012bba<\/strong> \u2013 vair\u0101k nek\u0101 30 gadi met\u0101la m\u0113be\u013cu ra\u017eo\u0161an\u0101;<\/p>\n<\/li>\n<li data-start=\"475\" data-end=\"565\">\n<p data-start=\"477\" data-end=\"565\"><strong data-start=\"477\" data-end=\"497\">Pla\u0161s sortiments<\/strong> \u2013 no garderobes un instrumentu skapjiem l\u012bdz biroja risin\u0101jumiem;<\/p>\n<\/li>\n<li data-start=\"566\" data-end=\"683\">\n<p data-start=\"568\" data-end=\"683\"><strong data-start=\"568\" data-end=\"599\">Iztur\u012bba un funkcionalit\u0101te<\/strong> \u2013 m\u0113beles veidotas ikdienas lieto\u0161anai gan profesion\u0101l\u0101s, gan sabiedrisk\u0101s vid\u0113s;<\/p>\n<\/li>\n<li data-start=\"684\" data-end=\"777\">\n<p data-start=\"686\" data-end=\"777\"><strong data-start=\"686\" data-end=\"724\">Modernas tehnolo\u0123ijas un materi\u0101li<\/strong> \u2013 nodro\u0161ina ilgtermi\u0146a kvalit\u0101ti un augstu iztur\u012bbu.<\/p>\n<\/li>\n<li data-start=\"684\" data-end=\"777\"><strong>Draudz\u012bga cena &#8211; <\/strong><em>Noliktavas Eksperts<\/em> pied\u0101v\u0101 ieg\u0101d\u0101ties<strong> MALOW met\u0101la m\u0113beles par izdev\u012bg\u0101ko tirgus cenu!\u00a0<\/strong><\/li>\n<\/ul>\n<hr data-start=\"779\" data-end=\"782\" \/>\n<p data-start=\"784\" data-end=\"907\" data-is-last-node=\"\" data-is-only-node=\"\">Izv\u0113lieties <strong data-start=\"796\" data-end=\"820\">MALOW met\u0101la m\u0113beles<\/strong> no <strong><em data-start=\"824\" data-end=\"845\">Noliktavas Eksperta<\/em><\/strong> \u2013 uzticams risin\u0101jums darba telp\u0101m, kur kvalit\u0101tei ir noz\u012bme.<\/p>\n","protected":false},"excerpt":{"rendered":"<div class=\"flex-shrink-0 flex flex-col relative items-end\">\n<div class=\"pt-0\">\n<div class=\"gizmo-bot-avatar flex h-8 w-8 items-center justify-center overflow-hidden rounded-full\">\n<div class=\"relative p-1 rounded-sm flex items-center justify-center bg-token-main-surface-primary text-token-text-primary h-8 w-8\">\n<div class=\"flex-shrink-0 flex flex-col relative items-end\">\n<div>\n<div class=\"pt-0\">\n<div class=\"gizmo-bot-avatar flex h-8 w-8 items-center justify-center overflow-hidden rounded-full\">\n<p class=\"relative p-1 rounded-sm flex items-center justify-center bg-token-main-surface-primary text-token-text-primary h-8 w-8\"><strong>SUM320W <\/strong><strong>skapis sev\u012b ietver:<\/strong><\/p>\n<\/div>\n<\/div>\n<\/div>\n<\/div>\n<div class=\"group\/conversation-turn relative flex w-full min-w-0 flex-col agent-turn\">\n<div class=\"flex-col gap-1 md:gap-3\">\n<div class=\"flex max-w-full flex-col flex-grow\">\n<div class=\"min-h-8 text-message flex w-full flex-col items-end gap-2 whitespace-normal break-words text-start [.text-message+&amp;]:mt-5\" dir=\"auto\" data-message-author-role=\"assistant\" data-message-id=\"6f114a1e-85a6-4845-a84a-59da8aae0913\" data-message-model-slug=\"gpt-4o-mini\">\n<div class=\"flex w-full flex-col gap-1 empty:hidden first:pt-[3px]\">\n<div class=\"markdown prose w-full break-words dark:prose-invert light\">\n<ul>\n<li>Inform\u0101cijas kabati\u0146u uz durv\u012bm<\/li>\n<li>Cilindrisku sl\u0113dzeni ar div\u0101m atsl\u0113g\u0101m, katrai durti\u0146ai<\/li>\n<li>Spoguli durvju iek\u0161pus\u0113<\/li>\n<li>Pa\u0161l\u012bm\u0113jo\u0161u \u0101\u0137i durvju iek\u0161pus\u0113<\/li>\n<li>Katr\u0101 nodal\u012bjum\u0101: dr\u0113bju stangu, \u0101\u0137us un plauktu<\/li>\n<li>Divus nodal\u012bjumus, kur katrs 300mm plats.<\/li>\n<\/ul>\n<p><strong>Pieejami uz vietas!<br \/>\n<\/strong><strong>Zem\u0101k nor\u0101d\u012bti izm\u0113ri un papildus inform\u0101cija!<\/strong><\/p>\n<\/div>\n<\/div>\n<\/div>\n<\/div>\n<\/div>\n<\/div>\n<\/div>\n<\/div>\n<\/div>\n<\/div>\n","protected":false},"featured_media":24339,"template":"","meta":{"_joinchat":[]},"product_brand":[],"product_cat":[439],"product_tag":[567],"class_list":{"0":"post-24315","1":"product","2":"type-product","3":"status-publish","4":"has-post-thumbnail","6":"product_cat-metala-garderobes-skapji","7":"product_tag-populars","9":"first","10":"instock","11":"taxable","12":"shipping-taxable","13":"purchasable","14":"product-type-simple"},"yoast_head":"<!-- This site is optimized with the Yoast SEO plugin v27.2 - https:\/\/yoast.com\/product\/yoast-seo-wordpress\/ -->\n<title>Met\u0101la garderobes skapji | Garderpbes skapis ar 2 durv\u012bm<\/title>\n<meta name=\"description\" content=\"Ieg\u0101d\u0101jies met\u0101la garderobes skapi ar div\u0101m durv\u012bm. Nodro\u0161in\u0101s dro\u0161u mantu uzglab\u0101\u0161anu. Ide\u0101li piem\u0113rots darba viet\u0101m un \u0123\u0113rbtuv\u0113m.\" \/>\n<meta name=\"robots\" content=\"index, follow, max-snippet:-1, max-image-preview:large, max-video-preview:-1\" \/>\n<link rel=\"canonical\" href=\"https:\/\/noliktavaseksperts.coverl.id.lv\/prece\/metala-garderobes-skapis-ar-2-durvim-1800x600x500mm\/\" \/>\n<meta property=\"og:locale\" content=\"lv_LV\" \/>\n<meta property=\"og:type\" content=\"article\" \/>\n<meta property=\"og:title\" content=\"Met\u0101la garderobes skapji | Garderpbes skapis ar 2 durv\u012bm\" \/>\n<meta property=\"og:description\" content=\"Ieg\u0101d\u0101jies met\u0101la garderobes skapi ar div\u0101m durv\u012bm. Nodro\u0161in\u0101s dro\u0161u mantu uzglab\u0101\u0161anu. Ide\u0101li piem\u0113rots darba viet\u0101m un \u0123\u0113rbtuv\u0113m.\" \/>\n<meta property=\"og:url\" content=\"https:\/\/noliktavaseksperts.coverl.id.lv\/prece\/metala-garderobes-skapis-ar-2-durvim-1800x600x500mm\/\" \/>\n<meta property=\"og:site_name\" content=\"Noliktavas Eksperts\" \/>\n<meta property=\"article:modified_time\" content=\"2025-09-25T14:27:20+00:00\" \/>\n<meta property=\"og:image\" content=\"https:\/\/noliktavaseksperts.coverl.id.lv\/wp-content\/uploads\/2025\/04\/SUM320-7016-l-profile-closed-1pt-scaled-1.webp\" \/>\n\t<meta property=\"og:image:width\" content=\"1024\" \/>\n\t<meta property=\"og:image:height\" content=\"1024\" \/>\n\t<meta property=\"og:image:type\" content=\"image\/jpeg\" \/>\n<meta name=\"twitter:card\" content=\"summary_large_image\" \/>\n<meta name=\"twitter:label1\" content=\"Est. reading time\" \/>\n\t<meta name=\"twitter:data1\" content=\"1 min\u016bte\" \/>\n<script type=\"application\/ld+json\" class=\"yoast-schema-graph\">{\"@context\":\"https:\/\/schema.org\",\"@graph\":[{\"@type\":\"WebPage\",\"@id\":\"https:\/\/noliktavaseksperts.coverl.id.lv\/prece\/metala-garderobes-skapis-ar-2-durvim-1800x600x500mm\/\",\"url\":\"https:\/\/noliktavaseksperts.coverl.id.lv\/prece\/metala-garderobes-skapis-ar-2-durvim-1800x600x500mm\/\",\"name\":\"Met\u0101la garderobes skapji | Garderpbes skapis ar 2 durv\u012bm\",\"isPartOf\":{\"@id\":\"https:\/\/noliktavaseksperts.coverl.id.lv\/#website\"},\"primaryImageOfPage\":{\"@id\":\"https:\/\/noliktavaseksperts.coverl.id.lv\/prece\/metala-garderobes-skapis-ar-2-durvim-1800x600x500mm\/#primaryimage\"},\"image\":{\"@id\":\"https:\/\/noliktavaseksperts.coverl.id.lv\/prece\/metala-garderobes-skapis-ar-2-durvim-1800x600x500mm\/#primaryimage\"},\"thumbnailUrl\":\"https:\/\/noliktavaseksperts.coverl.id.lv\/wp-content\/uploads\/2025\/04\/SUM320-7016-l-profile-closed-1pt-scaled-1.webp\",\"datePublished\":\"2025-04-14T17:53:24+00:00\",\"dateModified\":\"2025-09-25T14:27:20+00:00\",\"description\":\"Ieg\u0101d\u0101jies met\u0101la garderobes skapi ar div\u0101m durv\u012bm. Nodro\u0161in\u0101s dro\u0161u mantu uzglab\u0101\u0161anu. Ide\u0101li piem\u0113rots darba viet\u0101m un \u0123\u0113rbtuv\u0113m.\",\"breadcrumb\":{\"@id\":\"https:\/\/noliktavaseksperts.coverl.id.lv\/prece\/metala-garderobes-skapis-ar-2-durvim-1800x600x500mm\/#breadcrumb\"},\"inLanguage\":\"lv-LV\",\"potentialAction\":[{\"@type\":\"ReadAction\",\"target\":[\"https:\/\/noliktavaseksperts.coverl.id.lv\/prece\/metala-garderobes-skapis-ar-2-durvim-1800x600x500mm\/\"]}]},{\"@type\":\"ImageObject\",\"inLanguage\":\"lv-LV\",\"@id\":\"https:\/\/noliktavaseksperts.coverl.id.lv\/prece\/metala-garderobes-skapis-ar-2-durvim-1800x600x500mm\/#primaryimage\",\"url\":\"https:\/\/noliktavaseksperts.coverl.id.lv\/wp-content\/uploads\/2025\/04\/SUM320-7016-l-profile-closed-1pt-scaled-1.webp\",\"contentUrl\":\"https:\/\/noliktavaseksperts.coverl.id.lv\/wp-content\/uploads\/2025\/04\/SUM320-7016-l-profile-closed-1pt-scaled-1.webp\",\"width\":1024,\"height\":1024,\"caption\":\"\u0428\u043a\u0430\u0444 SUM320W\"},{\"@type\":\"BreadcrumbList\",\"@id\":\"https:\/\/noliktavaseksperts.coverl.id.lv\/prece\/metala-garderobes-skapis-ar-2-durvim-1800x600x500mm\/#breadcrumb\",\"itemListElement\":[{\"@type\":\"ListItem\",\"position\":1,\"name\":\"Home\",\"item\":\"https:\/\/noliktavaseksperts.coverl.id.lv\/\"},{\"@type\":\"ListItem\",\"position\":2,\"name\":\"Veikals\",\"item\":\"https:\/\/noliktavaseksperts.coverl.id.lv\/?page_id=10626\"},{\"@type\":\"ListItem\",\"position\":3,\"name\":\"Met\u0101la garderobes skapis ar 2 durv\u012bm &#8211; 1800x600x500mm\"}]},{\"@type\":\"WebSite\",\"@id\":\"https:\/\/noliktavaseksperts.coverl.id.lv\/#website\",\"url\":\"https:\/\/noliktavaseksperts.coverl.id.lv\/\",\"name\":\"Noliktavas Eksperts\",\"description\":\"Noliktavas\u00a0apr\u012bkojums\",\"publisher\":{\"@id\":\"https:\/\/noliktavaseksperts.coverl.id.lv\/#organization\"},\"potentialAction\":[{\"@type\":\"SearchAction\",\"target\":{\"@type\":\"EntryPoint\",\"urlTemplate\":\"https:\/\/noliktavaseksperts.coverl.id.lv\/?s={search_term_string}\"},\"query-input\":{\"@type\":\"PropertyValueSpecification\",\"valueRequired\":true,\"valueName\":\"search_term_string\"}}],\"inLanguage\":\"lv-LV\"},{\"@type\":\"Organization\",\"@id\":\"https:\/\/noliktavaseksperts.coverl.id.lv\/#organization\",\"name\":\"Noliktavas Eksperts\",\"url\":\"https:\/\/noliktavaseksperts.coverl.id.lv\/\",\"logo\":{\"@type\":\"ImageObject\",\"inLanguage\":\"lv-LV\",\"@id\":\"https:\/\/noliktavaseksperts.coverl.id.lv\/#\/schema\/logo\/image\/\",\"url\":\"https:\/\/noliktavaseksperts.coverl.id.lv\/wp-content\/uploads\/2025\/05\/logo_variacijas-09-1.webp\",\"contentUrl\":\"https:\/\/noliktavaseksperts.coverl.id.lv\/wp-content\/uploads\/2025\/05\/logo_variacijas-09-1.webp\",\"width\":350,\"height\":350,\"caption\":\"Noliktavas Eksperts\"},\"image\":{\"@id\":\"https:\/\/noliktavaseksperts.coverl.id.lv\/#\/schema\/logo\/image\/\"}}]}<\/script>\n<!-- \/ Yoast SEO plugin. -->","yoast_head_json":{"title":"Met\u0101la garderobes skapji | Garderpbes skapis ar 2 durv\u012bm","description":"Ieg\u0101d\u0101jies met\u0101la garderobes skapi ar div\u0101m durv\u012bm. Nodro\u0161in\u0101s dro\u0161u mantu uzglab\u0101\u0161anu. Ide\u0101li piem\u0113rots darba viet\u0101m un \u0123\u0113rbtuv\u0113m.","robots":{"index":"index","follow":"follow","max-snippet":"max-snippet:-1","max-image-preview":"max-image-preview:large","max-video-preview":"max-video-preview:-1"},"canonical":"https:\/\/noliktavaseksperts.coverl.id.lv\/prece\/metala-garderobes-skapis-ar-2-durvim-1800x600x500mm\/","og_locale":"lv_LV","og_type":"article","og_title":"Met\u0101la garderobes skapji | Garderpbes skapis ar 2 durv\u012bm","og_description":"Ieg\u0101d\u0101jies met\u0101la garderobes skapi ar div\u0101m durv\u012bm. Nodro\u0161in\u0101s dro\u0161u mantu uzglab\u0101\u0161anu. Ide\u0101li piem\u0113rots darba viet\u0101m un \u0123\u0113rbtuv\u0113m.","og_url":"https:\/\/noliktavaseksperts.coverl.id.lv\/prece\/metala-garderobes-skapis-ar-2-durvim-1800x600x500mm\/","og_site_name":"Noliktavas Eksperts","article_modified_time":"2025-09-25T14:27:20+00:00","og_image":[{"width":1024,"height":1024,"url":"https:\/\/noliktavaseksperts.coverl.id.lv\/wp-content\/uploads\/2025\/04\/SUM320-7016-l-profile-closed-1pt-scaled-1.webp","type":"image\/jpeg"}],"twitter_card":"summary_large_image","twitter_misc":{"Est. reading time":"1 min\u016bte"},"schema":{"@context":"https:\/\/schema.org","@graph":[{"@type":"WebPage","@id":"https:\/\/noliktavaseksperts.coverl.id.lv\/prece\/metala-garderobes-skapis-ar-2-durvim-1800x600x500mm\/","url":"https:\/\/noliktavaseksperts.coverl.id.lv\/prece\/metala-garderobes-skapis-ar-2-durvim-1800x600x500mm\/","name":"Met\u0101la garderobes skapji | Garderpbes skapis ar 2 durv\u012bm","isPartOf":{"@id":"https:\/\/noliktavaseksperts.coverl.id.lv\/#website"},"primaryImageOfPage":{"@id":"https:\/\/noliktavaseksperts.coverl.id.lv\/prece\/metala-garderobes-skapis-ar-2-durvim-1800x600x500mm\/#primaryimage"},"image":{"@id":"https:\/\/noliktavaseksperts.coverl.id.lv\/prece\/metala-garderobes-skapis-ar-2-durvim-1800x600x500mm\/#primaryimage"},"thumbnailUrl":"https:\/\/noliktavaseksperts.coverl.id.lv\/wp-content\/uploads\/2025\/04\/SUM320-7016-l-profile-closed-1pt-scaled-1.webp","datePublished":"2025-04-14T17:53:24+00:00","dateModified":"2025-09-25T14:27:20+00:00","description":"Ieg\u0101d\u0101jies met\u0101la garderobes skapi ar div\u0101m durv\u012bm. Nodro\u0161in\u0101s dro\u0161u mantu uzglab\u0101\u0161anu. Ide\u0101li piem\u0113rots darba viet\u0101m un \u0123\u0113rbtuv\u0113m.","breadcrumb":{"@id":"https:\/\/noliktavaseksperts.coverl.id.lv\/prece\/metala-garderobes-skapis-ar-2-durvim-1800x600x500mm\/#breadcrumb"},"inLanguage":"lv-LV","potentialAction":[{"@type":"ReadAction","target":["https:\/\/noliktavaseksperts.coverl.id.lv\/prece\/metala-garderobes-skapis-ar-2-durvim-1800x600x500mm\/"]}]},{"@type":"ImageObject","inLanguage":"lv-LV","@id":"https:\/\/noliktavaseksperts.coverl.id.lv\/prece\/metala-garderobes-skapis-ar-2-durvim-1800x600x500mm\/#primaryimage","url":"https:\/\/noliktavaseksperts.coverl.id.lv\/wp-content\/uploads\/2025\/04\/SUM320-7016-l-profile-closed-1pt-scaled-1.webp","contentUrl":"https:\/\/noliktavaseksperts.coverl.id.lv\/wp-content\/uploads\/2025\/04\/SUM320-7016-l-profile-closed-1pt-scaled-1.webp","width":1024,"height":1024,"caption":"\u0428\u043a\u0430\u0444 SUM320W"},{"@type":"BreadcrumbList","@id":"https:\/\/noliktavaseksperts.coverl.id.lv\/prece\/metala-garderobes-skapis-ar-2-durvim-1800x600x500mm\/#breadcrumb","itemListElement":[{"@type":"ListItem","position":1,"name":"Home","item":"https:\/\/noliktavaseksperts.coverl.id.lv\/"},{"@type":"ListItem","position":2,"name":"Veikals","item":"https:\/\/noliktavaseksperts.coverl.id.lv\/?page_id=10626"},{"@type":"ListItem","position":3,"name":"Met\u0101la garderobes skapis ar 2 durv\u012bm &#8211; 1800x600x500mm"}]},{"@type":"WebSite","@id":"https:\/\/noliktavaseksperts.coverl.id.lv\/#website","url":"https:\/\/noliktavaseksperts.coverl.id.lv\/","name":"Noliktavas Eksperts","description":"Noliktavas\u00a0apr\u012bkojums","publisher":{"@id":"https:\/\/noliktavaseksperts.coverl.id.lv\/#organization"},"potentialAction":[{"@type":"SearchAction","target":{"@type":"EntryPoint","urlTemplate":"https:\/\/noliktavaseksperts.coverl.id.lv\/?s={search_term_string}"},"query-input":{"@type":"PropertyValueSpecification","valueRequired":true,"valueName":"search_term_string"}}],"inLanguage":"lv-LV"},{"@type":"Organization","@id":"https:\/\/noliktavaseksperts.coverl.id.lv\/#organization","name":"Noliktavas Eksperts","url":"https:\/\/noliktavaseksperts.coverl.id.lv\/","logo":{"@type":"ImageObject","inLanguage":"lv-LV","@id":"https:\/\/noliktavaseksperts.coverl.id.lv\/#\/schema\/logo\/image\/","url":"https:\/\/noliktavaseksperts.coverl.id.lv\/wp-content\/uploads\/2025\/05\/logo_variacijas-09-1.webp","contentUrl":"https:\/\/noliktavaseksperts.coverl.id.lv\/wp-content\/uploads\/2025\/05\/logo_variacijas-09-1.webp","width":350,"height":350,"caption":"Noliktavas Eksperts"},"image":{"@id":"https:\/\/noliktavaseksperts.coverl.id.lv\/#\/schema\/logo\/image\/"}}]}},"_links":{"self":[{"href":"https:\/\/noliktavaseksperts.coverl.id.lv\/index.php?rest_route=\/wp\/v2\/product\/24315","targetHints":{"allow":["GET"]}}],"collection":[{"href":"https:\/\/noliktavaseksperts.coverl.id.lv\/index.php?rest_route=\/wp\/v2\/product"}],"about":[{"href":"https:\/\/noliktavaseksperts.coverl.id.lv\/index.php?rest_route=\/wp\/v2\/types\/product"}],"version-history":[{"count":0,"href":"https:\/\/noliktavaseksperts.coverl.id.lv\/index.php?rest_route=\/wp\/v2\/product\/24315\/revisions"}],"wp:featuredmedia":[{"embeddable":true,"href":"https:\/\/noliktavaseksperts.coverl.id.lv\/index.php?rest_route=\/wp\/v2\/media\/24339"}],"wp:attachment":[{"href":"https:\/\/noliktavaseksperts.coverl.id.lv\/index.php?rest_route=%2Fwp%2Fv2%2Fmedia&parent=24315"}],"wp:term":[{"taxonomy":"product_brand","embeddable":true,"href":"https:\/\/noliktavaseksperts.coverl.id.lv\/index.php?rest_route=%2Fwp%2Fv2%2Fproduct_brand&post=24315"},{"taxonomy":"product_cat","embeddable":true,"href":"https:\/\/noliktavaseksperts.coverl.id.lv\/index.php?rest_route=%2Fwp%2Fv2%2Fproduct_cat&post=24315"},{"taxonomy":"product_tag","embeddable":true,"href":"https:\/\/noliktavaseksperts.coverl.id.lv\/index.php?rest_route=%2Fwp%2Fv2%2Fproduct_tag&post=24315"}],"curies":[{"name":"wp","href":"https:\/\/api.w.org\/{rel}","templated":true}]}}