{"id":24186,"date":"2025-04-14T20:52:22","date_gmt":"2025-04-14T17:52:22","guid":{"rendered":"https:\/\/noliktavaseksperts.coverl.id.lv\/?post_type=product&#038;p=24186"},"modified":"2025-09-26T15:13:01","modified_gmt":"2025-09-26T12:13:01","slug":"distance-dubultajiem-palesu-ramjiem-300mm","status":"publish","type":"product","link":"https:\/\/noliktavaseksperts.coverl.id.lv\/?product=distance-dubultajiem-palesu-ramjiem-300mm","title":{"rendered":"Distance &#8211; savienot\u0101js dubultaj\u0101m pale\u0161u plauktu rind\u0101m, 300mm"},"content":{"rendered":"<h3 data-start=\"0\" data-end=\"102\">Distances savienot\u0101js dubultajiem pale\u0161u plauktiem \u2013 stabilit\u0101tei un efekt\u012bvai telpas izmanto\u0161anai!<\/h3>\n<p data-start=\"104\" data-end=\"300\"><strong data-start=\"104\" data-end=\"136\">300 mm distances savienot\u0101js<\/strong> paredz\u0113ts <strong data-start=\"147\" data-end=\"179\">dubulto pale\u0161u plauktu rindu<\/strong> savieno\u0161anai, nodro\u0161inot vienlaikus gan <strong data-start=\"220\" data-end=\"249\">konstrukcijas stabilit\u0101ti<\/strong>, gan <strong data-start=\"255\" data-end=\"299\">efekt\u012bvu uzglab\u0101\u0161anas telpas izmanto\u0161anu<\/strong>.<\/p>\n<hr data-start=\"302\" data-end=\"305\" \/>\n<h3 data-start=\"307\" data-end=\"350\">K\u0101p\u0113c izv\u0113l\u0113ties distances savienot\u0101ju?<\/h3>\n<ul data-start=\"352\" data-end=\"761\">\n<li data-start=\"352\" data-end=\"476\">\n<p data-start=\"354\" data-end=\"476\"><strong data-start=\"354\" data-end=\"379\">Stiprina konstrukciju<\/strong> \u2013 uzlabo plauktu rindu savienojumu stabilit\u0101ti, \u012bpa\u0161i augst\u0101s vai smagas kravnes\u012bbas sist\u0113m\u0101s;<\/p>\n<\/li>\n<li data-start=\"477\" data-end=\"615\">\n<p data-start=\"479\" data-end=\"615\"><strong data-start=\"479\" data-end=\"502\">Telpas optimiz\u0101cija<\/strong> \u2013 nodro\u0161ina vienm\u0113r\u012bgu un pareizu att\u0101lumu starp plauktu rind\u0101m (300 mm), lai nodro\u0161in\u0101tu piek\u013cuvi un dro\u0161\u012bbu;<\/p>\n<\/li>\n<li data-start=\"616\" data-end=\"761\">\n<p data-start=\"618\" data-end=\"761\"><strong data-start=\"618\" data-end=\"657\">Ide\u0101ls risin\u0101jums dubulto rindu sist\u0113m\u0101m<\/strong> \u2013 piem\u0113rots noliktav\u0101m ar intens\u012bvu kravu apriti un nepiecie\u0161am\u012bbu p\u0113c stabilas, ietilp\u012bgas strukt\u016bras.<\/p>\n<\/li>\n<\/ul>\n<hr data-start=\"763\" data-end=\"766\" \/>\n<p data-start=\"768\" data-end=\"889\" data-is-last-node=\"\" data-is-only-node=\"\"><strong data-start=\"768\" data-end=\"800\">Skatiet izvietojuma piem\u0113rus<\/strong> otraj\u0101 un tre\u0161aj\u0101 bild\u0113 un izv\u0113lieties profesion\u0101lu risin\u0101jumu no <strong><em data-start=\"867\" data-end=\"888\">Noliktavas Eksperta<\/em><\/strong>!<\/p>\n","protected":false},"excerpt":{"rendered":"<p>Dubulto pale\u0161u r\u0101mju distance, 300mm &#8211; paredz\u0113ta m\u016bsu pied\u0101v\u0101tajiem pale\u0161u plauktiem, lai stiprin\u0101tu dubult\u0101s pale\u0161u plauktu rindas.<\/p>\n","protected":false},"featured_media":24271,"template":"","meta":{"_joinchat":[]},"product_brand":[],"product_cat":[435,436],"product_tag":[],"class_list":{"0":"post-24186","1":"product","2":"type-product","3":"status-publish","4":"has-post-thumbnail","6":"product_cat-palesu-plaukti","7":"product_cat-palesu-plauktu-piederumi","9":"first","10":"instock","11":"taxable","12":"shipping-taxable","13":"purchasable","14":"product-type-simple"},"yoast_head":"<!-- This site is optimized with the Yoast SEO plugin v27.2 - https:\/\/yoast.com\/product\/yoast-seo-wordpress\/ -->\n<title>Pale\u0161u r\u0101mju distance | Dubulto pale\u0161u r\u0101mju distances<\/title>\n<meta name=\"description\" content=\"Noder\u012bgs papildin\u0101jums pale\u0161u plauktiem \u2013 300mm distances, lai nodro\u0161in\u0101tu maksim\u0101lu stabilit\u0101ti un dro\u0161\u012bbu. Optimiz\u0113 savu noliktavu.\" \/>\n<meta name=\"robots\" content=\"index, follow, max-snippet:-1, max-image-preview:large, max-video-preview:-1\" \/>\n<link rel=\"canonical\" href=\"https:\/\/noliktavaseksperts.coverl.id.lv\/prece\/distance-dubultajiem-palesu-ramjiem-300mm\/\" \/>\n<meta property=\"og:locale\" content=\"lv_LV\" \/>\n<meta property=\"og:type\" content=\"article\" \/>\n<meta property=\"og:title\" content=\"Pale\u0161u r\u0101mju distance | Dubulto pale\u0161u r\u0101mju distances\" \/>\n<meta property=\"og:description\" content=\"Noder\u012bgs papildin\u0101jums pale\u0161u plauktiem \u2013 300mm distances, lai nodro\u0161in\u0101tu maksim\u0101lu stabilit\u0101ti un dro\u0161\u012bbu. Optimiz\u0113 savu noliktavu.\" \/>\n<meta property=\"og:url\" content=\"https:\/\/noliktavaseksperts.coverl.id.lv\/prece\/distance-dubultajiem-palesu-ramjiem-300mm\/\" \/>\n<meta property=\"og:site_name\" content=\"Noliktavas Eksperts\" \/>\n<meta property=\"article:modified_time\" content=\"2025-09-26T12:13:01+00:00\" \/>\n<meta property=\"og:image\" content=\"https:\/\/noliktavaseksperts.coverl.id.lv\/wp-content\/uploads\/2025\/04\/Row-spacer300mm.webp\" \/>\n\t<meta property=\"og:image:width\" content=\"1024\" \/>\n\t<meta property=\"og:image:height\" content=\"1024\" \/>\n\t<meta property=\"og:image:type\" content=\"image\/jpeg\" \/>\n<meta name=\"twitter:card\" content=\"summary_large_image\" \/>\n<meta name=\"twitter:label1\" content=\"Est. reading time\" \/>\n\t<meta name=\"twitter:data1\" content=\"1 min\u016bte\" \/>\n<script type=\"application\/ld+json\" class=\"yoast-schema-graph\">{\"@context\":\"https:\/\/schema.org\",\"@graph\":[{\"@type\":\"WebPage\",\"@id\":\"https:\/\/noliktavaseksperts.coverl.id.lv\/prece\/distance-dubultajiem-palesu-ramjiem-300mm\/\",\"url\":\"https:\/\/noliktavaseksperts.coverl.id.lv\/prece\/distance-dubultajiem-palesu-ramjiem-300mm\/\",\"name\":\"Pale\u0161u r\u0101mju distance | Dubulto pale\u0161u r\u0101mju distances\",\"isPartOf\":{\"@id\":\"https:\/\/noliktavaseksperts.coverl.id.lv\/#website\"},\"primaryImageOfPage\":{\"@id\":\"https:\/\/noliktavaseksperts.coverl.id.lv\/prece\/distance-dubultajiem-palesu-ramjiem-300mm\/#primaryimage\"},\"image\":{\"@id\":\"https:\/\/noliktavaseksperts.coverl.id.lv\/prece\/distance-dubultajiem-palesu-ramjiem-300mm\/#primaryimage\"},\"thumbnailUrl\":\"https:\/\/noliktavaseksperts.coverl.id.lv\/wp-content\/uploads\/2025\/04\/Row-spacer300mm.webp\",\"datePublished\":\"2025-04-14T17:52:22+00:00\",\"dateModified\":\"2025-09-26T12:13:01+00:00\",\"description\":\"Noder\u012bgs papildin\u0101jums pale\u0161u plauktiem \u2013 300mm distances, lai nodro\u0161in\u0101tu maksim\u0101lu stabilit\u0101ti un dro\u0161\u012bbu. Optimiz\u0113 savu noliktavu.\",\"breadcrumb\":{\"@id\":\"https:\/\/noliktavaseksperts.coverl.id.lv\/prece\/distance-dubultajiem-palesu-ramjiem-300mm\/#breadcrumb\"},\"inLanguage\":\"lv-LV\",\"potentialAction\":[{\"@type\":\"ReadAction\",\"target\":[\"https:\/\/noliktavaseksperts.coverl.id.lv\/prece\/distance-dubultajiem-palesu-ramjiem-300mm\/\"]}]},{\"@type\":\"ImageObject\",\"inLanguage\":\"lv-LV\",\"@id\":\"https:\/\/noliktavaseksperts.coverl.id.lv\/prece\/distance-dubultajiem-palesu-ramjiem-300mm\/#primaryimage\",\"url\":\"https:\/\/noliktavaseksperts.coverl.id.lv\/wp-content\/uploads\/2025\/04\/Row-spacer300mm.webp\",\"contentUrl\":\"https:\/\/noliktavaseksperts.coverl.id.lv\/wp-content\/uploads\/2025\/04\/Row-spacer300mm.webp\",\"width\":1024,\"height\":1024,\"caption\":\"\u041c\u0435\u0436\u0434\u0443\u0440\u044f\u0434\u043d\u044b\u0439 \u0440\u0430\u0437\u0434\u0435\u043b\u0438\u0442\u0435\u043b\u044c 300 \u043c\u043c\"},{\"@type\":\"BreadcrumbList\",\"@id\":\"https:\/\/noliktavaseksperts.coverl.id.lv\/prece\/distance-dubultajiem-palesu-ramjiem-300mm\/#breadcrumb\",\"itemListElement\":[{\"@type\":\"ListItem\",\"position\":1,\"name\":\"Home\",\"item\":\"https:\/\/noliktavaseksperts.coverl.id.lv\/\"},{\"@type\":\"ListItem\",\"position\":2,\"name\":\"Veikals\",\"item\":\"https:\/\/noliktavaseksperts.coverl.id.lv\/?page_id=10626\"},{\"@type\":\"ListItem\",\"position\":3,\"name\":\"Distance &#8211; savienot\u0101js dubultaj\u0101m pale\u0161u plauktu rind\u0101m, 300mm\"}]},{\"@type\":\"WebSite\",\"@id\":\"https:\/\/noliktavaseksperts.coverl.id.lv\/#website\",\"url\":\"https:\/\/noliktavaseksperts.coverl.id.lv\/\",\"name\":\"Noliktavas Eksperts\",\"description\":\"Noliktavas\u00a0apr\u012bkojums\",\"publisher\":{\"@id\":\"https:\/\/noliktavaseksperts.coverl.id.lv\/#organization\"},\"potentialAction\":[{\"@type\":\"SearchAction\",\"target\":{\"@type\":\"EntryPoint\",\"urlTemplate\":\"https:\/\/noliktavaseksperts.coverl.id.lv\/?s={search_term_string}\"},\"query-input\":{\"@type\":\"PropertyValueSpecification\",\"valueRequired\":true,\"valueName\":\"search_term_string\"}}],\"inLanguage\":\"lv-LV\"},{\"@type\":\"Organization\",\"@id\":\"https:\/\/noliktavaseksperts.coverl.id.lv\/#organization\",\"name\":\"Noliktavas Eksperts\",\"url\":\"https:\/\/noliktavaseksperts.coverl.id.lv\/\",\"logo\":{\"@type\":\"ImageObject\",\"inLanguage\":\"lv-LV\",\"@id\":\"https:\/\/noliktavaseksperts.coverl.id.lv\/#\/schema\/logo\/image\/\",\"url\":\"https:\/\/noliktavaseksperts.coverl.id.lv\/wp-content\/uploads\/2025\/05\/logo_variacijas-09-1.webp\",\"contentUrl\":\"https:\/\/noliktavaseksperts.coverl.id.lv\/wp-content\/uploads\/2025\/05\/logo_variacijas-09-1.webp\",\"width\":350,\"height\":350,\"caption\":\"Noliktavas Eksperts\"},\"image\":{\"@id\":\"https:\/\/noliktavaseksperts.coverl.id.lv\/#\/schema\/logo\/image\/\"}}]}<\/script>\n<!-- \/ Yoast SEO plugin. -->","yoast_head_json":{"title":"Pale\u0161u r\u0101mju distance | Dubulto pale\u0161u r\u0101mju distances","description":"Noder\u012bgs papildin\u0101jums pale\u0161u plauktiem \u2013 300mm distances, lai nodro\u0161in\u0101tu maksim\u0101lu stabilit\u0101ti un dro\u0161\u012bbu. Optimiz\u0113 savu noliktavu.","robots":{"index":"index","follow":"follow","max-snippet":"max-snippet:-1","max-image-preview":"max-image-preview:large","max-video-preview":"max-video-preview:-1"},"canonical":"https:\/\/noliktavaseksperts.coverl.id.lv\/prece\/distance-dubultajiem-palesu-ramjiem-300mm\/","og_locale":"lv_LV","og_type":"article","og_title":"Pale\u0161u r\u0101mju distance | Dubulto pale\u0161u r\u0101mju distances","og_description":"Noder\u012bgs papildin\u0101jums pale\u0161u plauktiem \u2013 300mm distances, lai nodro\u0161in\u0101tu maksim\u0101lu stabilit\u0101ti un dro\u0161\u012bbu. Optimiz\u0113 savu noliktavu.","og_url":"https:\/\/noliktavaseksperts.coverl.id.lv\/prece\/distance-dubultajiem-palesu-ramjiem-300mm\/","og_site_name":"Noliktavas Eksperts","article_modified_time":"2025-09-26T12:13:01+00:00","og_image":[{"width":1024,"height":1024,"url":"https:\/\/noliktavaseksperts.coverl.id.lv\/wp-content\/uploads\/2025\/04\/Row-spacer300mm.webp","type":"image\/jpeg"}],"twitter_card":"summary_large_image","twitter_misc":{"Est. reading time":"1 min\u016bte"},"schema":{"@context":"https:\/\/schema.org","@graph":[{"@type":"WebPage","@id":"https:\/\/noliktavaseksperts.coverl.id.lv\/prece\/distance-dubultajiem-palesu-ramjiem-300mm\/","url":"https:\/\/noliktavaseksperts.coverl.id.lv\/prece\/distance-dubultajiem-palesu-ramjiem-300mm\/","name":"Pale\u0161u r\u0101mju distance | Dubulto pale\u0161u r\u0101mju distances","isPartOf":{"@id":"https:\/\/noliktavaseksperts.coverl.id.lv\/#website"},"primaryImageOfPage":{"@id":"https:\/\/noliktavaseksperts.coverl.id.lv\/prece\/distance-dubultajiem-palesu-ramjiem-300mm\/#primaryimage"},"image":{"@id":"https:\/\/noliktavaseksperts.coverl.id.lv\/prece\/distance-dubultajiem-palesu-ramjiem-300mm\/#primaryimage"},"thumbnailUrl":"https:\/\/noliktavaseksperts.coverl.id.lv\/wp-content\/uploads\/2025\/04\/Row-spacer300mm.webp","datePublished":"2025-04-14T17:52:22+00:00","dateModified":"2025-09-26T12:13:01+00:00","description":"Noder\u012bgs papildin\u0101jums pale\u0161u plauktiem \u2013 300mm distances, lai nodro\u0161in\u0101tu maksim\u0101lu stabilit\u0101ti un dro\u0161\u012bbu. Optimiz\u0113 savu noliktavu.","breadcrumb":{"@id":"https:\/\/noliktavaseksperts.coverl.id.lv\/prece\/distance-dubultajiem-palesu-ramjiem-300mm\/#breadcrumb"},"inLanguage":"lv-LV","potentialAction":[{"@type":"ReadAction","target":["https:\/\/noliktavaseksperts.coverl.id.lv\/prece\/distance-dubultajiem-palesu-ramjiem-300mm\/"]}]},{"@type":"ImageObject","inLanguage":"lv-LV","@id":"https:\/\/noliktavaseksperts.coverl.id.lv\/prece\/distance-dubultajiem-palesu-ramjiem-300mm\/#primaryimage","url":"https:\/\/noliktavaseksperts.coverl.id.lv\/wp-content\/uploads\/2025\/04\/Row-spacer300mm.webp","contentUrl":"https:\/\/noliktavaseksperts.coverl.id.lv\/wp-content\/uploads\/2025\/04\/Row-spacer300mm.webp","width":1024,"height":1024,"caption":"\u041c\u0435\u0436\u0434\u0443\u0440\u044f\u0434\u043d\u044b\u0439 \u0440\u0430\u0437\u0434\u0435\u043b\u0438\u0442\u0435\u043b\u044c 300 \u043c\u043c"},{"@type":"BreadcrumbList","@id":"https:\/\/noliktavaseksperts.coverl.id.lv\/prece\/distance-dubultajiem-palesu-ramjiem-300mm\/#breadcrumb","itemListElement":[{"@type":"ListItem","position":1,"name":"Home","item":"https:\/\/noliktavaseksperts.coverl.id.lv\/"},{"@type":"ListItem","position":2,"name":"Veikals","item":"https:\/\/noliktavaseksperts.coverl.id.lv\/?page_id=10626"},{"@type":"ListItem","position":3,"name":"Distance &#8211; savienot\u0101js dubultaj\u0101m pale\u0161u plauktu rind\u0101m, 300mm"}]},{"@type":"WebSite","@id":"https:\/\/noliktavaseksperts.coverl.id.lv\/#website","url":"https:\/\/noliktavaseksperts.coverl.id.lv\/","name":"Noliktavas Eksperts","description":"Noliktavas\u00a0apr\u012bkojums","publisher":{"@id":"https:\/\/noliktavaseksperts.coverl.id.lv\/#organization"},"potentialAction":[{"@type":"SearchAction","target":{"@type":"EntryPoint","urlTemplate":"https:\/\/noliktavaseksperts.coverl.id.lv\/?s={search_term_string}"},"query-input":{"@type":"PropertyValueSpecification","valueRequired":true,"valueName":"search_term_string"}}],"inLanguage":"lv-LV"},{"@type":"Organization","@id":"https:\/\/noliktavaseksperts.coverl.id.lv\/#organization","name":"Noliktavas Eksperts","url":"https:\/\/noliktavaseksperts.coverl.id.lv\/","logo":{"@type":"ImageObject","inLanguage":"lv-LV","@id":"https:\/\/noliktavaseksperts.coverl.id.lv\/#\/schema\/logo\/image\/","url":"https:\/\/noliktavaseksperts.coverl.id.lv\/wp-content\/uploads\/2025\/05\/logo_variacijas-09-1.webp","contentUrl":"https:\/\/noliktavaseksperts.coverl.id.lv\/wp-content\/uploads\/2025\/05\/logo_variacijas-09-1.webp","width":350,"height":350,"caption":"Noliktavas Eksperts"},"image":{"@id":"https:\/\/noliktavaseksperts.coverl.id.lv\/#\/schema\/logo\/image\/"}}]}},"_links":{"self":[{"href":"https:\/\/noliktavaseksperts.coverl.id.lv\/index.php?rest_route=\/wp\/v2\/product\/24186","targetHints":{"allow":["GET"]}}],"collection":[{"href":"https:\/\/noliktavaseksperts.coverl.id.lv\/index.php?rest_route=\/wp\/v2\/product"}],"about":[{"href":"https:\/\/noliktavaseksperts.coverl.id.lv\/index.php?rest_route=\/wp\/v2\/types\/product"}],"version-history":[{"count":0,"href":"https:\/\/noliktavaseksperts.coverl.id.lv\/index.php?rest_route=\/wp\/v2\/product\/24186\/revisions"}],"wp:featuredmedia":[{"embeddable":true,"href":"https:\/\/noliktavaseksperts.coverl.id.lv\/index.php?rest_route=\/wp\/v2\/media\/24271"}],"wp:attachment":[{"href":"https:\/\/noliktavaseksperts.coverl.id.lv\/index.php?rest_route=%2Fwp%2Fv2%2Fmedia&parent=24186"}],"wp:term":[{"taxonomy":"product_brand","embeddable":true,"href":"https:\/\/noliktavaseksperts.coverl.id.lv\/index.php?rest_route=%2Fwp%2Fv2%2Fproduct_brand&post=24186"},{"taxonomy":"product_cat","embeddable":true,"href":"https:\/\/noliktavaseksperts.coverl.id.lv\/index.php?rest_route=%2Fwp%2Fv2%2Fproduct_cat&post=24186"},{"taxonomy":"product_tag","embeddable":true,"href":"https:\/\/noliktavaseksperts.coverl.id.lv\/index.php?rest_route=%2Fwp%2Fv2%2Fproduct_tag&post=24186"}],"curies":[{"name":"wp","href":"https:\/\/api.w.org\/{rel}","templated":true}]}}