{"id":24014,"date":"2025-04-14T20:51:07","date_gmt":"2025-04-14T17:51:07","guid":{"rendered":"https:\/\/noliktavaseksperts.coverl.id.lv\/?post_type=product&#038;p=24014"},"modified":"2026-03-25T13:13:34","modified_gmt":"2026-03-25T11:13:34","slug":"universalie-plaukti-1750mm-augstuma-3-limeni-bez-ieklajuma","status":"publish","type":"product","link":"https:\/\/noliktavaseksperts.coverl.id.lv\/?product=universalie-plaukti-1750mm-augstuma-3-limeni-bez-ieklajuma","title":{"rendered":"Univers\u0101lie plaukti 1750mm augstum\u0101 &#8211; 3 l\u012bme\u0146i &#8211; Bez Iekl\u0101juma"},"content":{"rendered":"<h3 data-start=\"99\" data-end=\"212\">Mekl\u0113jot plauktus ar augstu kravnes\u012bbu \u2013 <strong data-start=\"144\" data-end=\"184\">\u201cUnivers\u0101lie\u201d jeb \u201cLongspan\u201d plaukti<\/strong> ir uzticam\u0101kais risin\u0101jums!<\/h3>\n<p data-start=\"214\" data-end=\"495\">Pied\u0101v\u0101jam vienus no kvalitat\u012bv\u0101kajiem <strong data-start=\"253\" data-end=\"265\">Longspan<\/strong> plauktiem Eiropas tirg\u016b, nodro\u0161inot optim\u0101lu slodzes iztur\u012bbu, konstrukcijas stabilit\u0101ti un konkur\u0113tsp\u0113j\u012bgu cenu. <strong>Plaukti ir ra\u017eoti Eiropas savien\u012bb\u0101, Sp\u0101nij\u0101!\u00a0<\/strong><br data-start=\"379\" data-end=\"382\" \/>\u0160ie plaukti paredz\u0113ti profesion\u0101lai lieto\u0161anai \u2013 no industri\u0101l\u0101m noliktav\u0101m l\u012bdz priv\u0101tiem darbn\u012bcu risin\u0101jumiem.<\/p>\n<hr data-start=\"497\" data-end=\"500\" \/>\n<h3 data-start=\"502\" data-end=\"541\">K\u0101p\u0113c tie\u0161i m\u016bsu <strong data-start=\"518\" data-end=\"540\">\u201cLongspan\u201d plaukti<\/strong>?<\/h3>\n<ul data-start=\"543\" data-end=\"1136\">\n<li data-start=\"543\" data-end=\"660\">\n<p data-start=\"545\" data-end=\"660\"><strong data-start=\"545\" data-end=\"570\">Iespaid\u012bga kravnes\u012bba<\/strong> \u2013 l\u012bdz pat <strong data-start=\"582\" data-end=\"611\">1000 kg uz plaukta l\u012bmeni<\/strong>, piem\u0113roti smag\u0101m krav\u0101m un lielgabar\u012bta prec\u0113m;<\/p>\n<\/li>\n<li data-start=\"661\" data-end=\"773\">\n<p data-start=\"663\" data-end=\"773\"><strong data-start=\"663\" data-end=\"687\">Stabila konstrukcija<\/strong> \u2013 izgatavoti no augstas kvalit\u0101tes t\u0113rauda, paredz\u0113ta ilgsto\u0161ai un dro\u0161ai lieto\u0161anai;<\/p>\n<\/li>\n<li data-start=\"774\" data-end=\"902\">\n<p data-start=\"776\" data-end=\"902\"><strong data-start=\"776\" data-end=\"799\">Pla\u0161s izm\u0113ru kl\u0101sts<\/strong> \u2013 augstums no <strong data-start=\"814\" data-end=\"835\">1750 l\u012bdz 3500 mm<\/strong>, platums no <strong>950mm<\/strong> l\u012bdz <strong data-start=\"850\" data-end=\"861\">2750 mm<\/strong>, da\u017e\u0101di dzi\u013cumi no <strong data-start=\"881\" data-end=\"901\">500 l\u012bdz 1200 mm<\/strong>;<\/p>\n<\/li>\n<li data-start=\"903\" data-end=\"1015\">\n<p data-start=\"905\" data-end=\"1015\"><strong data-start=\"905\" data-end=\"925\">Iekl\u0101juma izv\u0113le<\/strong> \u2013 pieejami ar lamin\u0113tu b\u0113rza sapl\u0101ksni vai bez iekl\u0101juma, ja v\u0113laties to nodro\u0161in\u0101t pa\u0161i;<\/p>\n<\/li>\n<li data-start=\"1016\" data-end=\"1136\">\n<p data-start=\"1018\" data-end=\"1136\"><strong data-start=\"1018\" data-end=\"1045\">Univers\u0101ls pielietojums<\/strong> \u2013 ide\u0101li piem\u0113roti noliktav\u0101m, ra\u017eotn\u0113m, lo\u0123istikas centriem, darbn\u012bc\u0101m un auto servisiem.<\/p>\n<\/li>\n<\/ul>\n<hr data-start=\"1138\" data-end=\"1141\" \/>\n<p data-start=\"1143\" data-end=\"1301\" data-is-last-node=\"\" data-is-only-node=\"\">Uzticieties profesion\u0101lai kvalit\u0101tei \u2014 izv\u0113lieties <strong data-start=\"1194\" data-end=\"1206\">Longspan<\/strong> plauktus no <strong><em data-start=\"1219\" data-end=\"1240\">Noliktavas Eksperta<\/em> <\/strong>un ieguldiet uzticam\u0101 risin\u0101jum\u0101, smagu kravu uzglab\u0101\u0161anai!<\/p>\n","protected":false},"excerpt":{"rendered":"<p><strong>Iztur\u012bgu, \u0161iem plauktiem paredz\u0113tu iekl\u0101jumu, ir iesp\u0113jams ieg\u0101d\u0101ties par papildus samaksu.<\/strong><\/p>\n<p><strong>Ir iesp\u0113jams<\/strong> ieg\u0101d\u0101ties plauktus ar Jums nepiecie\u0161amo l\u012bme\u0146u skaitu un da\u017e\u0101d\u0101s izm\u0113ru kombin\u0101cij\u0101s.<br \/>\n<strong>Ir iesp\u0113jams<\/strong> ieg\u0101d\u0101ties plauktu papildsekcijas, lai savienotu plauktus gar\u0101k\u0101s rind\u0101s.<\/p>\n<p>S\u012bk\u0101ka inform\u0101cija zvanot +371 27210022 vai rakstot uz <a class=\"cursor-pointer\" rel=\"noopener\" data-start=\"49\" data-end=\"75\">info@noliktavaseksperts.coverl.id.lv<\/a><\/p>\n<p>&nbsp;<\/p>\n","protected":false},"featured_media":28898,"template":"","meta":{"_joinchat":[]},"product_brand":[],"product_cat":[434],"product_tag":[],"class_list":{"0":"post-24014","1":"product","2":"type-product","3":"status-publish","4":"has-post-thumbnail","6":"product_cat-universalie-plaukti-kimer","8":"first","9":"instock","10":"taxable","11":"shipping-taxable","12":"purchasable","13":"product-type-variable"},"yoast_head":"<!-- This site is optimized with the Yoast SEO plugin v27.2 - https:\/\/yoast.com\/product\/yoast-seo-wordpress\/ -->\n<title>Univers\u0101lie plaukti bez iekl\u0101juma | Pla\u0161\u0101k\u0101 izv\u0113le Latvij\u0101<\/title>\n<meta name=\"description\" content=\"Kvalitat\u012bvi univers\u0101lie plaukti ar 3 l\u012bme\u0146iem, bez iekl\u0101juma. Ide\u0101ls risin\u0101jums da\u017e\u0101d\u0101m uzglab\u0101\u0161anas vajadz\u012bb\u0101m. Izv\u0113lies plauktu ar iekl\u0101jumu.\" \/>\n<meta name=\"robots\" content=\"index, follow, max-snippet:-1, max-image-preview:large, max-video-preview:-1\" \/>\n<link rel=\"canonical\" href=\"https:\/\/noliktavaseksperts.coverl.id.lv\/prece\/universalie-plaukti-1750mm-augstuma-3-limeni-bez-ieklajuma\/\" \/>\n<meta property=\"og:locale\" content=\"lv_LV\" \/>\n<meta property=\"og:type\" content=\"article\" \/>\n<meta property=\"og:title\" content=\"Univers\u0101lie plaukti bez iekl\u0101juma | Pla\u0161\u0101k\u0101 izv\u0113le Latvij\u0101\" \/>\n<meta property=\"og:description\" content=\"Kvalitat\u012bvi univers\u0101lie plaukti ar 3 l\u012bme\u0146iem, bez iekl\u0101juma. Ide\u0101ls risin\u0101jums da\u017e\u0101d\u0101m uzglab\u0101\u0161anas vajadz\u012bb\u0101m. Izv\u0113lies plauktu ar iekl\u0101jumu.\" \/>\n<meta property=\"og:url\" content=\"https:\/\/noliktavaseksperts.coverl.id.lv\/prece\/universalie-plaukti-1750mm-augstuma-3-limeni-bez-ieklajuma\/\" \/>\n<meta property=\"og:site_name\" content=\"Noliktavas Eksperts\" \/>\n<meta property=\"article:modified_time\" content=\"2026-03-25T11:13:34+00:00\" \/>\n<meta property=\"og:image\" content=\"https:\/\/noliktavaseksperts.coverl.id.lv\/wp-content\/uploads\/2025\/04\/piking_pintado_3-n_ini.jpg\" \/>\n\t<meta property=\"og:image:width\" content=\"1500\" \/>\n\t<meta property=\"og:image:height\" content=\"1667\" \/>\n\t<meta property=\"og:image:type\" content=\"image\/jpeg\" \/>\n<meta name=\"twitter:card\" content=\"summary_large_image\" \/>\n<meta name=\"twitter:label1\" content=\"Est. reading time\" \/>\n\t<meta name=\"twitter:data1\" content=\"1 min\u016bte\" \/>\n<script type=\"application\/ld+json\" class=\"yoast-schema-graph\">{\"@context\":\"https:\/\/schema.org\",\"@graph\":[{\"@type\":\"WebPage\",\"@id\":\"https:\/\/noliktavaseksperts.coverl.id.lv\/prece\/universalie-plaukti-1750mm-augstuma-3-limeni-bez-ieklajuma\/\",\"url\":\"https:\/\/noliktavaseksperts.coverl.id.lv\/prece\/universalie-plaukti-1750mm-augstuma-3-limeni-bez-ieklajuma\/\",\"name\":\"Univers\u0101lie plaukti bez iekl\u0101juma | Pla\u0161\u0101k\u0101 izv\u0113le Latvij\u0101\",\"isPartOf\":{\"@id\":\"https:\/\/noliktavaseksperts.coverl.id.lv\/#website\"},\"primaryImageOfPage\":{\"@id\":\"https:\/\/noliktavaseksperts.coverl.id.lv\/prece\/universalie-plaukti-1750mm-augstuma-3-limeni-bez-ieklajuma\/#primaryimage\"},\"image\":{\"@id\":\"https:\/\/noliktavaseksperts.coverl.id.lv\/prece\/universalie-plaukti-1750mm-augstuma-3-limeni-bez-ieklajuma\/#primaryimage\"},\"thumbnailUrl\":\"https:\/\/noliktavaseksperts.coverl.id.lv\/wp-content\/uploads\/2025\/04\/piking_pintado_3-n_ini.jpg\",\"datePublished\":\"2025-04-14T17:51:07+00:00\",\"dateModified\":\"2026-03-25T11:13:34+00:00\",\"description\":\"Kvalitat\u012bvi univers\u0101lie plaukti ar 3 l\u012bme\u0146iem, bez iekl\u0101juma. Ide\u0101ls risin\u0101jums da\u017e\u0101d\u0101m uzglab\u0101\u0161anas vajadz\u012bb\u0101m. Izv\u0113lies plauktu ar iekl\u0101jumu.\",\"breadcrumb\":{\"@id\":\"https:\/\/noliktavaseksperts.coverl.id.lv\/prece\/universalie-plaukti-1750mm-augstuma-3-limeni-bez-ieklajuma\/#breadcrumb\"},\"inLanguage\":\"lv-LV\",\"potentialAction\":[{\"@type\":\"ReadAction\",\"target\":[\"https:\/\/noliktavaseksperts.coverl.id.lv\/prece\/universalie-plaukti-1750mm-augstuma-3-limeni-bez-ieklajuma\/\"]}]},{\"@type\":\"ImageObject\",\"inLanguage\":\"lv-LV\",\"@id\":\"https:\/\/noliktavaseksperts.coverl.id.lv\/prece\/universalie-plaukti-1750mm-augstuma-3-limeni-bez-ieklajuma\/#primaryimage\",\"url\":\"https:\/\/noliktavaseksperts.coverl.id.lv\/wp-content\/uploads\/2025\/04\/piking_pintado_3-n_ini.jpg\",\"contentUrl\":\"https:\/\/noliktavaseksperts.coverl.id.lv\/wp-content\/uploads\/2025\/04\/piking_pintado_3-n_ini.jpg\",\"width\":1500,\"height\":1667,\"caption\":\"KIMER plaukts ar 3 l\u012bme\u0146iem\"},{\"@type\":\"BreadcrumbList\",\"@id\":\"https:\/\/noliktavaseksperts.coverl.id.lv\/prece\/universalie-plaukti-1750mm-augstuma-3-limeni-bez-ieklajuma\/#breadcrumb\",\"itemListElement\":[{\"@type\":\"ListItem\",\"position\":1,\"name\":\"Home\",\"item\":\"https:\/\/noliktavaseksperts.coverl.id.lv\/\"},{\"@type\":\"ListItem\",\"position\":2,\"name\":\"Veikals\",\"item\":\"https:\/\/noliktavaseksperts.coverl.id.lv\/?page_id=10626\"},{\"@type\":\"ListItem\",\"position\":3,\"name\":\"Univers\u0101lie plaukti 1750mm augstum\u0101 &#8211; 3 l\u012bme\u0146i &#8211; Bez Iekl\u0101juma\"}]},{\"@type\":\"WebSite\",\"@id\":\"https:\/\/noliktavaseksperts.coverl.id.lv\/#website\",\"url\":\"https:\/\/noliktavaseksperts.coverl.id.lv\/\",\"name\":\"Noliktavas Eksperts\",\"description\":\"Noliktavas\u00a0apr\u012bkojums\",\"publisher\":{\"@id\":\"https:\/\/noliktavaseksperts.coverl.id.lv\/#organization\"},\"potentialAction\":[{\"@type\":\"SearchAction\",\"target\":{\"@type\":\"EntryPoint\",\"urlTemplate\":\"https:\/\/noliktavaseksperts.coverl.id.lv\/?s={search_term_string}\"},\"query-input\":{\"@type\":\"PropertyValueSpecification\",\"valueRequired\":true,\"valueName\":\"search_term_string\"}}],\"inLanguage\":\"lv-LV\"},{\"@type\":\"Organization\",\"@id\":\"https:\/\/noliktavaseksperts.coverl.id.lv\/#organization\",\"name\":\"Noliktavas Eksperts\",\"url\":\"https:\/\/noliktavaseksperts.coverl.id.lv\/\",\"logo\":{\"@type\":\"ImageObject\",\"inLanguage\":\"lv-LV\",\"@id\":\"https:\/\/noliktavaseksperts.coverl.id.lv\/#\/schema\/logo\/image\/\",\"url\":\"https:\/\/noliktavaseksperts.coverl.id.lv\/wp-content\/uploads\/2025\/05\/logo_variacijas-09-1.webp\",\"contentUrl\":\"https:\/\/noliktavaseksperts.coverl.id.lv\/wp-content\/uploads\/2025\/05\/logo_variacijas-09-1.webp\",\"width\":350,\"height\":350,\"caption\":\"Noliktavas Eksperts\"},\"image\":{\"@id\":\"https:\/\/noliktavaseksperts.coverl.id.lv\/#\/schema\/logo\/image\/\"}}]}<\/script>\n<!-- \/ Yoast SEO plugin. -->","yoast_head_json":{"title":"Univers\u0101lie plaukti bez iekl\u0101juma | Pla\u0161\u0101k\u0101 izv\u0113le Latvij\u0101","description":"Kvalitat\u012bvi univers\u0101lie plaukti ar 3 l\u012bme\u0146iem, bez iekl\u0101juma. Ide\u0101ls risin\u0101jums da\u017e\u0101d\u0101m uzglab\u0101\u0161anas vajadz\u012bb\u0101m. Izv\u0113lies plauktu ar iekl\u0101jumu.","robots":{"index":"index","follow":"follow","max-snippet":"max-snippet:-1","max-image-preview":"max-image-preview:large","max-video-preview":"max-video-preview:-1"},"canonical":"https:\/\/noliktavaseksperts.coverl.id.lv\/prece\/universalie-plaukti-1750mm-augstuma-3-limeni-bez-ieklajuma\/","og_locale":"lv_LV","og_type":"article","og_title":"Univers\u0101lie plaukti bez iekl\u0101juma | Pla\u0161\u0101k\u0101 izv\u0113le Latvij\u0101","og_description":"Kvalitat\u012bvi univers\u0101lie plaukti ar 3 l\u012bme\u0146iem, bez iekl\u0101juma. Ide\u0101ls risin\u0101jums da\u017e\u0101d\u0101m uzglab\u0101\u0161anas vajadz\u012bb\u0101m. Izv\u0113lies plauktu ar iekl\u0101jumu.","og_url":"https:\/\/noliktavaseksperts.coverl.id.lv\/prece\/universalie-plaukti-1750mm-augstuma-3-limeni-bez-ieklajuma\/","og_site_name":"Noliktavas Eksperts","article_modified_time":"2026-03-25T11:13:34+00:00","og_image":[{"width":1500,"height":1667,"url":"https:\/\/noliktavaseksperts.coverl.id.lv\/wp-content\/uploads\/2025\/04\/piking_pintado_3-n_ini.jpg","type":"image\/jpeg"}],"twitter_card":"summary_large_image","twitter_misc":{"Est. reading time":"1 min\u016bte"},"schema":{"@context":"https:\/\/schema.org","@graph":[{"@type":"WebPage","@id":"https:\/\/noliktavaseksperts.coverl.id.lv\/prece\/universalie-plaukti-1750mm-augstuma-3-limeni-bez-ieklajuma\/","url":"https:\/\/noliktavaseksperts.coverl.id.lv\/prece\/universalie-plaukti-1750mm-augstuma-3-limeni-bez-ieklajuma\/","name":"Univers\u0101lie plaukti bez iekl\u0101juma | Pla\u0161\u0101k\u0101 izv\u0113le Latvij\u0101","isPartOf":{"@id":"https:\/\/noliktavaseksperts.coverl.id.lv\/#website"},"primaryImageOfPage":{"@id":"https:\/\/noliktavaseksperts.coverl.id.lv\/prece\/universalie-plaukti-1750mm-augstuma-3-limeni-bez-ieklajuma\/#primaryimage"},"image":{"@id":"https:\/\/noliktavaseksperts.coverl.id.lv\/prece\/universalie-plaukti-1750mm-augstuma-3-limeni-bez-ieklajuma\/#primaryimage"},"thumbnailUrl":"https:\/\/noliktavaseksperts.coverl.id.lv\/wp-content\/uploads\/2025\/04\/piking_pintado_3-n_ini.jpg","datePublished":"2025-04-14T17:51:07+00:00","dateModified":"2026-03-25T11:13:34+00:00","description":"Kvalitat\u012bvi univers\u0101lie plaukti ar 3 l\u012bme\u0146iem, bez iekl\u0101juma. Ide\u0101ls risin\u0101jums da\u017e\u0101d\u0101m uzglab\u0101\u0161anas vajadz\u012bb\u0101m. Izv\u0113lies plauktu ar iekl\u0101jumu.","breadcrumb":{"@id":"https:\/\/noliktavaseksperts.coverl.id.lv\/prece\/universalie-plaukti-1750mm-augstuma-3-limeni-bez-ieklajuma\/#breadcrumb"},"inLanguage":"lv-LV","potentialAction":[{"@type":"ReadAction","target":["https:\/\/noliktavaseksperts.coverl.id.lv\/prece\/universalie-plaukti-1750mm-augstuma-3-limeni-bez-ieklajuma\/"]}]},{"@type":"ImageObject","inLanguage":"lv-LV","@id":"https:\/\/noliktavaseksperts.coverl.id.lv\/prece\/universalie-plaukti-1750mm-augstuma-3-limeni-bez-ieklajuma\/#primaryimage","url":"https:\/\/noliktavaseksperts.coverl.id.lv\/wp-content\/uploads\/2025\/04\/piking_pintado_3-n_ini.jpg","contentUrl":"https:\/\/noliktavaseksperts.coverl.id.lv\/wp-content\/uploads\/2025\/04\/piking_pintado_3-n_ini.jpg","width":1500,"height":1667,"caption":"KIMER plaukts ar 3 l\u012bme\u0146iem"},{"@type":"BreadcrumbList","@id":"https:\/\/noliktavaseksperts.coverl.id.lv\/prece\/universalie-plaukti-1750mm-augstuma-3-limeni-bez-ieklajuma\/#breadcrumb","itemListElement":[{"@type":"ListItem","position":1,"name":"Home","item":"https:\/\/noliktavaseksperts.coverl.id.lv\/"},{"@type":"ListItem","position":2,"name":"Veikals","item":"https:\/\/noliktavaseksperts.coverl.id.lv\/?page_id=10626"},{"@type":"ListItem","position":3,"name":"Univers\u0101lie plaukti 1750mm augstum\u0101 &#8211; 3 l\u012bme\u0146i &#8211; Bez Iekl\u0101juma"}]},{"@type":"WebSite","@id":"https:\/\/noliktavaseksperts.coverl.id.lv\/#website","url":"https:\/\/noliktavaseksperts.coverl.id.lv\/","name":"Noliktavas Eksperts","description":"Noliktavas\u00a0apr\u012bkojums","publisher":{"@id":"https:\/\/noliktavaseksperts.coverl.id.lv\/#organization"},"potentialAction":[{"@type":"SearchAction","target":{"@type":"EntryPoint","urlTemplate":"https:\/\/noliktavaseksperts.coverl.id.lv\/?s={search_term_string}"},"query-input":{"@type":"PropertyValueSpecification","valueRequired":true,"valueName":"search_term_string"}}],"inLanguage":"lv-LV"},{"@type":"Organization","@id":"https:\/\/noliktavaseksperts.coverl.id.lv\/#organization","name":"Noliktavas Eksperts","url":"https:\/\/noliktavaseksperts.coverl.id.lv\/","logo":{"@type":"ImageObject","inLanguage":"lv-LV","@id":"https:\/\/noliktavaseksperts.coverl.id.lv\/#\/schema\/logo\/image\/","url":"https:\/\/noliktavaseksperts.coverl.id.lv\/wp-content\/uploads\/2025\/05\/logo_variacijas-09-1.webp","contentUrl":"https:\/\/noliktavaseksperts.coverl.id.lv\/wp-content\/uploads\/2025\/05\/logo_variacijas-09-1.webp","width":350,"height":350,"caption":"Noliktavas Eksperts"},"image":{"@id":"https:\/\/noliktavaseksperts.coverl.id.lv\/#\/schema\/logo\/image\/"}}]}},"_links":{"self":[{"href":"https:\/\/noliktavaseksperts.coverl.id.lv\/index.php?rest_route=\/wp\/v2\/product\/24014","targetHints":{"allow":["GET"]}}],"collection":[{"href":"https:\/\/noliktavaseksperts.coverl.id.lv\/index.php?rest_route=\/wp\/v2\/product"}],"about":[{"href":"https:\/\/noliktavaseksperts.coverl.id.lv\/index.php?rest_route=\/wp\/v2\/types\/product"}],"version-history":[{"count":0,"href":"https:\/\/noliktavaseksperts.coverl.id.lv\/index.php?rest_route=\/wp\/v2\/product\/24014\/revisions"}],"wp:featuredmedia":[{"embeddable":true,"href":"https:\/\/noliktavaseksperts.coverl.id.lv\/index.php?rest_route=\/wp\/v2\/media\/28898"}],"wp:attachment":[{"href":"https:\/\/noliktavaseksperts.coverl.id.lv\/index.php?rest_route=%2Fwp%2Fv2%2Fmedia&parent=24014"}],"wp:term":[{"taxonomy":"product_brand","embeddable":true,"href":"https:\/\/noliktavaseksperts.coverl.id.lv\/index.php?rest_route=%2Fwp%2Fv2%2Fproduct_brand&post=24014"},{"taxonomy":"product_cat","embeddable":true,"href":"https:\/\/noliktavaseksperts.coverl.id.lv\/index.php?rest_route=%2Fwp%2Fv2%2Fproduct_cat&post=24014"},{"taxonomy":"product_tag","embeddable":true,"href":"https:\/\/noliktavaseksperts.coverl.id.lv\/index.php?rest_route=%2Fwp%2Fv2%2Fproduct_tag&post=24014"}],"curies":[{"name":"wp","href":"https:\/\/api.w.org\/{rel}","templated":true}]}}