{"id":24008,"date":"2025-04-14T20:51:07","date_gmt":"2025-04-14T17:51:07","guid":{"rendered":"https:\/\/noliktavaseksperts.coverl.id.lv\/?post_type=product&#038;p=24008"},"modified":"2026-03-25T15:27:35","modified_gmt":"2026-03-25T13:27:35","slug":"palesu-plaukti-3000mm-augstuma-dazadi-platumi-2-limeni","status":"publish","type":"product","link":"https:\/\/noliktavaseksperts.coverl.id.lv\/?product=palesu-plaukti-3000mm-augstuma-dazadi-platumi-2-limeni","title":{"rendered":"Pale\u0161u plaukti 3000mm augstum\u0101, da\u017e\u0101di platumi, 2 l\u012bme\u0146i"},"content":{"rendered":"<h3 data-start=\"159\" data-end=\"228\">Iztur\u012bgi <strong data-start=\"172\" data-end=\"190\">pale\u0161u plaukti<\/strong> efekt\u012bvai uzglab\u0101\u0161anai J\u016bsu noliktav\u0101<\/h3>\n<p data-start=\"230\" data-end=\"498\"><strong data-start=\"230\" data-end=\"248\">Pale\u0161u plaukti<\/strong> ir uzticams risin\u0101jums pre\u010du organiz\u0113tai un dro\u0161ai uzglab\u0101\u0161anai noliktav\u0101s, lo\u0123istikas centros un ra\u017eo\u0161anas telp\u0101s. Tie piem\u0113roti gan <strong data-start=\"383\" data-end=\"404\">EUR (1200\u00d7800 mm)<\/strong>, gan <strong data-start=\"410\" data-end=\"432\">FIN (1200\u00d71000 mm)<\/strong> palet\u0113m, k\u0101 ar\u012b nestandarta palet\u0113m, izmantojot papildapr\u012bkojumu.<\/p>\n<hr data-start=\"500\" data-end=\"503\" \/>\n<h3 data-start=\"505\" data-end=\"547\">K\u0101p\u0113c izv\u0113l\u0113ties m\u016bsu pale\u0161u plauktus?<\/h3>\n<ul data-start=\"549\" data-end=\"1040\">\n<li data-start=\"549\" data-end=\"668\">\n<p data-start=\"551\" data-end=\"668\"><strong data-start=\"551\" data-end=\"586\">Liela kravnes\u012bba un stabilit\u0101te<\/strong> \u2014 izgatavoti no iztur\u012bga t\u0113rauda, paredz\u0113ti ilgsto\u0161ai profesion\u0101lai lieto\u0161anai;<\/p>\n<\/li>\n<li data-start=\"669\" data-end=\"769\">\n<p data-start=\"671\" data-end=\"769\"><strong data-start=\"671\" data-end=\"711\">Pla\u0161s izm\u0113ru un konfigur\u0101ciju kl\u0101sts<\/strong> \u2014 iesp\u0113jams piel\u0101got telpai un uzglab\u0101\u0161anas vajadz\u012bb\u0101m;<\/p>\n<\/li>\n<li data-start=\"770\" data-end=\"933\">\n<p data-start=\"772\" data-end=\"933\"><strong data-start=\"772\" data-end=\"802\">Atbilsto\u0161i da\u017e\u0101d\u0101m nozar\u0113m<\/strong> \u2014 piem\u0113roti ra\u017eo\u0161anai, lo\u0123istikai, vairumtirdzniec\u012bbai un pat p\u0101rtikas vai farm\u0101cijas uzglab\u0101\u0161anai (ar cinkotu re\u017e\u0123a iekl\u0101jumu);<\/p>\n<\/li>\n<li data-start=\"934\" data-end=\"1040\">\n<p data-start=\"936\" data-end=\"1040\"><strong data-start=\"936\" data-end=\"965\">Uzlabo telpas izmanto\u0161anu<\/strong> \u2014 ide\u0101li piem\u0113roti gan ilgtermi\u0146a pre\u010du uzglab\u0101\u0161anai, gan \u012bstermi\u0146a izvieto\u0161anai izkrau\u0161anas un iekrau\u0161anas zon\u0101s.<\/p>\n<\/li>\n<\/ul>\n<hr data-start=\"1042\" data-end=\"1045\" \/>\n<p data-start=\"1047\" data-end=\"1198\" data-is-last-node=\"\" data-is-only-node=\"\">Uzticiet pale\u0161u uzglab\u0101\u0161anu kvalitat\u012bvai un dro\u0161ai plauktu sist\u0113mai no <strong><em data-start=\"1118\" data-end=\"1139\">Noliktavas Eksperta<\/em><\/strong>!<br data-start=\"1140\" data-end=\"1143\" \/>Piel\u0101gosim risin\u0101jumu tie\u0161i J\u016bsu noliktavas vajadz\u012bb\u0101m &#8211; sazinies ar mums un m\u0113s atrisin\u0101sim tavas galvass\u0101pes.<\/p>\n","protected":false},"excerpt":{"rendered":"<p data-start=\"0\" data-end=\"73\"><strong>Pale\u0161u plaukti ar 3000 mm augstiem r\u0101mjiem<\/strong> \u2014 pieejami da\u017e\u0101dos platumos.<\/p>\n<p data-start=\"75\" data-end=\"174\" data-is-last-node=\"\" data-is-only-node=\"\">Iesp\u0113jams papildin\u0101t ar papildu plauktu l\u012bme\u0146iem un sekcij\u0101m, lai efekt\u012bvi izvietotu vair\u0101k pale\u0161u.<\/p>\n","protected":false},"featured_media":24085,"template":"","meta":{"_joinchat":[]},"product_brand":[],"product_cat":[435],"product_tag":[],"class_list":{"0":"post-24008","1":"product","2":"type-product","3":"status-publish","4":"has-post-thumbnail","6":"product_cat-palesu-plaukti","8":"first","9":"instock","10":"taxable","11":"shipping-taxable","12":"purchasable","13":"product-type-variable"},"yoast_head":"<!-- This site is optimized with the Yoast SEO plugin v27.2 - https:\/\/yoast.com\/product\/yoast-seo-wordpress\/ -->\n<title>Pale\u0161u plaukti | Pale\u0161u uzglab\u0101\u0161ana | Pale\u0161u sist\u0113mas<\/title>\n<meta name=\"description\" content=\"Kvalitat\u012bvi pale\u0161u plaukti ar 3000mm augstumu un diviem l\u012bme\u0146iem. Pieejami da\u017e\u0101dos platumos, lai piel\u0101gotos j\u016bsu noliktavas vajadz\u012bb\u0101m.\" \/>\n<meta name=\"robots\" content=\"index, follow, max-snippet:-1, max-image-preview:large, max-video-preview:-1\" \/>\n<link rel=\"canonical\" href=\"https:\/\/noliktavaseksperts.coverl.id.lv\/prece\/palesu-plaukti-3000mm-augstuma-dazadi-platumi-2-limeni\/\" \/>\n<meta property=\"og:locale\" content=\"lv_LV\" \/>\n<meta property=\"og:type\" content=\"article\" \/>\n<meta property=\"og:title\" content=\"Pale\u0161u plaukti | Pale\u0161u uzglab\u0101\u0161ana | Pale\u0161u sist\u0113mas\" \/>\n<meta property=\"og:description\" content=\"Kvalitat\u012bvi pale\u0161u plaukti ar 3000mm augstumu un diviem l\u012bme\u0146iem. Pieejami da\u017e\u0101dos platumos, lai piel\u0101gotos j\u016bsu noliktavas vajadz\u012bb\u0101m.\" \/>\n<meta property=\"og:url\" content=\"https:\/\/noliktavaseksperts.coverl.id.lv\/prece\/palesu-plaukti-3000mm-augstuma-dazadi-platumi-2-limeni\/\" \/>\n<meta property=\"og:site_name\" content=\"Noliktavas Eksperts\" \/>\n<meta property=\"article:modified_time\" content=\"2026-03-25T13:27:35+00:00\" \/>\n<meta property=\"og:image\" content=\"https:\/\/noliktavaseksperts.coverl.id.lv\/wp-content\/uploads\/2025\/04\/3000x1100x2000.webp\" \/>\n\t<meta property=\"og:image:width\" content=\"1024\" \/>\n\t<meta property=\"og:image:height\" content=\"1024\" \/>\n\t<meta property=\"og:image:type\" content=\"image\/jpeg\" \/>\n<meta name=\"twitter:card\" content=\"summary_large_image\" \/>\n<meta name=\"twitter:label1\" content=\"Est. reading time\" \/>\n\t<meta name=\"twitter:data1\" content=\"1 min\u016bte\" \/>\n<script type=\"application\/ld+json\" class=\"yoast-schema-graph\">{\"@context\":\"https:\/\/schema.org\",\"@graph\":[{\"@type\":\"WebPage\",\"@id\":\"https:\/\/noliktavaseksperts.coverl.id.lv\/prece\/palesu-plaukti-3000mm-augstuma-dazadi-platumi-2-limeni\/\",\"url\":\"https:\/\/noliktavaseksperts.coverl.id.lv\/prece\/palesu-plaukti-3000mm-augstuma-dazadi-platumi-2-limeni\/\",\"name\":\"Pale\u0161u plaukti | Pale\u0161u uzglab\u0101\u0161ana | Pale\u0161u sist\u0113mas\",\"isPartOf\":{\"@id\":\"https:\/\/noliktavaseksperts.coverl.id.lv\/#website\"},\"primaryImageOfPage\":{\"@id\":\"https:\/\/noliktavaseksperts.coverl.id.lv\/prece\/palesu-plaukti-3000mm-augstuma-dazadi-platumi-2-limeni\/#primaryimage\"},\"image\":{\"@id\":\"https:\/\/noliktavaseksperts.coverl.id.lv\/prece\/palesu-plaukti-3000mm-augstuma-dazadi-platumi-2-limeni\/#primaryimage\"},\"thumbnailUrl\":\"https:\/\/noliktavaseksperts.coverl.id.lv\/wp-content\/uploads\/2025\/04\/3000x1100x2000.webp\",\"datePublished\":\"2025-04-14T17:51:07+00:00\",\"dateModified\":\"2026-03-25T13:27:35+00:00\",\"description\":\"Kvalitat\u012bvi pale\u0161u plaukti ar 3000mm augstumu un diviem l\u012bme\u0146iem. Pieejami da\u017e\u0101dos platumos, lai piel\u0101gotos j\u016bsu noliktavas vajadz\u012bb\u0101m.\",\"breadcrumb\":{\"@id\":\"https:\/\/noliktavaseksperts.coverl.id.lv\/prece\/palesu-plaukti-3000mm-augstuma-dazadi-platumi-2-limeni\/#breadcrumb\"},\"inLanguage\":\"lv-LV\",\"potentialAction\":[{\"@type\":\"ReadAction\",\"target\":[\"https:\/\/noliktavaseksperts.coverl.id.lv\/prece\/palesu-plaukti-3000mm-augstuma-dazadi-platumi-2-limeni\/\"]}]},{\"@type\":\"ImageObject\",\"inLanguage\":\"lv-LV\",\"@id\":\"https:\/\/noliktavaseksperts.coverl.id.lv\/prece\/palesu-plaukti-3000mm-augstuma-dazadi-platumi-2-limeni\/#primaryimage\",\"url\":\"https:\/\/noliktavaseksperts.coverl.id.lv\/wp-content\/uploads\/2025\/04\/3000x1100x2000.webp\",\"contentUrl\":\"https:\/\/noliktavaseksperts.coverl.id.lv\/wp-content\/uploads\/2025\/04\/3000x1100x2000.webp\",\"width\":1024,\"height\":1024,\"caption\":\"Iztur\u012bgs met\u0101la plaukts pre\u010du glab\u0101\u0161anai\"},{\"@type\":\"BreadcrumbList\",\"@id\":\"https:\/\/noliktavaseksperts.coverl.id.lv\/prece\/palesu-plaukti-3000mm-augstuma-dazadi-platumi-2-limeni\/#breadcrumb\",\"itemListElement\":[{\"@type\":\"ListItem\",\"position\":1,\"name\":\"Home\",\"item\":\"https:\/\/noliktavaseksperts.coverl.id.lv\/\"},{\"@type\":\"ListItem\",\"position\":2,\"name\":\"Veikals\",\"item\":\"https:\/\/noliktavaseksperts.coverl.id.lv\/?page_id=10626\"},{\"@type\":\"ListItem\",\"position\":3,\"name\":\"Pale\u0161u plaukti 3000mm augstum\u0101, da\u017e\u0101di platumi, 2 l\u012bme\u0146i\"}]},{\"@type\":\"WebSite\",\"@id\":\"https:\/\/noliktavaseksperts.coverl.id.lv\/#website\",\"url\":\"https:\/\/noliktavaseksperts.coverl.id.lv\/\",\"name\":\"Noliktavas Eksperts\",\"description\":\"Noliktavas\u00a0apr\u012bkojums\",\"publisher\":{\"@id\":\"https:\/\/noliktavaseksperts.coverl.id.lv\/#organization\"},\"potentialAction\":[{\"@type\":\"SearchAction\",\"target\":{\"@type\":\"EntryPoint\",\"urlTemplate\":\"https:\/\/noliktavaseksperts.coverl.id.lv\/?s={search_term_string}\"},\"query-input\":{\"@type\":\"PropertyValueSpecification\",\"valueRequired\":true,\"valueName\":\"search_term_string\"}}],\"inLanguage\":\"lv-LV\"},{\"@type\":\"Organization\",\"@id\":\"https:\/\/noliktavaseksperts.coverl.id.lv\/#organization\",\"name\":\"Noliktavas Eksperts\",\"url\":\"https:\/\/noliktavaseksperts.coverl.id.lv\/\",\"logo\":{\"@type\":\"ImageObject\",\"inLanguage\":\"lv-LV\",\"@id\":\"https:\/\/noliktavaseksperts.coverl.id.lv\/#\/schema\/logo\/image\/\",\"url\":\"https:\/\/noliktavaseksperts.coverl.id.lv\/wp-content\/uploads\/2025\/05\/logo_variacijas-09-1.webp\",\"contentUrl\":\"https:\/\/noliktavaseksperts.coverl.id.lv\/wp-content\/uploads\/2025\/05\/logo_variacijas-09-1.webp\",\"width\":350,\"height\":350,\"caption\":\"Noliktavas Eksperts\"},\"image\":{\"@id\":\"https:\/\/noliktavaseksperts.coverl.id.lv\/#\/schema\/logo\/image\/\"}}]}<\/script>\n<!-- \/ Yoast SEO plugin. -->","yoast_head_json":{"title":"Pale\u0161u plaukti | Pale\u0161u uzglab\u0101\u0161ana | Pale\u0161u sist\u0113mas","description":"Kvalitat\u012bvi pale\u0161u plaukti ar 3000mm augstumu un diviem l\u012bme\u0146iem. Pieejami da\u017e\u0101dos platumos, lai piel\u0101gotos j\u016bsu noliktavas vajadz\u012bb\u0101m.","robots":{"index":"index","follow":"follow","max-snippet":"max-snippet:-1","max-image-preview":"max-image-preview:large","max-video-preview":"max-video-preview:-1"},"canonical":"https:\/\/noliktavaseksperts.coverl.id.lv\/prece\/palesu-plaukti-3000mm-augstuma-dazadi-platumi-2-limeni\/","og_locale":"lv_LV","og_type":"article","og_title":"Pale\u0161u plaukti | Pale\u0161u uzglab\u0101\u0161ana | Pale\u0161u sist\u0113mas","og_description":"Kvalitat\u012bvi pale\u0161u plaukti ar 3000mm augstumu un diviem l\u012bme\u0146iem. Pieejami da\u017e\u0101dos platumos, lai piel\u0101gotos j\u016bsu noliktavas vajadz\u012bb\u0101m.","og_url":"https:\/\/noliktavaseksperts.coverl.id.lv\/prece\/palesu-plaukti-3000mm-augstuma-dazadi-platumi-2-limeni\/","og_site_name":"Noliktavas Eksperts","article_modified_time":"2026-03-25T13:27:35+00:00","og_image":[{"width":1024,"height":1024,"url":"https:\/\/noliktavaseksperts.coverl.id.lv\/wp-content\/uploads\/2025\/04\/3000x1100x2000.webp","type":"image\/jpeg"}],"twitter_card":"summary_large_image","twitter_misc":{"Est. reading time":"1 min\u016bte"},"schema":{"@context":"https:\/\/schema.org","@graph":[{"@type":"WebPage","@id":"https:\/\/noliktavaseksperts.coverl.id.lv\/prece\/palesu-plaukti-3000mm-augstuma-dazadi-platumi-2-limeni\/","url":"https:\/\/noliktavaseksperts.coverl.id.lv\/prece\/palesu-plaukti-3000mm-augstuma-dazadi-platumi-2-limeni\/","name":"Pale\u0161u plaukti | Pale\u0161u uzglab\u0101\u0161ana | Pale\u0161u sist\u0113mas","isPartOf":{"@id":"https:\/\/noliktavaseksperts.coverl.id.lv\/#website"},"primaryImageOfPage":{"@id":"https:\/\/noliktavaseksperts.coverl.id.lv\/prece\/palesu-plaukti-3000mm-augstuma-dazadi-platumi-2-limeni\/#primaryimage"},"image":{"@id":"https:\/\/noliktavaseksperts.coverl.id.lv\/prece\/palesu-plaukti-3000mm-augstuma-dazadi-platumi-2-limeni\/#primaryimage"},"thumbnailUrl":"https:\/\/noliktavaseksperts.coverl.id.lv\/wp-content\/uploads\/2025\/04\/3000x1100x2000.webp","datePublished":"2025-04-14T17:51:07+00:00","dateModified":"2026-03-25T13:27:35+00:00","description":"Kvalitat\u012bvi pale\u0161u plaukti ar 3000mm augstumu un diviem l\u012bme\u0146iem. Pieejami da\u017e\u0101dos platumos, lai piel\u0101gotos j\u016bsu noliktavas vajadz\u012bb\u0101m.","breadcrumb":{"@id":"https:\/\/noliktavaseksperts.coverl.id.lv\/prece\/palesu-plaukti-3000mm-augstuma-dazadi-platumi-2-limeni\/#breadcrumb"},"inLanguage":"lv-LV","potentialAction":[{"@type":"ReadAction","target":["https:\/\/noliktavaseksperts.coverl.id.lv\/prece\/palesu-plaukti-3000mm-augstuma-dazadi-platumi-2-limeni\/"]}]},{"@type":"ImageObject","inLanguage":"lv-LV","@id":"https:\/\/noliktavaseksperts.coverl.id.lv\/prece\/palesu-plaukti-3000mm-augstuma-dazadi-platumi-2-limeni\/#primaryimage","url":"https:\/\/noliktavaseksperts.coverl.id.lv\/wp-content\/uploads\/2025\/04\/3000x1100x2000.webp","contentUrl":"https:\/\/noliktavaseksperts.coverl.id.lv\/wp-content\/uploads\/2025\/04\/3000x1100x2000.webp","width":1024,"height":1024,"caption":"Iztur\u012bgs met\u0101la plaukts pre\u010du glab\u0101\u0161anai"},{"@type":"BreadcrumbList","@id":"https:\/\/noliktavaseksperts.coverl.id.lv\/prece\/palesu-plaukti-3000mm-augstuma-dazadi-platumi-2-limeni\/#breadcrumb","itemListElement":[{"@type":"ListItem","position":1,"name":"Home","item":"https:\/\/noliktavaseksperts.coverl.id.lv\/"},{"@type":"ListItem","position":2,"name":"Veikals","item":"https:\/\/noliktavaseksperts.coverl.id.lv\/?page_id=10626"},{"@type":"ListItem","position":3,"name":"Pale\u0161u plaukti 3000mm augstum\u0101, da\u017e\u0101di platumi, 2 l\u012bme\u0146i"}]},{"@type":"WebSite","@id":"https:\/\/noliktavaseksperts.coverl.id.lv\/#website","url":"https:\/\/noliktavaseksperts.coverl.id.lv\/","name":"Noliktavas Eksperts","description":"Noliktavas\u00a0apr\u012bkojums","publisher":{"@id":"https:\/\/noliktavaseksperts.coverl.id.lv\/#organization"},"potentialAction":[{"@type":"SearchAction","target":{"@type":"EntryPoint","urlTemplate":"https:\/\/noliktavaseksperts.coverl.id.lv\/?s={search_term_string}"},"query-input":{"@type":"PropertyValueSpecification","valueRequired":true,"valueName":"search_term_string"}}],"inLanguage":"lv-LV"},{"@type":"Organization","@id":"https:\/\/noliktavaseksperts.coverl.id.lv\/#organization","name":"Noliktavas Eksperts","url":"https:\/\/noliktavaseksperts.coverl.id.lv\/","logo":{"@type":"ImageObject","inLanguage":"lv-LV","@id":"https:\/\/noliktavaseksperts.coverl.id.lv\/#\/schema\/logo\/image\/","url":"https:\/\/noliktavaseksperts.coverl.id.lv\/wp-content\/uploads\/2025\/05\/logo_variacijas-09-1.webp","contentUrl":"https:\/\/noliktavaseksperts.coverl.id.lv\/wp-content\/uploads\/2025\/05\/logo_variacijas-09-1.webp","width":350,"height":350,"caption":"Noliktavas Eksperts"},"image":{"@id":"https:\/\/noliktavaseksperts.coverl.id.lv\/#\/schema\/logo\/image\/"}}]}},"_links":{"self":[{"href":"https:\/\/noliktavaseksperts.coverl.id.lv\/index.php?rest_route=\/wp\/v2\/product\/24008","targetHints":{"allow":["GET"]}}],"collection":[{"href":"https:\/\/noliktavaseksperts.coverl.id.lv\/index.php?rest_route=\/wp\/v2\/product"}],"about":[{"href":"https:\/\/noliktavaseksperts.coverl.id.lv\/index.php?rest_route=\/wp\/v2\/types\/product"}],"version-history":[{"count":1,"href":"https:\/\/noliktavaseksperts.coverl.id.lv\/index.php?rest_route=\/wp\/v2\/product\/24008\/revisions"}],"predecessor-version":[{"id":31479,"href":"https:\/\/noliktavaseksperts.coverl.id.lv\/index.php?rest_route=\/wp\/v2\/product\/24008\/revisions\/31479"}],"wp:featuredmedia":[{"embeddable":true,"href":"https:\/\/noliktavaseksperts.coverl.id.lv\/index.php?rest_route=\/wp\/v2\/media\/24085"}],"wp:attachment":[{"href":"https:\/\/noliktavaseksperts.coverl.id.lv\/index.php?rest_route=%2Fwp%2Fv2%2Fmedia&parent=24008"}],"wp:term":[{"taxonomy":"product_brand","embeddable":true,"href":"https:\/\/noliktavaseksperts.coverl.id.lv\/index.php?rest_route=%2Fwp%2Fv2%2Fproduct_brand&post=24008"},{"taxonomy":"product_cat","embeddable":true,"href":"https:\/\/noliktavaseksperts.coverl.id.lv\/index.php?rest_route=%2Fwp%2Fv2%2Fproduct_cat&post=24008"},{"taxonomy":"product_tag","embeddable":true,"href":"https:\/\/noliktavaseksperts.coverl.id.lv\/index.php?rest_route=%2Fwp%2Fv2%2Fproduct_tag&post=24008"}],"curies":[{"name":"wp","href":"https:\/\/api.w.org\/{rel}","templated":true}]}}