{"id":24003,"date":"2025-04-14T20:51:07","date_gmt":"2025-04-14T17:51:07","guid":{"rendered":"https:\/\/noliktavaseksperts.coverl.id.lv\/?post_type=product&#038;p=24003"},"modified":"2026-03-18T13:54:09","modified_gmt":"2026-03-18T11:54:09","slug":"palesu-ratini-ar-neilona-riteniem-1150mm-rohla-2500kg","status":"publish","type":"product","link":"https:\/\/noliktavaseksperts.coverl.id.lv\/?product=palesu-ratini-ar-neilona-riteniem-1150mm-rohla-2500kg","title":{"rendered":"Pale\u0161u rati\u0146i ar vizu\u0101liem defektiem &#8211; Rohla 2500kg (neilons)"},"content":{"rendered":"<h3 data-start=\"0\" data-end=\"83\">Standarta pale\u0161u rati\u0146i ar 1150 mm dak\u0161\u0101m \u2013 uzticams risin\u0101jums ikdienas darbam!<\/h3>\n<p data-start=\"85\" data-end=\"423\"><strong data-start=\"85\" data-end=\"135\">Manu\u0101lie pale\u0161u rati\u0146i ar 1150 mm gar\u0101m dak\u0161\u0101m<\/strong> ir izstr\u0101d\u0101ti, lai efekt\u012bvi p\u0101rvietotu <strong data-start=\"175\" data-end=\"197\">EURO (1200\u00d7800 mm)<\/strong> un <strong data-start=\"201\" data-end=\"223\">FIN (1200\u00d71000 mm)<\/strong> paletes da\u017e\u0101d\u0101s darba vid\u0113s. \u0160ie rati\u0146i ir ide\u0101li piem\u0113roti tiem, kas mekl\u0113 <strong data-start=\"300\" data-end=\"343\">iztur\u012bgu, praktisku un dro\u0161u risin\u0101jumu<\/strong> ikdienas kravu p\u0101rvieto\u0161anai noliktav\u0101s, veikalos, ra\u017eotn\u0113s vai pieg\u0101des zon\u0101s.<\/p>\n<hr data-start=\"425\" data-end=\"428\" \/>\n<h3 data-start=\"430\" data-end=\"461\">K\u0101p\u0113c izv\u0113l\u0113ties \u0161o modeli?<\/h3>\n<ul data-start=\"463\" data-end=\"927\">\n<li data-start=\"463\" data-end=\"584\">\n<p data-start=\"465\" data-end=\"584\"><strong data-start=\"465\" data-end=\"499\">Standarta izm\u0113rs = daudzpus\u012bba<\/strong> \u2013 piem\u0113roti pla\u0161am pielietojuma spektram un sader\u012bgi ar bie\u017e\u0101k izmantotaj\u0101m palet\u0113m;<\/p>\n<\/li>\n<li data-start=\"585\" data-end=\"694\">\n<p data-start=\"587\" data-end=\"694\"><strong data-start=\"587\" data-end=\"611\">1150 mm gar\u0101s dak\u0161as<\/strong> \u2013 nodro\u0161ina kravas stabilit\u0101ti un vienm\u0113r\u012bgu svara sadal\u012bjumu p\u0101rvieto\u0161anas laik\u0101;<\/p>\n<\/li>\n<li data-start=\"695\" data-end=\"789\">\n<p data-start=\"697\" data-end=\"789\"><strong data-start=\"697\" data-end=\"722\">Iztur\u012bga konstrukcija<\/strong> \u2013 paredz\u0113ta intens\u012bvai lieto\u0161anai gan neliel\u0101s, gan liel\u0101s telp\u0101s;<\/p>\n<\/li>\n<li data-start=\"790\" data-end=\"927\">\n<p data-start=\"792\" data-end=\"927\"><strong data-start=\"792\" data-end=\"824\">Dak\u0161u gal\u0101 dubultie riten\u012b\u0161i<\/strong> \u2013 atvieglo iebrauk\u0161anu palet\u0113 no \u012bs\u0101s malas un pal\u012bdz p\u0101rvar\u0113t nelielus \u0161\u0137\u0113r\u0161\u013cus, piem\u0113ram, sliek\u0161\u0146us.<\/p>\n<\/li>\n<\/ul>\n<hr data-start=\"929\" data-end=\"932\" \/>\n<p data-start=\"934\" data-end=\"1081\" data-is-last-node=\"\" data-is-only-node=\"\">Izv\u0113lieties <strong data-start=\"946\" data-end=\"992\">standarta pale\u0161u rati\u0146us ar 1150 mm dak\u0161\u0101m<\/strong> no <em data-start=\"996\" data-end=\"1017\">Noliktavas Eksperta<\/em> \u2013 p\u0101rbaud\u012bta kvalit\u0101te un funkcionalit\u0101te J\u016bsu ikdienas darbam.<\/p>\n","protected":false},"excerpt":{"rendered":"<p data-start=\"82\" data-end=\"234\"><strong>Rati\u0146i ir darba k\u0101rt\u012bb\u0101, ta\u010du ar vizu\u0101liem defektiem (piem\u0113rus skat\u012bt bild\u0113s).<\/strong><\/p>\n<p data-start=\"82\" data-end=\"234\">Vair\u0101k inform\u0101cijas \u2013 sazinoties ar mums!<\/p>\n","protected":false},"featured_media":24066,"template":"","meta":{"_joinchat":[]},"product_brand":[],"product_cat":[619,432,630],"product_tag":[567],"class_list":{"0":"post-24003","1":"product","2":"type-product","3":"status-publish","4":"has-post-thumbnail","6":"product_cat-ipasie-piedavajumi","7":"product_cat-palesu-ratini","8":"product_cat-preces-ar-defektiem","9":"product_tag-populars","11":"first","12":"instock","13":"sale","14":"taxable","15":"shipping-taxable","16":"purchasable","17":"product-type-simple"},"yoast_head":"<!-- This site is optimized with the Yoast SEO plugin v27.2 - https:\/\/yoast.com\/product\/yoast-seo-wordpress\/ -->\n<title>Pale\u0161u rati\u0146i ar neilona rite\u0146iem 1150mm - Rohla 2500kg<\/title>\n<meta name=\"description\" content=\"Mekl\u0113 kvalitat\u012bvus rati\u0146us? M\u016bsu pale\u0161u rati\u0146i ar neilona rite\u0146iem ir dro\u0161s un uzticams risin\u0101jums. P\u0101rvieto smagas kravas viegli.\" \/>\n<meta name=\"robots\" content=\"index, follow, max-snippet:-1, max-image-preview:large, max-video-preview:-1\" \/>\n<link rel=\"canonical\" href=\"https:\/\/noliktavaseksperts.coverl.id.lv\/prece\/palesu-ratini-ar-neilona-riteniem-1150mm-rohla-2500kg\/\" \/>\n<meta property=\"og:locale\" content=\"lv_LV\" \/>\n<meta property=\"og:type\" content=\"article\" \/>\n<meta property=\"og:title\" content=\"Pale\u0161u rati\u0146i ar neilona rite\u0146iem 1150mm - Rohla 2500kg\" \/>\n<meta property=\"og:description\" content=\"Mekl\u0113 kvalitat\u012bvus rati\u0146us? M\u016bsu pale\u0161u rati\u0146i ar neilona rite\u0146iem ir dro\u0161s un uzticams risin\u0101jums. P\u0101rvieto smagas kravas viegli.\" \/>\n<meta property=\"og:url\" content=\"https:\/\/noliktavaseksperts.coverl.id.lv\/prece\/palesu-ratini-ar-neilona-riteniem-1150mm-rohla-2500kg\/\" \/>\n<meta property=\"og:site_name\" content=\"Noliktavas Eksperts\" \/>\n<meta property=\"article:modified_time\" content=\"2026-03-18T11:54:09+00:00\" \/>\n<meta property=\"og:image\" content=\"https:\/\/noliktavaseksperts.coverl.id.lv\/wp-content\/uploads\/2025\/04\/Nylon-wheels-2.webp\" \/>\n\t<meta property=\"og:image:width\" content=\"1024\" \/>\n\t<meta property=\"og:image:height\" content=\"1024\" \/>\n\t<meta property=\"og:image:type\" content=\"image\/png\" \/>\n<meta name=\"twitter:card\" content=\"summary_large_image\" \/>\n<meta name=\"twitter:label1\" content=\"Est. reading time\" \/>\n\t<meta name=\"twitter:data1\" content=\"1 min\u016bte\" \/>\n<script type=\"application\/ld+json\" class=\"yoast-schema-graph\">{\"@context\":\"https:\/\/schema.org\",\"@graph\":[{\"@type\":\"WebPage\",\"@id\":\"https:\/\/noliktavaseksperts.coverl.id.lv\/prece\/palesu-ratini-ar-neilona-riteniem-1150mm-rohla-2500kg\/\",\"url\":\"https:\/\/noliktavaseksperts.coverl.id.lv\/prece\/palesu-ratini-ar-neilona-riteniem-1150mm-rohla-2500kg\/\",\"name\":\"Pale\u0161u rati\u0146i ar neilona rite\u0146iem 1150mm - Rohla 2500kg\",\"isPartOf\":{\"@id\":\"https:\/\/noliktavaseksperts.coverl.id.lv\/#website\"},\"primaryImageOfPage\":{\"@id\":\"https:\/\/noliktavaseksperts.coverl.id.lv\/prece\/palesu-ratini-ar-neilona-riteniem-1150mm-rohla-2500kg\/#primaryimage\"},\"image\":{\"@id\":\"https:\/\/noliktavaseksperts.coverl.id.lv\/prece\/palesu-ratini-ar-neilona-riteniem-1150mm-rohla-2500kg\/#primaryimage\"},\"thumbnailUrl\":\"https:\/\/noliktavaseksperts.coverl.id.lv\/wp-content\/uploads\/2025\/04\/Nylon-wheels-2.webp\",\"datePublished\":\"2025-04-14T17:51:07+00:00\",\"dateModified\":\"2026-03-18T11:54:09+00:00\",\"description\":\"Mekl\u0113 kvalitat\u012bvus rati\u0146us? M\u016bsu pale\u0161u rati\u0146i ar neilona rite\u0146iem ir dro\u0161s un uzticams risin\u0101jums. P\u0101rvieto smagas kravas viegli.\",\"breadcrumb\":{\"@id\":\"https:\/\/noliktavaseksperts.coverl.id.lv\/prece\/palesu-ratini-ar-neilona-riteniem-1150mm-rohla-2500kg\/#breadcrumb\"},\"inLanguage\":\"lv-LV\",\"potentialAction\":[{\"@type\":\"ReadAction\",\"target\":[\"https:\/\/noliktavaseksperts.coverl.id.lv\/prece\/palesu-ratini-ar-neilona-riteniem-1150mm-rohla-2500kg\/\"]}]},{\"@type\":\"ImageObject\",\"inLanguage\":\"lv-LV\",\"@id\":\"https:\/\/noliktavaseksperts.coverl.id.lv\/prece\/palesu-ratini-ar-neilona-riteniem-1150mm-rohla-2500kg\/#primaryimage\",\"url\":\"https:\/\/noliktavaseksperts.coverl.id.lv\/wp-content\/uploads\/2025\/04\/Nylon-wheels-2.webp\",\"contentUrl\":\"https:\/\/noliktavaseksperts.coverl.id.lv\/wp-content\/uploads\/2025\/04\/Nylon-wheels-2.webp\",\"width\":1024,\"height\":1024,\"caption\":\"Pale\u0161u rati\u0146i noliktavas darbiem\"},{\"@type\":\"BreadcrumbList\",\"@id\":\"https:\/\/noliktavaseksperts.coverl.id.lv\/prece\/palesu-ratini-ar-neilona-riteniem-1150mm-rohla-2500kg\/#breadcrumb\",\"itemListElement\":[{\"@type\":\"ListItem\",\"position\":1,\"name\":\"Home\",\"item\":\"https:\/\/noliktavaseksperts.coverl.id.lv\/\"},{\"@type\":\"ListItem\",\"position\":2,\"name\":\"Veikals\",\"item\":\"https:\/\/noliktavaseksperts.coverl.id.lv\/?page_id=10626\"},{\"@type\":\"ListItem\",\"position\":3,\"name\":\"Pale\u0161u rati\u0146i ar vizu\u0101liem defektiem &#8211; Rohla 2500kg (neilons)\"}]},{\"@type\":\"WebSite\",\"@id\":\"https:\/\/noliktavaseksperts.coverl.id.lv\/#website\",\"url\":\"https:\/\/noliktavaseksperts.coverl.id.lv\/\",\"name\":\"Noliktavas Eksperts\",\"description\":\"Noliktavas\u00a0apr\u012bkojums\",\"publisher\":{\"@id\":\"https:\/\/noliktavaseksperts.coverl.id.lv\/#organization\"},\"potentialAction\":[{\"@type\":\"SearchAction\",\"target\":{\"@type\":\"EntryPoint\",\"urlTemplate\":\"https:\/\/noliktavaseksperts.coverl.id.lv\/?s={search_term_string}\"},\"query-input\":{\"@type\":\"PropertyValueSpecification\",\"valueRequired\":true,\"valueName\":\"search_term_string\"}}],\"inLanguage\":\"lv-LV\"},{\"@type\":\"Organization\",\"@id\":\"https:\/\/noliktavaseksperts.coverl.id.lv\/#organization\",\"name\":\"Noliktavas Eksperts\",\"url\":\"https:\/\/noliktavaseksperts.coverl.id.lv\/\",\"logo\":{\"@type\":\"ImageObject\",\"inLanguage\":\"lv-LV\",\"@id\":\"https:\/\/noliktavaseksperts.coverl.id.lv\/#\/schema\/logo\/image\/\",\"url\":\"https:\/\/noliktavaseksperts.coverl.id.lv\/wp-content\/uploads\/2025\/05\/logo_variacijas-09-1.webp\",\"contentUrl\":\"https:\/\/noliktavaseksperts.coverl.id.lv\/wp-content\/uploads\/2025\/05\/logo_variacijas-09-1.webp\",\"width\":350,\"height\":350,\"caption\":\"Noliktavas Eksperts\"},\"image\":{\"@id\":\"https:\/\/noliktavaseksperts.coverl.id.lv\/#\/schema\/logo\/image\/\"}}]}<\/script>\n<!-- \/ Yoast SEO plugin. -->","yoast_head_json":{"title":"Pale\u0161u rati\u0146i ar neilona rite\u0146iem 1150mm - Rohla 2500kg","description":"Mekl\u0113 kvalitat\u012bvus rati\u0146us? M\u016bsu pale\u0161u rati\u0146i ar neilona rite\u0146iem ir dro\u0161s un uzticams risin\u0101jums. P\u0101rvieto smagas kravas viegli.","robots":{"index":"index","follow":"follow","max-snippet":"max-snippet:-1","max-image-preview":"max-image-preview:large","max-video-preview":"max-video-preview:-1"},"canonical":"https:\/\/noliktavaseksperts.coverl.id.lv\/prece\/palesu-ratini-ar-neilona-riteniem-1150mm-rohla-2500kg\/","og_locale":"lv_LV","og_type":"article","og_title":"Pale\u0161u rati\u0146i ar neilona rite\u0146iem 1150mm - Rohla 2500kg","og_description":"Mekl\u0113 kvalitat\u012bvus rati\u0146us? M\u016bsu pale\u0161u rati\u0146i ar neilona rite\u0146iem ir dro\u0161s un uzticams risin\u0101jums. P\u0101rvieto smagas kravas viegli.","og_url":"https:\/\/noliktavaseksperts.coverl.id.lv\/prece\/palesu-ratini-ar-neilona-riteniem-1150mm-rohla-2500kg\/","og_site_name":"Noliktavas Eksperts","article_modified_time":"2026-03-18T11:54:09+00:00","og_image":[{"width":1024,"height":1024,"url":"https:\/\/noliktavaseksperts.coverl.id.lv\/wp-content\/uploads\/2025\/04\/Nylon-wheels-2.webp","type":"image\/png"}],"twitter_card":"summary_large_image","twitter_misc":{"Est. reading time":"1 min\u016bte"},"schema":{"@context":"https:\/\/schema.org","@graph":[{"@type":"WebPage","@id":"https:\/\/noliktavaseksperts.coverl.id.lv\/prece\/palesu-ratini-ar-neilona-riteniem-1150mm-rohla-2500kg\/","url":"https:\/\/noliktavaseksperts.coverl.id.lv\/prece\/palesu-ratini-ar-neilona-riteniem-1150mm-rohla-2500kg\/","name":"Pale\u0161u rati\u0146i ar neilona rite\u0146iem 1150mm - Rohla 2500kg","isPartOf":{"@id":"https:\/\/noliktavaseksperts.coverl.id.lv\/#website"},"primaryImageOfPage":{"@id":"https:\/\/noliktavaseksperts.coverl.id.lv\/prece\/palesu-ratini-ar-neilona-riteniem-1150mm-rohla-2500kg\/#primaryimage"},"image":{"@id":"https:\/\/noliktavaseksperts.coverl.id.lv\/prece\/palesu-ratini-ar-neilona-riteniem-1150mm-rohla-2500kg\/#primaryimage"},"thumbnailUrl":"https:\/\/noliktavaseksperts.coverl.id.lv\/wp-content\/uploads\/2025\/04\/Nylon-wheels-2.webp","datePublished":"2025-04-14T17:51:07+00:00","dateModified":"2026-03-18T11:54:09+00:00","description":"Mekl\u0113 kvalitat\u012bvus rati\u0146us? M\u016bsu pale\u0161u rati\u0146i ar neilona rite\u0146iem ir dro\u0161s un uzticams risin\u0101jums. P\u0101rvieto smagas kravas viegli.","breadcrumb":{"@id":"https:\/\/noliktavaseksperts.coverl.id.lv\/prece\/palesu-ratini-ar-neilona-riteniem-1150mm-rohla-2500kg\/#breadcrumb"},"inLanguage":"lv-LV","potentialAction":[{"@type":"ReadAction","target":["https:\/\/noliktavaseksperts.coverl.id.lv\/prece\/palesu-ratini-ar-neilona-riteniem-1150mm-rohla-2500kg\/"]}]},{"@type":"ImageObject","inLanguage":"lv-LV","@id":"https:\/\/noliktavaseksperts.coverl.id.lv\/prece\/palesu-ratini-ar-neilona-riteniem-1150mm-rohla-2500kg\/#primaryimage","url":"https:\/\/noliktavaseksperts.coverl.id.lv\/wp-content\/uploads\/2025\/04\/Nylon-wheels-2.webp","contentUrl":"https:\/\/noliktavaseksperts.coverl.id.lv\/wp-content\/uploads\/2025\/04\/Nylon-wheels-2.webp","width":1024,"height":1024,"caption":"Pale\u0161u rati\u0146i noliktavas darbiem"},{"@type":"BreadcrumbList","@id":"https:\/\/noliktavaseksperts.coverl.id.lv\/prece\/palesu-ratini-ar-neilona-riteniem-1150mm-rohla-2500kg\/#breadcrumb","itemListElement":[{"@type":"ListItem","position":1,"name":"Home","item":"https:\/\/noliktavaseksperts.coverl.id.lv\/"},{"@type":"ListItem","position":2,"name":"Veikals","item":"https:\/\/noliktavaseksperts.coverl.id.lv\/?page_id=10626"},{"@type":"ListItem","position":3,"name":"Pale\u0161u rati\u0146i ar vizu\u0101liem defektiem &#8211; Rohla 2500kg (neilons)"}]},{"@type":"WebSite","@id":"https:\/\/noliktavaseksperts.coverl.id.lv\/#website","url":"https:\/\/noliktavaseksperts.coverl.id.lv\/","name":"Noliktavas Eksperts","description":"Noliktavas\u00a0apr\u012bkojums","publisher":{"@id":"https:\/\/noliktavaseksperts.coverl.id.lv\/#organization"},"potentialAction":[{"@type":"SearchAction","target":{"@type":"EntryPoint","urlTemplate":"https:\/\/noliktavaseksperts.coverl.id.lv\/?s={search_term_string}"},"query-input":{"@type":"PropertyValueSpecification","valueRequired":true,"valueName":"search_term_string"}}],"inLanguage":"lv-LV"},{"@type":"Organization","@id":"https:\/\/noliktavaseksperts.coverl.id.lv\/#organization","name":"Noliktavas Eksperts","url":"https:\/\/noliktavaseksperts.coverl.id.lv\/","logo":{"@type":"ImageObject","inLanguage":"lv-LV","@id":"https:\/\/noliktavaseksperts.coverl.id.lv\/#\/schema\/logo\/image\/","url":"https:\/\/noliktavaseksperts.coverl.id.lv\/wp-content\/uploads\/2025\/05\/logo_variacijas-09-1.webp","contentUrl":"https:\/\/noliktavaseksperts.coverl.id.lv\/wp-content\/uploads\/2025\/05\/logo_variacijas-09-1.webp","width":350,"height":350,"caption":"Noliktavas Eksperts"},"image":{"@id":"https:\/\/noliktavaseksperts.coverl.id.lv\/#\/schema\/logo\/image\/"}}]}},"_links":{"self":[{"href":"https:\/\/noliktavaseksperts.coverl.id.lv\/index.php?rest_route=\/wp\/v2\/product\/24003","targetHints":{"allow":["GET"]}}],"collection":[{"href":"https:\/\/noliktavaseksperts.coverl.id.lv\/index.php?rest_route=\/wp\/v2\/product"}],"about":[{"href":"https:\/\/noliktavaseksperts.coverl.id.lv\/index.php?rest_route=\/wp\/v2\/types\/product"}],"version-history":[{"count":1,"href":"https:\/\/noliktavaseksperts.coverl.id.lv\/index.php?rest_route=\/wp\/v2\/product\/24003\/revisions"}],"predecessor-version":[{"id":31179,"href":"https:\/\/noliktavaseksperts.coverl.id.lv\/index.php?rest_route=\/wp\/v2\/product\/24003\/revisions\/31179"}],"wp:featuredmedia":[{"embeddable":true,"href":"https:\/\/noliktavaseksperts.coverl.id.lv\/index.php?rest_route=\/wp\/v2\/media\/24066"}],"wp:attachment":[{"href":"https:\/\/noliktavaseksperts.coverl.id.lv\/index.php?rest_route=%2Fwp%2Fv2%2Fmedia&parent=24003"}],"wp:term":[{"taxonomy":"product_brand","embeddable":true,"href":"https:\/\/noliktavaseksperts.coverl.id.lv\/index.php?rest_route=%2Fwp%2Fv2%2Fproduct_brand&post=24003"},{"taxonomy":"product_cat","embeddable":true,"href":"https:\/\/noliktavaseksperts.coverl.id.lv\/index.php?rest_route=%2Fwp%2Fv2%2Fproduct_cat&post=24003"},{"taxonomy":"product_tag","embeddable":true,"href":"https:\/\/noliktavaseksperts.coverl.id.lv\/index.php?rest_route=%2Fwp%2Fv2%2Fproduct_tag&post=24003"}],"curies":[{"name":"wp","href":"https:\/\/api.w.org\/{rel}","templated":true}]}}