{"id":29121,"date":"2025-07-09T13:21:37","date_gmt":"2025-07-09T10:21:37","guid":{"rendered":"https:\/\/noliktavaseksperts.coverl.id.lv\/?page_id=29121"},"modified":"2025-08-13T14:07:11","modified_gmt":"2025-08-13T11:07:11","slug":"sikprecu-plauktu-kalkulators","status":"publish","type":"page","link":"https:\/\/noliktavaseksperts.coverl.id.lv\/?page_id=29121","title":{"rendered":"S\u012bkpre\u010du plauktu kalkulators"},"content":{"rendered":"\n<h1 class=\"wp-block-heading\">S\u012bkpre\u010du plauktu kalkulators<\/h1>\n\n\n<div id=\"scv-shadow-root-container\"\n                data-materials=\"[\r\n      {\r\n        &quot;label&quot;: &quot;MDF&quot;,\r\n        &quot;value&quot;: &quot;1&quot;,\r\n        &quot;prices&quot;: [\r\n       {\r\n            &quot;label&quot;: &quot;700x300&quot;,\r\n            &quot;price&quot;: 1.78\r\n          },          \r\n{\r\n            &quot;label&quot;: &quot;700x400&quot;,\r\n            &quot;price&quot;: 2.10\r\n          },\r\n          {\r\n            &quot;label&quot;: &quot;700x500&quot;,\r\n            &quot;price&quot;: 3.18\r\n          },\r\n          {\r\n            &quot;label&quot;: &quot;800x400&quot;,\r\n            &quot;price&quot;: 2.26\r\n          },\r\n     {\r\n            &quot;label&quot;: &quot;900x300&quot;,\r\n            &quot;price&quot;: 2.10\r\n          },\r\n          {\r\n            &quot;label&quot;: &quot;900x400&quot;,\r\n            &quot;price&quot;: 2.88\r\n          },\r\n          {\r\n            &quot;label&quot;: &quot;900x500&quot;,\r\n            &quot;price&quot;: 3.66\r\n          },\r\n          {\r\n            &quot;label&quot;: &quot;1000x400&quot;,\r\n            &quot;price&quot;: 4.08\r\n          },\r\n          {\r\n            &quot;label&quot;: &quot;1000x300&quot;,\r\n            &quot;price&quot;: 3.39\r\n          },\r\n          {\r\n            &quot;label&quot;: &quot;1000x500&quot;,\r\n            &quot;price&quot;: 4.42\r\n          },\r\n     {\r\n            &quot;label&quot;: &quot;1200x300&quot;,\r\n            &quot;price&quot;: 4.00\r\n          },\r\n          {\r\n            &quot;label&quot;: &quot;1200x400&quot;,\r\n            &quot;price&quot;: 4.29\r\n          },\r\n          {\r\n            &quot;label&quot;: &quot;1200x500&quot;,\r\n            &quot;price&quot;: 4.42\r\n          },\r\n          {\r\n            &quot;label&quot;: &quot;1200x600&quot;,\r\n            &quot;price&quot;: 4.58\r\n          },\r\n          {\r\n            &quot;label&quot;: &quot;1500x400&quot;,\r\n            &quot;price&quot;: 5.61\r\n          },\r\n          {\r\n            &quot;label&quot;: &quot;1500x500&quot;,\r\n            &quot;price&quot;: 7.53\r\n          },\r\n          {\r\n            &quot;label&quot;: &quot;1500x600&quot;,\r\n            &quot;price&quot;: 8.26\r\n          }\r\n        ]\r\n      },\r\n      {\r\n        &quot;label&quot;: &quot;Met\u0101la&quot;,\r\n        &quot;value&quot;: &quot;2&quot;,\r\n        &quot;prices&quot;: [\r\n  {\r\n            &quot;label&quot;: &quot;900x300&quot;,\r\n            &quot;price&quot;: 4.24\r\n          },\r\n          {\r\n            &quot;label&quot;: &quot;900x400&quot;,\r\n            &quot;price&quot;: 5.30\r\n          },\r\n   {\r\n            &quot;label&quot;: &quot;900x500&quot;,\r\n            &quot;price&quot;: 6.36\r\n          },\r\n          {\r\n            &quot;label&quot;: &quot;1000x300&quot;,\r\n            &quot;price&quot;: 4.52\r\n          },\r\n          {\r\n            &quot;label&quot;: &quot;1000x500&quot;,\r\n            &quot;price&quot;: 7.14\r\n          },\r\n          {\r\n            &quot;label&quot;: &quot;1000x600&quot;,\r\n            &quot;price&quot;: 8.20\r\n          },\r\n  {\r\n            &quot;label&quot;: &quot;1200x300&quot;,\r\n            &quot;price&quot;: 5.84\r\n          },\r\n          {\r\n            &quot;label&quot;: &quot;1200x400&quot;,\r\n            &quot;price&quot;: 6.68\r\n          },\r\n          {\r\n            &quot;label&quot;: &quot;1200x600&quot;,\r\n            &quot;price&quot;: 9.44\r\n          },\r\n          {\r\n            &quot;label&quot;: &quot;1500x500&quot;,\r\n            &quot;price&quot;: 9.74\r\n          },\r\n{\r\n            &quot;label&quot;: &quot;1500x600&quot;,\r\n            &quot;price&quot;: 11.42\r\n          }\r\n        ]\r\n      }\r\n    ]\"\n                data-heights=\"[\r\n    {\r\n        &quot;label&quot;: &quot;H1524mm&quot;,\r\n        &quot;value&quot;: &quot;1524&quot;,\r\n        &quot;min-levels&quot;: 3,\r\n        &quot;price&quot;: 5\r\n      },\r\n      {\r\n        &quot;label&quot;: &quot;H1828mm&quot;,\r\n        &quot;value&quot;: &quot;1828&quot;,\r\n        &quot;min-levels&quot;: 3,\r\n        &quot;price&quot;: 5.88\r\n      },      \r\n      {\r\n        &quot;label&quot;: &quot;H1981mm&quot;,\r\n        &quot;value&quot;: &quot;1981&quot;,\r\n        &quot;min-levels&quot;: 4,\r\n        &quot;price&quot;: 6.28\r\n      },\r\n      {\r\n        &quot;label&quot;: &quot;H2514mm&quot;,\r\n        &quot;value&quot;: &quot;2514&quot;,\r\n        &quot;min-levels&quot;: 4,\r\n        &quot;price&quot;: 8.16\r\n      }\r\n    ]\"\n                data-widths=\"[\r\n      {\r\n        &quot;label&quot;: &quot;700mm&quot;,\r\n        &quot;value&quot;: &quot;700&quot;,\r\n        &quot;price&quot;: 2.88\r\n      },\r\n      {\r\n        &quot;label&quot;: &quot;800mm&quot;,\r\n        &quot;value&quot;: &quot;800&quot;,\r\n        &quot;price&quot;: 3.00\r\n      },\r\n      {\r\n        &quot;label&quot;: &quot;900mm&quot;,\r\n        &quot;value&quot;: &quot;900&quot;,\r\n        &quot;price&quot;: 3.12\r\n      },\r\n      {\r\n        &quot;label&quot;: &quot;1000mm&quot;,\r\n        &quot;value&quot;: &quot;1000&quot;,\r\n        &quot;price&quot;: 3.64\r\n      },\r\n      {\r\n        &quot;label&quot;: &quot;1200mm&quot;,\r\n        &quot;value&quot;: &quot;1200&quot;,\r\n        &quot;price&quot;: 4.20\r\n      },\r\n      {\r\n        &quot;label&quot;: &quot;1500mm&quot;,\r\n        &quot;value&quot;: &quot;1500&quot;,\r\n        &quot;price&quot;: 5.88\r\n      }\r\n    ]\"\n                data-depths=\"[\r\n      {\r\n        &quot;label&quot;: &quot;300mm&quot;,\r\n        &quot;value&quot;: 300,\r\n        &quot;price&quot;: 1.76\r\n      },\r\n      {\r\n        &quot;label&quot;: &quot;400mm&quot;,\r\n        &quot;value&quot;: 400,\r\n        &quot;price&quot;: 2.08\r\n      },\r\n      {\r\n        &quot;label&quot;: &quot;500mm&quot;,\r\n        &quot;value&quot;: 500,\r\n        &quot;price&quot;: 2.20\r\n      },\r\n      {\r\n        &quot;label&quot;: &quot;600mm&quot;,\r\n        &quot;value&quot;: 600,\r\n        &quot;price&quot;: 2.32\r\n      }\r\n    ]\"\n                data-mdf-image1=\"https:\/\/noliktavaseksperts.coverl.id.lv\/wp-content\/uploads\/2025\/07\/Sikprecu-1524-mdf-measurements.png\"\n                data-metal-image1=\"https:\/\/noliktavaseksperts.coverl.id.lv\/wp-content\/uploads\/2025\/07\/Sikprecu-1524-metala-measurements.png\"\n                data-mdf-image2=\"https:\/\/noliktavaseksperts.coverl.id.lv\/wp-content\/uploads\/2025\/07\/Sikprecu-1828-mdf-measurements.png\"\n                data-metal-image2=\"https:\/\/noliktavaseksperts.coverl.id.lv\/wp-content\/uploads\/2025\/07\/Sikprecu-1828-metala-measurements.png\"\n                data-mdf-image3=\"https:\/\/noliktavaseksperts.coverl.id.lv\/wp-content\/uploads\/2025\/07\/Sikprecu-1981-mdf-measurements.png\"\n                data-metal-image3=\"https:\/\/noliktavaseksperts.coverl.id.lv\/wp-content\/uploads\/2025\/07\/Sikprecu-1981-metala-measurements.png\"\n                data-mdf-image4=\"https:\/\/noliktavaseksperts.coverl.id.lv\/wp-content\/uploads\/2025\/07\/Sikprecu-2500-mdf-measurements.png\"\n                data-metal-image4=\"https:\/\/noliktavaseksperts.coverl.id.lv\/wp-content\/uploads\/2025\/07\/Sikprecu-2500-metala-measurements.png\"\n                data-print-header-image=\"https:\/\/noliktavaseksperts.coverl.id.lv\/wp-content\/uploads\/2025\/12\/printHeader2.png\"\n                data-discount=\"0\"\n                data-markup=\"5\"\n                class=\"max-w-100 xl:max-w-5xl mx-auto\"\n            >\n            <\/div>\n\n\n\n<p><\/p>\n","protected":false},"excerpt":{"rendered":"<p>S\u012bkpre\u010du plauktu kalkulators<\/p>\n","protected":false},"author":3,"featured_media":0,"parent":0,"menu_order":0,"comment_status":"closed","ping_status":"closed","template":"","meta":{"_joinchat":[],"footnotes":""},"class_list":["post-29121","page","type-page","status-publish","hentry"],"yoast_head":"<!-- This site is optimized with the Yoast SEO plugin v27.2 - https:\/\/yoast.com\/product\/yoast-seo-wordpress\/ -->\n<title>S\u012bkpre\u010du plauktu kalkulators | \u0100tri apr\u0113\u0137ini plauktu izmaksas<\/title>\n<meta name=\"description\" content=\"Vairs nek\u0101das min\u0113\u0161anas. Ievadiet nepiecie\u0161amos izm\u0113rus un sa\u0146emiet t\u016bl\u012bt\u0113ju un prec\u012bzu cenu saviem s\u012bkpre\u010du plauktiem.\" \/>\n<meta name=\"robots\" content=\"index, follow, max-snippet:-1, max-image-preview:large, max-video-preview:-1\" \/>\n<link rel=\"canonical\" href=\"https:\/\/noliktavaseksperts.coverl.id.lv\/?page_id=29121\" \/>\n<meta property=\"og:locale\" content=\"lv_LV\" \/>\n<meta property=\"og:type\" content=\"article\" \/>\n<meta property=\"og:title\" content=\"S\u012bkpre\u010du plauktu kalkulators | \u0100tri apr\u0113\u0137ini plauktu izmaksas\" \/>\n<meta property=\"og:description\" content=\"Vairs nek\u0101das min\u0113\u0161anas. Ievadiet nepiecie\u0161amos izm\u0113rus un sa\u0146emiet t\u016bl\u012bt\u0113ju un prec\u012bzu cenu saviem s\u012bkpre\u010du plauktiem.\" \/>\n<meta property=\"og:url\" content=\"https:\/\/noliktavaseksperts.coverl.id.lv\/?page_id=29121\" \/>\n<meta property=\"og:site_name\" content=\"Noliktavas Eksperts\" \/>\n<meta property=\"article:modified_time\" content=\"2025-08-13T11:07:11+00:00\" \/>\n<meta property=\"og:image\" content=\"https:\/\/noliktavaseksperts.coverl.id.lv\/wp-content\/uploads\/2025\/10\/logo_variacijas-09-1.webp\" \/>\n\t<meta property=\"og:image:width\" content=\"350\" \/>\n\t<meta property=\"og:image:height\" content=\"350\" \/>\n\t<meta property=\"og:image:type\" content=\"image\/webp\" \/>\n<meta name=\"twitter:card\" content=\"summary_large_image\" \/>\n<meta name=\"twitter:label1\" content=\"Est. reading time\" \/>\n\t<meta name=\"twitter:data1\" content=\"1 min\u016bte\" \/>\n<script type=\"application\/ld+json\" class=\"yoast-schema-graph\">{\"@context\":\"https:\/\/schema.org\",\"@graph\":[{\"@type\":\"WebPage\",\"@id\":\"https:\/\/noliktavaseksperts.coverl.id.lv\/?page_id=29121\",\"url\":\"https:\/\/noliktavaseksperts.coverl.id.lv\/?page_id=29121\",\"name\":\"S\u012bkpre\u010du plauktu kalkulators | \u0100tri apr\u0113\u0137ini plauktu izmaksas\",\"isPartOf\":{\"@id\":\"https:\/\/noliktavaseksperts.coverl.id.lv\/#website\"},\"datePublished\":\"2025-07-09T10:21:37+00:00\",\"dateModified\":\"2025-08-13T11:07:11+00:00\",\"description\":\"Vairs nek\u0101das min\u0113\u0161anas. Ievadiet nepiecie\u0161amos izm\u0113rus un sa\u0146emiet t\u016bl\u012bt\u0113ju un prec\u012bzu cenu saviem s\u012bkpre\u010du plauktiem.\",\"breadcrumb\":{\"@id\":\"https:\/\/noliktavaseksperts.coverl.id.lv\/?page_id=29121#breadcrumb\"},\"inLanguage\":\"lv-LV\",\"potentialAction\":[{\"@type\":\"ReadAction\",\"target\":[\"https:\/\/noliktavaseksperts.coverl.id.lv\/?page_id=29121\"]}]},{\"@type\":\"BreadcrumbList\",\"@id\":\"https:\/\/noliktavaseksperts.coverl.id.lv\/?page_id=29121#breadcrumb\",\"itemListElement\":[{\"@type\":\"ListItem\",\"position\":1,\"name\":\"Home\",\"item\":\"https:\/\/noliktavaseksperts.coverl.id.lv\/\"},{\"@type\":\"ListItem\",\"position\":2,\"name\":\"S\u012bkpre\u010du plauktu kalkulators\"}]},{\"@type\":\"WebSite\",\"@id\":\"https:\/\/noliktavaseksperts.coverl.id.lv\/#website\",\"url\":\"https:\/\/noliktavaseksperts.coverl.id.lv\/\",\"name\":\"Noliktavas Eksperts\",\"description\":\"Noliktavas\u00a0apr\u012bkojums\",\"publisher\":{\"@id\":\"https:\/\/noliktavaseksperts.coverl.id.lv\/#organization\"},\"potentialAction\":[{\"@type\":\"SearchAction\",\"target\":{\"@type\":\"EntryPoint\",\"urlTemplate\":\"https:\/\/noliktavaseksperts.coverl.id.lv\/?s={search_term_string}\"},\"query-input\":{\"@type\":\"PropertyValueSpecification\",\"valueRequired\":true,\"valueName\":\"search_term_string\"}}],\"inLanguage\":\"lv-LV\"},{\"@type\":\"Organization\",\"@id\":\"https:\/\/noliktavaseksperts.coverl.id.lv\/#organization\",\"name\":\"Noliktavas Eksperts\",\"url\":\"https:\/\/noliktavaseksperts.coverl.id.lv\/\",\"logo\":{\"@type\":\"ImageObject\",\"inLanguage\":\"lv-LV\",\"@id\":\"https:\/\/noliktavaseksperts.coverl.id.lv\/#\/schema\/logo\/image\/\",\"url\":\"https:\/\/noliktavaseksperts.coverl.id.lv\/wp-content\/uploads\/2025\/05\/logo_variacijas-09-1.webp\",\"contentUrl\":\"https:\/\/noliktavaseksperts.coverl.id.lv\/wp-content\/uploads\/2025\/05\/logo_variacijas-09-1.webp\",\"width\":350,\"height\":350,\"caption\":\"Noliktavas Eksperts\"},\"image\":{\"@id\":\"https:\/\/noliktavaseksperts.coverl.id.lv\/#\/schema\/logo\/image\/\"}}]}<\/script>\n<!-- \/ Yoast SEO plugin. -->","yoast_head_json":{"title":"S\u012bkpre\u010du plauktu kalkulators | \u0100tri apr\u0113\u0137ini plauktu izmaksas","description":"Vairs nek\u0101das min\u0113\u0161anas. Ievadiet nepiecie\u0161amos izm\u0113rus un sa\u0146emiet t\u016bl\u012bt\u0113ju un prec\u012bzu cenu saviem s\u012bkpre\u010du plauktiem.","robots":{"index":"index","follow":"follow","max-snippet":"max-snippet:-1","max-image-preview":"max-image-preview:large","max-video-preview":"max-video-preview:-1"},"canonical":"https:\/\/noliktavaseksperts.coverl.id.lv\/?page_id=29121","og_locale":"lv_LV","og_type":"article","og_title":"S\u012bkpre\u010du plauktu kalkulators | \u0100tri apr\u0113\u0137ini plauktu izmaksas","og_description":"Vairs nek\u0101das min\u0113\u0161anas. Ievadiet nepiecie\u0161amos izm\u0113rus un sa\u0146emiet t\u016bl\u012bt\u0113ju un prec\u012bzu cenu saviem s\u012bkpre\u010du plauktiem.","og_url":"https:\/\/noliktavaseksperts.coverl.id.lv\/?page_id=29121","og_site_name":"Noliktavas Eksperts","article_modified_time":"2025-08-13T11:07:11+00:00","og_image":[{"width":350,"height":350,"url":"https:\/\/noliktavaseksperts.coverl.id.lv\/wp-content\/uploads\/2025\/10\/logo_variacijas-09-1.webp","type":"image\/webp"}],"twitter_card":"summary_large_image","twitter_misc":{"Est. reading time":"1 min\u016bte"},"schema":{"@context":"https:\/\/schema.org","@graph":[{"@type":"WebPage","@id":"https:\/\/noliktavaseksperts.coverl.id.lv\/?page_id=29121","url":"https:\/\/noliktavaseksperts.coverl.id.lv\/?page_id=29121","name":"S\u012bkpre\u010du plauktu kalkulators | \u0100tri apr\u0113\u0137ini plauktu izmaksas","isPartOf":{"@id":"https:\/\/noliktavaseksperts.coverl.id.lv\/#website"},"datePublished":"2025-07-09T10:21:37+00:00","dateModified":"2025-08-13T11:07:11+00:00","description":"Vairs nek\u0101das min\u0113\u0161anas. Ievadiet nepiecie\u0161amos izm\u0113rus un sa\u0146emiet t\u016bl\u012bt\u0113ju un prec\u012bzu cenu saviem s\u012bkpre\u010du plauktiem.","breadcrumb":{"@id":"https:\/\/noliktavaseksperts.coverl.id.lv\/?page_id=29121#breadcrumb"},"inLanguage":"lv-LV","potentialAction":[{"@type":"ReadAction","target":["https:\/\/noliktavaseksperts.coverl.id.lv\/?page_id=29121"]}]},{"@type":"BreadcrumbList","@id":"https:\/\/noliktavaseksperts.coverl.id.lv\/?page_id=29121#breadcrumb","itemListElement":[{"@type":"ListItem","position":1,"name":"Home","item":"https:\/\/noliktavaseksperts.coverl.id.lv\/"},{"@type":"ListItem","position":2,"name":"S\u012bkpre\u010du plauktu kalkulators"}]},{"@type":"WebSite","@id":"https:\/\/noliktavaseksperts.coverl.id.lv\/#website","url":"https:\/\/noliktavaseksperts.coverl.id.lv\/","name":"Noliktavas Eksperts","description":"Noliktavas\u00a0apr\u012bkojums","publisher":{"@id":"https:\/\/noliktavaseksperts.coverl.id.lv\/#organization"},"potentialAction":[{"@type":"SearchAction","target":{"@type":"EntryPoint","urlTemplate":"https:\/\/noliktavaseksperts.coverl.id.lv\/?s={search_term_string}"},"query-input":{"@type":"PropertyValueSpecification","valueRequired":true,"valueName":"search_term_string"}}],"inLanguage":"lv-LV"},{"@type":"Organization","@id":"https:\/\/noliktavaseksperts.coverl.id.lv\/#organization","name":"Noliktavas Eksperts","url":"https:\/\/noliktavaseksperts.coverl.id.lv\/","logo":{"@type":"ImageObject","inLanguage":"lv-LV","@id":"https:\/\/noliktavaseksperts.coverl.id.lv\/#\/schema\/logo\/image\/","url":"https:\/\/noliktavaseksperts.coverl.id.lv\/wp-content\/uploads\/2025\/05\/logo_variacijas-09-1.webp","contentUrl":"https:\/\/noliktavaseksperts.coverl.id.lv\/wp-content\/uploads\/2025\/05\/logo_variacijas-09-1.webp","width":350,"height":350,"caption":"Noliktavas Eksperts"},"image":{"@id":"https:\/\/noliktavaseksperts.coverl.id.lv\/#\/schema\/logo\/image\/"}}]}},"_links":{"self":[{"href":"https:\/\/noliktavaseksperts.coverl.id.lv\/index.php?rest_route=\/wp\/v2\/pages\/29121","targetHints":{"allow":["GET"]}}],"collection":[{"href":"https:\/\/noliktavaseksperts.coverl.id.lv\/index.php?rest_route=\/wp\/v2\/pages"}],"about":[{"href":"https:\/\/noliktavaseksperts.coverl.id.lv\/index.php?rest_route=\/wp\/v2\/types\/page"}],"author":[{"embeddable":true,"href":"https:\/\/noliktavaseksperts.coverl.id.lv\/index.php?rest_route=\/wp\/v2\/users\/3"}],"replies":[{"embeddable":true,"href":"https:\/\/noliktavaseksperts.coverl.id.lv\/index.php?rest_route=%2Fwp%2Fv2%2Fcomments&post=29121"}],"version-history":[{"count":0,"href":"https:\/\/noliktavaseksperts.coverl.id.lv\/index.php?rest_route=\/wp\/v2\/pages\/29121\/revisions"}],"wp:attachment":[{"href":"https:\/\/noliktavaseksperts.coverl.id.lv\/index.php?rest_route=%2Fwp%2Fv2%2Fmedia&parent=29121"}],"curies":[{"name":"wp","href":"https:\/\/api.w.org\/{rel}","templated":true}]}}