{"id":29119,"date":"2025-07-09T13:21:12","date_gmt":"2025-07-09T10:21:12","guid":{"rendered":"https:\/\/noliktavaseksperts.coverl.id.lv\/?page_id=29119"},"modified":"2025-12-05T16:28:50","modified_gmt":"2025-12-05T14:28:50","slug":"riepu-plauktu-kalkulators","status":"publish","type":"page","link":"https:\/\/noliktavaseksperts.coverl.id.lv\/?page_id=29119","title":{"rendered":"Riepu plauktu kalkulators"},"content":{"rendered":"\n<h1 class=\"wp-block-heading\">Riepu plauktu kalkulators <\/h1>\n\n\n\n<h3 class=\"wp-block-heading\"><\/h3>\n\n\n<div id=\"tcv-shadow-root-container\"\n                data-heights=\"[{&quot;label&quot;:&quot;1750mm&quot;,&quot;value&quot;:&quot;1750&quot;,&quot;min-levels&quot;:2},{&quot;label&quot;:&quot;2000mm&quot;,&quot;value&quot;:&quot;2000&quot;,&quot;min-levels&quot;:3},{&quot;label&quot;:&quot;2500mm&quot;,&quot;value&quot;:&quot;2500&quot;,&quot;min-levels&quot;:3},{&quot;label&quot;:&quot;3000mm&quot;,&quot;value&quot;:&quot;3000&quot;,&quot;min-levels&quot;:3},{&quot;label&quot;:&quot;3500mm&quot;,&quot;value&quot;:&quot;3500&quot;,&quot;min-levels&quot;:3}]\"\n                data-widths=\"[{&quot;label&quot;:&quot;950mm&quot;,&quot;value&quot;:&quot;950&quot;,&quot;price&quot;:14.56},{&quot;label&quot;:&quot;1150mm&quot;,&quot;value&quot;:&quot;1150&quot;,&quot;price&quot;:17.48},{&quot;label&quot;:&quot;1350mm&quot;,&quot;value&quot;:&quot;1350&quot;,&quot;price&quot;:19.32},{&quot;label&quot;:&quot;1500mm&quot;,&quot;value&quot;:&quot;1500&quot;,&quot;price&quot;:20.56},{&quot;label&quot;:&quot;1850mm&quot;,&quot;value&quot;:&quot;1850&quot;,&quot;price&quot;:24.92}]\"\n                data-depths=\"[{&quot;label&quot;:&quot;500mm&quot;,&quot;value&quot;:&quot;500&quot;},{&quot;label&quot;:&quot;600mm&quot;,&quot;value&quot;:&quot;600&quot;}]\"\n                data-prices=\"[{&quot;label&quot;: &quot;1750x500&quot;, &quot;price&quot;: 27.32},{&quot;label&quot;:&quot;1750x600&quot;, &quot;price&quot;: 27.95},\r\n                       {&quot;label&quot;:&quot;2000x500&quot;, &quot;price&quot;: 29.90},{&quot;label&quot;:&quot;2000x600&quot;, &quot;price&quot;: 30.56},\r\n                       {&quot;label&quot;:&quot;2500x500&quot;, &quot;price&quot;: 35.04},{&quot;label&quot;:&quot;2500x600&quot;, &quot;price&quot;: 35.68},\r\n                       {&quot;label&quot;:&quot;3000x500&quot;, &quot;price&quot;: 40.12},{&quot;label&quot;:&quot;3000x600&quot;, &quot;price&quot;: 42.30},\r\n                       {&quot;label&quot;:&quot;3500x500&quot;, &quot;price&quot;: 49.18},{&quot;label&quot;:&quot;3500x600&quot;, &quot;price&quot;: 50.04}]\"\n                data-main-image=\"https:\/\/noliktavaseksperts.coverl.id.lv\/wp-content\/uploads\/2025\/07\/Pamatsekcija-riepas-measurements-3.png\"\n                data-secondary-image=\"https:\/\/noliktavaseksperts.coverl.id.lv\/wp-content\/uploads\/2025\/07\/Papildsekcija-riepas-measurements-3.png\"\n                data-print-header-image=\"https:\/\/noliktavaseksperts.coverl.id.lv\/wp-content\/uploads\/2025\/12\/printHeader2.png\"\n                data-discount=\"0\"\n                data-markup=\"5\"\n                class=\"max-w-100 lg:max-w-5xl mx-auto\"\n            >\n            <\/div>\n\n\n\n<p><\/p>\n","protected":false},"excerpt":{"rendered":"<p>Riepu plauktu kalkulators<\/p>\n","protected":false},"author":3,"featured_media":0,"parent":0,"menu_order":0,"comment_status":"closed","ping_status":"closed","template":"","meta":{"_joinchat":[],"footnotes":""},"class_list":["post-29119","page","type-page","status-publish","hentry"],"yoast_head":"<!-- This site is optimized with the Yoast SEO plugin v27.2 - https:\/\/yoast.com\/product\/yoast-seo-wordpress\/ -->\n<title>Riepu plauktu kalkulators | Bezmaksas tie\u0161saistes kalkulators<\/title>\n<meta name=\"description\" content=\"\u0100tri un \u0113rti apr\u0113\u0137iniet sava riepu plauktu projekta izmaksas ar m\u016bsu bezmaksas tie\u0161saistes kalkulatoru. Ieg\u016bstiet prec\u012bzu pied\u0101v\u0101jumu.\" \/>\n<meta name=\"robots\" content=\"index, follow, max-snippet:-1, max-image-preview:large, max-video-preview:-1\" \/>\n<link rel=\"canonical\" href=\"https:\/\/noliktavaseksperts.coverl.id.lv\/?page_id=29119\" \/>\n<meta property=\"og:locale\" content=\"lv_LV\" \/>\n<meta property=\"og:type\" content=\"article\" \/>\n<meta property=\"og:title\" content=\"Riepu plauktu kalkulators | Bezmaksas tie\u0161saistes kalkulators\" \/>\n<meta property=\"og:description\" content=\"\u0100tri un \u0113rti apr\u0113\u0137iniet sava riepu plauktu projekta izmaksas ar m\u016bsu bezmaksas tie\u0161saistes kalkulatoru. Ieg\u016bstiet prec\u012bzu pied\u0101v\u0101jumu.\" \/>\n<meta property=\"og:url\" content=\"https:\/\/noliktavaseksperts.coverl.id.lv\/?page_id=29119\" \/>\n<meta property=\"og:site_name\" content=\"Noliktavas Eksperts\" \/>\n<meta property=\"article:modified_time\" content=\"2025-12-05T14:28:50+00:00\" \/>\n<meta property=\"og:image\" content=\"https:\/\/noliktavaseksperts.coverl.id.lv\/wp-content\/uploads\/2025\/10\/logo_variacijas-09-1.webp\" \/>\n\t<meta property=\"og:image:width\" content=\"350\" \/>\n\t<meta property=\"og:image:height\" content=\"350\" \/>\n\t<meta property=\"og:image:type\" content=\"image\/webp\" \/>\n<meta name=\"twitter:card\" content=\"summary_large_image\" \/>\n<meta name=\"twitter:label1\" content=\"Est. reading time\" \/>\n\t<meta name=\"twitter:data1\" content=\"1 min\u016bte\" \/>\n<script type=\"application\/ld+json\" class=\"yoast-schema-graph\">{\"@context\":\"https:\/\/schema.org\",\"@graph\":[{\"@type\":\"WebPage\",\"@id\":\"https:\/\/noliktavaseksperts.coverl.id.lv\/?page_id=29119\",\"url\":\"https:\/\/noliktavaseksperts.coverl.id.lv\/?page_id=29119\",\"name\":\"Riepu plauktu kalkulators | Bezmaksas tie\u0161saistes kalkulators\",\"isPartOf\":{\"@id\":\"https:\/\/noliktavaseksperts.coverl.id.lv\/#website\"},\"datePublished\":\"2025-07-09T10:21:12+00:00\",\"dateModified\":\"2025-12-05T14:28:50+00:00\",\"description\":\"\u0100tri un \u0113rti apr\u0113\u0137iniet sava riepu plauktu projekta izmaksas ar m\u016bsu bezmaksas tie\u0161saistes kalkulatoru. Ieg\u016bstiet prec\u012bzu pied\u0101v\u0101jumu.\",\"breadcrumb\":{\"@id\":\"https:\/\/noliktavaseksperts.coverl.id.lv\/?page_id=29119#breadcrumb\"},\"inLanguage\":\"lv-LV\",\"potentialAction\":[{\"@type\":\"ReadAction\",\"target\":[\"https:\/\/noliktavaseksperts.coverl.id.lv\/?page_id=29119\"]}]},{\"@type\":\"BreadcrumbList\",\"@id\":\"https:\/\/noliktavaseksperts.coverl.id.lv\/?page_id=29119#breadcrumb\",\"itemListElement\":[{\"@type\":\"ListItem\",\"position\":1,\"name\":\"Home\",\"item\":\"https:\/\/noliktavaseksperts.coverl.id.lv\/\"},{\"@type\":\"ListItem\",\"position\":2,\"name\":\"Riepu plauktu kalkulators\"}]},{\"@type\":\"WebSite\",\"@id\":\"https:\/\/noliktavaseksperts.coverl.id.lv\/#website\",\"url\":\"https:\/\/noliktavaseksperts.coverl.id.lv\/\",\"name\":\"Noliktavas Eksperts\",\"description\":\"Noliktavas\u00a0apr\u012bkojums\",\"publisher\":{\"@id\":\"https:\/\/noliktavaseksperts.coverl.id.lv\/#organization\"},\"potentialAction\":[{\"@type\":\"SearchAction\",\"target\":{\"@type\":\"EntryPoint\",\"urlTemplate\":\"https:\/\/noliktavaseksperts.coverl.id.lv\/?s={search_term_string}\"},\"query-input\":{\"@type\":\"PropertyValueSpecification\",\"valueRequired\":true,\"valueName\":\"search_term_string\"}}],\"inLanguage\":\"lv-LV\"},{\"@type\":\"Organization\",\"@id\":\"https:\/\/noliktavaseksperts.coverl.id.lv\/#organization\",\"name\":\"Noliktavas Eksperts\",\"url\":\"https:\/\/noliktavaseksperts.coverl.id.lv\/\",\"logo\":{\"@type\":\"ImageObject\",\"inLanguage\":\"lv-LV\",\"@id\":\"https:\/\/noliktavaseksperts.coverl.id.lv\/#\/schema\/logo\/image\/\",\"url\":\"https:\/\/noliktavaseksperts.coverl.id.lv\/wp-content\/uploads\/2025\/05\/logo_variacijas-09-1.webp\",\"contentUrl\":\"https:\/\/noliktavaseksperts.coverl.id.lv\/wp-content\/uploads\/2025\/05\/logo_variacijas-09-1.webp\",\"width\":350,\"height\":350,\"caption\":\"Noliktavas Eksperts\"},\"image\":{\"@id\":\"https:\/\/noliktavaseksperts.coverl.id.lv\/#\/schema\/logo\/image\/\"}}]}<\/script>\n<!-- \/ Yoast SEO plugin. -->","yoast_head_json":{"title":"Riepu plauktu kalkulators | Bezmaksas tie\u0161saistes kalkulators","description":"\u0100tri un \u0113rti apr\u0113\u0137iniet sava riepu plauktu projekta izmaksas ar m\u016bsu bezmaksas tie\u0161saistes kalkulatoru. Ieg\u016bstiet prec\u012bzu pied\u0101v\u0101jumu.","robots":{"index":"index","follow":"follow","max-snippet":"max-snippet:-1","max-image-preview":"max-image-preview:large","max-video-preview":"max-video-preview:-1"},"canonical":"https:\/\/noliktavaseksperts.coverl.id.lv\/?page_id=29119","og_locale":"lv_LV","og_type":"article","og_title":"Riepu plauktu kalkulators | Bezmaksas tie\u0161saistes kalkulators","og_description":"\u0100tri un \u0113rti apr\u0113\u0137iniet sava riepu plauktu projekta izmaksas ar m\u016bsu bezmaksas tie\u0161saistes kalkulatoru. Ieg\u016bstiet prec\u012bzu pied\u0101v\u0101jumu.","og_url":"https:\/\/noliktavaseksperts.coverl.id.lv\/?page_id=29119","og_site_name":"Noliktavas Eksperts","article_modified_time":"2025-12-05T14:28:50+00:00","og_image":[{"width":350,"height":350,"url":"https:\/\/noliktavaseksperts.coverl.id.lv\/wp-content\/uploads\/2025\/10\/logo_variacijas-09-1.webp","type":"image\/webp"}],"twitter_card":"summary_large_image","twitter_misc":{"Est. reading time":"1 min\u016bte"},"schema":{"@context":"https:\/\/schema.org","@graph":[{"@type":"WebPage","@id":"https:\/\/noliktavaseksperts.coverl.id.lv\/?page_id=29119","url":"https:\/\/noliktavaseksperts.coverl.id.lv\/?page_id=29119","name":"Riepu plauktu kalkulators | Bezmaksas tie\u0161saistes kalkulators","isPartOf":{"@id":"https:\/\/noliktavaseksperts.coverl.id.lv\/#website"},"datePublished":"2025-07-09T10:21:12+00:00","dateModified":"2025-12-05T14:28:50+00:00","description":"\u0100tri un \u0113rti apr\u0113\u0137iniet sava riepu plauktu projekta izmaksas ar m\u016bsu bezmaksas tie\u0161saistes kalkulatoru. Ieg\u016bstiet prec\u012bzu pied\u0101v\u0101jumu.","breadcrumb":{"@id":"https:\/\/noliktavaseksperts.coverl.id.lv\/?page_id=29119#breadcrumb"},"inLanguage":"lv-LV","potentialAction":[{"@type":"ReadAction","target":["https:\/\/noliktavaseksperts.coverl.id.lv\/?page_id=29119"]}]},{"@type":"BreadcrumbList","@id":"https:\/\/noliktavaseksperts.coverl.id.lv\/?page_id=29119#breadcrumb","itemListElement":[{"@type":"ListItem","position":1,"name":"Home","item":"https:\/\/noliktavaseksperts.coverl.id.lv\/"},{"@type":"ListItem","position":2,"name":"Riepu plauktu kalkulators"}]},{"@type":"WebSite","@id":"https:\/\/noliktavaseksperts.coverl.id.lv\/#website","url":"https:\/\/noliktavaseksperts.coverl.id.lv\/","name":"Noliktavas Eksperts","description":"Noliktavas\u00a0apr\u012bkojums","publisher":{"@id":"https:\/\/noliktavaseksperts.coverl.id.lv\/#organization"},"potentialAction":[{"@type":"SearchAction","target":{"@type":"EntryPoint","urlTemplate":"https:\/\/noliktavaseksperts.coverl.id.lv\/?s={search_term_string}"},"query-input":{"@type":"PropertyValueSpecification","valueRequired":true,"valueName":"search_term_string"}}],"inLanguage":"lv-LV"},{"@type":"Organization","@id":"https:\/\/noliktavaseksperts.coverl.id.lv\/#organization","name":"Noliktavas Eksperts","url":"https:\/\/noliktavaseksperts.coverl.id.lv\/","logo":{"@type":"ImageObject","inLanguage":"lv-LV","@id":"https:\/\/noliktavaseksperts.coverl.id.lv\/#\/schema\/logo\/image\/","url":"https:\/\/noliktavaseksperts.coverl.id.lv\/wp-content\/uploads\/2025\/05\/logo_variacijas-09-1.webp","contentUrl":"https:\/\/noliktavaseksperts.coverl.id.lv\/wp-content\/uploads\/2025\/05\/logo_variacijas-09-1.webp","width":350,"height":350,"caption":"Noliktavas Eksperts"},"image":{"@id":"https:\/\/noliktavaseksperts.coverl.id.lv\/#\/schema\/logo\/image\/"}}]}},"_links":{"self":[{"href":"https:\/\/noliktavaseksperts.coverl.id.lv\/index.php?rest_route=\/wp\/v2\/pages\/29119","targetHints":{"allow":["GET"]}}],"collection":[{"href":"https:\/\/noliktavaseksperts.coverl.id.lv\/index.php?rest_route=\/wp\/v2\/pages"}],"about":[{"href":"https:\/\/noliktavaseksperts.coverl.id.lv\/index.php?rest_route=\/wp\/v2\/types\/page"}],"author":[{"embeddable":true,"href":"https:\/\/noliktavaseksperts.coverl.id.lv\/index.php?rest_route=\/wp\/v2\/users\/3"}],"replies":[{"embeddable":true,"href":"https:\/\/noliktavaseksperts.coverl.id.lv\/index.php?rest_route=%2Fwp%2Fv2%2Fcomments&post=29119"}],"version-history":[{"count":0,"href":"https:\/\/noliktavaseksperts.coverl.id.lv\/index.php?rest_route=\/wp\/v2\/pages\/29119\/revisions"}],"wp:attachment":[{"href":"https:\/\/noliktavaseksperts.coverl.id.lv\/index.php?rest_route=%2Fwp%2Fv2%2Fmedia&parent=29119"}],"curies":[{"name":"wp","href":"https:\/\/api.w.org\/{rel}","templated":true}]}}