{"id":29117,"date":"2025-07-09T13:20:06","date_gmt":"2025-07-09T10:20:06","guid":{"rendered":"https:\/\/noliktavaseksperts.coverl.id.lv\/?page_id=29117"},"modified":"2025-12-05T16:29:21","modified_gmt":"2025-12-05T14:29:21","slug":"pvc-kalkulators","status":"publish","type":"page","link":"https:\/\/noliktavaseksperts.coverl.id.lv\/?page_id=29117","title":{"rendered":"PVC aizkaru kalkulators &#8211; ievadi izm\u0113rus un uzzini izmaksas!"},"content":{"rendered":"<h1 class=\"wp-block-post-title\">PVC aizkaru kalkulators &#8211; ievadi izm\u0113rus un uzzini izmaksas!<\/h1>\n\n<div id=\"pvccv-shadow-root-container\"\n                data-strip-sizes=\"[\r\n      {\r\n        &quot;label&quot;: &quot;200x2mm standarta&quot;,\r\n        &quot;value&quot;: 1,\r\n        &quot;tooltip&quot;: &quot;200 x 2 mm standarta (gludais) materi\u0101ls ir paredz\u0113ts ail\u0113m bez past\u0101v\u012bgas kust\u012bbas, ar ailes augstumu l\u012bdz 2500mm.&quot;,\r\n        &quot;price&quot;: 2.22,\r\n        &quot;width&quot;: &quot;200mm&quot;,\r\n        &quot;depth&quot;: &quot;2mm&quot;\r\n      },\r\n      {\r\n        &quot;label&quot;: &quot;200x2mm aukstumiztur\u012bgs&quot;,\r\n        &quot;value&quot;: 2,\r\n        &quot;tooltip&quot;: &quot;200 x 2 mm POLAR materi\u0101ls ir paredz\u0113ts sald\u0113tav\u0101m vai cit\u0101m telp\u0101m ar past\u0101v\u012bgu (-) temperat\u016bru ar da\u017e\u0101diem ai\u013cu un durvju augstumiem. Nav paredz\u0113ts lieto\u0161anai main\u012bgos laikapst\u0101k\u013cos vai ikdienas \u0101r\u0113j\u0101 vid\u0113.&quot;,\r\n        &quot;price&quot;: 2.35,\r\n        &quot;width&quot;: &quot;200mm&quot;,\r\n        &quot;depth&quot;: &quot;2mm&quot;\r\n      },\r\n      {\r\n        &quot;label&quot;: &quot;300x2mm standarta&quot;,\r\n        &quot;value&quot;: 3,\r\n        &quot;tooltip&quot;: &quot;300 x 2 mm standarta (gludais) materi\u0101ls ir paredz\u0113ts ail\u0113m bez past\u0101v\u012bgas kust\u012bbas, ar ailes augstumu l\u012bdz 3000 mm.&quot;,\r\n        &quot;price&quot;: 3.62,\r\n        &quot;width&quot;: &quot;300mm&quot;,\r\n        &quot;depth&quot;: &quot;2mm&quot;\r\n      },\r\n      {\r\n        &quot;label&quot;: &quot;300x3mm standarta&quot;,\r\n        &quot;value&quot;: 4,\r\n        &quot;tooltip&quot;: &quot;300 x 3 mm standarta (gludais) materi\u0101ls ir paredz\u0113ts ail\u0113m bez past\u0101v\u012bgas kust\u012bbas, ar ailes augstumu l\u012bdz 7000 mm. Liel\u0101ks materi\u0101la svars nodro\u0161ina, ka aizkars \u0101tr\u0101k atgrie\u017eas viet\u0101, cie\u0161\u0101k un vienm\u0113r\u012bg\u0101k sak\u013caujas, veido bl\u012bv\u0101ku aizsegumu un maz\u0101k kustas v\u0113j\u0101.&quot;,\r\n        &quot;price&quot;: 4.94,\r\n        &quot;width&quot;: &quot;300mm&quot;,\r\n        &quot;depth&quot;: &quot;3mm&quot;\r\n      },\r\n      {\r\n        &quot;label&quot;: &quot;300x3mm RELJEF&quot;,\r\n        &quot;value&quot;: 5,\r\n        &quot;tooltip&quot;: &quot;300 x 3 mm rievotais materi\u0101ls ir paredz\u0113ts ail\u0113m ar past\u0101v\u012bgu kust\u012bbu, ar ailes augstumu l\u012bdz 7000 mm. RELJEF aizkaru tehnolo\u0123ija pasarg\u0101 materi\u0101lu no triecieniem un t\u0101d\u0113j\u0101di pagarina t\u0101 m\u016b\u017eu.&quot;,\r\n        &quot;price&quot;: 5.36,\r\n        &quot;width&quot;: &quot;300mm&quot;,\r\n        &quot;depth&quot;: &quot;3mm&quot;\r\n      }\r\n    ]\"\n                data-comb-price=\"[\r\n      {\r\n        &quot;1000&quot;: 10.29\r\n      }\r\n    ]\"\n                data-attachment-prices=\"[\r\n      {\r\n        &quot;label&quot;: &quot;200mm&quot;,\r\n        &quot;value&quot;: 200,\r\n        &quot;price&quot;: 1.78\r\n      },\r\n      {\r\n        &quot;label&quot;: &quot;300mm&quot;,\r\n        &quot;value&quot;: 300,\r\n        &quot;price&quot;: 2.24\r\n      }\r\n    ]\"\n                data-work-price=\"25.5\"\n                data-work-price-coef=\"0.6\"\n                data-attachment-type-image=\"https:\/\/noliktavaseksperts.coverl.id.lv\/wp-content\/uploads\/2025\/07\/attachmentType.png\"\n                data-strip-percentage-small-image=\"https:\/\/noliktavaseksperts.coverl.id.lv\/wp-content\/uploads\/2025\/07\/stripPercentage32.png\"\n                data-strip-percentage-medium-image=\"https:\/\/noliktavaseksperts.coverl.id.lv\/wp-content\/uploads\/2025\/07\/stripPercetnage40.png\"\n                data-strip-percentage-large-image=\"https:\/\/noliktavaseksperts.coverl.id.lv\/wp-content\/uploads\/2025\/07\/stripPercentage60.png\"\n                data-print-header-image=\"https:\/\/noliktavaseksperts.coverl.id.lv\/wp-content\/uploads\/2025\/12\/printHeader2.png\"\n                data-pvc-discount=\"0\"\n                data-discount=\"0\"\n                class=\"max-w-100 xl:max-w-5xl mx-auto\"\n            >\n            <\/div>\n\n\n\n<p><\/p>\n","protected":false},"excerpt":{"rendered":"","protected":false},"author":3,"featured_media":0,"parent":0,"menu_order":0,"comment_status":"closed","ping_status":"closed","template":"","meta":{"_joinchat":[],"footnotes":""},"class_list":["post-29117","page","type-page","status-publish","hentry"],"yoast_head":"<!-- This site is optimized with the Yoast SEO plugin v27.2 - https:\/\/yoast.com\/product\/yoast-seo-wordpress\/ -->\n<title>Apr\u0113\u0137ini PVC aizkaru izmaksas ar kalkulatoru. Ietaupi laiku un naudu<\/title>\n<meta name=\"description\" content=\"\u0100tri un \u0113rti apr\u0113\u0137iniet izmaksas PVC aizkariem savai telpai. Ievadiet izm\u0113rus un sa\u0146emiet prec\u012bzu cenu. Izveidojiet perfektus PVC aizkarus savai noliktavai.\" \/>\n<meta name=\"robots\" content=\"index, follow, max-snippet:-1, max-image-preview:large, max-video-preview:-1\" \/>\n<link rel=\"canonical\" href=\"https:\/\/noliktavaseksperts.coverl.id.lv\/?page_id=29117\" \/>\n<meta property=\"og:locale\" content=\"lv_LV\" \/>\n<meta property=\"og:type\" content=\"article\" \/>\n<meta property=\"og:title\" content=\"Apr\u0113\u0137ini PVC aizkaru izmaksas ar kalkulatoru. Ietaupi laiku un naudu\" \/>\n<meta property=\"og:description\" content=\"\u0100tri un \u0113rti apr\u0113\u0137iniet izmaksas PVC aizkariem savai telpai. Ievadiet izm\u0113rus un sa\u0146emiet prec\u012bzu cenu. Izveidojiet perfektus PVC aizkarus savai noliktavai.\" \/>\n<meta property=\"og:url\" content=\"https:\/\/noliktavaseksperts.coverl.id.lv\/?page_id=29117\" \/>\n<meta property=\"og:site_name\" content=\"Noliktavas Eksperts\" \/>\n<meta property=\"article:modified_time\" content=\"2025-12-05T14:29:21+00:00\" \/>\n<meta property=\"og:image\" content=\"https:\/\/noliktavaseksperts.coverl.id.lv\/wp-content\/uploads\/2025\/10\/logo_variacijas-09-1.webp\" \/>\n\t<meta property=\"og:image:width\" content=\"350\" \/>\n\t<meta property=\"og:image:height\" content=\"350\" \/>\n\t<meta property=\"og:image:type\" content=\"image\/webp\" \/>\n<meta name=\"twitter:card\" content=\"summary_large_image\" \/>\n<meta name=\"twitter:label1\" content=\"Est. reading time\" \/>\n\t<meta name=\"twitter:data1\" content=\"1 min\u016bte\" \/>\n<script type=\"application\/ld+json\" class=\"yoast-schema-graph\">{\"@context\":\"https:\/\/schema.org\",\"@graph\":[{\"@type\":\"WebPage\",\"@id\":\"https:\/\/noliktavaseksperts.coverl.id.lv\/?page_id=29117\",\"url\":\"https:\/\/noliktavaseksperts.coverl.id.lv\/?page_id=29117\",\"name\":\"Apr\u0113\u0137ini PVC aizkaru izmaksas ar kalkulatoru. Ietaupi laiku un naudu\",\"isPartOf\":{\"@id\":\"https:\/\/noliktavaseksperts.coverl.id.lv\/#website\"},\"datePublished\":\"2025-07-09T10:20:06+00:00\",\"dateModified\":\"2025-12-05T14:29:21+00:00\",\"description\":\"\u0100tri un \u0113rti apr\u0113\u0137iniet izmaksas PVC aizkariem savai telpai. Ievadiet izm\u0113rus un sa\u0146emiet prec\u012bzu cenu. Izveidojiet perfektus PVC aizkarus savai noliktavai.\",\"breadcrumb\":{\"@id\":\"https:\/\/noliktavaseksperts.coverl.id.lv\/?page_id=29117#breadcrumb\"},\"inLanguage\":\"lv-LV\",\"potentialAction\":[{\"@type\":\"ReadAction\",\"target\":[\"https:\/\/noliktavaseksperts.coverl.id.lv\/?page_id=29117\"]}]},{\"@type\":\"BreadcrumbList\",\"@id\":\"https:\/\/noliktavaseksperts.coverl.id.lv\/?page_id=29117#breadcrumb\",\"itemListElement\":[{\"@type\":\"ListItem\",\"position\":1,\"name\":\"Home\",\"item\":\"https:\/\/noliktavaseksperts.coverl.id.lv\/\"},{\"@type\":\"ListItem\",\"position\":2,\"name\":\"PVC aizkaru kalkulators &#8211; ievadi izm\u0113rus un uzzini izmaksas!\"}]},{\"@type\":\"WebSite\",\"@id\":\"https:\/\/noliktavaseksperts.coverl.id.lv\/#website\",\"url\":\"https:\/\/noliktavaseksperts.coverl.id.lv\/\",\"name\":\"Noliktavas Eksperts\",\"description\":\"Noliktavas\u00a0apr\u012bkojums\",\"publisher\":{\"@id\":\"https:\/\/noliktavaseksperts.coverl.id.lv\/#organization\"},\"potentialAction\":[{\"@type\":\"SearchAction\",\"target\":{\"@type\":\"EntryPoint\",\"urlTemplate\":\"https:\/\/noliktavaseksperts.coverl.id.lv\/?s={search_term_string}\"},\"query-input\":{\"@type\":\"PropertyValueSpecification\",\"valueRequired\":true,\"valueName\":\"search_term_string\"}}],\"inLanguage\":\"lv-LV\"},{\"@type\":\"Organization\",\"@id\":\"https:\/\/noliktavaseksperts.coverl.id.lv\/#organization\",\"name\":\"Noliktavas Eksperts\",\"url\":\"https:\/\/noliktavaseksperts.coverl.id.lv\/\",\"logo\":{\"@type\":\"ImageObject\",\"inLanguage\":\"lv-LV\",\"@id\":\"https:\/\/noliktavaseksperts.coverl.id.lv\/#\/schema\/logo\/image\/\",\"url\":\"https:\/\/noliktavaseksperts.coverl.id.lv\/wp-content\/uploads\/2025\/05\/logo_variacijas-09-1.webp\",\"contentUrl\":\"https:\/\/noliktavaseksperts.coverl.id.lv\/wp-content\/uploads\/2025\/05\/logo_variacijas-09-1.webp\",\"width\":350,\"height\":350,\"caption\":\"Noliktavas Eksperts\"},\"image\":{\"@id\":\"https:\/\/noliktavaseksperts.coverl.id.lv\/#\/schema\/logo\/image\/\"}}]}<\/script>\n<!-- \/ Yoast SEO plugin. -->","yoast_head_json":{"title":"Apr\u0113\u0137ini PVC aizkaru izmaksas ar kalkulatoru. Ietaupi laiku un naudu","description":"\u0100tri un \u0113rti apr\u0113\u0137iniet izmaksas PVC aizkariem savai telpai. Ievadiet izm\u0113rus un sa\u0146emiet prec\u012bzu cenu. Izveidojiet perfektus PVC aizkarus savai noliktavai.","robots":{"index":"index","follow":"follow","max-snippet":"max-snippet:-1","max-image-preview":"max-image-preview:large","max-video-preview":"max-video-preview:-1"},"canonical":"https:\/\/noliktavaseksperts.coverl.id.lv\/?page_id=29117","og_locale":"lv_LV","og_type":"article","og_title":"Apr\u0113\u0137ini PVC aizkaru izmaksas ar kalkulatoru. Ietaupi laiku un naudu","og_description":"\u0100tri un \u0113rti apr\u0113\u0137iniet izmaksas PVC aizkariem savai telpai. Ievadiet izm\u0113rus un sa\u0146emiet prec\u012bzu cenu. Izveidojiet perfektus PVC aizkarus savai noliktavai.","og_url":"https:\/\/noliktavaseksperts.coverl.id.lv\/?page_id=29117","og_site_name":"Noliktavas Eksperts","article_modified_time":"2025-12-05T14:29:21+00:00","og_image":[{"width":350,"height":350,"url":"https:\/\/noliktavaseksperts.coverl.id.lv\/wp-content\/uploads\/2025\/10\/logo_variacijas-09-1.webp","type":"image\/webp"}],"twitter_card":"summary_large_image","twitter_misc":{"Est. reading time":"1 min\u016bte"},"schema":{"@context":"https:\/\/schema.org","@graph":[{"@type":"WebPage","@id":"https:\/\/noliktavaseksperts.coverl.id.lv\/?page_id=29117","url":"https:\/\/noliktavaseksperts.coverl.id.lv\/?page_id=29117","name":"Apr\u0113\u0137ini PVC aizkaru izmaksas ar kalkulatoru. Ietaupi laiku un naudu","isPartOf":{"@id":"https:\/\/noliktavaseksperts.coverl.id.lv\/#website"},"datePublished":"2025-07-09T10:20:06+00:00","dateModified":"2025-12-05T14:29:21+00:00","description":"\u0100tri un \u0113rti apr\u0113\u0137iniet izmaksas PVC aizkariem savai telpai. Ievadiet izm\u0113rus un sa\u0146emiet prec\u012bzu cenu. Izveidojiet perfektus PVC aizkarus savai noliktavai.","breadcrumb":{"@id":"https:\/\/noliktavaseksperts.coverl.id.lv\/?page_id=29117#breadcrumb"},"inLanguage":"lv-LV","potentialAction":[{"@type":"ReadAction","target":["https:\/\/noliktavaseksperts.coverl.id.lv\/?page_id=29117"]}]},{"@type":"BreadcrumbList","@id":"https:\/\/noliktavaseksperts.coverl.id.lv\/?page_id=29117#breadcrumb","itemListElement":[{"@type":"ListItem","position":1,"name":"Home","item":"https:\/\/noliktavaseksperts.coverl.id.lv\/"},{"@type":"ListItem","position":2,"name":"PVC aizkaru kalkulators &#8211; ievadi izm\u0113rus un uzzini izmaksas!"}]},{"@type":"WebSite","@id":"https:\/\/noliktavaseksperts.coverl.id.lv\/#website","url":"https:\/\/noliktavaseksperts.coverl.id.lv\/","name":"Noliktavas Eksperts","description":"Noliktavas\u00a0apr\u012bkojums","publisher":{"@id":"https:\/\/noliktavaseksperts.coverl.id.lv\/#organization"},"potentialAction":[{"@type":"SearchAction","target":{"@type":"EntryPoint","urlTemplate":"https:\/\/noliktavaseksperts.coverl.id.lv\/?s={search_term_string}"},"query-input":{"@type":"PropertyValueSpecification","valueRequired":true,"valueName":"search_term_string"}}],"inLanguage":"lv-LV"},{"@type":"Organization","@id":"https:\/\/noliktavaseksperts.coverl.id.lv\/#organization","name":"Noliktavas Eksperts","url":"https:\/\/noliktavaseksperts.coverl.id.lv\/","logo":{"@type":"ImageObject","inLanguage":"lv-LV","@id":"https:\/\/noliktavaseksperts.coverl.id.lv\/#\/schema\/logo\/image\/","url":"https:\/\/noliktavaseksperts.coverl.id.lv\/wp-content\/uploads\/2025\/05\/logo_variacijas-09-1.webp","contentUrl":"https:\/\/noliktavaseksperts.coverl.id.lv\/wp-content\/uploads\/2025\/05\/logo_variacijas-09-1.webp","width":350,"height":350,"caption":"Noliktavas Eksperts"},"image":{"@id":"https:\/\/noliktavaseksperts.coverl.id.lv\/#\/schema\/logo\/image\/"}}]}},"_links":{"self":[{"href":"https:\/\/noliktavaseksperts.coverl.id.lv\/index.php?rest_route=\/wp\/v2\/pages\/29117","targetHints":{"allow":["GET"]}}],"collection":[{"href":"https:\/\/noliktavaseksperts.coverl.id.lv\/index.php?rest_route=\/wp\/v2\/pages"}],"about":[{"href":"https:\/\/noliktavaseksperts.coverl.id.lv\/index.php?rest_route=\/wp\/v2\/types\/page"}],"author":[{"embeddable":true,"href":"https:\/\/noliktavaseksperts.coverl.id.lv\/index.php?rest_route=\/wp\/v2\/users\/3"}],"replies":[{"embeddable":true,"href":"https:\/\/noliktavaseksperts.coverl.id.lv\/index.php?rest_route=%2Fwp%2Fv2%2Fcomments&post=29117"}],"version-history":[{"count":0,"href":"https:\/\/noliktavaseksperts.coverl.id.lv\/index.php?rest_route=\/wp\/v2\/pages\/29117\/revisions"}],"wp:attachment":[{"href":"https:\/\/noliktavaseksperts.coverl.id.lv\/index.php?rest_route=%2Fwp%2Fv2%2Fmedia&parent=29117"}],"curies":[{"name":"wp","href":"https:\/\/api.w.org\/{rel}","templated":true}]}}