{"id":29115,"date":"2025-07-09T13:19:39","date_gmt":"2025-07-09T10:19:39","guid":{"rendered":"https:\/\/noliktavaseksperts.coverl.id.lv\/?page_id=29115"},"modified":"2025-09-02T00:05:09","modified_gmt":"2025-09-01T21:05:09","slug":"palesu-plauktu-kalkulators","status":"publish","type":"page","link":"https:\/\/noliktavaseksperts.coverl.id.lv\/?page_id=29115","title":{"rendered":"Pale\u0161u plauktu kalkulators"},"content":{"rendered":"\n<h1 class=\"wp-block-heading\">Apr\u0113\u0137ini pale\u0161u plauktu izmaksas ievadot nepiecie\u0161amos izm\u0113rus! <\/h1>\n\n\n<div id=\"p3cv-shadow-root-container\"\n                data-heights=\"[\r\n      {\r\n        &quot;label&quot;: &quot;3000mm&quot;,\r\n        &quot;value&quot;: &quot;3000&quot;,\r\n        &quot;min-levels&quot;: 2\r\n      },\r\n      {\r\n        &quot;label&quot;: &quot;3500mm&quot;,\r\n        &quot;value&quot;: &quot;3500&quot;,\r\n        &quot;min-levels&quot;: 2\r\n      },\r\n      {\r\n        &quot;label&quot;: &quot;4000mm&quot;,\r\n        &quot;value&quot;: &quot;4000&quot;,\r\n        &quot;min-levels&quot;: 2\r\n      },\r\n      {\r\n        &quot;label&quot;: &quot;4500mm&quot;,\r\n        &quot;value&quot;: &quot;4500&quot;,\r\n        &quot;min-levels&quot;: 2\r\n      },\r\n      {\r\n        &quot;label&quot;: &quot;5000mm&quot;,\r\n        &quot;value&quot;: &quot;5000&quot;,\r\n        &quot;min-levels&quot;: 3\r\n      },\r\n      {\r\n        &quot;label&quot;: &quot;6000mm&quot;,\r\n        &quot;value&quot;: &quot;6000&quot;,\r\n        &quot;min-levels&quot;: 3\r\n      }\r\n    ]\"\n                data-widths=\"[{&quot;label&quot;:&quot;1800mm&quot;,&quot;value&quot;:&quot;1800&quot;,&quot;price&quot;:34.43,&quot;weight&quot;:&quot;1250kg&quot;,&quot;grid&quot;:true},{&quot;label&quot;:&quot;2300mm&quot;,&quot;value&quot;:&quot;2300&quot;,&quot;price&quot;:45.99,&quot;weight&quot;:&quot;1250kg&quot;},{&quot;label&quot;:&quot;2700mm&quot;,&quot;value&quot;:&quot;2700&quot;,&quot;price&quot;:60.03,&quot;weight&quot;:&quot;1000kg&quot;,&quot;grid&quot;:true},{&quot;label&quot;:&quot;3300mm&quot;,&quot;value&quot;:&quot;3300&quot;,&quot;price&quot;:75.02,&quot;weight&quot;:&quot;930kg&quot;},{&quot;label&quot;:&quot;3600mm&quot;,&quot;value&quot;:&quot;3600&quot;,&quot;price&quot;:87.44,&quot;weight&quot;:&quot;625kg&quot;,&quot;grid&quot;:true}]\"\n                data-depths=\"[{&quot;label&quot;:&quot;1100mm&quot;,&quot;value&quot;:&quot;1100&quot;}]\"\n                data-prices=\"[\r\n      {\r\n        &quot;label&quot;: &quot;3000x1100&quot;,\r\n        &quot;price&quot;: 64.24\r\n      },\r\n      {\r\n        &quot;label&quot;: &quot;3500x1100&quot;,\r\n        &quot;price&quot;: 70.36\r\n      },\r\n      {\r\n        &quot;label&quot;: &quot;4000x1100&quot;,\r\n        &quot;price&quot;: 79.18\r\n      },\r\n      {\r\n        &quot;label&quot;: &quot;4500x1100&quot;,\r\n        &quot;price&quot;: 88.04\r\n      },\r\n      {\r\n        &quot;label&quot;: &quot;5000x1100&quot;,\r\n        &quot;price&quot;: 108.81\r\n      },\r\n      {\r\n        &quot;label&quot;: &quot;6000x1100&quot;,\r\n        &quot;price&quot;: 128.86\r\n      }\r\n    ]\"\n                data-material-prices=\"[\r\n      {\r\n        &quot;label&quot;: &quot;890x1100&quot;,\r\n        &quot;price&quot;: 24.45\r\n      },\r\n      {\r\n        &quot;label&quot;: &quot;1800x1100&quot;,\r\n        &quot;price&quot;: 48.90\r\n      },\r\n      {\r\n        &quot;label&quot;: &quot;2700x1100&quot;,\r\n        &quot;price&quot;: 73.35\r\n      },\r\n      {\r\n        &quot;label&quot;: &quot;3600x1100&quot;,\r\n        &quot;price&quot;: 97.80\r\n      }\r\n    ]\"\n                data-accessories-prices=\"[\r\n      {\r\n        &quot;label&quot;: &quot;Pale\u0161u plauktu balstu sargs (U veida) - H300mm&quot;,\r\n        &quot;description&quot;: &quot;Pale\u0161u plauktu balstu sargs ir papildu dro\u0161\u012bbas elements, kas aizsarg\u0101 konstrukciju pret triecieniem. Sargu izvietojuma piem\u0113ru iesp\u0113jams apskat\u012bt bil\u017eu galerij\u0101 pa kreisi.&quot;,\r\n        &quot;price&quot;: 23.05\r\n      },\r\n      {\r\n        &quot;label&quot;: &quot;Pale\u0161u plauktu s\u0101nu r\u0101mju sargs, 1100x400mm&quot;,\r\n        &quot;description&quot;: &quot;Pale\u0161u plauktu s\u0101nu r\u0101mju sargs kalpo k\u0101 papildu dro\u0161\u012bbas elements, kas tiek uzst\u0101d\u012bts sekciju galos un aizsarg\u0101 konstrukciju pret triecieniem. Sargu izvietojuma piem\u0113ru var apskat\u012bt bil\u017eu galerij\u0101 pa kreisi.&quot;,\r\n        &quot;price&quot;: 52.80\r\n      },\r\n      {\r\n        &quot;label&quot;: &quot;Dubulto pale\u0161u plauktu rindu r\u0101mju sargs, 2400x400mm&quot;,\r\n        &quot;description&quot;: &quot;Pale\u0161u plauktu dubulto rindu s\u0101nu r\u0101mju aizsargbarjera kalpo k\u0101 papildu dro\u0161\u012bbas elements, kas nodro\u0161ina konstrukcijas aizsardz\u012bbu pret triecieniem. Sargu izvietojuma piem\u0113ru var apskat\u012bt bil\u017eu galerij\u0101 pa kreisi.&quot;,\r\n        &quot;price&quot;: 99.57\r\n      },\r\n      {\r\n        &quot;label&quot;: &quot;Pale\u0161u dro\u0161\u012bbas p\u0101rlika - D1100mm&quot;,\r\n        &quot;description&quot;: &quot;Dro\u0161\u012bbas p\u0101rlikas kalpo k\u0101 papildu dro\u0161\u012bbas elements gan standarta EUR pale\u0161u izm\u0113riem (1200x800 mm), gan k\u0101 atbalsts nestandarta izm\u0113ru palet\u0113m. Katra p\u0101rlika iztur l\u012bdz 300 kg slodzi.&quot;,\r\n        &quot;price&quot;: 12.69\r\n      },\r\n      {\r\n        &quot;label&quot;: &quot;Distance - savienot\u0101js dubultaj\u0101m pale\u0161u plauktu rind\u0101m, 300mm&quot;,\r\n        &quot;description&quot;: &quot;Paredz\u0113ta m\u016bsu pied\u0101v\u0101tajiem pale\u0161u plauktiem papildu dro\u0161\u012bbai, lai savienotu un nostiprin\u0101tu dubult\u0101s pale\u0161u plauktu rindas.&quot;,\r\n        &quot;price&quot;: 8.75\r\n      }\r\n    ]\"\n                data-main-image=\"https:\/\/noliktavaseksperts.coverl.id.lv\/wp-content\/uploads\/2025\/07\/Pamatsekcija-paletes-measurements-2.png\"\n                data-main-big-image=\"https:\/\/noliktavaseksperts.coverl.id.lv\/wp-content\/uploads\/2025\/07\/Pamatsekcija-paletes-2-measurements-2.png\"\n                data-secondary-image=\"https:\/\/noliktavaseksperts.coverl.id.lv\/wp-content\/uploads\/2025\/07\/Papildsekcija-paletes-measurements-2.png\"\n                data-secondary-big-image=\"https:\/\/noliktavaseksperts.coverl.id.lv\/wp-content\/uploads\/2025\/07\/Papildsekcija-paletes-2-measurements-2.png\"\n                data-wire-mesh-image=\"https:\/\/noliktavaseksperts.coverl.id.lv\/wp-content\/uploads\/2025\/07\/wireMesh.jpg\"\n                data-accessories-image1=\"https:\/\/noliktavaseksperts.coverl.id.lv\/wp-content\/uploads\/2025\/09\/1.png\"\n                data-accessories-image2=\"https:\/\/noliktavaseksperts.coverl.id.lv\/wp-content\/uploads\/2025\/09\/2.png\"\n                data-accessories-image3=\"https:\/\/noliktavaseksperts.coverl.id.lv\/wp-content\/uploads\/2025\/09\/3.png\"\n                data-accessories-image4=\"https:\/\/noliktavaseksperts.coverl.id.lv\/wp-content\/uploads\/2025\/09\/4.png\"\n                data-accessories-image5=\"https:\/\/noliktavaseksperts.coverl.id.lv\/wp-content\/uploads\/2025\/09\/5.png\"\n                data-print-header-image=\"https:\/\/noliktavaseksperts.coverl.id.lv\/wp-content\/uploads\/2025\/12\/printHeader2.png\"\n                data-discount=\"0\"\n                data-markup=\"0\"\n                class=\"max-w-100 xl:max-w-5xl mx-auto\"\n            >\n            <\/div>\n\n\n\n<p><\/p>\n","protected":false},"excerpt":{"rendered":"<p>Apr\u0113\u0137ini pale\u0161u plauktu izmaksas ievadot nepiecie\u0161amos izm\u0113rus!<\/p>\n","protected":false},"author":3,"featured_media":0,"parent":0,"menu_order":0,"comment_status":"closed","ping_status":"closed","template":"","meta":{"_joinchat":[],"footnotes":""},"class_list":["post-29115","page","type-page","status-publish","hentry"],"yoast_head":"<!-- This site is optimized with the Yoast SEO plugin v27.2 - https:\/\/yoast.com\/product\/yoast-seo-wordpress\/ -->\n<title>Prec\u012bzs pale\u0161u plauktu kalkulators noliktavas plauktu pl\u0101no\u0161anai<\/title>\n<meta name=\"description\" content=\"Pl\u0101no savas noliktavas iek\u0101rto\u0161anu ar precizit\u0101ti. M\u016bsu bezmaksas kalkulators pal\u012bdz\u0113s noteikt nepiecie\u0161amos pale\u0161u plauktu izm\u0113rus un skaitu. Noliktavu pasaule.\" \/>\n<meta name=\"robots\" content=\"index, follow, max-snippet:-1, max-image-preview:large, max-video-preview:-1\" \/>\n<link rel=\"canonical\" href=\"https:\/\/noliktavaseksperts.coverl.id.lv\/?page_id=29115\" \/>\n<meta property=\"og:locale\" content=\"lv_LV\" \/>\n<meta property=\"og:type\" content=\"article\" \/>\n<meta property=\"og:title\" content=\"Prec\u012bzs pale\u0161u plauktu kalkulators noliktavas plauktu pl\u0101no\u0161anai\" \/>\n<meta property=\"og:description\" content=\"Pl\u0101no savas noliktavas iek\u0101rto\u0161anu ar precizit\u0101ti. M\u016bsu bezmaksas kalkulators pal\u012bdz\u0113s noteikt nepiecie\u0161amos pale\u0161u plauktu izm\u0113rus un skaitu. Noliktavu pasaule.\" \/>\n<meta property=\"og:url\" content=\"https:\/\/noliktavaseksperts.coverl.id.lv\/?page_id=29115\" \/>\n<meta property=\"og:site_name\" content=\"Noliktavas Eksperts\" \/>\n<meta property=\"article:modified_time\" content=\"2025-09-01T21:05:09+00:00\" \/>\n<meta property=\"og:image\" content=\"https:\/\/noliktavaseksperts.coverl.id.lv\/wp-content\/uploads\/2025\/10\/logo_variacijas-09-1.webp\" \/>\n\t<meta property=\"og:image:width\" content=\"350\" \/>\n\t<meta property=\"og:image:height\" content=\"350\" \/>\n\t<meta property=\"og:image:type\" content=\"image\/webp\" \/>\n<meta name=\"twitter:card\" content=\"summary_large_image\" \/>\n<meta name=\"twitter:label1\" content=\"Est. reading time\" \/>\n\t<meta name=\"twitter:data1\" content=\"1 min\u016bte\" \/>\n<script type=\"application\/ld+json\" class=\"yoast-schema-graph\">{\"@context\":\"https:\/\/schema.org\",\"@graph\":[{\"@type\":\"WebPage\",\"@id\":\"https:\/\/noliktavaseksperts.coverl.id.lv\/?page_id=29115\",\"url\":\"https:\/\/noliktavaseksperts.coverl.id.lv\/?page_id=29115\",\"name\":\"Prec\u012bzs pale\u0161u plauktu kalkulators noliktavas plauktu pl\u0101no\u0161anai\",\"isPartOf\":{\"@id\":\"https:\/\/noliktavaseksperts.coverl.id.lv\/#website\"},\"datePublished\":\"2025-07-09T10:19:39+00:00\",\"dateModified\":\"2025-09-01T21:05:09+00:00\",\"description\":\"Pl\u0101no savas noliktavas iek\u0101rto\u0161anu ar precizit\u0101ti. M\u016bsu bezmaksas kalkulators pal\u012bdz\u0113s noteikt nepiecie\u0161amos pale\u0161u plauktu izm\u0113rus un skaitu. Noliktavu pasaule.\",\"breadcrumb\":{\"@id\":\"https:\/\/noliktavaseksperts.coverl.id.lv\/?page_id=29115#breadcrumb\"},\"inLanguage\":\"lv-LV\",\"potentialAction\":[{\"@type\":\"ReadAction\",\"target\":[\"https:\/\/noliktavaseksperts.coverl.id.lv\/?page_id=29115\"]}]},{\"@type\":\"BreadcrumbList\",\"@id\":\"https:\/\/noliktavaseksperts.coverl.id.lv\/?page_id=29115#breadcrumb\",\"itemListElement\":[{\"@type\":\"ListItem\",\"position\":1,\"name\":\"Home\",\"item\":\"https:\/\/noliktavaseksperts.coverl.id.lv\/\"},{\"@type\":\"ListItem\",\"position\":2,\"name\":\"Pale\u0161u plauktu kalkulators\"}]},{\"@type\":\"WebSite\",\"@id\":\"https:\/\/noliktavaseksperts.coverl.id.lv\/#website\",\"url\":\"https:\/\/noliktavaseksperts.coverl.id.lv\/\",\"name\":\"Noliktavas Eksperts\",\"description\":\"Noliktavas\u00a0apr\u012bkojums\",\"publisher\":{\"@id\":\"https:\/\/noliktavaseksperts.coverl.id.lv\/#organization\"},\"potentialAction\":[{\"@type\":\"SearchAction\",\"target\":{\"@type\":\"EntryPoint\",\"urlTemplate\":\"https:\/\/noliktavaseksperts.coverl.id.lv\/?s={search_term_string}\"},\"query-input\":{\"@type\":\"PropertyValueSpecification\",\"valueRequired\":true,\"valueName\":\"search_term_string\"}}],\"inLanguage\":\"lv-LV\"},{\"@type\":\"Organization\",\"@id\":\"https:\/\/noliktavaseksperts.coverl.id.lv\/#organization\",\"name\":\"Noliktavas Eksperts\",\"url\":\"https:\/\/noliktavaseksperts.coverl.id.lv\/\",\"logo\":{\"@type\":\"ImageObject\",\"inLanguage\":\"lv-LV\",\"@id\":\"https:\/\/noliktavaseksperts.coverl.id.lv\/#\/schema\/logo\/image\/\",\"url\":\"https:\/\/noliktavaseksperts.coverl.id.lv\/wp-content\/uploads\/2025\/05\/logo_variacijas-09-1.webp\",\"contentUrl\":\"https:\/\/noliktavaseksperts.coverl.id.lv\/wp-content\/uploads\/2025\/05\/logo_variacijas-09-1.webp\",\"width\":350,\"height\":350,\"caption\":\"Noliktavas Eksperts\"},\"image\":{\"@id\":\"https:\/\/noliktavaseksperts.coverl.id.lv\/#\/schema\/logo\/image\/\"}}]}<\/script>\n<!-- \/ Yoast SEO plugin. -->","yoast_head_json":{"title":"Prec\u012bzs pale\u0161u plauktu kalkulators noliktavas plauktu pl\u0101no\u0161anai","description":"Pl\u0101no savas noliktavas iek\u0101rto\u0161anu ar precizit\u0101ti. M\u016bsu bezmaksas kalkulators pal\u012bdz\u0113s noteikt nepiecie\u0161amos pale\u0161u plauktu izm\u0113rus un skaitu. Noliktavu pasaule.","robots":{"index":"index","follow":"follow","max-snippet":"max-snippet:-1","max-image-preview":"max-image-preview:large","max-video-preview":"max-video-preview:-1"},"canonical":"https:\/\/noliktavaseksperts.coverl.id.lv\/?page_id=29115","og_locale":"lv_LV","og_type":"article","og_title":"Prec\u012bzs pale\u0161u plauktu kalkulators noliktavas plauktu pl\u0101no\u0161anai","og_description":"Pl\u0101no savas noliktavas iek\u0101rto\u0161anu ar precizit\u0101ti. M\u016bsu bezmaksas kalkulators pal\u012bdz\u0113s noteikt nepiecie\u0161amos pale\u0161u plauktu izm\u0113rus un skaitu. Noliktavu pasaule.","og_url":"https:\/\/noliktavaseksperts.coverl.id.lv\/?page_id=29115","og_site_name":"Noliktavas Eksperts","article_modified_time":"2025-09-01T21:05:09+00:00","og_image":[{"width":350,"height":350,"url":"https:\/\/noliktavaseksperts.coverl.id.lv\/wp-content\/uploads\/2025\/10\/logo_variacijas-09-1.webp","type":"image\/webp"}],"twitter_card":"summary_large_image","twitter_misc":{"Est. reading time":"1 min\u016bte"},"schema":{"@context":"https:\/\/schema.org","@graph":[{"@type":"WebPage","@id":"https:\/\/noliktavaseksperts.coverl.id.lv\/?page_id=29115","url":"https:\/\/noliktavaseksperts.coverl.id.lv\/?page_id=29115","name":"Prec\u012bzs pale\u0161u plauktu kalkulators noliktavas plauktu pl\u0101no\u0161anai","isPartOf":{"@id":"https:\/\/noliktavaseksperts.coverl.id.lv\/#website"},"datePublished":"2025-07-09T10:19:39+00:00","dateModified":"2025-09-01T21:05:09+00:00","description":"Pl\u0101no savas noliktavas iek\u0101rto\u0161anu ar precizit\u0101ti. M\u016bsu bezmaksas kalkulators pal\u012bdz\u0113s noteikt nepiecie\u0161amos pale\u0161u plauktu izm\u0113rus un skaitu. Noliktavu pasaule.","breadcrumb":{"@id":"https:\/\/noliktavaseksperts.coverl.id.lv\/?page_id=29115#breadcrumb"},"inLanguage":"lv-LV","potentialAction":[{"@type":"ReadAction","target":["https:\/\/noliktavaseksperts.coverl.id.lv\/?page_id=29115"]}]},{"@type":"BreadcrumbList","@id":"https:\/\/noliktavaseksperts.coverl.id.lv\/?page_id=29115#breadcrumb","itemListElement":[{"@type":"ListItem","position":1,"name":"Home","item":"https:\/\/noliktavaseksperts.coverl.id.lv\/"},{"@type":"ListItem","position":2,"name":"Pale\u0161u plauktu kalkulators"}]},{"@type":"WebSite","@id":"https:\/\/noliktavaseksperts.coverl.id.lv\/#website","url":"https:\/\/noliktavaseksperts.coverl.id.lv\/","name":"Noliktavas Eksperts","description":"Noliktavas\u00a0apr\u012bkojums","publisher":{"@id":"https:\/\/noliktavaseksperts.coverl.id.lv\/#organization"},"potentialAction":[{"@type":"SearchAction","target":{"@type":"EntryPoint","urlTemplate":"https:\/\/noliktavaseksperts.coverl.id.lv\/?s={search_term_string}"},"query-input":{"@type":"PropertyValueSpecification","valueRequired":true,"valueName":"search_term_string"}}],"inLanguage":"lv-LV"},{"@type":"Organization","@id":"https:\/\/noliktavaseksperts.coverl.id.lv\/#organization","name":"Noliktavas Eksperts","url":"https:\/\/noliktavaseksperts.coverl.id.lv\/","logo":{"@type":"ImageObject","inLanguage":"lv-LV","@id":"https:\/\/noliktavaseksperts.coverl.id.lv\/#\/schema\/logo\/image\/","url":"https:\/\/noliktavaseksperts.coverl.id.lv\/wp-content\/uploads\/2025\/05\/logo_variacijas-09-1.webp","contentUrl":"https:\/\/noliktavaseksperts.coverl.id.lv\/wp-content\/uploads\/2025\/05\/logo_variacijas-09-1.webp","width":350,"height":350,"caption":"Noliktavas Eksperts"},"image":{"@id":"https:\/\/noliktavaseksperts.coverl.id.lv\/#\/schema\/logo\/image\/"}}]}},"_links":{"self":[{"href":"https:\/\/noliktavaseksperts.coverl.id.lv\/index.php?rest_route=\/wp\/v2\/pages\/29115","targetHints":{"allow":["GET"]}}],"collection":[{"href":"https:\/\/noliktavaseksperts.coverl.id.lv\/index.php?rest_route=\/wp\/v2\/pages"}],"about":[{"href":"https:\/\/noliktavaseksperts.coverl.id.lv\/index.php?rest_route=\/wp\/v2\/types\/page"}],"author":[{"embeddable":true,"href":"https:\/\/noliktavaseksperts.coverl.id.lv\/index.php?rest_route=\/wp\/v2\/users\/3"}],"replies":[{"embeddable":true,"href":"https:\/\/noliktavaseksperts.coverl.id.lv\/index.php?rest_route=%2Fwp%2Fv2%2Fcomments&post=29115"}],"version-history":[{"count":0,"href":"https:\/\/noliktavaseksperts.coverl.id.lv\/index.php?rest_route=\/wp\/v2\/pages\/29115\/revisions"}],"wp:attachment":[{"href":"https:\/\/noliktavaseksperts.coverl.id.lv\/index.php?rest_route=%2Fwp%2Fv2%2Fmedia&parent=29115"}],"curies":[{"name":"wp","href":"https:\/\/api.w.org\/{rel}","templated":true}]}}